{"id":23827,"date":"2026-01-25T14:39:14","date_gmt":"2026-01-25T06:39:14","guid":{"rendered":"https:\/\/agoravape.com\/?post_type=product&#038;p=23827"},"modified":"2026-03-26T13:22:25","modified_gmt":"2026-03-26T12:22:25","slug":"saimeo-humo-etui-iphone-15-pro-30000","status":"publish","type":"product","link":"https:\/\/agoravape.com\/pl\/product\/saimeo-humo-case-iphone-15-pro-30000\/","title":{"rendered":"Etui Saimeo Humo na iPhone'a 15 Pro 30 tys. zaci\u0105gni\u0119\u0107 (30 000 zaci\u0105gni\u0119\u0107) | Etui na Tw\u00f3j telefon i bezproblemowy wapowanie"},"content":{"rendered":"<h2 data-v-md-heading=\"what-s-special-about-the-saimeo-humo-iphone-15-pro-30k-30000-port-phone-case\" data-v-md-line=\"3\">Co jest szczeg\u00f3lnego w etui Saimeo Humo iPhone 15 Pro 30k 30000 port?<\/h2>\n<p data-v-md-line=\"5\">Je\u015bli masz do\u015b\u0107 noszenia e-papieros\u00f3w w jednej kieszeni, a telefonu w drugiej, etui na telefon Saimeo Humo z \u0142atwo\u015bci\u0105 rozwi\u0105\u017ce ten problem. To profesjonalne etui na iPhone'a z wbudowanymi e-papierosami, kt\u00f3re umo\u017cliwiaj\u0105 korzystanie z niego po prostu wyjmuj\u0105c telefon.<\/p>\n<p data-v-md-line=\"7\">Ten produkt mo\u017ce wydawa\u0107 si\u0119 niepor\u0119czny lub krzykliwy, ale jego filozofia projektowa opiera si\u0119 na za\u0142o\u017ceniu, \u017ce jest r\u00f3wnie praktyczny, jak zwyk\u0142e przedmioty codziennego u\u017cytku. Innymi s\u0142owy, jest odpowiedni dla os\u00f3b, kt\u00f3re ceni\u0105 wygod\u0119 noszenia, dobry styl i nie chc\u0105 zamienia\u0107 kieszeni w przegr\u00f3dki.<\/p>\n<h2 data-v-md-heading=\"excellent-performance-and-easy-operation\" data-v-md-line=\"9\">Doskona\u0142a wydajno\u015b\u0107 i \u0142atwa obs\u0142uga<\/h2>\n<p data-v-md-line=\"11\">Saimeo wyposa\u017cy\u0142o ten waporyzator w akumulator o pojemno\u015bci 680 mAh i port \u0142adowania typu C, dzi\u0119ki czemu, gdy bateria jest s\u0142aba, mo\u017cna u\u017cy\u0107 tego samego kabla do \u0142adowania, co w wi\u0119kszo\u015bci nowoczesnych urz\u0105dze\u0144. Prosty i wygodny. Pojemno\u015b\u0107 e-liquidu wynosi 13 ml, a aktywacja za pomoc\u0105 ssania nie wymaga \u017cadnych przycisk\u00f3w ani ustawie\u0144. Si\u0119gnij po niego i ciesz si\u0119 przyjemno\u015bci\u0105 palenia.<\/p>\n<h2 data-v-md-heading=\"quick-specifications\" data-v-md-line=\"13\">Szybkie specyfikacje<\/h2>\n<ul data-v-md-line=\"14\">\n<li>Liczba port\u00f3w: do 30000 port\u00f3w<\/li>\n<li>pojemno\u015b\u0107 e-liquidu: 13 mililitr\u00f3w<\/li>\n<li>Bateria: 680mAh (\u0142adowalna)<\/li>\n<li>Zawarto\u015b\u0107 nikotyny: 2% lub 5% (w zale\u017cno\u015bci od smaku)<\/li>\n<li>Stosowanie: Wdychaj, aby aktywowa\u0107<\/li>\n<li>Interfejs \u0142adowania: Typ C<\/li>\n<li>Ochrona telefonu kom\u00f3rkowego: przeszed\u0142 test upadku z wysoko\u015bci 10 pi\u0119ter<\/li>\n<li>Status: Gotowy do u\u017cycia od razu po wyj\u0119ciu z pude\u0142ka<\/li>\n<li>Kompatybilny z rozmiarami iPhone'a 12 i 12 Pro<\/li>\n<\/ul>\n<h2 data-v-md-heading=\"complete-flavor-lineup\" data-v-md-line=\"23\">Pe\u0142na gama smak\u00f3w<\/h2>\n<ul data-v-md-line=\"24\">\n<li>Arbuzowy l\u00f3d (5%)<\/li>\n<li>L\u00f3d jagodowy (5%)<\/li>\n<li>Mi\u0119ta Miami (5%)<\/li>\n<li>Kwa\u015bne lody jab\u0142kowe (5%)<\/li>\n<li>Potr\u00f3jna Jagoda (5%)<\/li>\n<li>Hawaje (2%)<\/li>\n<li>Marakuja i kiwi (2%)<\/li>\n<li>Miodowo-brzoskwiniowy (2%)<\/li>\n<\/ul>\n<h2 data-v-md-heading=\"suitable-for-you-and-your-business\" data-v-md-line=\"33\">Odpowiednie dla Ciebie i Twojej firmy<\/h2>\n<p data-v-md-line=\"35\">Je\u015bli szukasz prostego, \u0142atwego w u\u017cyciu i przeno\u015bnego etui na telefon, mo\u017cesz zam\u00f3wi\u0107 etui Saimeo Humo do iPhone'a 15 Pro 30k do u\u017cytku osobistego. Je\u015bli kupujesz z my\u015bl\u0105 o odsprzeda\u017cy, produkt doskonale nadaje si\u0119 r\u00f3wnie\u017c do postawienia na p\u00f3\u0142ce, poniewa\u017c klienci od razu widz\u0105 jego warto\u015b\u0107.<\/p>\n<p data-v-md-line=\"37\">Potrzebujesz pomocy w planowaniu zam\u00f3wie\u0144 hurtowych lub wyborze odpowiednich kombinacji smak\u00f3w? Skontaktuj si\u0119 z zespo\u0142em AgoraVape. Zapewnimy Ci profesjonalne doradztwo i skontaktujemy si\u0119 z zaufanymi firmami logistycznymi, takimi jak UPS, DPD i DHL, aby zapewni\u0107 p\u0142ynn\u0105 dostaw\u0119.<\/p>\n<h2 data-v-md-heading=\"the-reason-why-you-will-like-it\" data-v-md-line=\"39\">Pow\u00f3d, dla kt\u00f3rego Ci si\u0119 spodoba<\/h2>\n<ul data-v-md-line=\"40\">\n<li>Zintegrowany i wygodny: Tw\u00f3j waporyzator mie\u015bci si\u0119 w jednym miejscu z telefonem, wi\u0119c nie ma ryzyka, \u017ce \u200b\u200bzapomnisz go zabra\u0107.<\/li>\n<li>Trwa\u0142e i d\u0142ugotrwa\u0142e: Trwa\u0142e i d\u0142ugotrwa\u0142e, bez konieczno\u015bci cz\u0119stej wymiany.<\/li>\n<li>Wyb\u00f3r st\u0119\u017cenia nikotyny: W zale\u017cno\u015bci od preferencji smakowych wybierz st\u0119\u017cenie nikotyny wynosz\u0105ce 2% lub 5%.<\/li>\n<li>Akumulator typu C: pozwala w pe\u0142ni wykorzysta\u0107 zakupiony e-liquid i unikn\u0105\u0107 jego przedwczesnej utylizacji.<\/li>\n<li>Prawdziwa ochrona: Konstrukcja obudowy ochronnej, kt\u00f3ra przesz\u0142a testy upadkowe, zapewnia spok\u00f3j ducha podczas codziennego u\u017cytkowania.<\/li>\n<\/ul>\n<h2 data-v-md-heading=\"why-choose-agoravape\" data-v-md-line=\"46\">Dlaczego warto wybra\u0107 AgoraVape?<\/h2>\n<p data-v-md-line=\"48\">Koncentrujemy si\u0119 na dostarczaniu bezpo\u015brednich i skutecznych rozwi\u0105za\u0144 oraz oryginalnych produkt\u00f3w. Kupuj\u0105c produkty na AgoraVape, otrzymujesz 100% gwarancj\u0119 autentyczno\u015bci, responsywn\u0105 obs\u0142ug\u0119 klienta i niezawodn\u0105 dostaw\u0119 logistyczn\u0105. Je\u015bli chcesz sprzeda\u0107 etui Saimeo Humo do iPhone'a 15 Pro (pojemno\u015b\u0107 30 tys. zaci\u0105gni\u0119\u0107, 30 000 zaci\u0105gni\u0119\u0107), skontaktuj si\u0119 z nami, a pomo\u017cemy Ci z\u0142o\u017cy\u0107 zam\u00f3wienie, kt\u00f3re sprawi, \u017ce klienci b\u0119d\u0105 do Ciebie wraca\u0107.<\/p>","protected":false},"excerpt":{"rendered":"<p>Co jest wyj\u0105tkowego w etui na telefon Saimeo Humo iPhone 15 Pro 30k 30000 port? Je\u015bli jeste\u015b zm\u0119czony wk\u0142adaniem<\/p>","protected":false},"featured_media":22089,"comment_status":"open","ping_status":"closed","template":"","meta":[],"product_brand":[1663],"product_cat":[124,185,189,1637,174,191,1666,179,173,186,180,190],"product_tag":[],"class_list":{"0":"post-23827","1":"product","2":"type-product","3":"status-publish","4":"has-post-thumbnail","6":"product_brand-saimeo","7":"product_cat-vape-by-brand","8":"product_cat-10000-puffs-high-capacity","9":"product_cat-20mg-standard-nicotine-vapes","10":"product_cat-30000-puffs","11":"product_cat-fruit-flavors","12":"product_cat-rechargeable-disposables","13":"product_cat-saimeo","14":"product_cat-unique-blends","15":"product_cat-vape-by-flavor-profile","16":"product_cat-vape-by-nicotine-strength","17":"product_cat-vape-by-puff-count","18":"product_cat-vape-by-feature-or-type","20":"first","21":"instock","22":"shipping-taxable","23":"purchasable","24":"product-type-variable","25":"has-default-attributes"},"tiered_pricing_type":"percentage","tiered_pricing_fixed_rules":[],"tiered_pricing_product_settings":{"layout":"default","base_unit_name":{"singular":null,"plural":null},"default_variation":null},"tiered_pricing_minimum_quantity":10,"tiered_pricing_roles_data":[],"tiered_pricing_percentage_rules":{"30":"29","50":"35","100":"40","200":"44","500":"47","1000":"49"},"tiered_pricing_maximum_quantity":null,"tiered_pricing_quantity_step":"10","_links":{"self":[{"href":"https:\/\/agoravape.com\/pl\/wp-json\/wp\/v2\/product\/23827","targetHints":{"allow":["GET"]}}],"collection":[{"href":"https:\/\/agoravape.com\/pl\/wp-json\/wp\/v2\/product"}],"about":[{"href":"https:\/\/agoravape.com\/pl\/wp-json\/wp\/v2\/types\/product"}],"replies":[{"embeddable":true,"href":"https:\/\/agoravape.com\/pl\/wp-json\/wp\/v2\/comments?post=23827"}],"version-history":[{"count":0,"href":"https:\/\/agoravape.com\/pl\/wp-json\/wp\/v2\/product\/23827\/revisions"}],"wp:featuredmedia":[{"embeddable":true,"href":"https:\/\/agoravape.com\/pl\/wp-json\/wp\/v2\/media\/22089"}],"wp:attachment":[{"href":"https:\/\/agoravape.com\/pl\/wp-json\/wp\/v2\/media?parent=23827"}],"wp:term":[{"taxonomy":"product_brand","embeddable":true,"href":"https:\/\/agoravape.com\/pl\/wp-json\/wp\/v2\/product_brand?post=23827"},{"taxonomy":"product_cat","embeddable":true,"href":"https:\/\/agoravape.com\/pl\/wp-json\/wp\/v2\/product_cat?post=23827"},{"taxonomy":"product_tag","embeddable":true,"href":"https:\/\/agoravape.com\/pl\/wp-json\/wp\/v2\/product_tag?post=23827"}],"curies":[{"name":"wp","href":"https:\/\/api.w.org\/{rel}","templated":true}]}}