{"id":23885,"date":"2026-01-25T19:18:23","date_gmt":"2026-01-25T11:18:23","guid":{"rendered":"https:\/\/agoravape.com\/?post_type=product&#038;p=23885"},"modified":"2026-03-26T13:22:39","modified_gmt":"2026-03-26T12:22:39","slug":"bang-blaze-60k-60000-puffow","status":"publish","type":"product","link":"https:\/\/agoravape.com\/pl\/product\/bang-blaze-60k-60000-puffs\/","title":{"rendered":"Bang Blaze 60k 60000 zaci\u0105gni\u0119\u0107 4w1 smak Vape | Cztery smaki na kranie, jedno urz\u0105dzenie, kt\u00f3re starcza na d\u0142ugo"},"content":{"rendered":"<h2 data-v-md-heading=\"what-is-the-special-feature-of-bang-blaze-60k-60000-mouth-4-in-1-flavor-vape\" data-v-md-line=\"3\"><img loading=\"lazy\" decoding=\"async\" class=\"aligncenter size-full wp-image-23904\" src=\"https:\/\/agoravape.com\/wp-content\/uploads\/2026\/01\/Bang-Blaze-60k-60000-Puffs-4in1-Flavor-Vape-Four-Flavours-On-Tap-One-Device-That-Lasts_Agora_vape-13-scaled.webp\" alt=\"\" width=\"2560\" height=\"1280\" srcset=\"https:\/\/agoravape.com\/wp-content\/uploads\/2026\/01\/Bang-Blaze-60k-60000-Puffs-4in1-Flavor-Vape-Four-Flavours-On-Tap-One-Device-That-Lasts_Agora_vape-13-scaled.webp 2560w, https:\/\/agoravape.com\/wp-content\/uploads\/2026\/01\/Bang-Blaze-60k-60000-Puffs-4in1-Flavor-Vape-Four-Flavours-On-Tap-One-Device-That-Lasts_Agora_vape-13-scaled-1200x600.webp 1200w, https:\/\/agoravape.com\/wp-content\/uploads\/2026\/01\/Bang-Blaze-60k-60000-Puffs-4in1-Flavor-Vape-Four-Flavours-On-Tap-One-Device-That-Lasts_Agora_vape-13-300x150.webp 300w, https:\/\/agoravape.com\/wp-content\/uploads\/2026\/01\/Bang-Blaze-60k-60000-Puffs-4in1-Flavor-Vape-Four-Flavours-On-Tap-One-Device-That-Lasts_Agora_vape-13-1024x512.webp 1024w, https:\/\/agoravape.com\/wp-content\/uploads\/2026\/01\/Bang-Blaze-60k-60000-Puffs-4in1-Flavor-Vape-Four-Flavours-On-Tap-One-Device-That-Lasts_Agora_vape-13-768x384.webp 768w, https:\/\/agoravape.com\/wp-content\/uploads\/2026\/01\/Bang-Blaze-60k-60000-Puffs-4in1-Flavor-Vape-Four-Flavours-On-Tap-One-Device-That-Lasts_Agora_vape-13-1536x768.webp 1536w, https:\/\/agoravape.com\/wp-content\/uploads\/2026\/01\/Bang-Blaze-60k-60000-Puffs-4in1-Flavor-Vape-Four-Flavours-On-Tap-One-Device-That-Lasts_Agora_vape-13-2048x1024.webp 2048w, https:\/\/agoravape.com\/wp-content\/uploads\/2026\/01\/Bang-Blaze-60k-60000-Puffs-4in1-Flavor-Vape-Four-Flavours-On-Tap-One-Device-That-Lasts_Agora_vape-13-18x9.webp 18w\" sizes=\"auto, (max-width: 2560px) 100vw, 2560px\" \/><\/h2>\n<h2 data-v-md-heading=\"what-is-the-special-feature-of-bang-blaze-60k-60000-mouth-4-in-1-flavor-vape\" data-v-md-line=\"3\">Jakie s\u0105 szczeg\u00f3lne cechy Bang Blaze 60K 60000 mouth 4-in-1 smakowego waporyzatora?<\/h2>\n<p data-v-md-line=\"5\">Je\u015bli masz do\u015b\u0107 jednorazowych waporyzator\u00f3w, kt\u00f3re wytrzymuj\u0105 tylko jeden dzie\u0144 i szybko trac\u0105 smak, to ten produkt jest zdecydowanie idealnym wyborem. Bang Blaze 60K zapewnia do 60 000 wat\u00f3w na baterii, a (podkre\u015blenie dodane) jedno urz\u0105dzenie zawiera cztery smaki, co pozwala na zmian\u0119 w dowolnym momencie, gdy kubki smakowe si\u0119 znudz\u0105.<\/p>\n<p data-v-md-line=\"7\">Mo\u017cesz pomy\u015ble\u0107, \u017ce tak wiele zaci\u0105gni\u0119\u0107 si\u0119 e-papierosem b\u0119dzie ci\u0119\u017ckie jak ceg\u0142a, ale jest o wiele l\u017cejsze, ni\u017c my\u015blisz. Zosta\u0142 zaprojektowany dla u\u017cytkownik\u00f3w, kt\u00f3rzy chc\u0105 cieszy\u0107 si\u0119 pysznym jedzeniem przez d\u0142ugi czas bez konieczno\u015bci przechodzenia przez skomplikowane ustawienia. Wystarczy go podnie\u015b\u0107, wzi\u0105\u0107 \u0142yk i kontynuowa\u0107 dzie\u0144.<\/p>\n<h2 data-v-md-heading=\"excellent-performance-and-easy-operation\" data-v-md-line=\"9\">Doskona\u0142a wydajno\u015b\u0107 i \u0142atwa obs\u0142uga<\/h2>\n<p data-v-md-line=\"11\">Bang wykorzystuje cewki o oporno\u015bci 1,0 \u03a9, aby zapewni\u0107 stabilniejszy smak i zapobiec blakni\u0119ciu w \u015brodku. Bateria o pojemno\u015bci 650 mAh obs\u0142uguje \u0142adowanie przez USB typu C. Gdy bateria jest s\u0142aba, wystarczy u\u017cy\u0107 tego samego kabla do transmisji danych, kt\u00f3rym zazwyczaj \u0142adujesz telefon, aby \u0142atwo go na\u0142adowa\u0107. Nie ma potrzeby \u017cmudnej obs\u0142ugi ani szukania dedykowanej \u0142adowarki.<\/p>\n<h2 data-v-md-heading=\"quick-specifications\" data-v-md-line=\"13\">Szybkie specyfikacje<\/h2>\n<ul data-v-md-line=\"14\">\n<li>Cz\u0119stotliwo\u015b\u0107 palenia: do 60000<\/li>\n<li>pojemno\u015b\u0107 e-liquidu: 56 mililitr\u00f3w<\/li>\n<li>Bateria: 650mAh (\u0142adowalna)<\/li>\n<li>Rdze\u0144 rozpylaj\u0105cy: rdze\u0144 rozpylaj\u0105cy o oczkach 1,0 \u03a9<\/li>\n<li>Stosowanie: Wdychaj, aby aktywowa\u0107<\/li>\n<li>Spos\u00f3b \u0142adowania: Interfejs USB typu C<\/li>\n<li>Status: Gotowy do u\u017cycia od razu po wyj\u0119ciu z pude\u0142ka<\/li>\n<li>Smaki zawarte w ka\u017cdym urz\u0105dzeniu: kombinacja 4 smak\u00f3w w 1<\/li>\n<\/ul>\n<h2 data-v-md-heading=\"complete-flavor-lineup\" data-v-md-line=\"23\">Pe\u0142na gama smak\u00f3w<\/h2>\n<p data-v-md-line=\"25\">Ka\u017cde urz\u0105dzenie zawiera 4 kombinacje smak\u00f3w. Poni\u017cej znajduj\u0105 si\u0119 smaki opcjonalne:<\/p>\n<ul data-v-md-line=\"26\">\n<li>L\u00f3d arbuzowy\/Mi\u0119ta jagodowa\/L\u00f3d Fuji\/Romans limonkowy<\/li>\n<li>Arbuzowy l\u00f3d\/Jagodowo-wi\u015bniowy\/Letni czas\/Kwa\u015bny mango-ananas<\/li>\n<li>L\u00f3d jagodowy\/L\u00f3d brzoskwiniowy\/Cukier t\u0119czowy\/Cytryna i pomara\u0144cza<\/li>\n<li>L\u00f3d jagodowy\/Brzoskwinia, mango, arbuz\/Nami\u0119tny poca\u0142unek\/Jab\u0142ko miodowe<\/li>\n<li>Bor\u00f3wki, maliny, mieszane jagody, wi\u015bnie kalifornijskie, mango z marakuj\u0105<\/li>\n<li>Jagody, maliny, lody winogronowe, lody jagodowe, aloes, mango, melon miodowy<\/li>\n<li>Napoje energetyczne\/truskawki, banany, mango, brzoskwinie, morele, marakuja, kiwi, limonka<\/li>\n<li>Nap\u00f3j energetyczny\/Bor\u00f3wka z arbuzem\/Kwa\u015bne jab\u0142ko z malin\u0105\/\u017belki pluszowe misie<\/li>\n<li>Truskawka-mango\/Arbuz-guma balonowa\/Czerwone mojito\/Love66<\/li>\n<li>Truskawka-mango\/Truskawka-kiwi\/Jab\u0142ko-winogrono\/Arbuz-smoczy owoc<\/li>\n<li>Truskawka-arbuz\/Czarny l\u00f3d\/Trzyna\u015bcie melon\u00f3w\/\u017burawina-winogrona<\/li>\n<li>Truskawka z arbuzem\/kiwi z marakuj\u0105, gujaw\u0105\/lodami z mango\/arbuzem i kwa\u015bn\u0105 brzoskwini\u0105<\/li>\n<\/ul>\n<h2 data-v-md-heading=\"suitable-for-you-and-your-business\" data-v-md-line=\"39\">Odpowiednie dla Ciebie i Twojej firmy<\/h2>\n<ul data-v-md-line=\"40\">\n<li>Bang Blaze 60k 4-w-1 to prosty i \u0142atwy w u\u017cyciu jednorazowy waporyzator. Niezale\u017cnie od tego, czy kupujesz go do sklepu stacjonarnego, czy internetowego, b\u0119dzie to r\u00f3wnie\u017c idealny wyb\u00f3r dla klient\u00f3w, kt\u00f3rzy chc\u0105 delektowa\u0107 si\u0119 du\u017cymi \u0142ykami, ale nie chc\u0105 u\u017cywa\u0107 tego samego smaku przez kilka tygodni z rz\u0119du.<\/li>\n<\/ul>\n<p data-v-md-line=\"42\">Potrzebujesz sprawnej dostawy w Europie? Pomo\u017cemy Ci wybra\u0107 odpowiedni plan transportu, aby wszystko przebieg\u0142o sprawnie i unikn\u0105\u0107 problem\u00f3w celnych oraz nieoczekiwanych koszt\u00f3w.<\/p>\n<h2 data-v-md-heading=\"the-reason-why-you-will-like-it\" data-v-md-line=\"44\">Pow\u00f3d, dla kt\u00f3rego Ci si\u0119 spodoba<\/h2>\n<ul data-v-md-line=\"45\">\n<li>Bardzo d\u0142uga \u017cywotno\u015b\u0107 baterii: Trwa\u0142a i wytrzyma\u0142a, co zmniejsza liczb\u0119 wymian i oszcz\u0119dza czas i wysi\u0142ek.<\/li>\n<li>Cztery w jednym: Mo\u017cesz dowolnie zmienia\u0107 smaki bez konieczno\u015bci zakupu czterech urz\u0105dze\u0144.<\/li>\n<li>\u0141adowanie typu C: pozwala w pe\u0142ni wykorzysta\u0107 potencja\u0142 zakupionego e-liquidu.<\/li>\n<li>Siatkowy rdze\u0144 atomizera: gwarantuje niezmienny smak od pierwszego do ostatniego k\u0119sa.<\/li>\n<\/ul>\n<h2 data-v-md-heading=\"why-choose-to-collaborate-with-agoravape\" data-v-md-line=\"50\">Dlaczego warto zdecydowa\u0107 si\u0119 na wsp\u00f3\u0142prac\u0119 z AgoraVape?<\/h2>\n<p data-v-md-line=\"52\">AgoraVape stawia na autentyczny asortyment oraz jasne i praktyczne informacje o produktach, a nie na fa\u0142szyw\u0105 reklam\u0119. Dla klient\u00f3w korporacyjnych oznacza to niezawodne dostawy, przemy\u015blane wsparcie i szybk\u0105 dostaw\u0119 waporyzator\u00f3w Bang Blaze 60k 60000 o smaku cztery w jednym. Chcesz pozna\u0107 szczeg\u00f3\u0142y dotycz\u0105ce sprzeda\u017cy hurtowej i aktualny stan magazynowy? Skontaktuj si\u0119 z nami, ch\u0119tnie Ci pomo\u017cemy.<\/p>\n<p><script src=\"chrome-extension:\/\/fpelahbljekknahkcaegamhcndkfpfnc\/iFrame.js\" type=\"text\/javascript\"><\/script><\/p>","protected":false},"excerpt":{"rendered":"<p>&nbsp;<\/p>\n<p><script src=\"chrome-extension:\/\/fpelahbljekknahkcaegamhcndkfpfnc\/iFrame.js\" type=\"text\/javascript\"><\/script><\/p>","protected":false},"featured_media":23903,"comment_status":"open","ping_status":"closed","template":"","meta":[],"product_brand":[197],"product_cat":[124,187,188,189,1642,123,1674,174,193,191,179,173,186,180,190,192],"product_tag":[],"class_list":{"0":"post-23885","1":"product","2":"type-product","3":"status-publish","4":"has-post-thumbnail","6":"product_brand-bang","7":"product_cat-vape-by-brand","8":"product_cat-0mg-nicotine-free-vapes","9":"product_cat-10mg-low-nicotine-vapes","10":"product_cat-20mg-standard-nicotine-vapes","11":"product_cat-60000-puffs","12":"product_cat-bang","13":"product_cat-eu-warehouse","14":"product_cat-fruit-flavors","15":"product_cat-mesh-coil","16":"product_cat-rechargeable-disposables","17":"product_cat-unique-blends","18":"product_cat-vape-by-flavor-profile","19":"product_cat-vape-by-nicotine-strength","20":"product_cat-vape-by-puff-count","21":"product_cat-vape-by-feature-or-type","22":"product_cat-vapes-with-screens","24":"first","25":"instock","26":"shipping-taxable","27":"purchasable","28":"product-type-variable","29":"has-default-attributes"},"tiered_pricing_type":"percentage","tiered_pricing_fixed_rules":[],"tiered_pricing_product_settings":{"layout":"default","base_unit_name":{"singular":null,"plural":null},"default_variation":null},"tiered_pricing_minimum_quantity":10,"tiered_pricing_roles_data":[],"tiered_pricing_percentage_rules":{"30":"10","50":"18","100":"26","200":"33","500":"38","1000":"44"},"tiered_pricing_maximum_quantity":null,"tiered_pricing_quantity_step":"10","_links":{"self":[{"href":"https:\/\/agoravape.com\/pl\/wp-json\/wp\/v2\/product\/23885","targetHints":{"allow":["GET"]}}],"collection":[{"href":"https:\/\/agoravape.com\/pl\/wp-json\/wp\/v2\/product"}],"about":[{"href":"https:\/\/agoravape.com\/pl\/wp-json\/wp\/v2\/types\/product"}],"replies":[{"embeddable":true,"href":"https:\/\/agoravape.com\/pl\/wp-json\/wp\/v2\/comments?post=23885"}],"version-history":[{"count":0,"href":"https:\/\/agoravape.com\/pl\/wp-json\/wp\/v2\/product\/23885\/revisions"}],"wp:featuredmedia":[{"embeddable":true,"href":"https:\/\/agoravape.com\/pl\/wp-json\/wp\/v2\/media\/23903"}],"wp:attachment":[{"href":"https:\/\/agoravape.com\/pl\/wp-json\/wp\/v2\/media?parent=23885"}],"wp:term":[{"taxonomy":"product_brand","embeddable":true,"href":"https:\/\/agoravape.com\/pl\/wp-json\/wp\/v2\/product_brand?post=23885"},{"taxonomy":"product_cat","embeddable":true,"href":"https:\/\/agoravape.com\/pl\/wp-json\/wp\/v2\/product_cat?post=23885"},{"taxonomy":"product_tag","embeddable":true,"href":"https:\/\/agoravape.com\/pl\/wp-json\/wp\/v2\/product_tag?post=23885"}],"curies":[{"name":"wp","href":"https:\/\/api.w.org\/{rel}","templated":true}]}}