{"id":23979,"date":"2026-01-25T23:10:29","date_gmt":"2026-01-25T15:10:29","guid":{"rendered":"https:\/\/agoravape.com\/?post_type=product&#038;p=23979"},"modified":"2026-03-30T09:17:48","modified_gmt":"2026-03-30T07:17:48","slug":"aaok-h127-ak110k-110000-jednorazowa-glowica-do-fajki-wodnej","status":"publish","type":"product","link":"https:\/\/agoravape.com\/pl\/product\/aaok-h127-ak110k-110000-disposable-hookah-head\/","title":{"rendered":"AAOK H127-AK110K 110000 Jednorazowa g\u0142owica do fajki wodnej z regulowanym przep\u0142ywem powietrza"},"content":{"rendered":"<p data-v-md-line=\"1\"><img loading=\"lazy\" decoding=\"async\" class=\"aligncenter size-full wp-image-24007\" src=\"https:\/\/agoravape.com\/wp-content\/uploads\/2026\/01\/AAOK-H127-AK110K-110000-Disposable-Hookah-Head-Adjustable-airflow_Agora.webp\" alt=\"\" width=\"1280\" height=\"1654\" srcset=\"https:\/\/agoravape.com\/wp-content\/uploads\/2026\/01\/AAOK-H127-AK110K-110000-Disposable-Hookah-Head-Adjustable-airflow_Agora.webp 1280w, https:\/\/agoravape.com\/wp-content\/uploads\/2026\/01\/AAOK-H127-AK110K-110000-Disposable-Hookah-Head-Adjustable-airflow_Agora-1200x1551.webp 1200w, https:\/\/agoravape.com\/wp-content\/uploads\/2026\/01\/AAOK-H127-AK110K-110000-Disposable-Hookah-Head-Adjustable-airflow_Agora-232x300.webp 232w, https:\/\/agoravape.com\/wp-content\/uploads\/2026\/01\/AAOK-H127-AK110K-110000-Disposable-Hookah-Head-Adjustable-airflow_Agora-792x1024.webp 792w, https:\/\/agoravape.com\/wp-content\/uploads\/2026\/01\/AAOK-H127-AK110K-110000-Disposable-Hookah-Head-Adjustable-airflow_Agora-768x992.webp 768w, https:\/\/agoravape.com\/wp-content\/uploads\/2026\/01\/AAOK-H127-AK110K-110000-Disposable-Hookah-Head-Adjustable-airflow_Agora-1189x1536.webp 1189w, https:\/\/agoravape.com\/wp-content\/uploads\/2026\/01\/AAOK-H127-AK110K-110000-Disposable-Hookah-Head-Adjustable-airflow_Agora-9x12.webp 9w\" sizes=\"auto, (max-width: 1280px) 100vw, 1280px\" \/><\/p>\n<p data-v-md-line=\"1\">AAOK H127-AK110K na nowo definiuje doznania zwi\u0105zane z e-szisz\u0105. To nie tylko e-waporyzator, ale idealne ulepszenie i zamiennik tradycyjnej fajki wodnej. Dzi\u0119ki imponuj\u0105cej wydajno\u015bci 110 000 zaci\u0105gni\u0119\u0107 i innowacyjnej, obrotowej konstrukcji z dwoma smakami, idealnie \u0142\u0105czy du\u017c\u0105 produkcj\u0119 pary (DTL) z \u0142agodnym profilem smakowym (MTL), zapewniaj\u0105c niezr\u00f3wnan\u0105 wygod\u0119 i przyjemno\u015b\u0107 mi\u0142o\u015bnikom fajki wodnej.<\/p>\n<p><a href=\"https:\/\/agoravape.com\/wp-content\/uploads\/2026\/01\/264d8d62ab43c04676bcb73aa106c740.mp4\">Wprowadzenie wideo\u00a0<\/a><\/p>\n<p data-v-md-line=\"3\"><strong>Kluczowe argumenty sprzeda\u017cy:<\/strong><\/p>\n<ul data-v-md-line=\"5\">\n<li>\n<p data-v-md-line=\"5\"><strong>Podw\u00f3jny zbiornik, dwa smaki, obrotowy prze\u0142\u0105cznik:<\/strong>\u00a0Unikalna konstrukcja podw\u00f3jnego zbiornika 25 ml + 25 ml, \u0142\u0105cznie 50 ml. Wystarczy obr\u00f3ci\u0107 urz\u0105dzenie, aby p\u0142ynnie prze\u0142\u0105cza\u0107 si\u0119 mi\u0119dzy dwoma smakami, eliminuj\u0105c zm\u0119czenie smakowe.<\/p>\n<\/li>\n<li>\n<p data-v-md-line=\"7\"><strong>D\u0142uga \u017cywotno\u015b\u0107 baterii, doskona\u0142e wra\u017cenia:<\/strong>\u00a0\u017bywotno\u015b\u0107 urz\u0105dzenia wynosi 110 000 zaci\u0105gni\u0119\u0107, a bateria o du\u017cej pojemno\u015bci 1900 mAh i interfejs szybkiego \u0142adowania typu C gwarantuj\u0105 sta\u0142\u0105 i stabiln\u0105 moc wyj\u015bciow\u0105.<\/p>\n<\/li>\n<li>\n<p data-v-md-line=\"9\"><strong>Profesjonalny filtr siatkowy, wydajna generacja pary:<\/strong>\u00a0Wykorzystuje filtr siatkowy o niskiej rezystancji 0,3\u03a9 w po\u0142\u0105czeniu z moc\u0105 wyj\u015bciow\u0105 45 W, zapewniaj\u0105c natychmiastow\u0105, bogat\u0105 i g\u0119st\u0105 par\u0119, zapewniaj\u0105c najbardziej autentyczne doznania z Shisha DTL (Direct Lung Ton). Obs\u0142uguje r\u00f3wnie\u017c tryb MTL (Mouth Ton).<\/p>\n<\/li>\n<li>\n<p data-v-md-line=\"11\"><strong>Doskona\u0142a kompatybilno\u015b\u0107, Plug and Play:<\/strong>\u00a0Zaprojektowany specjalnie jako zamiennik tradycyjnych g\u0142owic do fajki wodnej, dolny interfejs mo\u017cna zamontowa\u0107 bezpo\u015brednio na fajce wodnej, eliminuj\u0105c potrzeb\u0119 uci\u0105\u017cliwego przygotowywania w\u0119gla drzewnego i zapewniaj\u0105c czysto\u015b\u0107 i higien\u0119.<\/p>\n<\/li>\n<li>\n<p data-v-md-line=\"13\"><strong>Inteligentny wy\u015bwietlacz cyfrowy:<\/strong>\u00a0Wbudowany ekran o wysokiej rozdzielczo\u015bci pozwala na monitorowanie poziomu na\u0142adowania baterii i stanu urz\u0105dzenia w czasie rzeczywistym.<\/p>\n<\/li>\n<\/ul>\n<p data-v-md-line=\"15\"><strong>Dane techniczne:<\/strong><\/p>\n<ul data-v-md-line=\"17\">\n<li>\n<p data-v-md-line=\"17\"><strong>Wymiary:<\/strong>\u00a0124 x 62,5 x 62,5 mm<\/p>\n<\/li>\n<li>\n<p data-v-md-line=\"19\"><strong>Tworzywo:<\/strong>\u00a0Stop aluminium + PCTG (trwa\u0142y i wysokiej jako\u015bci)<\/p>\n<\/li>\n<li>\n<p data-v-md-line=\"21\"><strong>Pojemno\u015b\u0107 e-liquidu:<\/strong>\u00a050 ml (25 ml + 25 ml)<\/p>\n<\/li>\n<li>\n<p data-v-md-line=\"23\"><strong>Op\u00f3r\/Moc:<\/strong>\u00a00,3\u03a9 \/ 45W<\/p>\n<\/li>\n<li>\n<p data-v-md-line=\"25\"><strong>Waga:<\/strong>\u00a0261g<\/p>\n<\/li>\n<\/ul>\n<p data-v-md-line=\"27\"><strong>Lista smak\u00f3w:<\/strong><\/p>\n<ul data-v-md-line=\"29\">\n<li>\n<p data-v-md-line=\"29\"><strong>Wymiary:<\/strong>\u00a0124 x 62,5 x 62,5 mm<\/p>\n<\/li>\n<li>\n<p data-v-md-line=\"31\">Miami Mint+Watermelonlce<\/p>\n<\/li>\n<li>\n<p data-v-md-line=\"32\">Miami Mint+Blue Razz<\/p>\n<\/li>\n<li>\n<p data-v-md-line=\"33\">Dwa Apple+Blue Razz<\/p>\n<\/li>\n<li>\n<p data-v-md-line=\"34\">Dwa Apple+Love 66<\/p>\n<\/li>\n<li>\n<p data-v-md-line=\"35\">CheryCola+Love 66<\/p>\n<\/li>\n<li>\n<p data-v-md-line=\"36\">Lady Killer+Truskawka-kiwi<\/p>\n<\/li>\n<li>\n<p data-v-md-line=\"37\">Jagoda, arbuz i ch\u0142odna mi\u0119ta<\/p>\n<\/li>\n<li>\n<p data-v-md-line=\"38\">Wi\u015bnia, cytryna i tropikalna t\u0119cza<\/p>\n<\/li>\n<li>\n<p data-v-md-line=\"39\">Truskawka Mango + Mocna Mi\u0119ta<\/p>\n<\/li>\n<li>\n<p data-v-md-line=\"40\">Grape Blow Pop+Arbuz lce<\/p>\n<\/li>\n<\/ul>\n<p>&nbsp;<\/p>\n<p><script src=\"chrome-extension:\/\/fpelahbljekknahkcaegamhcndkfpfnc\/iFrame.js\" type=\"text\/javascript\"><\/script><\/p>\n<p><script src=\"chrome-extension:\/\/fpelahbljekknahkcaegamhcndkfpfnc\/iFrame.js\" type=\"text\/javascript\"><\/script><\/p>\n<p><script src=\"chrome-extension:\/\/fpelahbljekknahkcaegamhcndkfpfnc\/iFrame.js\" type=\"text\/javascript\"><\/script><\/p>\n<p><script src=\"chrome-extension:\/\/fpelahbljekknahkcaegamhcndkfpfnc\/iFrame.js\" type=\"text\/javascript\"><\/script><\/p>\n<p><script src=\"chrome-extension:\/\/fpelahbljekknahkcaegamhcndkfpfnc\/iFrame.js\" type=\"text\/javascript\"><\/script><\/p>\n<p><script src=\"chrome-extension:\/\/fpelahbljekknahkcaegamhcndkfpfnc\/iFrame.js\" type=\"text\/javascript\"><\/script><\/p>\n<p><script src=\"chrome-extension:\/\/fpelahbljekknahkcaegamhcndkfpfnc\/iFrame.js\" type=\"text\/javascript\"><\/script><\/p>","protected":false},"excerpt":{"rendered":"<p>&nbsp;<\/p>\n<p><script src=\"chrome-extension:\/\/fpelahbljekknahkcaegamhcndkfpfnc\/iFrame.js\" type=\"text\/javascript\"><\/script><\/p>\n<p><script src=\"chrome-extension:\/\/fpelahbljekknahkcaegamhcndkfpfnc\/iFrame.js\" type=\"text\/javascript\"><\/script><\/p>\n<p><script src=\"chrome-extension:\/\/fpelahbljekknahkcaegamhcndkfpfnc\/iFrame.js\" type=\"text\/javascript\"><\/script><\/p>\n<p><script src=\"chrome-extension:\/\/fpelahbljekknahkcaegamhcndkfpfnc\/iFrame.js\" type=\"text\/javascript\"><\/script><\/p>\n<p><script src=\"chrome-extension:\/\/fpelahbljekknahkcaegamhcndkfpfnc\/iFrame.js\" type=\"text\/javascript\"><\/script><\/p>\n<p><script src=\"chrome-extension:\/\/fpelahbljekknahkcaegamhcndkfpfnc\/iFrame.js\" type=\"text\/javascript\"><\/script><\/p>\n<p><script src=\"chrome-extension:\/\/fpelahbljekknahkcaegamhcndkfpfnc\/iFrame.js\" type=\"text\/javascript\"><\/script><\/p>","protected":false},"featured_media":24000,"comment_status":"open","ping_status":"closed","template":"","meta":[],"product_brand":[243],"product_cat":[124,187,185,188,189,170,194,1674,174,193,191,179,173,186,180,190,192],"product_tag":[],"class_list":{"0":"post-23979","1":"product","2":"type-product","3":"status-publish","4":"has-post-thumbnail","6":"product_brand-aaok","7":"product_cat-vape-by-brand","8":"product_cat-0mg-nicotine-free-vapes","9":"product_cat-10000-puffs-high-capacity","10":"product_cat-10mg-low-nicotine-vapes","11":"product_cat-20mg-standard-nicotine-vapes","12":"product_cat-aaok","13":"product_cat-adjustable-airflow","14":"product_cat-eu-warehouse","15":"product_cat-fruit-flavors","16":"product_cat-mesh-coil","17":"product_cat-rechargeable-disposables","18":"product_cat-unique-blends","19":"product_cat-vape-by-flavor-profile","20":"product_cat-vape-by-nicotine-strength","21":"product_cat-vape-by-puff-count","22":"product_cat-vape-by-feature-or-type","23":"product_cat-vapes-with-screens","25":"first","26":"instock","27":"shipping-taxable","28":"purchasable","29":"product-type-variable","30":"has-default-attributes"},"tiered_pricing_type":"percentage","tiered_pricing_fixed_rules":[],"tiered_pricing_product_settings":{"layout":"default","base_unit_name":{"singular":null,"plural":null},"default_variation":null},"tiered_pricing_minimum_quantity":10,"tiered_pricing_roles_data":[],"tiered_pricing_percentage_rules":{"30":"29","50":"35","100":"40","200":"44","500":"47","1000":"49"},"tiered_pricing_maximum_quantity":null,"tiered_pricing_quantity_step":"10","_links":{"self":[{"href":"https:\/\/agoravape.com\/pl\/wp-json\/wp\/v2\/product\/23979","targetHints":{"allow":["GET"]}}],"collection":[{"href":"https:\/\/agoravape.com\/pl\/wp-json\/wp\/v2\/product"}],"about":[{"href":"https:\/\/agoravape.com\/pl\/wp-json\/wp\/v2\/types\/product"}],"replies":[{"embeddable":true,"href":"https:\/\/agoravape.com\/pl\/wp-json\/wp\/v2\/comments?post=23979"}],"version-history":[{"count":0,"href":"https:\/\/agoravape.com\/pl\/wp-json\/wp\/v2\/product\/23979\/revisions"}],"wp:featuredmedia":[{"embeddable":true,"href":"https:\/\/agoravape.com\/pl\/wp-json\/wp\/v2\/media\/24000"}],"wp:attachment":[{"href":"https:\/\/agoravape.com\/pl\/wp-json\/wp\/v2\/media?parent=23979"}],"wp:term":[{"taxonomy":"product_brand","embeddable":true,"href":"https:\/\/agoravape.com\/pl\/wp-json\/wp\/v2\/product_brand?post=23979"},{"taxonomy":"product_cat","embeddable":true,"href":"https:\/\/agoravape.com\/pl\/wp-json\/wp\/v2\/product_cat?post=23979"},{"taxonomy":"product_tag","embeddable":true,"href":"https:\/\/agoravape.com\/pl\/wp-json\/wp\/v2\/product_tag?post=23979"}],"curies":[{"name":"wp","href":"https:\/\/api.w.org\/{rel}","templated":true}]}}