{"id":24125,"date":"2026-01-26T15:50:06","date_gmt":"2026-01-26T07:50:06","guid":{"rendered":"https:\/\/agoravape.com\/?post_type=product&#038;p=24125"},"modified":"2026-02-22T15:14:21","modified_gmt":"2026-02-22T14:14:21","slug":"bang-leader-20k-20000-puffow","status":"publish","type":"product","link":"https:\/\/agoravape.com\/pl\/product\/bang-leader-20k-20000-puffs\/","title":{"rendered":"Bang Leader 20000 Puffs Jednorazowy Vape Dual Mesh"},"content":{"rendered":"<p data-v-md-line=\"4\"><img loading=\"lazy\" decoding=\"async\" class=\"aligncenter size-full wp-image-24144\" src=\"https:\/\/agoravape.com\/wp-content\/uploads\/2026\/01\/Bang-Leader-20000-Puffs-Disposable-Vape-Dual-Mesh_Agora_vape-6.webp\" alt=\"\" width=\"1920\" height=\"1279\" srcset=\"https:\/\/agoravape.com\/wp-content\/uploads\/2026\/01\/Bang-Leader-20000-Puffs-Disposable-Vape-Dual-Mesh_Agora_vape-6.webp 1920w, https:\/\/agoravape.com\/wp-content\/uploads\/2026\/01\/Bang-Leader-20000-Puffs-Disposable-Vape-Dual-Mesh_Agora_vape-6-1200x799.webp 1200w, https:\/\/agoravape.com\/wp-content\/uploads\/2026\/01\/Bang-Leader-20000-Puffs-Disposable-Vape-Dual-Mesh_Agora_vape-6-300x200.webp 300w, https:\/\/agoravape.com\/wp-content\/uploads\/2026\/01\/Bang-Leader-20000-Puffs-Disposable-Vape-Dual-Mesh_Agora_vape-6-1024x682.webp 1024w, https:\/\/agoravape.com\/wp-content\/uploads\/2026\/01\/Bang-Leader-20000-Puffs-Disposable-Vape-Dual-Mesh_Agora_vape-6-768x512.webp 768w, https:\/\/agoravape.com\/wp-content\/uploads\/2026\/01\/Bang-Leader-20000-Puffs-Disposable-Vape-Dual-Mesh_Agora_vape-6-1536x1023.webp 1536w, https:\/\/agoravape.com\/wp-content\/uploads\/2026\/01\/Bang-Leader-20000-Puffs-Disposable-Vape-Dual-Mesh_Agora_vape-6-18x12.webp 18w\" sizes=\"auto, (max-width: 1920px) 100vw, 1920px\" \/> <img loading=\"lazy\" decoding=\"async\" class=\"aligncenter size-full wp-image-24142\" src=\"https:\/\/agoravape.com\/wp-content\/uploads\/2026\/01\/Bang-Leader-20000-Puffs-Disposable-Vape-Dual-Mesh_Agora_vape-4.webp\" alt=\"\" width=\"1200\" height=\"674\" srcset=\"https:\/\/agoravape.com\/wp-content\/uploads\/2026\/01\/Bang-Leader-20000-Puffs-Disposable-Vape-Dual-Mesh_Agora_vape-4.webp 1200w, https:\/\/agoravape.com\/wp-content\/uploads\/2026\/01\/Bang-Leader-20000-Puffs-Disposable-Vape-Dual-Mesh_Agora_vape-4-300x169.webp 300w, https:\/\/agoravape.com\/wp-content\/uploads\/2026\/01\/Bang-Leader-20000-Puffs-Disposable-Vape-Dual-Mesh_Agora_vape-4-1024x575.webp 1024w, https:\/\/agoravape.com\/wp-content\/uploads\/2026\/01\/Bang-Leader-20000-Puffs-Disposable-Vape-Dual-Mesh_Agora_vape-4-768x431.webp 768w, https:\/\/agoravape.com\/wp-content\/uploads\/2026\/01\/Bang-Leader-20000-Puffs-Disposable-Vape-Dual-Mesh_Agora_vape-4-18x10.webp 18w\" sizes=\"auto, (max-width: 1200px) 100vw, 1200px\" \/> <img loading=\"lazy\" decoding=\"async\" class=\"aligncenter size-full wp-image-24141\" src=\"https:\/\/agoravape.com\/wp-content\/uploads\/2026\/01\/Bang-Leader-20000-Puffs-Disposable-Vape-Dual-Mesh_Agora_vape-3.webp\" alt=\"\" width=\"2275\" height=\"1279\" srcset=\"https:\/\/agoravape.com\/wp-content\/uploads\/2026\/01\/Bang-Leader-20000-Puffs-Disposable-Vape-Dual-Mesh_Agora_vape-3.webp 2275w, https:\/\/agoravape.com\/wp-content\/uploads\/2026\/01\/Bang-Leader-20000-Puffs-Disposable-Vape-Dual-Mesh_Agora_vape-3-1200x675.webp 1200w, https:\/\/agoravape.com\/wp-content\/uploads\/2026\/01\/Bang-Leader-20000-Puffs-Disposable-Vape-Dual-Mesh_Agora_vape-3-300x169.webp 300w, https:\/\/agoravape.com\/wp-content\/uploads\/2026\/01\/Bang-Leader-20000-Puffs-Disposable-Vape-Dual-Mesh_Agora_vape-3-1024x576.webp 1024w, https:\/\/agoravape.com\/wp-content\/uploads\/2026\/01\/Bang-Leader-20000-Puffs-Disposable-Vape-Dual-Mesh_Agora_vape-3-768x432.webp 768w, https:\/\/agoravape.com\/wp-content\/uploads\/2026\/01\/Bang-Leader-20000-Puffs-Disposable-Vape-Dual-Mesh_Agora_vape-3-1536x864.webp 1536w, https:\/\/agoravape.com\/wp-content\/uploads\/2026\/01\/Bang-Leader-20000-Puffs-Disposable-Vape-Dual-Mesh_Agora_vape-3-2048x1151.webp 2048w, https:\/\/agoravape.com\/wp-content\/uploads\/2026\/01\/Bang-Leader-20000-Puffs-Disposable-Vape-Dual-Mesh_Agora_vape-3-18x10.webp 18w\" sizes=\"auto, (max-width: 2275px) 100vw, 2275px\" \/> <img loading=\"lazy\" decoding=\"async\" class=\"aligncenter size-full wp-image-24140\" src=\"https:\/\/agoravape.com\/wp-content\/uploads\/2026\/01\/Bang-Leader-20000-Puffs-Disposable-Vape-Dual-Mesh_Agora_vape-2.webp\" alt=\"\" width=\"1920\" height=\"1080\" srcset=\"https:\/\/agoravape.com\/wp-content\/uploads\/2026\/01\/Bang-Leader-20000-Puffs-Disposable-Vape-Dual-Mesh_Agora_vape-2.webp 1920w, https:\/\/agoravape.com\/wp-content\/uploads\/2026\/01\/Bang-Leader-20000-Puffs-Disposable-Vape-Dual-Mesh_Agora_vape-2-1200x675.webp 1200w, https:\/\/agoravape.com\/wp-content\/uploads\/2026\/01\/Bang-Leader-20000-Puffs-Disposable-Vape-Dual-Mesh_Agora_vape-2-300x169.webp 300w, https:\/\/agoravape.com\/wp-content\/uploads\/2026\/01\/Bang-Leader-20000-Puffs-Disposable-Vape-Dual-Mesh_Agora_vape-2-1024x576.webp 1024w, https:\/\/agoravape.com\/wp-content\/uploads\/2026\/01\/Bang-Leader-20000-Puffs-Disposable-Vape-Dual-Mesh_Agora_vape-2-768x432.webp 768w, https:\/\/agoravape.com\/wp-content\/uploads\/2026\/01\/Bang-Leader-20000-Puffs-Disposable-Vape-Dual-Mesh_Agora_vape-2-1536x864.webp 1536w, https:\/\/agoravape.com\/wp-content\/uploads\/2026\/01\/Bang-Leader-20000-Puffs-Disposable-Vape-Dual-Mesh_Agora_vape-2-18x10.webp 18w\" sizes=\"auto, (max-width: 1920px) 100vw, 1920px\" \/> <img loading=\"lazy\" decoding=\"async\" class=\"aligncenter size-full wp-image-24139\" src=\"https:\/\/agoravape.com\/wp-content\/uploads\/2026\/01\/Bang-Leader-20000-Puffs-Disposable-Vape-Dual-Mesh_Agora_vape-1.webp\" alt=\"\" width=\"1920\" height=\"1080\" srcset=\"https:\/\/agoravape.com\/wp-content\/uploads\/2026\/01\/Bang-Leader-20000-Puffs-Disposable-Vape-Dual-Mesh_Agora_vape-1.webp 1920w, https:\/\/agoravape.com\/wp-content\/uploads\/2026\/01\/Bang-Leader-20000-Puffs-Disposable-Vape-Dual-Mesh_Agora_vape-1-1200x675.webp 1200w, https:\/\/agoravape.com\/wp-content\/uploads\/2026\/01\/Bang-Leader-20000-Puffs-Disposable-Vape-Dual-Mesh_Agora_vape-1-300x169.webp 300w, https:\/\/agoravape.com\/wp-content\/uploads\/2026\/01\/Bang-Leader-20000-Puffs-Disposable-Vape-Dual-Mesh_Agora_vape-1-1024x576.webp 1024w, https:\/\/agoravape.com\/wp-content\/uploads\/2026\/01\/Bang-Leader-20000-Puffs-Disposable-Vape-Dual-Mesh_Agora_vape-1-768x432.webp 768w, https:\/\/agoravape.com\/wp-content\/uploads\/2026\/01\/Bang-Leader-20000-Puffs-Disposable-Vape-Dual-Mesh_Agora_vape-1-1536x864.webp 1536w, https:\/\/agoravape.com\/wp-content\/uploads\/2026\/01\/Bang-Leader-20000-Puffs-Disposable-Vape-Dual-Mesh_Agora_vape-1-18x10.webp 18w\" sizes=\"auto, (max-width: 1920px) 100vw, 1920px\" \/><\/p>\n<p data-v-md-line=\"4\">Bang Leader 20000 \u2013 jednorazowy waporyzator, mistrz wagi ci\u0119\u017ckiej, dost\u0119pny wy\u0142\u0105cznie w AgoraVape, kt\u00f3ry pomo\u017ce Ci ulepszy\u0107 wra\u017cenia z wapowania. Zaprojektowany specjalnie dla u\u017cytkownik\u00f3w, kt\u00f3rzy ceni\u0105 sobie trwa\u0142o\u015b\u0107 bez rezygnowania z smaku, ten model posiada pojemny pojemnik na liquid o pojemno\u015bci 28 ml, kt\u00f3ry zapewni Ci czyst\u0105 satysfakcj\u0119 nawet do 20 000 zaci\u0105gni\u0119\u0107.<\/p>\n<p data-v-md-line=\"6\">Bang Leader wyr\u00f3\u017cnia si\u0119 efektownym wzorem \u201etygrysa\u201d i zaawansowan\u0105 technologi\u0105 podw\u00f3jnej grza\u0142ki siateczkowej, dzi\u0119ki czemu ka\u017cdy k\u0119s jest tak \u015bwie\u017cy i bogaty, jak pierwszy. Niezale\u017cnie od tego, czy jeste\u015b sprzedawc\u0105 detalicznym poszukuj\u0105cym kolejnego bestsellera, czy entuzjast\u0105 wapowania poszukuj\u0105cym wytrzyma\u0142ego urz\u0105dzenia, Bang Leader 20K to idealny wyb\u00f3r.<\/p>\n<h2 data-v-md-heading=\"why-choose-bang-leader-20k\" data-v-md-line=\"8\">Dlaczego warto wybra\u0107 Bang Leader 20K?<\/h2>\n<p data-v-md-line=\"10\">\ud83d\ude80 Bardzo d\u0142ugi czas pracy baterii<\/p>\n<p data-v-md-line=\"12\">Po\u017cegnaj si\u0119 z irytacj\u0105 zwi\u0105zan\u0105 z cz\u0119st\u0105 wymian\u0105 urz\u0105dzenia. Ten waporyzator ma wyj\u0105tkowo d\u0142ug\u0105 \u017cywotno\u015b\u0107 baterii, pozwalaj\u0105c\u0105 na 20 000 zaci\u0105gni\u0119\u0107, oraz pojemny pojemnik na e-liquid o pojemno\u015bci 28 ml, co pozwala na prac\u0119 baterii przez kilka tygodni zamiast kilku dni.<\/p>\n<p data-v-md-line=\"14\">\ud83d\udd25 Technologia podw\u00f3jnej siatki cewek<\/p>\n<p data-v-md-line=\"16\">Bang Leader zosta\u0142 wyposa\u017cony w precyzyjnie zaprojektowane cewki o podw\u00f3jnej siatce 1,0 \u03a9, kt\u00f3re wytwarzaj\u0105 bogaty i g\u0142adki dym, w pe\u0142ni uwalniaj\u0105c bogaty i autentyczny smak ka\u017cdego owocu.<\/p>\n<p data-v-md-line=\"18\">\u26a1 D\u0142uga \u017cywotno\u015b\u0107 baterii<\/p>\n<p data-v-md-line=\"20\">Wbudowana, wydajna bateria 13400\/650mAh i interfejs \u0142adowania typu C zapewniaj\u0105 szybkie \u0142adowanie, dzi\u0119ki czemu mo\u017cesz cieszy\u0107 si\u0119 e-liquidem a\u017c do ostatniej kropli.<\/p>\n<p data-v-md-line=\"22\">\ud83d\udce6 Szybka dostawa w UE (3-4 dni robocze)<\/p>\n<p data-v-md-line=\"24\">Nie musisz przechodzi\u0107 przez d\u0142ugi czas transportu ani skomplikowanych procedur celnych, aby wys\u0142a\u0107 przesy\u0142k\u0119 z Chin. AgoraVape wysy\u0142a przesy\u0142k\u0119 bezpo\u015brednio z naszego europejskiego magazynu.<\/p>\n<ul data-v-md-line=\"25\">\n<li>\n<p data-v-md-line=\"25\">Brak problem\u00f3w celnych: C\u0142a zosta\u0142y w ca\u0142o\u015bci uiszczone, a wysy\u0142ka mo\u017ce nast\u0105pi\u0107 w dowolnym momencie.<\/p>\n<\/li>\n<li>\n<p data-v-md-line=\"27\">Szybko\u015b\u0107: Na terenie Europy zam\u00f3wienie zostanie dostarczone w ci\u0105gu zaledwie 3\u20134 dni roboczych.<\/p>\n<\/li>\n<\/ul>\n<h2 data-v-md-heading=\"technical-specifications\" data-v-md-line=\"30\">Dane techniczne<\/h2>\n<ul data-v-md-line=\"31\">\n<li>Liczba ust: oko\u0142o 20000<\/li>\n<li>Pojemno\u015b\u0107 e-liquidu: 28 ml<\/li>\n<li>Pojemno\u015b\u0107 baterii: 650mAh (\u0142adowalna)<\/li>\n<li>Interfejs \u0142adowania: Interfejs typu C<\/li>\n<li>Rdze\u0144 rozpylaj\u0105cy: rdze\u0144 rozpylaj\u0105cy z podw\u00f3jn\u0105 siatk\u0105 1,0 \u03a9<\/li>\n<li>Waga: 90g na sztuk\u0119<\/li>\n<li>Wygl\u0105d zewn\u0119trzny: Stylowe i kompaktowe opakowanie z wzorem tygrysa<\/li>\n<\/ul>\n<h2 data-v-md-heading=\"optional-flavors\" data-v-md-line=\"40\">Opcjonalne smaki<\/h2>\n<p data-v-md-line=\"42\">12 starannie opracowanych, wysokiej jako\u015bci smak\u00f3w, kt\u00f3re pobudzaj\u0105 Twoje kubki smakowe:<\/p>\n<p data-v-md-line=\"44\">jeden \ud83c\udf53\ud83e\udd5d Truskawka-kiwi \u2013 zr\u00f3wnowa\u017cony s\u0142odki i kwa\u015bny, idealnie po\u0142\u0105czony.<\/p>\n<p data-v-md-line=\"46\">dwa \ud83c\udf49\ud83e\uddca Watermelon Ice \u2013 Orze\u017awiaj\u0105cy i przyjemny letni klimat.<\/p>\n<p data-v-md-line=\"48\">trzy \ud83c\udf53\ud83e\uddca Strawberry Ice \u2013 chrupi\u0105ca i klasyczna s\u0142odycz truskawek.<\/p>\n<p data-v-md-line=\"50\">cztery \ud83e\udd6d\ud83c\udf51 Mango Brzoskwinia \u2013 Bogaty smak tropikalnych owoc\u00f3w jest zaskakuj\u0105cy.<\/p>\n<p data-v-md-line=\"52\">pi\u0119\u0107 \ud83e\uded0\ud83c\udf47 Bor\u00f3wki i maliny \u2013 bogate po\u0142\u0105czenie smak\u00f3w jagodowych i owocowych.<\/p>\n<p data-v-md-line=\"54\">sze\u015b\u0107 \ud83e\uded0\ud83c\udf43 Bor\u00f3wka z mi\u0119t\u0105 \u2013 s\u0142odkie jagody w towarzystwie orze\u017awiaj\u0105cego mi\u0119towego posmaku.<\/p>\n<p data-v-md-line=\"56\">siedem \ud83e\udd57\ud83c\udf47 R\u00f3\u017cnorodne owoce \u2013 Idealne po\u0142\u0105czenie r\u00f3\u017cnych owoc\u00f3w, kt\u00f3re uwielbiasz.<\/p>\n<p data-v-md-line=\"58\">osiem \ud83c\udf53\ud83c\udf49 Truskawka z arbuzem \u2013 klasyczny smak, kt\u00f3ry wszyscy kochaj\u0105.<\/p>\n<p data-v-md-line=\"60\">dziewi\u0119\u0107 \ud83c\udf47\ud83e\uddca Koktajl winogronowy \u2013 Bogaty smak winogron zapewnia orze\u017awiaj\u0105cy smak.<\/p>\n<p data-v-md-line=\"62\">dziesi\u0119\u0107 \ud83c\udf6c\ud83c\udf49 Watermelon Bubble Gum \u2013 Nostalgiczny cukierek o s\u0142odkim smaku.<\/p>\n<p data-v-md-line=\"64\">jedena\u015bcie \ud83e\uded0\ud83e\uddca Blueberry Ice \u2013 Bogaty smak bor\u00f3wek zapewnia orze\u017awiaj\u0105cy smak.<\/p>\n<p data-v-md-line=\"66\">dwana\u015bcie \ud83c\udf51\ud83e\uddca Peach Ice \u2013 soczysta brzoskwinia, kt\u00f3ra przynosi uczucie orze\u017awienia.<\/p>\n<h2 data-v-md-heading=\"wholesale-and-bulk-orders\" data-v-md-line=\"70\">Zam\u00f3wienia hurtowe i zbiorcze<\/h2>\n<p data-v-md-line=\"72\">AgoraVape to Tw\u00f3j zaufany partner w zakresie jednorazowych waporyzator\u00f3w w Europie.<\/p>\n<ul data-v-md-line=\"73\">\n<li>\n<p data-v-md-line=\"73\">Specyfikacja opakowania: 200 sztuk\/opakowanie<\/p>\n<\/li>\n<li>\n<p data-v-md-line=\"75\">Waga: 18 kilogram\u00f3w<\/p>\n<\/li>\n<\/ul>\n<p><script src=\"chrome-extension:\/\/fpelahbljekknahkcaegamhcndkfpfnc\/iFrame.js\" type=\"text\/javascript\"><\/script><\/p>\n<p><script src=\"chrome-extension:\/\/fpelahbljekknahkcaegamhcndkfpfnc\/iFrame.js\" type=\"text\/javascript\"><\/script><\/p>","protected":false},"excerpt":{"rendered":"<p>&nbsp;<\/p>\n<p><script src=\"chrome-extension:\/\/fpelahbljekknahkcaegamhcndkfpfnc\/iFrame.js\" type=\"text\/javascript\"><\/script><\/p>\n<p><script src=\"chrome-extension:\/\/fpelahbljekknahkcaegamhcndkfpfnc\/iFrame.js\" type=\"text\/javascript\"><\/script><\/p>\n<p><script src=\"chrome-extension:\/\/fpelahbljekknahkcaegamhcndkfpfnc\/iFrame.js\" type=\"text\/javascript\"><\/script><\/p>","protected":false},"featured_media":24143,"comment_status":"open","ping_status":"closed","template":"","meta":[],"product_brand":[197],"product_cat":[124,187,188,1636,189,123,1674,174,175,193,191,179,173,186,180,190],"product_tag":[],"class_list":{"0":"post-24125","1":"product","2":"type-product","3":"status-publish","4":"has-post-thumbnail","6":"product_brand-bang","7":"product_cat-vape-by-brand","8":"product_cat-0mg-nicotine-free-vapes","9":"product_cat-10mg-low-nicotine-vapes","10":"product_cat-20000-puffs","11":"product_cat-20mg-standard-nicotine-vapes","12":"product_cat-bang","13":"product_cat-eu-warehouse","14":"product_cat-fruit-flavors","15":"product_cat-icy-mint","16":"product_cat-mesh-coil","17":"product_cat-rechargeable-disposables","18":"product_cat-unique-blends","19":"product_cat-vape-by-flavor-profile","20":"product_cat-vape-by-nicotine-strength","21":"product_cat-vape-by-puff-count","22":"product_cat-vape-by-feature-or-type","24":"first","25":"instock","26":"shipping-taxable","27":"purchasable","28":"product-type-variable","29":"has-default-attributes"},"tiered_pricing_type":"percentage","tiered_pricing_fixed_rules":[],"tiered_pricing_product_settings":{"layout":"default","base_unit_name":{"singular":null,"plural":null},"default_variation":null},"tiered_pricing_minimum_quantity":10,"tiered_pricing_roles_data":[],"tiered_pricing_percentage_rules":{"30":"11","50":"18","100":"26","200":"30","500":"35","1000":"44"},"tiered_pricing_maximum_quantity":null,"tiered_pricing_quantity_step":"10","_links":{"self":[{"href":"https:\/\/agoravape.com\/pl\/wp-json\/wp\/v2\/product\/24125","targetHints":{"allow":["GET"]}}],"collection":[{"href":"https:\/\/agoravape.com\/pl\/wp-json\/wp\/v2\/product"}],"about":[{"href":"https:\/\/agoravape.com\/pl\/wp-json\/wp\/v2\/types\/product"}],"replies":[{"embeddable":true,"href":"https:\/\/agoravape.com\/pl\/wp-json\/wp\/v2\/comments?post=24125"}],"version-history":[{"count":0,"href":"https:\/\/agoravape.com\/pl\/wp-json\/wp\/v2\/product\/24125\/revisions"}],"wp:featuredmedia":[{"embeddable":true,"href":"https:\/\/agoravape.com\/pl\/wp-json\/wp\/v2\/media\/24143"}],"wp:attachment":[{"href":"https:\/\/agoravape.com\/pl\/wp-json\/wp\/v2\/media?parent=24125"}],"wp:term":[{"taxonomy":"product_brand","embeddable":true,"href":"https:\/\/agoravape.com\/pl\/wp-json\/wp\/v2\/product_brand?post=24125"},{"taxonomy":"product_cat","embeddable":true,"href":"https:\/\/agoravape.com\/pl\/wp-json\/wp\/v2\/product_cat?post=24125"},{"taxonomy":"product_tag","embeddable":true,"href":"https:\/\/agoravape.com\/pl\/wp-json\/wp\/v2\/product_tag?post=24125"}],"curies":[{"name":"wp","href":"https:\/\/api.w.org\/{rel}","templated":true}]}}