{"id":24148,"date":"2026-01-26T16:15:32","date_gmt":"2026-01-26T08:15:32","guid":{"rendered":"https:\/\/agoravape.com\/?post_type=product&#038;p=24148"},"modified":"2026-03-31T04:20:21","modified_gmt":"2026-03-31T02:20:21","slug":"bang-leader-30k-2in1-30000-puffow","status":"publish","type":"product","link":"https:\/\/agoravape.com\/pl\/product\/bang-leader-30k-2in1-30000-puffs\/","title":{"rendered":"Bang Leader 30k 30000 zaci\u0105gni\u0119\u0107, podw\u00f3jny smak, waporyzator | Dwa smaki, jedno urz\u0105dzenie, mniej k\u0142opot\u00f3w"},"content":{"rendered":"<h2 data-v-md-heading=\"what-s-special-about-bang-leader-30k-30000-dual-flavored-vapes\" data-v-md-line=\"3\"><img loading=\"lazy\" decoding=\"async\" class=\"aligncenter size-full wp-image-24170\" src=\"https:\/\/agoravape.com\/wp-content\/uploads\/2026\/01\/Bang-Leader-30k-30000-Puffs-Dual-Flavor-Vape-Two-Flavours-One-Device-Less-Hassle_Agora_vape-9-scaled.webp\" alt=\"\" width=\"2560\" height=\"1444\" srcset=\"https:\/\/agoravape.com\/wp-content\/uploads\/2026\/01\/Bang-Leader-30k-30000-Puffs-Dual-Flavor-Vape-Two-Flavours-One-Device-Less-Hassle_Agora_vape-9-scaled.webp 2560w, https:\/\/agoravape.com\/wp-content\/uploads\/2026\/01\/Bang-Leader-30k-30000-Puffs-Dual-Flavor-Vape-Two-Flavours-One-Device-Less-Hassle_Agora_vape-9-scaled-1200x677.webp 1200w, https:\/\/agoravape.com\/wp-content\/uploads\/2026\/01\/Bang-Leader-30k-30000-Puffs-Dual-Flavor-Vape-Two-Flavours-One-Device-Less-Hassle_Agora_vape-9-300x169.webp 300w, https:\/\/agoravape.com\/wp-content\/uploads\/2026\/01\/Bang-Leader-30k-30000-Puffs-Dual-Flavor-Vape-Two-Flavours-One-Device-Less-Hassle_Agora_vape-9-1024x577.webp 1024w, https:\/\/agoravape.com\/wp-content\/uploads\/2026\/01\/Bang-Leader-30k-30000-Puffs-Dual-Flavor-Vape-Two-Flavours-One-Device-Less-Hassle_Agora_vape-9-768x433.webp 768w, https:\/\/agoravape.com\/wp-content\/uploads\/2026\/01\/Bang-Leader-30k-30000-Puffs-Dual-Flavor-Vape-Two-Flavours-One-Device-Less-Hassle_Agora_vape-9-1536x866.webp 1536w, https:\/\/agoravape.com\/wp-content\/uploads\/2026\/01\/Bang-Leader-30k-30000-Puffs-Dual-Flavor-Vape-Two-Flavours-One-Device-Less-Hassle_Agora_vape-9-2048x1155.webp 2048w, https:\/\/agoravape.com\/wp-content\/uploads\/2026\/01\/Bang-Leader-30k-30000-Puffs-Dual-Flavor-Vape-Two-Flavours-One-Device-Less-Hassle_Agora_vape-9-18x10.webp 18w\" sizes=\"auto, (max-width: 2560px) 100vw, 2560px\" \/> <img loading=\"lazy\" decoding=\"async\" class=\"aligncenter size-full wp-image-24163\" src=\"https:\/\/agoravape.com\/wp-content\/uploads\/2026\/01\/Bang-Leader-30k-30000-Puffs-Dual-Flavor-Vape-Two-Flavours-One-Device-Less-Hassle_Agora_vape-2.webp\" alt=\"\" width=\"1920\" height=\"899\" srcset=\"https:\/\/agoravape.com\/wp-content\/uploads\/2026\/01\/Bang-Leader-30k-30000-Puffs-Dual-Flavor-Vape-Two-Flavours-One-Device-Less-Hassle_Agora_vape-2.webp 1920w, https:\/\/agoravape.com\/wp-content\/uploads\/2026\/01\/Bang-Leader-30k-30000-Puffs-Dual-Flavor-Vape-Two-Flavours-One-Device-Less-Hassle_Agora_vape-2-1200x562.webp 1200w, https:\/\/agoravape.com\/wp-content\/uploads\/2026\/01\/Bang-Leader-30k-30000-Puffs-Dual-Flavor-Vape-Two-Flavours-One-Device-Less-Hassle_Agora_vape-2-300x140.webp 300w, https:\/\/agoravape.com\/wp-content\/uploads\/2026\/01\/Bang-Leader-30k-30000-Puffs-Dual-Flavor-Vape-Two-Flavours-One-Device-Less-Hassle_Agora_vape-2-1024x479.webp 1024w, https:\/\/agoravape.com\/wp-content\/uploads\/2026\/01\/Bang-Leader-30k-30000-Puffs-Dual-Flavor-Vape-Two-Flavours-One-Device-Less-Hassle_Agora_vape-2-768x360.webp 768w, https:\/\/agoravape.com\/wp-content\/uploads\/2026\/01\/Bang-Leader-30k-30000-Puffs-Dual-Flavor-Vape-Two-Flavours-One-Device-Less-Hassle_Agora_vape-2-1536x719.webp 1536w, https:\/\/agoravape.com\/wp-content\/uploads\/2026\/01\/Bang-Leader-30k-30000-Puffs-Dual-Flavor-Vape-Two-Flavours-One-Device-Less-Hassle_Agora_vape-2-18x8.webp 18w\" sizes=\"auto, (max-width: 1920px) 100vw, 1920px\" \/><\/h2>\n<h2 data-v-md-heading=\"what-s-special-about-bang-leader-30k-30000-dual-flavored-vapes\" data-v-md-line=\"3\">Co jest szczeg\u00f3lnego w dwusmakowych waporyzatorach Bang Leader 30K 30000?<\/h2>\n<p data-v-md-line=\"5\">Je\u015bli masz do\u015b\u0107 jednorazowych waporyzator\u00f3w, kt\u00f3re wytrzymuj\u0105 tylko jeden dzie\u0144, a potem trac\u0105 \u015bwie\u017co\u015b\u0107 (lub po prostu nie wytrzymuj\u0105), to Bang Leader 30K to idealny wyb\u00f3r. Bateria wystarcza na 30 000 w\u0142\u0105cze\u0144 i oferuje dwa smaki na jednym urz\u0105dzeniu. Je\u015bli lubisz zmienia\u0107 smaki, ale nie chcesz nosi\u0107 ze sob\u0105 zapasowego urz\u0105dzenia, to zdecydowanie b\u0119dzie to m\u0105dry wyb\u00f3r.<\/p>\n<p data-v-md-line=\"7\">Mo\u017ce si\u0119 wydawa\u0107, \u017ce posiadanie w kieszeni waporyzatora o tak du\u017cej pojemno\u015bci b\u0119dzie ci\u0119\u017ckie jak ceg\u0142a. Jednak jak na jednorazowego vape'a o du\u017cej pojemno\u015bci, jego waga jest zaskakuj\u0105co niska, a podw\u00f3jna konstrukcja smakowa mo\u017ce utrzyma\u0107 \u015bwie\u017co\u015b\u0107 kubk\u00f3w smakowych podczas do\u015bwiadczenia.<\/p>\n<h2 data-v-md-heading=\"excellent-performance-and-easy-operation\" data-v-md-line=\"9\">Doskona\u0142a wydajno\u015b\u0107 i \u0142atwa obs\u0142uga<\/h2>\n<p data-v-md-line=\"11\">Koncepcja Bang jest prosta: grza\u0142ka o oporno\u015bci 1,0 \u03a9 pomaga utrzyma\u0107 stabilny smak i zapobiega przedwczesnemu zepsuciu; gdy bateria jest s\u0142aba, mo\u017cna j\u0105 na\u0142adowa\u0107 przez interfejs typu C. To przew\u00f3d, kt\u00f3rego mo\u017cesz u\u017cywa\u0107 ka\u017cdego dnia. Wszystko masz pod kontrol\u0105.<\/p>\n<h2 data-v-md-heading=\"quick-specifications\" data-v-md-line=\"13\">Szybkie specyfikacje<\/h2>\n<ul data-v-md-line=\"14\">\n<li>Cz\u0119stotliwo\u015b\u0107 palenia: do 30000 zaci\u0105gni\u0119\u0107<\/li>\n<li>Zawarto\u015b\u0107 nikotyny: Nie podano jej wyra\u017anie w danych produktu (prosimy o kontakt w celu uzyskania informacji o aktualnych opcjach w UE)<\/li>\n<li>Spos\u00f3b u\u017cycia: Aby aktywowa\u0107, wystarczy wdycha\u0107<\/li>\n<li>Spos\u00f3b \u0142adowania: Interfejs USB typu C<\/li>\n<li>Pojemno\u015b\u0107 baterii: 650mAh<\/li>\n<li>Rdze\u0144 rozpylaj\u0105cy: rdze\u0144 rozpylaj\u0105cy o oczkach 1,0 \u03a9<\/li>\n<li>Waga produktu: 118 gram\u00f3w<\/li>\n<li>Status produktu: Gotowy do u\u017cycia po rozpakowaniu<\/li>\n<\/ul>\n<h2 data-v-md-heading=\"complete-flavor-lineup\" data-v-md-line=\"23\">Pe\u0142na gama smak\u00f3w<\/h2>\n<ul data-v-md-line=\"1\">\n<li>Arbuzowy l\u00f3d, jagodowo-mi\u0119towy<\/li>\n<li>Arbuzowy l\u00f3d, truskawka i mango<\/li>\n<li>Truskawka i arbuz, kiwi, marakuja, guawa<\/li>\n<li>Truskawka i arbuz, l\u00f3d winogronowy<\/li>\n<li>Jagoda Malina, Brzoskwinia Mango Arbuz<\/li>\n<li>Jagoda, Malina, Mieszane Owoce Ple\u015bniowe<\/li>\n<li>Blueberry Ice, Black Dragon Ice<\/li>\n<li>Lody jagodowe, truskawkowe i bananowe<\/li>\n<li>Red Bull, arbuz jagodowy<\/li>\n<li>Red Bull, cukierki b\u0105belkowe o smaku arbuza<\/li>\n<li>Truskawka-kiwi, brzoskwiniowy l\u00f3d<\/li>\n<li>Truskawka, kiwi, kwa\u015bne jab\u0142ko, malina<\/li>\n<\/ul>\n<h2 data-v-md-heading=\"tailored-for-you-and-your-business\" data-v-md-line=\"37\">Dostosowane do Ciebie i Twojej firmy<\/h2>\n<p data-v-md-line=\"39\">Mo\u017cesz kupi\u0107 Bang Leader 30K do u\u017cytku indywidualnego. Je\u015bli prowadzisz sklep lub kupujesz dla zespo\u0142u, oferujemy r\u00f3wnie\u017c opakowania hurtowe po 200 sztuk\/karton (wymiary opakowania: 65 \u00d7 31 \u00d7 26 cm, oko\u0142o 23 kg).<\/p>\n<p data-v-md-line=\"41\">W zakresie logistyki koncentrujemy si\u0119 na p\u0142ynnej dostawie na terenie UE i wsp\u00f3\u0142pracujemy z rzetelnymi partnerami logistycznymi, takimi jak UPS, DPD i DHL, aby zapewni\u0107 Pa\u0144stwu brak nieprzewidzianych sytuacji na odprawie celnej. Je\u015bli potrzebuj\u0105 Pa\u0144stwo transportu z op\u0142aconym podatkiem\/DDP, prosimy o kontakt, a zaproponujemy odpowiedni\u0105 tras\u0119 dla Pa\u0144stwa kraju\/regionu.<\/p>\n<h2 data-v-md-heading=\"the-reason-why-you-will-like-it\" data-v-md-line=\"43\">Pow\u00f3d, dla kt\u00f3rego Ci si\u0119 spodoba<\/h2>\n<ul data-v-md-line=\"44\">\n<li>Trwa\u0142e i d\u0142ugotrwa\u0142e: dzi\u0119ki d\u0142u\u017cszej \u017cywotno\u015bci nie ma potrzeby cz\u0119stej wymiany.<\/li>\n<li>Ustawienie dw\u00f3ch smak\u00f3w: Mo\u017cesz zmienia\u0107 smaki bez otwierania nowego urz\u0105dzenia.<\/li>\n<li>Mo\u017cliwo\u015b\u0107 \u0142adowania: pozwala w pe\u0142ni wykorzysta\u0107 mo\u017cliwo\u015bci urz\u0105dzenia i unikn\u0105\u0107 jego przedwczesnej utylizacji.<\/li>\n<li>Spr\u0119\u017cyna siatkowa: gwarantuje jednolity smak od pocz\u0105tku do ko\u0144ca.<\/li>\n<\/ul>\n<h2 data-v-md-heading=\"why-choose-agoravape\" data-v-md-line=\"49\">Dlaczego warto wybra\u0107 AgoraVape?<\/h2>\n<p data-v-md-line=\"51\">Nigdy nie sprzedajemy towar\u00f3w nieznanego pochodzenia. AgoraVape oferuje autentyczne produkty, zapewniaj\u0105c niezawodn\u0105 obs\u0142ug\u0119, uczciwe ceny i szybk\u0105 dostaw\u0119 wy\u0142\u0105cznie w UE dla zwyk\u0142ych konsument\u00f3w i du\u017cych hurtownik\u00f3w. Chcesz kupi\u0107 waporyzatory Bang Leader 30k 30000 o podw\u00f3jnym smaku? Zostaw nam wiadomo\u015b\u0107, a my wyszukamy najbardziej odpowiednie rozwi\u0105zanie dla Twojego rynku.<\/p>","protected":false},"excerpt":{"rendered":"<p>&nbsp;<\/p>","protected":false},"featured_media":24175,"comment_status":"open","ping_status":"closed","template":"","meta":[],"product_brand":[197],"product_cat":[124,187,188,189,1637,123,195,174,175,193,191,179,173,186,180,190,192],"product_tag":[],"class_list":{"0":"post-24148","1":"product","2":"type-product","3":"status-publish","4":"has-post-thumbnail","6":"product_brand-bang","7":"product_cat-vape-by-brand","8":"product_cat-0mg-nicotine-free-vapes","9":"product_cat-10mg-low-nicotine-vapes","10":"product_cat-20mg-standard-nicotine-vapes","11":"product_cat-30000-puffs","12":"product_cat-bang","13":"product_cat-dual-flavor-switch","14":"product_cat-fruit-flavors","15":"product_cat-icy-mint","16":"product_cat-mesh-coil","17":"product_cat-rechargeable-disposables","18":"product_cat-unique-blends","19":"product_cat-vape-by-flavor-profile","20":"product_cat-vape-by-nicotine-strength","21":"product_cat-vape-by-puff-count","22":"product_cat-vape-by-feature-or-type","23":"product_cat-vapes-with-screens","25":"first","26":"onbackorder","27":"shipping-taxable","28":"purchasable","29":"product-type-variable","30":"has-default-attributes"},"tiered_pricing_type":"percentage","tiered_pricing_fixed_rules":[],"tiered_pricing_product_settings":{"layout":"default","base_unit_name":{"singular":null,"plural":null},"default_variation":null},"tiered_pricing_minimum_quantity":10,"tiered_pricing_roles_data":[],"tiered_pricing_percentage_rules":{"30":"10","50":"15","100":"19","200":"26","500":"33","1000":"40"},"tiered_pricing_maximum_quantity":null,"tiered_pricing_quantity_step":"10","_links":{"self":[{"href":"https:\/\/agoravape.com\/pl\/wp-json\/wp\/v2\/product\/24148","targetHints":{"allow":["GET"]}}],"collection":[{"href":"https:\/\/agoravape.com\/pl\/wp-json\/wp\/v2\/product"}],"about":[{"href":"https:\/\/agoravape.com\/pl\/wp-json\/wp\/v2\/types\/product"}],"replies":[{"embeddable":true,"href":"https:\/\/agoravape.com\/pl\/wp-json\/wp\/v2\/comments?post=24148"}],"version-history":[{"count":1,"href":"https:\/\/agoravape.com\/pl\/wp-json\/wp\/v2\/product\/24148\/revisions"}],"predecessor-version":[{"id":29803,"href":"https:\/\/agoravape.com\/pl\/wp-json\/wp\/v2\/product\/24148\/revisions\/29803"}],"wp:featuredmedia":[{"embeddable":true,"href":"https:\/\/agoravape.com\/pl\/wp-json\/wp\/v2\/media\/24175"}],"wp:attachment":[{"href":"https:\/\/agoravape.com\/pl\/wp-json\/wp\/v2\/media?parent=24148"}],"wp:term":[{"taxonomy":"product_brand","embeddable":true,"href":"https:\/\/agoravape.com\/pl\/wp-json\/wp\/v2\/product_brand?post=24148"},{"taxonomy":"product_cat","embeddable":true,"href":"https:\/\/agoravape.com\/pl\/wp-json\/wp\/v2\/product_cat?post=24148"},{"taxonomy":"product_tag","embeddable":true,"href":"https:\/\/agoravape.com\/pl\/wp-json\/wp\/v2\/product_tag?post=24148"}],"curies":[{"name":"wp","href":"https:\/\/api.w.org\/{rel}","templated":true}]}}