{"id":24178,"date":"2026-01-26T16:31:01","date_gmt":"2026-01-26T08:31:01","guid":{"rendered":"https:\/\/agoravape.com\/?post_type=product&#038;p=24178"},"modified":"2026-02-22T15:13:45","modified_gmt":"2026-02-22T14:13:45","slug":"bang-leader-32k-32000-puffow","status":"publish","type":"product","link":"https:\/\/agoravape.com\/pl\/product\/bang-leader-32k-32000-puffs\/","title":{"rendered":"Bang Leader 32k 32000 zaci\u0105gni\u0119\u0107 Dual Mesh Vape | Du\u017ca liczba zaci\u0105gni\u0119\u0107, proste codzienne u\u017cytkowanie"},"content":{"rendered":"<h2 data-v-md-heading=\"what-is-the-special-feature-of-bang-leader-32k-32000-dual-network-atomizer\" data-v-md-line=\"3\"><img loading=\"lazy\" decoding=\"async\" class=\"aligncenter size-full wp-image-24201\" src=\"https:\/\/agoravape.com\/wp-content\/uploads\/2026\/01\/Bang-Leader-32k-32000-Puffs-Dual-Mesh-Vape-Big-Puff-Count-Simple-Everyday-Use_Agora_vape-10.webp\" alt=\"\" width=\"2275\" height=\"1279\" srcset=\"https:\/\/agoravape.com\/wp-content\/uploads\/2026\/01\/Bang-Leader-32k-32000-Puffs-Dual-Mesh-Vape-Big-Puff-Count-Simple-Everyday-Use_Agora_vape-10.webp 2275w, https:\/\/agoravape.com\/wp-content\/uploads\/2026\/01\/Bang-Leader-32k-32000-Puffs-Dual-Mesh-Vape-Big-Puff-Count-Simple-Everyday-Use_Agora_vape-10-1200x675.webp 1200w, https:\/\/agoravape.com\/wp-content\/uploads\/2026\/01\/Bang-Leader-32k-32000-Puffs-Dual-Mesh-Vape-Big-Puff-Count-Simple-Everyday-Use_Agora_vape-10-300x169.webp 300w, https:\/\/agoravape.com\/wp-content\/uploads\/2026\/01\/Bang-Leader-32k-32000-Puffs-Dual-Mesh-Vape-Big-Puff-Count-Simple-Everyday-Use_Agora_vape-10-1024x576.webp 1024w, https:\/\/agoravape.com\/wp-content\/uploads\/2026\/01\/Bang-Leader-32k-32000-Puffs-Dual-Mesh-Vape-Big-Puff-Count-Simple-Everyday-Use_Agora_vape-10-768x432.webp 768w, https:\/\/agoravape.com\/wp-content\/uploads\/2026\/01\/Bang-Leader-32k-32000-Puffs-Dual-Mesh-Vape-Big-Puff-Count-Simple-Everyday-Use_Agora_vape-10-1536x864.webp 1536w, https:\/\/agoravape.com\/wp-content\/uploads\/2026\/01\/Bang-Leader-32k-32000-Puffs-Dual-Mesh-Vape-Big-Puff-Count-Simple-Everyday-Use_Agora_vape-10-2048x1151.webp 2048w, https:\/\/agoravape.com\/wp-content\/uploads\/2026\/01\/Bang-Leader-32k-32000-Puffs-Dual-Mesh-Vape-Big-Puff-Count-Simple-Everyday-Use_Agora_vape-10-18x10.webp 18w\" sizes=\"auto, (max-width: 2275px) 100vw, 2275px\" \/> <img loading=\"lazy\" decoding=\"async\" class=\"aligncenter size-full wp-image-24192\" src=\"https:\/\/agoravape.com\/wp-content\/uploads\/2026\/01\/Bang-Leader-32k-32000-Puffs-Dual-Mesh-Vape-Big-Puff-Count-Simple-Everyday-Use_Agora_vape-1.webp\" alt=\"\" width=\"1280\" height=\"1706\" srcset=\"https:\/\/agoravape.com\/wp-content\/uploads\/2026\/01\/Bang-Leader-32k-32000-Puffs-Dual-Mesh-Vape-Big-Puff-Count-Simple-Everyday-Use_Agora_vape-1.webp 1280w, https:\/\/agoravape.com\/wp-content\/uploads\/2026\/01\/Bang-Leader-32k-32000-Puffs-Dual-Mesh-Vape-Big-Puff-Count-Simple-Everyday-Use_Agora_vape-1-1200x1599.webp 1200w, https:\/\/agoravape.com\/wp-content\/uploads\/2026\/01\/Bang-Leader-32k-32000-Puffs-Dual-Mesh-Vape-Big-Puff-Count-Simple-Everyday-Use_Agora_vape-1-225x300.webp 225w, https:\/\/agoravape.com\/wp-content\/uploads\/2026\/01\/Bang-Leader-32k-32000-Puffs-Dual-Mesh-Vape-Big-Puff-Count-Simple-Everyday-Use_Agora_vape-1-768x1024.webp 768w, https:\/\/agoravape.com\/wp-content\/uploads\/2026\/01\/Bang-Leader-32k-32000-Puffs-Dual-Mesh-Vape-Big-Puff-Count-Simple-Everyday-Use_Agora_vape-1-1152x1536.webp 1152w, https:\/\/agoravape.com\/wp-content\/uploads\/2026\/01\/Bang-Leader-32k-32000-Puffs-Dual-Mesh-Vape-Big-Puff-Count-Simple-Everyday-Use_Agora_vape-1-9x12.webp 9w\" sizes=\"auto, (max-width: 1280px) 100vw, 1280px\" \/><\/h2>\n<h2 data-v-md-heading=\"what-is-the-special-feature-of-bang-leader-32k-32000-dual-network-atomizer\" data-v-md-line=\"3\">Czym wyr\u00f3\u017cnia si\u0119 podw\u00f3jny atomizer sieciowy Bang Leader 32k 32000?<\/h2>\n<p data-v-md-line=\"5\">Je\u015bli jeste\u015b zm\u0119czony tymi waporyzatorami, kt\u00f3re wyczerpuj\u0105 bateri\u0119, gdy po raz pierwszy zaczynasz cieszy\u0107 si\u0119 pysznym jedzeniem, to Bang Leader 32k jest zdecydowanie idealnym wyborem. Zosta\u0142 zaprojektowany do d\u0142ugotrwa\u0142ego u\u017cytkowania (do 32000 port\u00f3w) i jest niezwykle \u0142atwy w obs\u0142udze. Wybierz podw\u00f3jn\u0105 kombinacj\u0119 smak\u00f3w, we\u017a \u0142yk i zacznij cieszy\u0107 si\u0119 smakiem.<\/p>\n<p data-v-md-line=\"7\">Mo\u017cna by pomy\u015ble\u0107, \u017ce waporyzator o tak d\u0142ugiej \u017cywotno\u015bci baterii b\u0119dzie ci\u0119\u017cki jak ceg\u0142a, ale w rzeczywisto\u015bci jest on bardzo \u0142atwy do trzymania w d\u0142oni. Waga wynosi oko\u0142o 94 gram\u00f3w i jest solidna, ale nie sprawi, \u017ce poczujesz, \u017ce kiesze\u0144 jest zbyt ci\u0119\u017cka.<\/p>\n<h2 data-v-md-heading=\"excellent-performance-and-easy-operation\" data-v-md-line=\"9\">Doskona\u0142a wydajno\u015b\u0107 i \u0142atwa obs\u0142uga<\/h2>\n<p data-v-md-line=\"11\">Bang Leader wykorzystuje siatkowy rdze\u0144 atomizuj\u0105cy 1,0 \u03a9, aby zapewni\u0107 sta\u0142y smak, w przeciwie\u0144stwie do niekt\u00f3rych jednorazowych waporyzator\u00f3w o du\u017cej pojemno\u015bci, w kt\u00f3rych smak gwa\u0142townie spada po kilku dniach. Gdy poziom na\u0142adowania baterii jest niski, mo\u017cna j\u0105 na\u0142adowa\u0107 za pomoc\u0105 interfejsu typu C, co oznacza, \u017ce mo\u017cna u\u017cy\u0107 tego samego kabla do transmisji danych, kt\u00f3ry m\u00f3g\u0142 ju\u017c \u0142adowa\u0107 telefon. Wszystko jest pod kontrol\u0105.<\/p>\n<h2 data-v-md-heading=\"quick-specifications\" data-v-md-line=\"13\">Szybkie specyfikacje<\/h2>\n<ul data-v-md-line=\"14\">\n<li>Cz\u0119stotliwo\u015b\u0107 palenia: do 32000 zaci\u0105gni\u0119\u0107<\/li>\n<li>Pojemno\u015b\u0107 baterii: 650mAh (\u0142adowalna)<\/li>\n<li>Rdze\u0144 rozpylaj\u0105cy: rdze\u0144 rozpylaj\u0105cy o oczkach 1,0 \u03a9<\/li>\n<li>Stosowanie: Wdychaj, aby aktywowa\u0107<\/li>\n<li>Interfejs \u0142adowania: Interfejs typu C<\/li>\n<li>Wyb\u00f3r smaku: Ka\u017cde urz\u0105dzenie ma dwa smaki<\/li>\n<li>Status: Gotowy do u\u017cycia od razu po wyj\u0119ciu z pude\u0142ka<\/li>\n<\/ul>\n<h2 data-v-md-heading=\"complete-taste-list\" data-v-md-line=\"22\">Pe\u0142na lista smak\u00f3w<\/h2>\n<ul data-v-md-line=\"23\">\n<li>Arbuzowy l\u00f3d, jagodowa mi\u0119ta<\/li>\n<li>L\u00f3d arbuzowy, truskawkowy i mango<\/li>\n<li>Truskawka i arbuz, Kiwi Passion Fruit Guava<\/li>\n<li>Truskawka i arbuz, l\u00f3d winogronowy<\/li>\n<li>Jagoda, malina, brzoskwinia, mango, arbuz<\/li>\n<li>Arbuz jagodowy, Mango truskawkowe<\/li>\n<li>Blueberry Ice, Black Dragon Ice<\/li>\n<li>L\u00f3d jagodowy, truskawkowy i bananowy<\/li>\n<li>Red Bull, Blueberry Watermelon<\/li>\n<li>Red Bull, arbuzowe cukierki b\u0105belkowe<\/li>\n<li>Truskawka z kiwi, brzoskwinia z lodem<\/li>\n<li>Truskawka Kiwi, Kwa\u015bne Jab\u0142ko Malina<\/li>\n<li>L\u00f3d bananowy, jagoda z wi\u015bni\u0105<\/li>\n<li>Avocado Ice, Lemon Lime<\/li>\n<li>Cola Ice, Cherry Cranberry<\/li>\n<li>L\u00f3d ananasowy, potr\u00f3jne mango<\/li>\n<li>L\u00f3d liczi, mango brzoskwinia ananas<\/li>\n<li>Melon spadziowy, arbuz, malina<\/li>\n<\/ul>\n<h2 data-v-md-heading=\"suitable-for-you-and-your-business\" data-v-md-line=\"42\">Odpowiednie dla Ciebie i Twojej firmy<\/h2>\n<p data-v-md-line=\"44\">Bang Leader 32k to prosty, \u0142atwy w u\u017cyciu i trwa\u0142y jednorazowy waporyzator do u\u017cytku osobistego. Je\u015bli prowadzisz sklep lub kupujesz do sprzeda\u017cy online, jest to r\u00f3wnie\u017c czysty wyb\u00f3r hurtowy, poniewa\u017c klienci wol\u0105 du\u017ce urz\u0105dzenia do palenia, kt\u00f3re nie wymagaj\u0105 wyja\u015bnie\u0144.<\/p>\n<p data-v-md-line=\"46\">Wysy\u0142amy w opakowaniach hurtowych po 200 sztuk w kartonie (podajemy r\u00f3wnie\u017c dane dotycz\u0105ce wagi i rozmiaru kartonu na potrzeby planowania logistycznego). W przypadku zakupu z regionu UE prosimy o zapoznanie si\u0119 z naszymi najdogodniejszymi trasami wysy\u0142ki i opcjami przewo\u017anika, aby zapewni\u0107 niezawodn\u0105 dostaw\u0119 towar\u00f3w i unikn\u0105\u0107 nieoczekiwanych sytuacji.<\/p>\n<h2 data-v-md-heading=\"reasons-why-you-will-like-it\" data-v-md-line=\"48\">Powody, dla kt\u00f3rych Ci si\u0119 spodoba<\/h2>\n<ul data-v-md-line=\"49\">\n<li>Bardzo d\u0142uga \u017cywotno\u015b\u0107 baterii: Bardziej wytrzyma\u0142a i d\u0142ugotrwa\u0142a, bez potrzeby cz\u0119stego uzupe\u0142niania.<\/li>\n<li>Dwa smaki: Nie musisz nosi\u0107 ze sob\u0105 dw\u00f3ch waporyzator\u00f3w, aby zmienia\u0107 smaki.<\/li>\n<li>Akumulator: Pomaga w pe\u0142ni wykorzysta\u0107 urz\u0105dzenie i unikn\u0105\u0107 przedwczesnego z\u0142omowania.<\/li>\n<li>Siatkowa cewka: utrzymuje stabilny smak i zapewnia komfort ssania.<\/li>\n<\/ul>\n<h2 data-v-md-heading=\"why-choose-agoravape\" data-v-md-line=\"54\">Dlaczego warto wybra\u0107 AgoraVape?<\/h2>\n<p data-v-md-line=\"56\">AgoraVape zobowi\u0105zuje si\u0119 do \u015bwiadczenia wygodnych i wydajnych us\u0142ug z oryginaln\u0105 gwarancj\u0105 100%. Je\u015bli jeste\u015b nabywc\u0105 korporacyjnym, zapewnimy Ci niezawodne \u017ar\u00f3d\u0142a towar\u00f3w, wysoce konkurencyjne rozwi\u0105zania hurtowe i ci\u0105g\u0142e wsparcie posprzeda\u017cowe po dokonaniu zakupu. Chcesz kupi\u0107 podw\u00f3jny atomizer sieciowy Bang Leader 32k 32000? Skontaktuj si\u0119 z nami, a pomo\u017cemy Ci wybra\u0107 odpowiedni smak i ilo\u015b\u0107.<\/p>","protected":false},"excerpt":{"rendered":"<p>&nbsp;<\/p>","protected":false},"featured_media":24203,"comment_status":"open","ping_status":"closed","template":"","meta":[],"product_brand":[197],"product_cat":[124,187,185,188,189,123,195,1674,174,175,193,191,179,173,186,180,190],"product_tag":[],"class_list":{"0":"post-24178","1":"product","2":"type-product","3":"status-publish","4":"has-post-thumbnail","6":"product_brand-bang","7":"product_cat-vape-by-brand","8":"product_cat-0mg-nicotine-free-vapes","9":"product_cat-10000-puffs-high-capacity","10":"product_cat-10mg-low-nicotine-vapes","11":"product_cat-20mg-standard-nicotine-vapes","12":"product_cat-bang","13":"product_cat-dual-flavor-switch","14":"product_cat-eu-warehouse","15":"product_cat-fruit-flavors","16":"product_cat-icy-mint","17":"product_cat-mesh-coil","18":"product_cat-rechargeable-disposables","19":"product_cat-unique-blends","20":"product_cat-vape-by-flavor-profile","21":"product_cat-vape-by-nicotine-strength","22":"product_cat-vape-by-puff-count","23":"product_cat-vape-by-feature-or-type","25":"first","26":"instock","27":"shipping-taxable","28":"purchasable","29":"product-type-variable","30":"has-default-attributes"},"tiered_pricing_type":"percentage","tiered_pricing_fixed_rules":[],"tiered_pricing_product_settings":{"layout":"default","base_unit_name":{"singular":null,"plural":null},"default_variation":null},"tiered_pricing_minimum_quantity":10,"tiered_pricing_roles_data":[],"tiered_pricing_percentage_rules":{"30":"10","50":"18","100":"25","200":"30","500":"35","1000":"40"},"tiered_pricing_maximum_quantity":null,"tiered_pricing_quantity_step":"10","_links":{"self":[{"href":"https:\/\/agoravape.com\/pl\/wp-json\/wp\/v2\/product\/24178","targetHints":{"allow":["GET"]}}],"collection":[{"href":"https:\/\/agoravape.com\/pl\/wp-json\/wp\/v2\/product"}],"about":[{"href":"https:\/\/agoravape.com\/pl\/wp-json\/wp\/v2\/types\/product"}],"replies":[{"embeddable":true,"href":"https:\/\/agoravape.com\/pl\/wp-json\/wp\/v2\/comments?post=24178"}],"version-history":[{"count":1,"href":"https:\/\/agoravape.com\/pl\/wp-json\/wp\/v2\/product\/24178\/revisions"}],"predecessor-version":[{"id":29802,"href":"https:\/\/agoravape.com\/pl\/wp-json\/wp\/v2\/product\/24178\/revisions\/29802"}],"wp:featuredmedia":[{"embeddable":true,"href":"https:\/\/agoravape.com\/pl\/wp-json\/wp\/v2\/media\/24203"}],"wp:attachment":[{"href":"https:\/\/agoravape.com\/pl\/wp-json\/wp\/v2\/media?parent=24178"}],"wp:term":[{"taxonomy":"product_brand","embeddable":true,"href":"https:\/\/agoravape.com\/pl\/wp-json\/wp\/v2\/product_brand?post=24178"},{"taxonomy":"product_cat","embeddable":true,"href":"https:\/\/agoravape.com\/pl\/wp-json\/wp\/v2\/product_cat?post=24178"},{"taxonomy":"product_tag","embeddable":true,"href":"https:\/\/agoravape.com\/pl\/wp-json\/wp\/v2\/product_tag?post=24178"}],"curies":[{"name":"wp","href":"https:\/\/api.w.org\/{rel}","templated":true}]}}