{"id":24211,"date":"2026-01-26T16:47:12","date_gmt":"2026-01-26T08:47:12","guid":{"rendered":"https:\/\/agoravape.com\/?post_type=product&#038;p=24211"},"modified":"2026-02-22T15:14:23","modified_gmt":"2026-02-22T14:14:23","slug":"bang-leader-45k-45000-puffow","status":"publish","type":"product","link":"https:\/\/agoravape.com\/pl\/product\/bang-leader-45k-45000-puffs\/","title":{"rendered":"Bang Leader 45k 45000 zaci\u0105gni\u0119\u0107 Zmie\u0144 smak Vape | Dwa smaki, jedna prosta zmiana"},"content":{"rendered":"<h2 data-v-md-heading=\"what-is-special-about-bang-leader-45k-45000-switchable-flavor-vapes\" data-v-md-line=\"3\"><img loading=\"lazy\" decoding=\"async\" class=\"aligncenter size-full wp-image-24238\" src=\"https:\/\/agoravape.com\/wp-content\/uploads\/2026\/01\/Bang-Leader-45k-45000-Puffs-Switch-Flavor-Vape-Two-Flavours-One-Simple-Switch_Agora_vape-8.webp\" alt=\"\" width=\"1920\" height=\"1072\" srcset=\"https:\/\/agoravape.com\/wp-content\/uploads\/2026\/01\/Bang-Leader-45k-45000-Puffs-Switch-Flavor-Vape-Two-Flavours-One-Simple-Switch_Agora_vape-8.webp 1920w, https:\/\/agoravape.com\/wp-content\/uploads\/2026\/01\/Bang-Leader-45k-45000-Puffs-Switch-Flavor-Vape-Two-Flavours-One-Simple-Switch_Agora_vape-8-1200x670.webp 1200w, https:\/\/agoravape.com\/wp-content\/uploads\/2026\/01\/Bang-Leader-45k-45000-Puffs-Switch-Flavor-Vape-Two-Flavours-One-Simple-Switch_Agora_vape-8-300x168.webp 300w, https:\/\/agoravape.com\/wp-content\/uploads\/2026\/01\/Bang-Leader-45k-45000-Puffs-Switch-Flavor-Vape-Two-Flavours-One-Simple-Switch_Agora_vape-8-1024x572.webp 1024w, https:\/\/agoravape.com\/wp-content\/uploads\/2026\/01\/Bang-Leader-45k-45000-Puffs-Switch-Flavor-Vape-Two-Flavours-One-Simple-Switch_Agora_vape-8-768x429.webp 768w, https:\/\/agoravape.com\/wp-content\/uploads\/2026\/01\/Bang-Leader-45k-45000-Puffs-Switch-Flavor-Vape-Two-Flavours-One-Simple-Switch_Agora_vape-8-1536x858.webp 1536w, https:\/\/agoravape.com\/wp-content\/uploads\/2026\/01\/Bang-Leader-45k-45000-Puffs-Switch-Flavor-Vape-Two-Flavours-One-Simple-Switch_Agora_vape-8-18x10.webp 18w\" sizes=\"auto, (max-width: 1920px) 100vw, 1920px\" \/> <img loading=\"lazy\" decoding=\"async\" class=\"aligncenter size-full wp-image-24237\" src=\"https:\/\/agoravape.com\/wp-content\/uploads\/2026\/01\/Bang-Leader-45k-45000-Puffs-Switch-Flavor-Vape-Two-Flavours-One-Simple-Switch_Agora_vape-7.webp\" alt=\"\" width=\"1920\" height=\"1018\" srcset=\"https:\/\/agoravape.com\/wp-content\/uploads\/2026\/01\/Bang-Leader-45k-45000-Puffs-Switch-Flavor-Vape-Two-Flavours-One-Simple-Switch_Agora_vape-7.webp 1920w, https:\/\/agoravape.com\/wp-content\/uploads\/2026\/01\/Bang-Leader-45k-45000-Puffs-Switch-Flavor-Vape-Two-Flavours-One-Simple-Switch_Agora_vape-7-1200x636.webp 1200w, https:\/\/agoravape.com\/wp-content\/uploads\/2026\/01\/Bang-Leader-45k-45000-Puffs-Switch-Flavor-Vape-Two-Flavours-One-Simple-Switch_Agora_vape-7-300x159.webp 300w, https:\/\/agoravape.com\/wp-content\/uploads\/2026\/01\/Bang-Leader-45k-45000-Puffs-Switch-Flavor-Vape-Two-Flavours-One-Simple-Switch_Agora_vape-7-1024x543.webp 1024w, https:\/\/agoravape.com\/wp-content\/uploads\/2026\/01\/Bang-Leader-45k-45000-Puffs-Switch-Flavor-Vape-Two-Flavours-One-Simple-Switch_Agora_vape-7-768x407.webp 768w, https:\/\/agoravape.com\/wp-content\/uploads\/2026\/01\/Bang-Leader-45k-45000-Puffs-Switch-Flavor-Vape-Two-Flavours-One-Simple-Switch_Agora_vape-7-1536x814.webp 1536w, https:\/\/agoravape.com\/wp-content\/uploads\/2026\/01\/Bang-Leader-45k-45000-Puffs-Switch-Flavor-Vape-Two-Flavours-One-Simple-Switch_Agora_vape-7-18x10.webp 18w\" sizes=\"auto, (max-width: 1920px) 100vw, 1920px\" \/><\/h2>\n<h2 data-v-md-heading=\"what-is-special-about-bang-leader-45k-45000-switchable-flavor-vapes\" data-v-md-line=\"3\">Co jest szczeg\u00f3lnego w waporyzatorach Bang Leader 45k 45000 z mo\u017cliwo\u015bci\u0105 zmiany smaku?<\/h2>\n<p data-v-md-line=\"5\">Je\u015bli masz do\u015b\u0107 konieczno\u015bci wyboru tylko jednego smaku i nudzisz si\u0119 w po\u0142owie, ten waporyzator u\u0142atwi Ci zmian\u0119. Bang Leader 45K wykorzystuje konstrukcj\u0119 prze\u0142\u0105czania jednym klikni\u0119ciem, dzi\u0119ki czemu mo\u017cesz korzysta\u0107 z dw\u00f3ch smak\u00f3w na jednym urz\u0105dzeniu, zmieniaj\u0105c je w dowolnym czasie i miejscu.<\/p>\n<p data-v-md-line=\"7\">Mo\u017cesz mie\u0107 wra\u017cenie, \u017ce trzymanie waporyzatora o wydajno\u015bci 45 000 zaci\u0105gni\u0119\u0107 b\u0119dzie ci\u0119\u017ckie jak ceg\u0142a, ale w rzeczywisto\u015bci jest on wygodny w trzymaniu. Wa\u017c\u0105cy 99 gram\u00f3w, jest solidny i trwa\u0142y, a przy tym nie obci\u0105\u017cy Twojej kieszeni.<\/p>\n<h2 data-v-md-heading=\"excellent-performance-and-easy-operation\" data-v-md-line=\"9\">Doskona\u0142a wydajno\u015b\u0107 i \u0142atwa obs\u0142uga<\/h2>\n<p data-v-md-line=\"11\">Design Bang jest zwi\u0119z\u0142y i przejrzysty. Cewka mesh 1,0 \u03a9 pomaga zachowa\u0107 sp\u00f3jno\u015b\u0107 smaku, unikaj\u0105c pocz\u0105tkowego bogactwa, kt\u00f3re po kilku dniach staje si\u0119 md\u0142e. Gdy bateria jest s\u0142aba, mo\u017cesz na\u0142adowa\u0107 bateri\u0119 o pojemno\u015bci 650 mAh za pomoc\u0105 kabla danych typu C, kt\u00f3ry dzia\u0142a podobnie do interfejsu u\u017cywanego do \u0142adowania telefonu. Pod\u0142\u0105cz zasilanie, na\u0142aduj do pe\u0142na i kontynuuj korzystanie.<\/p>\n<h2 data-v-md-heading=\"quick-specifications\" data-v-md-line=\"13\">Szybkie specyfikacje<\/h2>\n<ul data-v-md-line=\"14\">\n<li>Cz\u0119stotliwo\u015b\u0107 palenia: do 45000<\/li>\n<li>Zawarto\u015b\u0107 nikotyny: nieokre\u015blona (prosimy o sprawdzenie naszego asortymentu na Pa\u0144stwa rynku)<\/li>\n<li>Zasada dzia\u0142ania: Aktywacja inhalacyjna<\/li>\n<li>Rdze\u0144 rozpylaj\u0105cy: rdze\u0144 rozpylaj\u0105cy o oczkach 1,0 \u03a9<\/li>\n<li>Bateria: 650mAh (\u0142adowalna)<\/li>\n<li>Interfejs \u0142adowania: Typ C<\/li>\n<li>Waga: 99 gram\u00f3w na sztuk\u0119<\/li>\n<li>Status: Gotowy do u\u017cycia po rozpakowaniu<\/li>\n<\/ul>\n<h2 data-v-md-heading=\"complete-flavor-lineup\" data-v-md-line=\"23\">Pe\u0142na gama smak\u00f3w<\/h2>\n<p data-v-md-line=\"25\">Ka\u017cde urz\u0105dzenie jest dost\u0119pne w dw\u00f3ch kombinacjach smakowych:<\/p>\n<ul data-v-md-line=\"26\">\n<li>Arbuzowy l\u00f3d, truskawka i mango<\/li>\n<li>Truskawka i arbuz, kiwi, marakuja, guawa<\/li>\n<li>Truskawka i arbuz, l\u00f3d winogronowy<\/li>\n<li>Jagoda Malina, Brzoskwinia Mango Arbuz<\/li>\n<li>Jagoda, arbuz, truskawka, mango<\/li>\n<li>L\u00f3d jagodowy, l\u00f3d czarnego smoka<\/li>\n<li>Lody jagodowe, truskawkowe i bananowe<\/li>\n<li>Red Bull, arbuz jagodowy<\/li>\n<li>Red Bull, cukierki b\u0105belkowe o smaku arbuza<\/li>\n<li>Truskawka kiwi, l\u00f3d brzoskwiniowy<\/li>\n<li>Cola Ice, wi\u015bnia i \u017curawina<\/li>\n<li>Lody ananasowe, potr\u00f3jne mango<\/li>\n<li>Lody truskawkowe, r\u00f3\u017cowe lody cytrynowe<\/li>\n<li>Wi\u015bniowa Cola, Arbuz<\/li>\n<li>Lody wi\u015bniowe, truskawkowo-\u017curawinowe lody wi\u015bniowe<\/li>\n<li>Cytryna i limonka, niebieski Razzle<\/li>\n<li>Malinowy Mojito Brzoskwiniowy L\u00f3d, Jab\u0142ko Gruszka<\/li>\n<li>L\u00f3d liczi, d\u017cem melonowy<\/li>\n<\/ul>\n<h2 data-v-md-heading=\"for-you-and-your-business\" data-v-md-line=\"45\">Dla Ciebie i Twojego biznesu<\/h2>\n<p data-v-md-line=\"47\">Bang Leader 45K mo\u017cna \u0142atwo naby\u0107 do u\u017cytku osobistego. Je\u015bli kupujesz do sklepu stacjonarnego lub internetowego, ten produkt b\u0119dzie r\u00f3wnie\u017c dobrym wyborem w ramach \u201ekupuj i sprzedawaj\u201d, poniewa\u017c klienci preferuj\u0105 mo\u017cliwo\u015b\u0107 zmiany smak\u00f3w i d\u0142ugi czas palenia.<\/p>\n<p data-v-md-line=\"49\">Nale\u017cy pami\u0119ta\u0107, \u017ce dane produktu nie wskazuj\u0105 jednoznacznie ilo\u015bci w opakowaniu. Dlatego w przypadku zakupu hurtowego prosimy o kontakt, aby\u015bmy mogli potwierdzi\u0107 ilo\u015b\u0107 w opakowaniu, najlepszy plan cenowy oraz najdogodniejsz\u0105 metod\u0119 wysy\u0142ki dla Twojego kraju\/regionu.<\/p>\n<h2 data-v-md-heading=\"the-reason-why-you-will-like-it\" data-v-md-line=\"51\">Pow\u00f3d, dla kt\u00f3rego Ci si\u0119 spodoba<\/h2>\n<ul data-v-md-line=\"52\">\n<li>Cz\u0119stsze palenie: Wi\u0119ksza trwa\u0142o\u015b\u0107 i d\u0142u\u017cszy czas dzia\u0142ania, bez konieczno\u015bci cz\u0119stej wymiany urz\u0105dzenia.<\/li>\n<li>mo\u017cliwo\u015b\u0107 zmiany smak\u00f3w: Jeden waporyzator zawiera dwa smaki, dzi\u0119ki czemu mo\u017cesz cieszy\u0107 si\u0119 \u015bwie\u017co\u015bci\u0105.<\/li>\n<li>Mo\u017cliwo\u015b\u0107 \u0142adowania: Maksymalne wykorzystanie zasob\u00f3w bez konieczno\u015bci przedwczesnej utylizacji.<\/li>\n<li>Siatkowy rdze\u0144 rozpylaj\u0105cy: gwarantuje stabilny i czysty smak przez ca\u0142y okres u\u017cytkowania urz\u0105dzenia.<\/li>\n<\/ul>\n<h2 data-v-md-heading=\"why-choose-to-collaborate-with-agoravape\" data-v-md-line=\"57\">Dlaczego warto zdecydowa\u0107 si\u0119 na wsp\u00f3\u0142prac\u0119 z AgoraVape?<\/h2>\n<p data-v-md-line=\"59\">Nie b\u0119dziemy arbitralnie alokowa\u0107 zapas\u00f3w. AgoraVape koncentruje si\u0119 na dostarczaniu autentycznych produkt\u00f3w, bezpo\u015brednich odpowiedzi i rzetelnych gwarancji dostaw dla europejskich klient\u00f3w i sprzedawc\u00f3w detalicznych. Je\u015bli chcesz kupi\u0107 waporyzatory Bang Leader 45k 45000 z mo\u017cliwo\u015bci\u0105 zmiany smaku, skontaktuj si\u0119 z nami, a zorganizujemy odpowiednie smaki, wystarczaj\u0105ce ilo\u015bci i kompleksowy plan dostaw, dzi\u0119ki czemu wszystko b\u0119dzie proste i bezstresowe.<\/p>\n<p><script src=\"chrome-extension:\/\/fpelahbljekknahkcaegamhcndkfpfnc\/iFrame.js\" type=\"text\/javascript\"><\/script><\/p>\n<p><script src=\"chrome-extension:\/\/fpelahbljekknahkcaegamhcndkfpfnc\/iFrame.js\" type=\"text\/javascript\"><\/script><\/p>","protected":false},"excerpt":{"rendered":"<p>&nbsp;<\/p>\n<p><script src=\"chrome-extension:\/\/fpelahbljekknahkcaegamhcndkfpfnc\/iFrame.js\" type=\"text\/javascript\"><\/script><\/p>\n<p><script src=\"chrome-extension:\/\/fpelahbljekknahkcaegamhcndkfpfnc\/iFrame.js\" type=\"text\/javascript\"><\/script><\/p>\n<p><script src=\"chrome-extension:\/\/fpelahbljekknahkcaegamhcndkfpfnc\/iFrame.js\" type=\"text\/javascript\"><\/script><\/p>\n<p><script src=\"chrome-extension:\/\/fpelahbljekknahkcaegamhcndkfpfnc\/iFrame.js\" type=\"text\/javascript\"><\/script><\/p>\n<p><script src=\"chrome-extension:\/\/fpelahbljekknahkcaegamhcndkfpfnc\/iFrame.js\" type=\"text\/javascript\"><\/script><\/p>","protected":false},"featured_media":24251,"comment_status":"open","ping_status":"closed","template":"","meta":[],"product_brand":[197],"product_cat":[124,187,188,189,1640,123,195,1674,174,175,193,191,179,173,186,180,190,192],"product_tag":[],"class_list":{"0":"post-24211","1":"product","2":"type-product","3":"status-publish","4":"has-post-thumbnail","6":"product_brand-bang","7":"product_cat-vape-by-brand","8":"product_cat-0mg-nicotine-free-vapes","9":"product_cat-10mg-low-nicotine-vapes","10":"product_cat-20mg-standard-nicotine-vapes","11":"product_cat-45000-puffs","12":"product_cat-bang","13":"product_cat-dual-flavor-switch","14":"product_cat-eu-warehouse","15":"product_cat-fruit-flavors","16":"product_cat-icy-mint","17":"product_cat-mesh-coil","18":"product_cat-rechargeable-disposables","19":"product_cat-unique-blends","20":"product_cat-vape-by-flavor-profile","21":"product_cat-vape-by-nicotine-strength","22":"product_cat-vape-by-puff-count","23":"product_cat-vape-by-feature-or-type","24":"product_cat-vapes-with-screens","26":"first","27":"instock","28":"shipping-taxable","29":"purchasable","30":"product-type-variable","31":"has-default-attributes"},"tiered_pricing_type":"percentage","tiered_pricing_fixed_rules":[],"tiered_pricing_product_settings":{"layout":"default","base_unit_name":{"singular":null,"plural":null},"default_variation":null},"tiered_pricing_minimum_quantity":10,"tiered_pricing_roles_data":[],"tiered_pricing_percentage_rules":{"30":"10","50":"15","100":"18","200":"25","500":"28","1000":"35"},"tiered_pricing_maximum_quantity":null,"tiered_pricing_quantity_step":"10","_links":{"self":[{"href":"https:\/\/agoravape.com\/pl\/wp-json\/wp\/v2\/product\/24211","targetHints":{"allow":["GET"]}}],"collection":[{"href":"https:\/\/agoravape.com\/pl\/wp-json\/wp\/v2\/product"}],"about":[{"href":"https:\/\/agoravape.com\/pl\/wp-json\/wp\/v2\/types\/product"}],"replies":[{"embeddable":true,"href":"https:\/\/agoravape.com\/pl\/wp-json\/wp\/v2\/comments?post=24211"}],"version-history":[{"count":0,"href":"https:\/\/agoravape.com\/pl\/wp-json\/wp\/v2\/product\/24211\/revisions"}],"wp:featuredmedia":[{"embeddable":true,"href":"https:\/\/agoravape.com\/pl\/wp-json\/wp\/v2\/media\/24251"}],"wp:attachment":[{"href":"https:\/\/agoravape.com\/pl\/wp-json\/wp\/v2\/media?parent=24211"}],"wp:term":[{"taxonomy":"product_brand","embeddable":true,"href":"https:\/\/agoravape.com\/pl\/wp-json\/wp\/v2\/product_brand?post=24211"},{"taxonomy":"product_cat","embeddable":true,"href":"https:\/\/agoravape.com\/pl\/wp-json\/wp\/v2\/product_cat?post=24211"},{"taxonomy":"product_tag","embeddable":true,"href":"https:\/\/agoravape.com\/pl\/wp-json\/wp\/v2\/product_tag?post=24211"}],"curies":[{"name":"wp","href":"https:\/\/api.w.org\/{rel}","templated":true}]}}