{"id":24265,"date":"2026-01-26T19:56:40","date_gmt":"2026-01-26T11:56:40","guid":{"rendered":"https:\/\/agoravape.com\/?post_type=product&#038;p=24265"},"modified":"2026-02-22T15:13:12","modified_gmt":"2026-02-22T14:13:12","slug":"lider-bang-50k-50000-puffow","status":"publish","type":"product","link":"https:\/\/agoravape.com\/pl\/product\/bang-leader-50k-50000-puffs\/","title":{"rendered":"Bang Leader 50k 50000 zaci\u0105gni\u0119\u0107 podw\u00f3jny zbiornik Vape | Dwa smaki, jedno urz\u0105dzenie, mniej k\u0142opot\u00f3w"},"content":{"rendered":"<h2 data-v-md-heading=\"what-is-special-about-bang-leader-s-50k-50000-pack-dual-compartment-vape\" data-v-md-line=\"3\"><img loading=\"lazy\" decoding=\"async\" class=\"aligncenter size-full wp-image-24294\" src=\"https:\/\/agoravape.com\/wp-content\/uploads\/2026\/01\/Bang-Leader-50k-50000-Puffs-Dual-Tank-Vape-Two-Flavours-One-Device-Less-Hassle_Agora_vape-7-scaled.webp\" alt=\"\" width=\"2560\" height=\"1434\" srcset=\"https:\/\/agoravape.com\/wp-content\/uploads\/2026\/01\/Bang-Leader-50k-50000-Puffs-Dual-Tank-Vape-Two-Flavours-One-Device-Less-Hassle_Agora_vape-7-scaled.webp 2560w, https:\/\/agoravape.com\/wp-content\/uploads\/2026\/01\/Bang-Leader-50k-50000-Puffs-Dual-Tank-Vape-Two-Flavours-One-Device-Less-Hassle_Agora_vape-7-scaled-1200x672.webp 1200w, https:\/\/agoravape.com\/wp-content\/uploads\/2026\/01\/Bang-Leader-50k-50000-Puffs-Dual-Tank-Vape-Two-Flavours-One-Device-Less-Hassle_Agora_vape-7-300x168.webp 300w, https:\/\/agoravape.com\/wp-content\/uploads\/2026\/01\/Bang-Leader-50k-50000-Puffs-Dual-Tank-Vape-Two-Flavours-One-Device-Less-Hassle_Agora_vape-7-1024x573.webp 1024w, https:\/\/agoravape.com\/wp-content\/uploads\/2026\/01\/Bang-Leader-50k-50000-Puffs-Dual-Tank-Vape-Two-Flavours-One-Device-Less-Hassle_Agora_vape-7-768x430.webp 768w, https:\/\/agoravape.com\/wp-content\/uploads\/2026\/01\/Bang-Leader-50k-50000-Puffs-Dual-Tank-Vape-Two-Flavours-One-Device-Less-Hassle_Agora_vape-7-1536x860.webp 1536w, https:\/\/agoravape.com\/wp-content\/uploads\/2026\/01\/Bang-Leader-50k-50000-Puffs-Dual-Tank-Vape-Two-Flavours-One-Device-Less-Hassle_Agora_vape-7-2048x1147.webp 2048w, https:\/\/agoravape.com\/wp-content\/uploads\/2026\/01\/Bang-Leader-50k-50000-Puffs-Dual-Tank-Vape-Two-Flavours-One-Device-Less-Hassle_Agora_vape-7-18x10.webp 18w\" sizes=\"auto, (max-width: 2560px) 100vw, 2560px\" \/> <img loading=\"lazy\" decoding=\"async\" class=\"aligncenter size-full wp-image-24296\" src=\"https:\/\/agoravape.com\/wp-content\/uploads\/2026\/01\/Bang-Leader-50k-50000-Puffs-Dual-Tank-Vape-Two-Flavours-One-Device-Less-Hassle_Agora_vape-9-scaled.webp\" alt=\"\" width=\"2560\" height=\"1167\" srcset=\"https:\/\/agoravape.com\/wp-content\/uploads\/2026\/01\/Bang-Leader-50k-50000-Puffs-Dual-Tank-Vape-Two-Flavours-One-Device-Less-Hassle_Agora_vape-9-scaled.webp 2560w, https:\/\/agoravape.com\/wp-content\/uploads\/2026\/01\/Bang-Leader-50k-50000-Puffs-Dual-Tank-Vape-Two-Flavours-One-Device-Less-Hassle_Agora_vape-9-scaled-1200x547.webp 1200w, https:\/\/agoravape.com\/wp-content\/uploads\/2026\/01\/Bang-Leader-50k-50000-Puffs-Dual-Tank-Vape-Two-Flavours-One-Device-Less-Hassle_Agora_vape-9-300x137.webp 300w, https:\/\/agoravape.com\/wp-content\/uploads\/2026\/01\/Bang-Leader-50k-50000-Puffs-Dual-Tank-Vape-Two-Flavours-One-Device-Less-Hassle_Agora_vape-9-1024x467.webp 1024w, https:\/\/agoravape.com\/wp-content\/uploads\/2026\/01\/Bang-Leader-50k-50000-Puffs-Dual-Tank-Vape-Two-Flavours-One-Device-Less-Hassle_Agora_vape-9-768x350.webp 768w, https:\/\/agoravape.com\/wp-content\/uploads\/2026\/01\/Bang-Leader-50k-50000-Puffs-Dual-Tank-Vape-Two-Flavours-One-Device-Less-Hassle_Agora_vape-9-1536x700.webp 1536w, https:\/\/agoravape.com\/wp-content\/uploads\/2026\/01\/Bang-Leader-50k-50000-Puffs-Dual-Tank-Vape-Two-Flavours-One-Device-Less-Hassle_Agora_vape-9-2048x934.webp 2048w, https:\/\/agoravape.com\/wp-content\/uploads\/2026\/01\/Bang-Leader-50k-50000-Puffs-Dual-Tank-Vape-Two-Flavours-One-Device-Less-Hassle_Agora_vape-9-18x8.webp 18w\" sizes=\"auto, (max-width: 2560px) 100vw, 2560px\" \/><\/h2>\n<h2 data-v-md-heading=\"what-is-special-about-bang-leader-s-50k-50000-pack-dual-compartment-vape\" data-v-md-line=\"3\"><img loading=\"lazy\" decoding=\"async\" class=\"size-full wp-image-24302 alignright\" src=\"https:\/\/agoravape.com\/wp-content\/uploads\/2026\/01\/Bang-Leader-50k-50000-Puffs-Dual-Tank-Vape-Two-Flavours-One-Device-Less-Hassle_Agora_vape-15-scaled.webp\" alt=\"\" width=\"1440\" height=\"2560\" srcset=\"https:\/\/agoravape.com\/wp-content\/uploads\/2026\/01\/Bang-Leader-50k-50000-Puffs-Dual-Tank-Vape-Two-Flavours-One-Device-Less-Hassle_Agora_vape-15-scaled.webp 1440w, https:\/\/agoravape.com\/wp-content\/uploads\/2026\/01\/Bang-Leader-50k-50000-Puffs-Dual-Tank-Vape-Two-Flavours-One-Device-Less-Hassle_Agora_vape-15-scaled-1200x2133.webp 1200w, https:\/\/agoravape.com\/wp-content\/uploads\/2026\/01\/Bang-Leader-50k-50000-Puffs-Dual-Tank-Vape-Two-Flavours-One-Device-Less-Hassle_Agora_vape-15-169x300.webp 169w, https:\/\/agoravape.com\/wp-content\/uploads\/2026\/01\/Bang-Leader-50k-50000-Puffs-Dual-Tank-Vape-Two-Flavours-One-Device-Less-Hassle_Agora_vape-15-576x1024.webp 576w, https:\/\/agoravape.com\/wp-content\/uploads\/2026\/01\/Bang-Leader-50k-50000-Puffs-Dual-Tank-Vape-Two-Flavours-One-Device-Less-Hassle_Agora_vape-15-768x1365.webp 768w, https:\/\/agoravape.com\/wp-content\/uploads\/2026\/01\/Bang-Leader-50k-50000-Puffs-Dual-Tank-Vape-Two-Flavours-One-Device-Less-Hassle_Agora_vape-15-864x1536.webp 864w, https:\/\/agoravape.com\/wp-content\/uploads\/2026\/01\/Bang-Leader-50k-50000-Puffs-Dual-Tank-Vape-Two-Flavours-One-Device-Less-Hassle_Agora_vape-15-1152x2048.webp 1152w, https:\/\/agoravape.com\/wp-content\/uploads\/2026\/01\/Bang-Leader-50k-50000-Puffs-Dual-Tank-Vape-Two-Flavours-One-Device-Less-Hassle_Agora_vape-15-7x12.webp 7w\" sizes=\"auto, (max-width: 1440px) 100vw, 1440px\" \/><\/h2>\n<h2 data-v-md-heading=\"what-is-special-about-bang-leader-s-50k-50000-pack-dual-compartment-vape\" data-v-md-line=\"3\">Co jest szczeg\u00f3lnego w dwukomorowym waporyzatorze Bang Leader 50k 50000?<\/h2>\n<p data-v-md-line=\"5\">Je\u015bli masz do\u015b\u0107 jednorazowych waporyzator\u00f3w, kt\u00f3re wytrzymuj\u0105 tylko jeden dzie\u0144 i szybko trac\u0105 zapach, ten produkt jest wart uwagi. Bang Leader 50k zosta\u0142 zaprojektowany z my\u015bl\u0105 o d\u0142ugotrwa\u0142ym u\u017cytkowaniu. Posiada akumulator, kt\u00f3ry pozwala na do 50 000 zaci\u0105gni\u0119\u0107 na jednym \u0142adowaniu, bez konieczno\u015bci cz\u0119stej wymiany urz\u0105dzenia.<\/p>\n<p data-v-md-line=\"7\">Kolejnym krokiem jest to, co naprawd\u0119 przyci\u0105ga ludzi. Zastosowano w nim system dw\u00f3ch kom\u00f3r (dw\u00f3ch smak\u00f3w), pozwalaj\u0105cy cieszy\u0107 si\u0119 dwoma smakami jednocze\u015bnie. Mo\u017cna by pomy\u015ble\u0107, \u017ce urz\u0105dzenie o pojemno\u015bci 50000 papieros\u00f3w b\u0119dzie ci\u0119\u017ckie jak ma\u0142a ceg\u0142a, ale w rzeczywisto\u015bci jego waga i obj\u0119to\u015b\u0107 s\u0105 zaskakuj\u0105co lekkie i \u0142atwe do przenoszenia.<\/p>\n<h2 data-v-md-heading=\"excellent-performance-and-easy-operation\" data-v-md-line=\"9\">Doskona\u0142a wydajno\u015b\u0107 i \u0142atwa obs\u0142uga<\/h2>\n<p data-v-md-line=\"11\">Bang stawia na prostot\u0119 w kluczowych obszarach. Grza\u0142ka o oporno\u015bci 1,0 \u03a9 pomaga utrzyma\u0107 sta\u0142y smak, dzi\u0119ki czemu nie poczujesz si\u0119 zaduszony ani nie b\u0119dziesz \u017ca\u0142owa\u0107, gdy sko\u0144czysz. Gdy bateria jest s\u0142aba, mo\u017cesz j\u0105 na\u0142adowa\u0107 przez interfejs Type-C, co oznacza, \u017ce \u200b\u200bporadzi sobie z ni\u0105 r\u00f3wnie\u017c Tw\u00f3j powszechnie u\u017cywany kabel do \u0142adowania telefonu.<\/p>\n<h2 data-v-md-heading=\"quick-specifications\" data-v-md-line=\"13\">Szybkie specyfikacje<\/h2>\n<ul data-v-md-line=\"14\">\n<li>Cz\u0119stotliwo\u015b\u0107 palenia: do 50000 zaci\u0105gni\u0119\u0107<\/li>\n<li>Pojemno\u015b\u0107 baterii: 650mAh (\u0142adowalna)<\/li>\n<li>Cewka\/Rezystancja: Cewka siatkowa 1,0 \u03a9<\/li>\n<li>Stosowanie: Wdychaj, aby aktywowa\u0107<\/li>\n<li>Interfejs \u0142adowania: Typ C<\/li>\n<li>Waga: 100 g na jednostk\u0119<\/li>\n<li>Status: Gotowy do u\u017cycia od razu po wyj\u0119ciu z pude\u0142ka<\/li>\n<\/ul>\n<h2 data-v-md-heading=\"complete-flavor-lineup\" data-v-md-line=\"22\">Pe\u0142na gama smak\u00f3w<\/h2>\n<p data-v-md-line=\"24\">Ka\u017cde urz\u0105dzenie wyposa\u017cone jest w podw\u00f3jn\u0105 kombinacj\u0119 smak\u00f3w:<\/p>\n<ul data-v-md-line=\"25\">\n<li>Truskawka Malina Wi\u015bnia Lody \/ Wi\u015bnia<\/li>\n<li>Arbuz Truskawka \/ Arbuz<\/li>\n<li>Czarne winogrona \/ Zielone winogrona<\/li>\n<li>Jab\u0142ko Gruszka \/ Kiwi Marakuja Guawa<\/li>\n<li>Kwa\u015bna lemoniada ananasowa \/ cytrynowo-limonkowa<\/li>\n<li>Lody bananowe \/ mango<\/li>\n<li>Kwa\u015bna jagoda malina \/ jagoda<\/li>\n<li>Cherry Cola \/ R\u00f3\u017cowa Lemoniada<\/li>\n<li>Lemoniada jagodowo-malinowa \/ Lody truskawkowo-malinowo-wi\u015bniowe<\/li>\n<li>Truskawka-kiwi \/ Truskawkowy l\u00f3d<\/li>\n<li>Marakuja z ananasem \/ Lody ananasowe<\/li>\n<li>Mojito malinowe \/ Wi\u015bnia z malin\u0105 i limonk\u0105<\/li>\n<\/ul>\n<h2 data-v-md-heading=\"suitable-for-you-and-your-business\" data-v-md-line=\"38\">Odpowiednie dla Ciebie i Twojej firmy<\/h2>\n<p data-v-md-line=\"40\">Bang Leader 50k mo\u017cna kupi\u0107 do u\u017cytku osobistego, ale jest on r\u00f3wnie\u017c bardzo praktyczny w promocji w sklepie. Klienci ceni\u0105 sobie konstrukcj\u0119 \u201e2 w 1\u201d, poniewa\u017c eliminuje ona konieczno\u015b\u0107 kupowania dw\u00f3ch waporyzator\u00f3w, aby zmieni\u0107 gust.<\/p>\n<p data-v-md-line=\"42\">W przypadku sprzeda\u017cy hurtowej produkty wysy\u0142ane s\u0105 w opakowaniach zbiorczych po 200 sztuk\/opakowanie. Wymiary kartonu wynosz\u0105 65 x 31 x 26 centymetr\u00f3w, a waga 21,3 kilograma, co u\u0142atwia planowanie magazynowania i dystrybucji.<\/p>\n<h2 data-v-md-heading=\"reasons-why-you-will-like-it\" data-v-md-line=\"44\">Powody, dla kt\u00f3rych Ci si\u0119 spodoba<\/h2>\n<ul data-v-md-line=\"45\">\n<li>D\u0142uga \u017cywotno\u015b\u0107 baterii: Trwa\u0142a i wytrzyma\u0142a, nie ma potrzeby cz\u0119stego zakupu nowych wk\u0142ad\u00f3w.<\/li>\n<li>Podw\u00f3jne ustawienie smaku: Podw\u00f3jne zastosowanie jednego urz\u0105dzenia, spe\u0142niaj\u0105ce r\u00f3\u017cne potrzeby smakowe.<\/li>\n<li>Mo\u017cliwo\u015b\u0107 \u0142adowania: Efektywne wykorzystanie wk\u0142ad\u00f3w dymnych w celu unikni\u0119cia marnotrawstwa.<\/li>\n<li>Siatkowy rdze\u0144 rozpylaj\u0105cy: trwa\u0142y i stabilny, zapewniaj\u0105cy satysfakcjonuj\u0105cy smak.<\/li>\n<\/ul>\n<h2 data-v-md-heading=\"why-choose-to-collaborate-with-agoravape\" data-v-md-line=\"50\">Dlaczego warto zdecydowa\u0107 si\u0119 na wsp\u00f3\u0142prac\u0119 z AgoraVape?<\/h2>\n<p data-v-md-line=\"52\">AgoraVape koncentruje si\u0119 na tym, co naprawd\u0119 jest dla Ciebie wa\u017cne: gwarancja oryginalno\u015bci produktu, transparentna logistyka hurtowa i sta\u0142e wsparcie posprzeda\u017cowe. Je\u015bli chcesz dystrybuowa\u0107 podw\u00f3jny atomizer Bang Leader 50k 50000, skontaktuj si\u0119 z nami, a pomo\u017cemy Ci w wyborze odpowiedniej kombinacji smak\u00f3w i szybko zrealizujemy Twoje zam\u00f3wienie.<\/p>","protected":false},"excerpt":{"rendered":"<p>&nbsp;<\/p>","protected":false},"featured_media":24303,"comment_status":"open","ping_status":"closed","template":"","meta":[],"product_brand":[197],"product_cat":[124,187,188,189,1641,194,123,195,1674,174,175,193,191,179,173,186,180,190,192],"product_tag":[],"class_list":{"0":"post-24265","1":"product","2":"type-product","3":"status-publish","4":"has-post-thumbnail","6":"product_brand-bang","7":"product_cat-vape-by-brand","8":"product_cat-0mg-nicotine-free-vapes","9":"product_cat-10mg-low-nicotine-vapes","10":"product_cat-20mg-standard-nicotine-vapes","11":"product_cat-50000-puffs","12":"product_cat-adjustable-airflow","13":"product_cat-bang","14":"product_cat-dual-flavor-switch","15":"product_cat-eu-warehouse","16":"product_cat-fruit-flavors","17":"product_cat-icy-mint","18":"product_cat-mesh-coil","19":"product_cat-rechargeable-disposables","20":"product_cat-unique-blends","21":"product_cat-vape-by-flavor-profile","22":"product_cat-vape-by-nicotine-strength","23":"product_cat-vape-by-puff-count","24":"product_cat-vape-by-feature-or-type","25":"product_cat-vapes-with-screens","27":"first","28":"instock","29":"shipping-taxable","30":"purchasable","31":"product-type-variable","32":"has-default-attributes"},"tiered_pricing_type":"percentage","tiered_pricing_fixed_rules":[],"tiered_pricing_product_settings":{"layout":"default","base_unit_name":{"singular":null,"plural":null},"default_variation":null},"tiered_pricing_minimum_quantity":10,"tiered_pricing_roles_data":[],"tiered_pricing_percentage_rules":{"30":"9","50":"18","100":"26","200":"30","500":"32","1000":"38"},"tiered_pricing_maximum_quantity":null,"tiered_pricing_quantity_step":"10","_links":{"self":[{"href":"https:\/\/agoravape.com\/pl\/wp-json\/wp\/v2\/product\/24265","targetHints":{"allow":["GET"]}}],"collection":[{"href":"https:\/\/agoravape.com\/pl\/wp-json\/wp\/v2\/product"}],"about":[{"href":"https:\/\/agoravape.com\/pl\/wp-json\/wp\/v2\/types\/product"}],"replies":[{"embeddable":true,"href":"https:\/\/agoravape.com\/pl\/wp-json\/wp\/v2\/comments?post=24265"}],"version-history":[{"count":1,"href":"https:\/\/agoravape.com\/pl\/wp-json\/wp\/v2\/product\/24265\/revisions"}],"predecessor-version":[{"id":29801,"href":"https:\/\/agoravape.com\/pl\/wp-json\/wp\/v2\/product\/24265\/revisions\/29801"}],"wp:featuredmedia":[{"embeddable":true,"href":"https:\/\/agoravape.com\/pl\/wp-json\/wp\/v2\/media\/24303"}],"wp:attachment":[{"href":"https:\/\/agoravape.com\/pl\/wp-json\/wp\/v2\/media?parent=24265"}],"wp:term":[{"taxonomy":"product_brand","embeddable":true,"href":"https:\/\/agoravape.com\/pl\/wp-json\/wp\/v2\/product_brand?post=24265"},{"taxonomy":"product_cat","embeddable":true,"href":"https:\/\/agoravape.com\/pl\/wp-json\/wp\/v2\/product_cat?post=24265"},{"taxonomy":"product_tag","embeddable":true,"href":"https:\/\/agoravape.com\/pl\/wp-json\/wp\/v2\/product_tag?post=24265"}],"curies":[{"name":"wp","href":"https:\/\/api.w.org\/{rel}","templated":true}]}}