{"id":24308,"date":"2026-01-26T22:58:54","date_gmt":"2026-01-26T14:58:54","guid":{"rendered":"https:\/\/agoravape.com\/?post_type=product&#038;p=24308"},"modified":"2026-02-22T15:14:09","modified_gmt":"2026-02-22T14:14:09","slug":"bang-leader-80k-80000-puffow","status":"publish","type":"product","link":"https:\/\/agoravape.com\/pl\/product\/bang-leader-80k-80000-puffs\/","title":{"rendered":"Bang Leader 80k 80000 zaci\u0105gni\u0119\u0107 3w1 smak Vape | Trzy smaki, jedna prosta zmiana"},"content":{"rendered":"<h2 data-v-md-heading=\"what-is-the-special-feature-of-bang-leader-80k-80000-three-in-one-flavor-vape\" data-v-md-line=\"3\"><img loading=\"lazy\" decoding=\"async\" class=\"aligncenter size-full wp-image-24323\" src=\"https:\/\/agoravape.com\/wp-content\/uploads\/2026\/01\/Bang-Leader-80k-80000-Puffs-3in1-Flavor-Vape-Three-Flavours-One-Simple-Switch_Agora_vape-1.webp\" alt=\"\" width=\"2056\" height=\"1089\" srcset=\"https:\/\/agoravape.com\/wp-content\/uploads\/2026\/01\/Bang-Leader-80k-80000-Puffs-3in1-Flavor-Vape-Three-Flavours-One-Simple-Switch_Agora_vape-1.webp 2056w, https:\/\/agoravape.com\/wp-content\/uploads\/2026\/01\/Bang-Leader-80k-80000-Puffs-3in1-Flavor-Vape-Three-Flavours-One-Simple-Switch_Agora_vape-1-1200x636.webp 1200w, https:\/\/agoravape.com\/wp-content\/uploads\/2026\/01\/Bang-Leader-80k-80000-Puffs-3in1-Flavor-Vape-Three-Flavours-One-Simple-Switch_Agora_vape-1-300x159.webp 300w, https:\/\/agoravape.com\/wp-content\/uploads\/2026\/01\/Bang-Leader-80k-80000-Puffs-3in1-Flavor-Vape-Three-Flavours-One-Simple-Switch_Agora_vape-1-1024x542.webp 1024w, https:\/\/agoravape.com\/wp-content\/uploads\/2026\/01\/Bang-Leader-80k-80000-Puffs-3in1-Flavor-Vape-Three-Flavours-One-Simple-Switch_Agora_vape-1-768x407.webp 768w, https:\/\/agoravape.com\/wp-content\/uploads\/2026\/01\/Bang-Leader-80k-80000-Puffs-3in1-Flavor-Vape-Three-Flavours-One-Simple-Switch_Agora_vape-1-1536x814.webp 1536w, https:\/\/agoravape.com\/wp-content\/uploads\/2026\/01\/Bang-Leader-80k-80000-Puffs-3in1-Flavor-Vape-Three-Flavours-One-Simple-Switch_Agora_vape-1-2048x1085.webp 2048w, https:\/\/agoravape.com\/wp-content\/uploads\/2026\/01\/Bang-Leader-80k-80000-Puffs-3in1-Flavor-Vape-Three-Flavours-One-Simple-Switch_Agora_vape-1-18x10.webp 18w\" sizes=\"auto, (max-width: 2056px) 100vw, 2056px\" \/> <img loading=\"lazy\" decoding=\"async\" class=\"aligncenter size-full wp-image-24331\" src=\"https:\/\/agoravape.com\/wp-content\/uploads\/2026\/01\/Bang-Leader-80k-80000-Puffs-3in1-Flavor-Vape-Three-Flavours-One-Simple-Switch_Agora_vape-9-scaled.webp\" alt=\"\" width=\"1437\" height=\"2560\" srcset=\"https:\/\/agoravape.com\/wp-content\/uploads\/2026\/01\/Bang-Leader-80k-80000-Puffs-3in1-Flavor-Vape-Three-Flavours-One-Simple-Switch_Agora_vape-9-scaled.webp 1437w, https:\/\/agoravape.com\/wp-content\/uploads\/2026\/01\/Bang-Leader-80k-80000-Puffs-3in1-Flavor-Vape-Three-Flavours-One-Simple-Switch_Agora_vape-9-scaled-1200x2138.webp 1200w, https:\/\/agoravape.com\/wp-content\/uploads\/2026\/01\/Bang-Leader-80k-80000-Puffs-3in1-Flavor-Vape-Three-Flavours-One-Simple-Switch_Agora_vape-9-168x300.webp 168w, https:\/\/agoravape.com\/wp-content\/uploads\/2026\/01\/Bang-Leader-80k-80000-Puffs-3in1-Flavor-Vape-Three-Flavours-One-Simple-Switch_Agora_vape-9-575x1024.webp 575w, https:\/\/agoravape.com\/wp-content\/uploads\/2026\/01\/Bang-Leader-80k-80000-Puffs-3in1-Flavor-Vape-Three-Flavours-One-Simple-Switch_Agora_vape-9-768x1368.webp 768w, https:\/\/agoravape.com\/wp-content\/uploads\/2026\/01\/Bang-Leader-80k-80000-Puffs-3in1-Flavor-Vape-Three-Flavours-One-Simple-Switch_Agora_vape-9-862x1536.webp 862w, https:\/\/agoravape.com\/wp-content\/uploads\/2026\/01\/Bang-Leader-80k-80000-Puffs-3in1-Flavor-Vape-Three-Flavours-One-Simple-Switch_Agora_vape-9-1150x2048.webp 1150w, https:\/\/agoravape.com\/wp-content\/uploads\/2026\/01\/Bang-Leader-80k-80000-Puffs-3in1-Flavor-Vape-Three-Flavours-One-Simple-Switch_Agora_vape-9-7x12.webp 7w\" sizes=\"auto, (max-width: 1437px) 100vw, 1437px\" \/><\/h2>\n<h2 data-v-md-heading=\"what-is-the-special-feature-of-bang-leader-80k-80000-three-in-one-flavor-vape\" data-v-md-line=\"3\">Jaka jest szczeg\u00f3lna cecha Bang Leader 80k 80000 trzy w jednym smaku?<\/h2>\n<p data-v-md-line=\"5\">Je\u015bli masz do\u015b\u0107 waporyzator\u00f3w, kt\u00f3re potrafi\u0105 dzia\u0142a\u0107 pysznie tylko przez jeden dzie\u0144, a potem staj\u0105 si\u0119 nudne, to Bang Leader 80K jest niew\u0105tpliwie lepszym wyborem. Zosta\u0142 zaprojektowany do d\u0142ugotrwa\u0142ego u\u017cytkowania, a jego najwi\u0119ksz\u0105 zalet\u0105 jest to, \u017ce jedno urz\u0105dzenie obs\u0142uguje trzy smaki, co pozwala na \u0142atw\u0105 zmian\u0119, gdy kubki smakowe si\u0119 zm\u0119cz\u0105.<\/p>\n<p data-v-md-line=\"7\">Urz\u0105dzenie o pojemno\u015bci 80 000 port\u00f3w mo\u017ce wydawa\u0107 si\u0119 ci\u0119\u017ckie jak ceg\u0142a w kieszeni, ale jest bardzo lekkie i por\u0119czne. Dla u\u017cytkownik\u00f3w, kt\u00f3rzy chc\u0105 ograniczy\u0107 problemy (zmniejszy\u0107 liczb\u0119 wymian i wizyt w sklepach) i mie\u0107 wi\u0119kszy wyb\u00f3r smak\u00f3w, ale nie chc\u0105 nosi\u0107 ze sob\u0105 wielu urz\u0105dze\u0144, ten waporyzator to idealny wyb\u00f3r.<\/p>\n<h2 data-v-md-heading=\"excellent-performance-easy-and-convenient\" data-v-md-line=\"9\">Doskona\u0142a wydajno\u015b\u0107, \u0142atwo\u015b\u0107 i wygoda<\/h2>\n<p data-v-md-line=\"11\">Waporyzatory Bang Vapes s\u0105 idealnie dopasowane do rdzenia atomizera o oporno\u015bci 1,0 \u03a9 i akumulatora, co zapewnia sta\u0142y smak i zapobiega przypadkowemu zap\u0142onowi, podobnie jak inne waporyzatory. Gdy bateria jest s\u0142aba, wystarczy j\u0105 na\u0142adowa\u0107 przez interfejs Type-C \u2013 ten sam kabel, kt\u00f3rego zazwyczaj u\u017cywasz do \u0142adowania telefonu. Proste i wygodne, bez \u017cmudnych czynno\u015bci.<\/p>\n<h2 data-v-md-heading=\"quick-specifications\" data-v-md-line=\"13\">Szybkie specyfikacje<\/h2>\n<ul data-v-md-line=\"14\">\n<li>Cz\u0119stotliwo\u015b\u0107 palenia: do 80000 zaci\u0105gni\u0119\u0107<\/li>\n<li>Zawarto\u015b\u0107 nikotyny: Zawarto\u015b\u0107 nikotyny w tym modelu nie jest podana w danych dotycz\u0105cych tego produktu.<\/li>\n<li>Zasada dzia\u0142ania: Aktywacja inhalacyjna<\/li>\n<li>Rdze\u0144 rozpylaj\u0105cy: rdze\u0144 rozpylaj\u0105cy o oczkach 1,0 \u03a9<\/li>\n<li>Bateria: 850mAh (17350)<\/li>\n<li>Interfejs \u0142adowania: Typ C<\/li>\n<li>Status: Gotowy do u\u017cycia po rozpakowaniu<\/li>\n<\/ul>\n<h2 data-v-md-heading=\"complete-flavor-lineup\" data-v-md-line=\"22\">Pe\u0142na gama smak\u00f3w<\/h2>\n<p data-v-md-line=\"24\">Ka\u017cde urz\u0105dzenie jest dost\u0119pne w 3 wariantach (zestaw kombinowany). Opcjonalne kombinacje obejmuj\u0105:<\/p>\n<ul data-v-md-line=\"25\">\n<li>Arbuzowy l\u00f3d\/Truskawka-mango\/Banan<\/li>\n<li>Malinowy Mojito Brzoskwiniowy L\u00f3d\/Truskawka Arbuz\/Kiwi Marakuja Guawa<\/li>\n<li>Truskawka z arbuzem\/Lody winogronowe\/T\u0119czowe cukierki<\/li>\n<li>Coca-Cola Ice\/Jagoda Malina\/Brzoskwinia Mango Arbuz<\/li>\n<li>Bor\u00f3wki, arbuzy, truskawki, mango, porzeczki czarne<\/li>\n<li>Blueberry Ice\/Black Dragon Ice\/Mango Peach<\/li>\n<li>L\u00f3d jagodowy\/Truskawka-banan\/Mieszane jagody<\/li>\n<li>Red Bull\/Bor\u00f3wka Arbuz\/Jab\u0142ko Gruszka<\/li>\n<li>Red Bull\/Guma balonowa o smaku arbuza\/Lody truskawkowe<\/li>\n<li>Truskawka-kiwi\/lody brzoskwiniowe\/cola wi\u015bniowa<\/li>\n<li>Kiwi Guawa\/L\u00f3d z liczi\/Mango Brzoskwinia Ananas<\/li>\n<li>Lody z awokado\/Cytryna-limonka\/Arbuz-malina<\/li>\n<\/ul>\n<h2 data-v-md-heading=\"for-you-and-your-business\" data-v-md-line=\"38\">Dla Ciebie i Twojego biznesu<\/h2>\n<p data-v-md-line=\"40\">Mo\u017cesz kupi\u0107 Bang Leader. Je\u015bli chcesz najpierw wypr\u00f3bowa\u0107 tylko kilka kombinacji smak\u00f3w, zestaw 80K w jednym opakowaniu spe\u0142ni Twoje potrzeby. Je\u015bli prowadzisz sklep, b\u0119dzie to r\u00f3wnie\u017c idealny wyb\u00f3r ze wzgl\u0119du na \u201ewysok\u0105 odporno\u015b\u0107 na zasysanie i wiele smak\u00f3w\u201d, co jest wygodne dla klient\u00f3w, kt\u00f3rzy nie chc\u0105 pr\u00f3bowa\u0107 tylko jednego smaku przez kilka tygodni z rz\u0119du.<\/p>\n<p data-v-md-line=\"42\">W zakresie sprzeda\u017cy hurtowej oferujemy wysy\u0142k\u0119 hurtow\u0105 i obs\u0142ugujemy du\u017ce zam\u00f3wienia \u2013 200 sztuk zapakowanych w kartony (65 x 31 x 26 cm, 24 kg). Wsp\u00f3\u0142pracujemy z wiarygodnymi partnerami logistycznymi z UE, dzi\u0119ki czemu nie musisz martwi\u0107 si\u0119 o procedury celne ani nieprzewidziane op\u0142aty.<\/p>\n<h2 data-v-md-heading=\"reasons-why-you-will-like-it\" data-v-md-line=\"44\">Powody, dla kt\u00f3rych Ci si\u0119 spodoba<\/h2>\n<ul data-v-md-line=\"45\">\n<li>Bardzo du\u017ca odporno\u015b\u0107 na zasysanie: zmniejsza cz\u0119stotliwo\u015b\u0107 wymian, oszcz\u0119dzaj\u0105c czas i wysi\u0142ek.<\/li>\n<li>Po\u0142\u0105czenie 3 smak\u00f3w w 1: Gdy jeden smak staje si\u0119 nudny, mo\u017cesz go w ka\u017cdej chwili zmieni\u0107.<\/li>\n<li>Akumulator (typ C): pozwala na pe\u0142ne wykorzystanie urz\u0105dzenia i unikanie przedwczesnej utylizacji. Cewka siateczkowa: zapewnia sta\u0142\u0105 czysto\u015b\u0107 smaku przez d\u0142u\u017cszy czas.<\/li>\n<\/ul>\n<h2 data-v-md-heading=\"why-choose-to-collaborate-with-agoravape\" data-v-md-line=\"49\">Dlaczego warto zdecydowa\u0107 si\u0119 na wsp\u00f3\u0142prac\u0119 z AgoraVape?<\/h2>\n<p data-v-md-line=\"51\">AgoraVape stawia na 100% autentyczno\u015bci \u2013 nigdy nie sprzedajemy podr\u00f3bek i nie pozwalamy Ci zgadywa\u0107 na poczekaniu. Je\u015bli jeste\u015b klientem korporacyjnym, zapewnimy Ci niezawodne \u017ar\u00f3d\u0142a towar\u00f3w, wygodne wsparcie posprzeda\u017cowe oraz spersonalizowane us\u0142ugi dostawy, dostosowane do rzeczywistych potrzeb klient\u00f3w z UE. Chcesz kupi\u0107 atomizer Bang Leader 80k 3-w-1 w hurtowych ilo\u015bciach i skorzysta\u0107 z rabatu? Skontaktuj si\u0119 z nami, ch\u0119tnie Ci pomo\u017cemy.<\/p>\n<p><script src=\"chrome-extension:\/\/fpelahbljekknahkcaegamhcndkfpfnc\/iFrame.js\" type=\"text\/javascript\"><\/script><\/p>","protected":false},"excerpt":{"rendered":"<p>&nbsp;<\/p>\n<p><script src=\"chrome-extension:\/\/fpelahbljekknahkcaegamhcndkfpfnc\/iFrame.js\" type=\"text\/javascript\"><\/script><\/p>\n<p><script src=\"chrome-extension:\/\/fpelahbljekknahkcaegamhcndkfpfnc\/iFrame.js\" type=\"text\/javascript\"><\/script><\/p>\n<p><script src=\"chrome-extension:\/\/fpelahbljekknahkcaegamhcndkfpfnc\/iFrame.js\" type=\"text\/javascript\"><\/script><\/p>","protected":false},"featured_media":24336,"comment_status":"open","ping_status":"closed","template":"","meta":[],"product_brand":[197],"product_cat":[124,187,185,188,189,123,1674,174,175,193,191,179,173,186,180,190],"product_tag":[],"class_list":{"0":"post-24308","1":"product","2":"type-product","3":"status-publish","4":"has-post-thumbnail","6":"product_brand-bang","7":"product_cat-vape-by-brand","8":"product_cat-0mg-nicotine-free-vapes","9":"product_cat-10000-puffs-high-capacity","10":"product_cat-10mg-low-nicotine-vapes","11":"product_cat-20mg-standard-nicotine-vapes","12":"product_cat-bang","13":"product_cat-eu-warehouse","14":"product_cat-fruit-flavors","15":"product_cat-icy-mint","16":"product_cat-mesh-coil","17":"product_cat-rechargeable-disposables","18":"product_cat-unique-blends","19":"product_cat-vape-by-flavor-profile","20":"product_cat-vape-by-nicotine-strength","21":"product_cat-vape-by-puff-count","22":"product_cat-vape-by-feature-or-type","24":"first","25":"instock","26":"shipping-taxable","27":"purchasable","28":"product-type-variable","29":"has-default-attributes"},"tiered_pricing_type":"percentage","tiered_pricing_fixed_rules":[],"tiered_pricing_product_settings":{"layout":"default","base_unit_name":{"singular":null,"plural":null},"default_variation":null},"tiered_pricing_minimum_quantity":10,"tiered_pricing_roles_data":[],"tiered_pricing_percentage_rules":{"30":"10","50":"18","100":"24","200":"28","500":"35","1000":"44"},"tiered_pricing_maximum_quantity":null,"tiered_pricing_quantity_step":"10","_links":{"self":[{"href":"https:\/\/agoravape.com\/pl\/wp-json\/wp\/v2\/product\/24308","targetHints":{"allow":["GET"]}}],"collection":[{"href":"https:\/\/agoravape.com\/pl\/wp-json\/wp\/v2\/product"}],"about":[{"href":"https:\/\/agoravape.com\/pl\/wp-json\/wp\/v2\/types\/product"}],"replies":[{"embeddable":true,"href":"https:\/\/agoravape.com\/pl\/wp-json\/wp\/v2\/comments?post=24308"}],"version-history":[{"count":0,"href":"https:\/\/agoravape.com\/pl\/wp-json\/wp\/v2\/product\/24308\/revisions"}],"wp:featuredmedia":[{"embeddable":true,"href":"https:\/\/agoravape.com\/pl\/wp-json\/wp\/v2\/media\/24336"}],"wp:attachment":[{"href":"https:\/\/agoravape.com\/pl\/wp-json\/wp\/v2\/media?parent=24308"}],"wp:term":[{"taxonomy":"product_brand","embeddable":true,"href":"https:\/\/agoravape.com\/pl\/wp-json\/wp\/v2\/product_brand?post=24308"},{"taxonomy":"product_cat","embeddable":true,"href":"https:\/\/agoravape.com\/pl\/wp-json\/wp\/v2\/product_cat?post=24308"},{"taxonomy":"product_tag","embeddable":true,"href":"https:\/\/agoravape.com\/pl\/wp-json\/wp\/v2\/product_tag?post=24308"}],"curies":[{"name":"wp","href":"https:\/\/api.w.org\/{rel}","templated":true}]}}