{"id":24338,"date":"2026-01-26T23:10:46","date_gmt":"2026-01-26T15:10:46","guid":{"rendered":"https:\/\/agoravape.com\/?post_type=product&#038;p=24338"},"modified":"2026-02-22T15:14:05","modified_gmt":"2026-02-22T14:14:05","slug":"bang-leader-85k-3in1-85000-puffow","status":"publish","type":"product","link":"https:\/\/agoravape.com\/pl\/product\/bang-leader-85k-3in1-85000-puffs\/","title":{"rendered":"Bang Leader 85k 85000 Puffs Triple Flavor Vape | Trzy smaki, jedno urz\u0105dzenie, mniej k\u0142opot\u00f3w"},"content":{"rendered":"<h2 data-v-md-heading=\"what-is-the-special-feature-of-bang-leader-85k-85000-three-flavored-vapes\" data-v-md-line=\"3\"><img loading=\"lazy\" decoding=\"async\" class=\"aligncenter size-full wp-image-24356\" src=\"https:\/\/agoravape.com\/wp-content\/uploads\/2026\/01\/Bang-Leader-85k-85000-Puffs-Triple-Flavor-Vape-Three-Flavours-One-Device-Less-Hassle_Agora_vape-5.webp\" alt=\"\" width=\"2277\" height=\"1280\" srcset=\"https:\/\/agoravape.com\/wp-content\/uploads\/2026\/01\/Bang-Leader-85k-85000-Puffs-Triple-Flavor-Vape-Three-Flavours-One-Device-Less-Hassle_Agora_vape-5.webp 2277w, https:\/\/agoravape.com\/wp-content\/uploads\/2026\/01\/Bang-Leader-85k-85000-Puffs-Triple-Flavor-Vape-Three-Flavours-One-Device-Less-Hassle_Agora_vape-5-1200x675.webp 1200w, https:\/\/agoravape.com\/wp-content\/uploads\/2026\/01\/Bang-Leader-85k-85000-Puffs-Triple-Flavor-Vape-Three-Flavours-One-Device-Less-Hassle_Agora_vape-5-300x169.webp 300w, https:\/\/agoravape.com\/wp-content\/uploads\/2026\/01\/Bang-Leader-85k-85000-Puffs-Triple-Flavor-Vape-Three-Flavours-One-Device-Less-Hassle_Agora_vape-5-1024x576.webp 1024w, https:\/\/agoravape.com\/wp-content\/uploads\/2026\/01\/Bang-Leader-85k-85000-Puffs-Triple-Flavor-Vape-Three-Flavours-One-Device-Less-Hassle_Agora_vape-5-768x432.webp 768w, https:\/\/agoravape.com\/wp-content\/uploads\/2026\/01\/Bang-Leader-85k-85000-Puffs-Triple-Flavor-Vape-Three-Flavours-One-Device-Less-Hassle_Agora_vape-5-1536x863.webp 1536w, https:\/\/agoravape.com\/wp-content\/uploads\/2026\/01\/Bang-Leader-85k-85000-Puffs-Triple-Flavor-Vape-Three-Flavours-One-Device-Less-Hassle_Agora_vape-5-2048x1151.webp 2048w, https:\/\/agoravape.com\/wp-content\/uploads\/2026\/01\/Bang-Leader-85k-85000-Puffs-Triple-Flavor-Vape-Three-Flavours-One-Device-Less-Hassle_Agora_vape-5-18x10.webp 18w\" sizes=\"auto, (max-width: 2277px) 100vw, 2277px\" \/><\/h2>\n<h2 data-v-md-heading=\"what-is-the-special-feature-of-bang-leader-85k-85000-three-flavored-vapes\" data-v-md-line=\"3\"><img loading=\"lazy\" decoding=\"async\" class=\"size-full wp-image-24367 aligncenter\" src=\"https:\/\/agoravape.com\/wp-content\/uploads\/2026\/01\/Bang-Leader-85k-85000-Puffs-Triple-Flavor-Vape-Three-Flavours-One-Device-Less-Hassle_Agora_vape-16.webp\" alt=\"\" width=\"1280\" height=\"2491\" srcset=\"https:\/\/agoravape.com\/wp-content\/uploads\/2026\/01\/Bang-Leader-85k-85000-Puffs-Triple-Flavor-Vape-Three-Flavours-One-Device-Less-Hassle_Agora_vape-16.webp 1280w, https:\/\/agoravape.com\/wp-content\/uploads\/2026\/01\/Bang-Leader-85k-85000-Puffs-Triple-Flavor-Vape-Three-Flavours-One-Device-Less-Hassle_Agora_vape-16-1200x2335.webp 1200w, https:\/\/agoravape.com\/wp-content\/uploads\/2026\/01\/Bang-Leader-85k-85000-Puffs-Triple-Flavor-Vape-Three-Flavours-One-Device-Less-Hassle_Agora_vape-16-154x300.webp 154w, https:\/\/agoravape.com\/wp-content\/uploads\/2026\/01\/Bang-Leader-85k-85000-Puffs-Triple-Flavor-Vape-Three-Flavours-One-Device-Less-Hassle_Agora_vape-16-526x1024.webp 526w, https:\/\/agoravape.com\/wp-content\/uploads\/2026\/01\/Bang-Leader-85k-85000-Puffs-Triple-Flavor-Vape-Three-Flavours-One-Device-Less-Hassle_Agora_vape-16-768x1495.webp 768w, https:\/\/agoravape.com\/wp-content\/uploads\/2026\/01\/Bang-Leader-85k-85000-Puffs-Triple-Flavor-Vape-Three-Flavours-One-Device-Less-Hassle_Agora_vape-16-789x1536.webp 789w, https:\/\/agoravape.com\/wp-content\/uploads\/2026\/01\/Bang-Leader-85k-85000-Puffs-Triple-Flavor-Vape-Three-Flavours-One-Device-Less-Hassle_Agora_vape-16-1052x2048.webp 1052w, https:\/\/agoravape.com\/wp-content\/uploads\/2026\/01\/Bang-Leader-85k-85000-Puffs-Triple-Flavor-Vape-Three-Flavours-One-Device-Less-Hassle_Agora_vape-16-6x12.webp 6w\" sizes=\"auto, (max-width: 1280px) 100vw, 1280px\" \/><\/h2>\n<h2 data-v-md-heading=\"what-is-the-special-feature-of-bang-leader-85k-85000-three-flavored-vapes\" data-v-md-line=\"3\">Jaka jest szczeg\u00f3lna cecha waporyzator\u00f3w Bang Leader 85k 85000 o trzech smakach?<\/h2>\n<p data-v-md-line=\"5\">Je\u015bli masz do\u015b\u0107 kupowania nowego jednorazowego waporyzatora co kilka dni, to Bang Leader 85k jest stworzony dla Twojej cierpliwo\u015bci. To jednorazowy waporyzator o du\u017cej pojemno\u015bci, zaprojektowany z my\u015bl\u0105 o trwa\u0142o\u015bci i d\u0142ugim czasie dzia\u0142ania, a jedno urz\u0105dzenie zawiera trzy smaki, co pozwala na jeszcze wi\u0119cej przyjemno\u015bci.<\/p>\n<p data-v-md-line=\"7\">To jest to, na czym ludziom naprawd\u0119 zale\u017cy. Nie musisz ogranicza\u0107 si\u0119 do jednego smaku, dop\u00f3ki go nie sko\u0144czysz. Chcesz od razu smak owocowy, a p\u00f3\u017aniej b\u0105belkowy? Mo\u017cesz w ka\u017cdej chwili zmieni\u0107, bez konieczno\u015bci noszenia trzech waporyzator\u00f3w. Mo\u017cesz mie\u0107 wra\u017cenie, \u017ce urz\u0105dzenie 85k b\u0119dzie ci\u0119\u017ckie jak ceg\u0142a w kieszeni, ale bior\u0105c pod uwag\u0119 jego pojemno\u015b\u0107, jego kontrola wagi jest ca\u0142kiem rozs\u0105dna.<\/p>\n<h2 data-v-md-heading=\"excellent-performance-and-easy-operation\" data-v-md-line=\"9\">Doskona\u0142a wydajno\u015b\u0107 i \u0142atwa obs\u0142uga<\/h2>\n<p data-v-md-line=\"11\">Filozofia projektowania Bang opiera si\u0119 na prostocie: mo\u017cna go aktywowa\u0107 poprzez wdech, bez konieczno\u015bci u\u017cywania przycisk\u00f3w i uci\u0105\u017cliwych operacji w menu. Wbudowany rdze\u0144 atomizuj\u0105cy o oczkach 1,0 \u03a9 zapewnia stabilniejszy smak i nie pogarsza si\u0119 gwa\u0142townie po jednym lub dw\u00f3ch dniach, jak w przypadku innych produkt\u00f3w.<\/p>\n<p data-v-md-line=\"13\">Bior\u0105c pod uwag\u0119, \u017ce urz\u0105dzenia du\u017cego kalibru wymagaj\u0105 \u0142adowania, urz\u0105dzenie jest wyposa\u017cone w interfejs \u0142adowania typu C. Gdy bateria jest s\u0142aba, wystarczy u\u017cy\u0107 tego samego kabla do transmisji danych, kt\u00f3rym zazwyczaj \u0142adujesz telefon. \u0141atwa obs\u0142uga.<\/p>\n<h2 data-v-md-heading=\"quick-specifications\" data-v-md-line=\"15\">Szybkie specyfikacje<\/h2>\n<ul data-v-md-line=\"16\">\n<li>Cz\u0119stotliwo\u015b\u0107 palenia: do 85000 zaci\u0105gni\u0119\u0107<\/li>\n<li>Pojemno\u015b\u0107 baterii: 850mAh (bateria 17350)<\/li>\n<li>Rdze\u0144 rozpylaj\u0105cy: rdze\u0144 rozpylaj\u0105cy o oczkach 1,0 \u03a9<\/li>\n<li>Stosowanie: Wdychaj, aby aktywowa\u0107<\/li>\n<li>Interfejs \u0142adowania: Typ C<\/li>\n<li>Status: Gotowy do u\u017cycia od razu po wyj\u0119ciu z pude\u0142ka<\/li>\n<li>Inne: Obs\u0142uguje personalizacj\u0119 OEM\/ODM (dotyczy du\u017cych hurtownik\u00f3w)<\/li>\n<\/ul>\n<h2 data-v-md-heading=\"complete-flavor-lineup\" data-v-md-line=\"24\">Pe\u0142na gama smak\u00f3w<\/h2>\n<p data-v-md-line=\"26\">Ka\u017cdy z poni\u017cszych smak\u00f3w to kombinacja trzech smak\u00f3w w jednym (jedno urz\u0105dzenie zawiera trzy smaki):<\/p>\n<ul data-v-md-line=\"27\">\n<li>Lody winogronowe \/ Truskawka-kiwi \/ Marakuja-guawa<\/li>\n<li>Truskawkowy l\u00f3d \/ Cytryna-pomara\u0144cza \/ Arbuzowa guma balonowa<\/li>\n<li>Arbuzowy l\u00f3d \/ Mango brzoskwiniowy \/ Pomara\u0144czowy nap\u00f3j gazowany<\/li>\n<li>Lody ananasowe \/ Truskawkowy Red Bull \/ Mieszane jagody<\/li>\n<li>Red Bull \/ Arbuz jagodowy \/ Lody truskawkowe<\/li>\n<li>Coca-Cola z lodem \/ Jab\u0142ko i brzoskwinia \/ R\u00f3\u017cowa lemoniada<\/li>\n<li>Lody bananowe \/ Truskawka-arbuz \/ \u017belki nied\u017awiedzie<\/li>\n<li>L\u00f3d jagodowy \/ Blue Raz \/ Pachn\u0105ca gruszka<\/li>\n<li>Mieszane owoce \/ Mojito brzoskwiniowe \/ Jagoda malina<\/li>\n<li>Czarny Smok L\u00f3d \/ Pianka \/ Letni Sen<\/li>\n<li>Truskawka Malina \/ Czarna Porzeczka \/ Truskawka Banan<\/li>\n<li>Truskawka z arbuzem \/ Wi\u015bniowa cola \/ Truskawkowy krem<\/li>\n<li>Lody z czerwonego jab\u0142ka \/ Malina z arbuzem \/ Aloes i winogrona<\/li>\n<li>Wi\u015bnia \u017burawina \/ Brzoskwinia Mango \/ Ananas<\/li>\n<li>Mi\u0142o\u015b\u0107 666 \/ Jagoda Malina \/ Vimto<\/li>\n<\/ul>\n<h2 data-v-md-heading=\"for-you-and-your-business\" data-v-md-line=\"43\">Dla Ciebie i Twojego biznesu<\/h2>\n<p data-v-md-line=\"45\">Bang Leader 85k mo\u017cna kupi\u0107 do u\u017cytku osobistego, ale jest to r\u00f3wnie\u017c bardzo praktyczny produkt o wysokiej rotacji w sklepach. Klienci preferuj\u0105 r\u00f3\u017cnorodno\u015b\u0107, a \u201eTriple Flavor\u201d cieszy si\u0119 du\u017c\u0105 popularno\u015bci\u0105 przy ladzie, poniewa\u017c rozwi\u0105zuje praktyczny problem: \u0142atwo si\u0119 znudzi\u0107 podczas u\u017cywania.<\/p>\n<p data-v-md-line=\"47\">W sprzeda\u017cy hurtowej produkty te s\u0105 pakowane w opakowania po 200 sztuk\/pude\u0142ko (wymiary kartonu: 51,5 x 51,5 x 30,5 cm, waga ca\u0142kowita: 29 kg). Je\u015bli potrzebujesz sprzeda\u017cy hurtowej, te informacje dotycz\u0105ce opakowa\u0144 u\u0142atwi\u0105 Ci zaplanowanie magazynowania i transportu.<\/p>\n<h2 data-v-md-heading=\"the-reason-why-you-will-like-it\" data-v-md-line=\"49\">Pow\u00f3d, dla kt\u00f3rego Ci si\u0119 spodoba<\/h2>\n<ul data-v-md-line=\"50\">\n<li>Bardzo d\u0142ugi czas pracy baterii: D\u0142u\u017cszy czas pracy, brak konieczno\u015bci cz\u0119stej wymiany<\/li>\n<li>Po\u0142\u0105czenie trzech smak\u00f3w: Nie ma potrzeby dodatkowego zakupu, aby zachowa\u0107 \u015bwie\u017co\u015b\u0107<\/li>\n<li>Akumulator (typ C): Wykorzystaj w pe\u0142ni swoje zasoby<\/li>\n<li>Rdze\u0144 atomizera z siateczk\u0105: utrzymuje stabilny smak i nie ulega \u0142atwemu os\u0142abieniu<\/li>\n<\/ul>\n<h2 data-v-md-heading=\"why-choose-to-collaborate-with-agoravape\" data-v-md-line=\"55\">Dlaczego warto zdecydowa\u0107 si\u0119 na wsp\u00f3\u0142prac\u0119 z AgoraVape?<\/h2>\n<p data-v-md-line=\"57\">W AgoraVape kierujemy si\u0119 zasad\u0105 sprzeda\u017cy wy\u0142\u0105cznie oryginalnych produkt\u00f3w i unikania oszustw. Je\u015bli dokonasz zakupu w swoim sklepie, zapewnimy Ci bezpo\u015brednie odpowiedzi, bardzo konkurencyjne ceny hurtowe i niezawodne us\u0142ugi dostawcze, w tym waporyzatory Bang Leader 85k 85000 o potr\u00f3jnym smaku.<\/p>\n<p><script src=\"chrome-extension:\/\/fpelahbljekknahkcaegamhcndkfpfnc\/iFrame.js\" type=\"text\/javascript\"><\/script><\/p>","protected":false},"excerpt":{"rendered":"<p>&nbsp;<\/p>\n<p><script src=\"chrome-extension:\/\/fpelahbljekknahkcaegamhcndkfpfnc\/iFrame.js\" type=\"text\/javascript\"><\/script><\/p>\n<p><script src=\"chrome-extension:\/\/fpelahbljekknahkcaegamhcndkfpfnc\/iFrame.js\" type=\"text\/javascript\"><\/script><\/p>\n<p><script src=\"chrome-extension:\/\/fpelahbljekknahkcaegamhcndkfpfnc\/iFrame.js\" type=\"text\/javascript\"><\/script><\/p>\n<p><script src=\"chrome-extension:\/\/fpelahbljekknahkcaegamhcndkfpfnc\/iFrame.js\" type=\"text\/javascript\"><\/script><\/p>","protected":false},"featured_media":24368,"comment_status":"open","ping_status":"closed","template":"","meta":[],"product_brand":[197],"product_cat":[124,187,185,188,189,123,174,175,193,191,179,173,186,180,190,192],"product_tag":[],"class_list":{"0":"post-24338","1":"product","2":"type-product","3":"status-publish","4":"has-post-thumbnail","6":"product_brand-bang","7":"product_cat-vape-by-brand","8":"product_cat-0mg-nicotine-free-vapes","9":"product_cat-10000-puffs-high-capacity","10":"product_cat-10mg-low-nicotine-vapes","11":"product_cat-20mg-standard-nicotine-vapes","12":"product_cat-bang","13":"product_cat-fruit-flavors","14":"product_cat-icy-mint","15":"product_cat-mesh-coil","16":"product_cat-rechargeable-disposables","17":"product_cat-unique-blends","18":"product_cat-vape-by-flavor-profile","19":"product_cat-vape-by-nicotine-strength","20":"product_cat-vape-by-puff-count","21":"product_cat-vape-by-feature-or-type","22":"product_cat-vapes-with-screens","24":"first","25":"instock","26":"shipping-taxable","27":"purchasable","28":"product-type-variable","29":"has-default-attributes"},"tiered_pricing_type":"percentage","tiered_pricing_fixed_rules":[],"tiered_pricing_product_settings":{"layout":"default","base_unit_name":{"singular":null,"plural":null},"default_variation":null},"tiered_pricing_minimum_quantity":10,"tiered_pricing_roles_data":[],"tiered_pricing_percentage_rules":{"30":"9","50":"17","100":"23","200":"26","500":"29","1000":"38"},"tiered_pricing_maximum_quantity":null,"tiered_pricing_quantity_step":"10","_links":{"self":[{"href":"https:\/\/agoravape.com\/pl\/wp-json\/wp\/v2\/product\/24338","targetHints":{"allow":["GET"]}}],"collection":[{"href":"https:\/\/agoravape.com\/pl\/wp-json\/wp\/v2\/product"}],"about":[{"href":"https:\/\/agoravape.com\/pl\/wp-json\/wp\/v2\/types\/product"}],"replies":[{"embeddable":true,"href":"https:\/\/agoravape.com\/pl\/wp-json\/wp\/v2\/comments?post=24338"}],"version-history":[{"count":0,"href":"https:\/\/agoravape.com\/pl\/wp-json\/wp\/v2\/product\/24338\/revisions"}],"wp:featuredmedia":[{"embeddable":true,"href":"https:\/\/agoravape.com\/pl\/wp-json\/wp\/v2\/media\/24368"}],"wp:attachment":[{"href":"https:\/\/agoravape.com\/pl\/wp-json\/wp\/v2\/media?parent=24338"}],"wp:term":[{"taxonomy":"product_brand","embeddable":true,"href":"https:\/\/agoravape.com\/pl\/wp-json\/wp\/v2\/product_brand?post=24338"},{"taxonomy":"product_cat","embeddable":true,"href":"https:\/\/agoravape.com\/pl\/wp-json\/wp\/v2\/product_cat?post=24338"},{"taxonomy":"product_tag","embeddable":true,"href":"https:\/\/agoravape.com\/pl\/wp-json\/wp\/v2\/product_tag?post=24338"}],"curies":[{"name":"wp","href":"https:\/\/api.w.org\/{rel}","templated":true}]}}