{"id":24374,"date":"2026-01-26T23:24:03","date_gmt":"2026-01-26T15:24:03","guid":{"rendered":"https:\/\/agoravape.com\/?post_type=product&#038;p=24374"},"modified":"2026-03-21T12:43:59","modified_gmt":"2026-03-21T11:43:59","slug":"bang-leader-100k-4in1-100000-puffow","status":"publish","type":"product","link":"https:\/\/agoravape.com\/pl\/product\/bang-leader-100k-4in1-100000-puffs\/","title":{"rendered":"Bang Leader 100k 100000 zaci\u0105gni\u0119\u0107 4w1 Multi Flavor | Cztery smaki, jedno urz\u0105dzenie, mniej k\u0142opot\u00f3w"},"content":{"rendered":"<h2 data-v-md-heading=\"what-is-the-special-feature-of-bang-leader-100k-100000-mouth-4-in-1-multi-flavor\" data-v-md-line=\"3\"><img loading=\"lazy\" decoding=\"async\" class=\"aligncenter size-full wp-image-24401\" src=\"https:\/\/agoravape.com\/wp-content\/uploads\/2026\/01\/Bang-Leader-100k-100000-Puffs-4in1-Multi-Flavor-Four-Flavours-One-Device-Less-Hassle_Agora_vape-11-scaled.webp\" alt=\"\" width=\"1371\" height=\"2560\" srcset=\"https:\/\/agoravape.com\/wp-content\/uploads\/2026\/01\/Bang-Leader-100k-100000-Puffs-4in1-Multi-Flavor-Four-Flavours-One-Device-Less-Hassle_Agora_vape-11-scaled.webp 1371w, https:\/\/agoravape.com\/wp-content\/uploads\/2026\/01\/Bang-Leader-100k-100000-Puffs-4in1-Multi-Flavor-Four-Flavours-One-Device-Less-Hassle_Agora_vape-11-scaled-1200x2241.webp 1200w, https:\/\/agoravape.com\/wp-content\/uploads\/2026\/01\/Bang-Leader-100k-100000-Puffs-4in1-Multi-Flavor-Four-Flavours-One-Device-Less-Hassle_Agora_vape-11-161x300.webp 161w, https:\/\/agoravape.com\/wp-content\/uploads\/2026\/01\/Bang-Leader-100k-100000-Puffs-4in1-Multi-Flavor-Four-Flavours-One-Device-Less-Hassle_Agora_vape-11-548x1024.webp 548w, https:\/\/agoravape.com\/wp-content\/uploads\/2026\/01\/Bang-Leader-100k-100000-Puffs-4in1-Multi-Flavor-Four-Flavours-One-Device-Less-Hassle_Agora_vape-11-768x1434.webp 768w, https:\/\/agoravape.com\/wp-content\/uploads\/2026\/01\/Bang-Leader-100k-100000-Puffs-4in1-Multi-Flavor-Four-Flavours-One-Device-Less-Hassle_Agora_vape-11-823x1536.webp 823w, https:\/\/agoravape.com\/wp-content\/uploads\/2026\/01\/Bang-Leader-100k-100000-Puffs-4in1-Multi-Flavor-Four-Flavours-One-Device-Less-Hassle_Agora_vape-11-1097x2048.webp 1097w, https:\/\/agoravape.com\/wp-content\/uploads\/2026\/01\/Bang-Leader-100k-100000-Puffs-4in1-Multi-Flavor-Four-Flavours-One-Device-Less-Hassle_Agora_vape-11-6x12.webp 6w\" sizes=\"auto, (max-width: 1371px) 100vw, 1371px\" \/><\/h2>\n<h2 data-v-md-heading=\"what-is-the-special-feature-of-bang-leader-100k-100000-mouth-4-in-1-multi-flavor\" data-v-md-line=\"3\">Jakie s\u0105 szczeg\u00f3lne cechy Bang Leader 100k 100000 mouth 4-in-1 multi flavour?<\/h2>\n<p data-v-md-line=\"5\">Je\u015bli masz do\u015b\u0107 palenia tylko jednego smaku przez ca\u0142y dzie\u0144, ten produkt u\u0142atwi Ci \u017cycie. Bang Leader 100k to jednorazowy waporyzator o du\u017cej pojemno\u015bci, kt\u00f3ry pozwala na delektowanie si\u0119 czterema smakami za pomoc\u0105 jednego urz\u0105dzenia, umo\u017cliwiaj\u0105c zmian\u0119 aromat\u00f3w w dowolnym miejscu i czasie \u2013 bez konieczno\u015bci noszenia zapasowych wk\u0142ad\u00f3w lub kupowania kilku r\u00f3\u017cnych waporyzator\u00f3w, aby zachowa\u0107 \u015bwie\u017co\u015b\u0107.<\/p>\n<p data-v-md-line=\"7\">Jeszcze jedna nieoczekiwana rzecz: urz\u0105dzenie z 100 000 port\u00f3w mo\u017ce wydawa\u0107 si\u0119 ci\u0119\u017ckie jak ceg\u0142a w kieszeni, ale w rzeczywisto\u015bci jest bardzo \u0142atwe do przenoszenia. Ten produkt zosta\u0142 zaprojektowany dla os\u00f3b, kt\u00f3re ceni\u0105 sobie trwa\u0142o\u015b\u0107 i \u0142atwo\u015b\u0107 obs\u0142ugi oraz chc\u0105 ograniczy\u0107 konieczno\u015b\u0107 \u201ekupowania, wyrzucania i ponownego kupowania\u201d.<\/p>\n<h2 data-v-md-heading=\"excellent-performance-and-easy-operation\" data-v-md-line=\"9\">Doskona\u0142a wydajno\u015b\u0107 i \u0142atwa obs\u0142uga<\/h2>\n<p data-v-md-line=\"11\">Wbudowana grza\u0142ka mesh 1,0 \u03a9 zapewnia sta\u0142y smak i nie pogarsza si\u0119 w kr\u00f3tkim czasie, jak w przypadku innych waporyzator\u00f3w. Gdy bateria jest s\u0142aba, mo\u017cna na\u0142adowa\u0107 j\u0105 za pomoc\u0105 interfejsu Type-C \u2013 tego samego, kt\u00f3rego wi\u0119kszo\u015b\u0107 u\u017cytkownik\u00f3w u\u017cywa do \u0142adowania telefon\u00f3w. Nie jest wymagana specjalna \u0142adowarka, a korzystanie z urz\u0105dzenia jest bardzo wygodne.<\/p>\n<h2 data-v-md-heading=\"quick-specifications\" data-v-md-line=\"13\">Szybkie specyfikacje<\/h2>\n<ul data-v-md-line=\"14\">\n<li>Cz\u0119stotliwo\u015b\u0107 palenia: do 100000 zaci\u0105gni\u0119\u0107<\/li>\n<li>Zawarto\u015b\u0107 nikotyny: (nie podano wprost w danych produktu \u2013 prosimy o kontakt, aby\u015bmy mogli potwierdzi\u0107 aktualne opcje magazynowe)<\/li>\n<li>Stosowanie: Wdychaj, aby aktywowa\u0107<\/li>\n<li>Spos\u00f3b \u0142adowania: Interfejs USB typu C<\/li>\n<li>Pojemno\u015b\u0107 baterii: 850mAh (17350)<\/li>\n<li>Rdze\u0144 rozpylaj\u0105cy: rdze\u0144 rozpylaj\u0105cy o oczkach 1,0 \u03a9<\/li>\n<li>Status produktu: Gotowy do u\u017cycia od razu po wyj\u0119ciu z pude\u0142ka<\/li>\n<li>Waga pojedynczej sztuki: 137,8 grama<\/li>\n<\/ul>\n<h2 data-v-md-heading=\"complete-flavor-lineup\" data-v-md-line=\"23\">Pe\u0142na gama smak\u00f3w<\/h2>\n<p data-v-md-line=\"25\">Poniewa\u017c jest to waporyzator typu \u201ecztery w jednym\u201d, smaki oferowane s\u0105 w czterech kombinacjach smakowych (wszystkie cztery smaki znajdziesz na tym samym urz\u0105dzeniu). Oto kilka potwierdzonych kombinacji smakowych:<\/p>\n<ul data-v-md-line=\"26\">\n<li>Cytryna z limonk\u0105 \/ Arbuzowy l\u00f3d \/ Czarny smok z lodem \/ Truskawkowy smoczy owoc \/ Mi\u0142o\u015b\u0107 666<\/li>\n<li>Waniliowa cola \/ Cytryna-brzoskwinia \/ Truskawka-malina-wi\u015bnia\/ Winogronowy l\u00f3d<\/li>\n<li>Winogronowy wybuch \/ L\u00f3d liczi \/ Brzoskwiniowo-jagodowy \/ Kiwi, marakuja, guawa<\/li>\n<li>Arbuzowy l\u00f3d \/ Truskawkowo-mango \/ Jagodowy l\u00f3d \/ Musuj\u0105ca wi\u015bnia<\/li>\n<li>Truskawka z arbuzem \/ Wi\u015bniowa cola \/ Soczysty l\u00f3d brzoskwiniowy \/ Orze\u017awiaj\u0105cy grejpfrut<\/li>\n<li>Cytryna z limonk\u0105 \/ Lody truskawkowe \/ Malina z arbuzem \/ Musuj\u0105ca wi\u015bnia<\/li>\n<li>R\u00f3\u017cowa lemoniada \/ Kiwi, marakuja, guawa \/ Brzoskwinia i jagoda \/ Truskawka i banan<\/li>\n<li>Truskawka-mango \/ Lemoniada Blue Razz \/ Lody waniliowe \/ Kwa\u015bny potr\u00f3jny sok jagodowy<\/li>\n<li>Mieszane jagody \/ Wi\u015bnia z cytryn\u0105 \/ Truskawka z kiwi \/ Truskawka z arbuzem i gum\u0105 balonow\u0105<\/li>\n<li>Mojito \/ Monster Mango \/ Lady Killer \/ R\u00f3\u017cowa lemoniada<\/li>\n<\/ul>\n<h2 data-v-md-heading=\"suitable-for-you-and-your-business\" data-v-md-line=\"37\">Odpowiednie dla Ciebie i Twojej firmy<\/h2>\n<p data-v-md-line=\"39\">Je\u015bli u\u017cywasz go do u\u017cytku osobistego, mo\u017cesz kupi\u0107 Bang Leader 100k osobno. Je\u015bli prowadzisz sklep lub sprzedajesz online, sprzeda\u017c hurtowa to r\u00f3wnie\u017c dobry wyb\u00f3r, poniewa\u017c klientom podoba si\u0119 koncepcja \u201ejedno urz\u0105dzenie, cztery smaki\u201d \u2013 mo\u017ce to zmniejszy\u0107 zm\u0119czenie smakiem.<\/p>\n<p data-v-md-line=\"41\">W przypadku sprzeda\u017cy hurtowej dane dotycz\u0105ce opakowania obejmuj\u0105 200 sztuk\/karton (wymiary kartonu: 51,5 \u00d7 51,5 \u00d7 30,5 cm, waga ca\u0142kowita: 30 kg). Wsp\u00f3\u0142pracujemy z niezawodnymi liniami wysy\u0142kowymi w UE i g\u0142\u00f3wnymi przewo\u017anikami, takimi jak DHL, DPD i UPS, aby zapewni\u0107 Pa\u0144stwu brak \u201ewypadk\u00f3w\u201d na odprawie celnej.<\/p>\n<h2 data-v-md-heading=\"reasons-why-you-will-like-it\" data-v-md-line=\"43\">Powody, dla kt\u00f3rych Ci si\u0119 spodoba<\/h2>\n<ul data-v-md-line=\"44\">\n<li>Trwa\u0142o\u015b\u0107: D\u0142uga \u017cywotno\u015b\u0107 baterii, nie ma potrzeby cz\u0119stej wymiany urz\u0105dzenia.<\/li>\n<li>Cztery smaki: Gdy znudz\u0105 Ci si\u0119 smaki, mo\u017cesz je w ka\u017cdej chwili zmieni\u0107.<\/li>\n<li>Interfejs \u0142adowania typu C: Wygodny, pozwala w pe\u0142ni wykorzysta\u0107 urz\u0105dzenie i unikn\u0105\u0107 jego przedwczesnej utylizacji.<\/li>\n<li>Siatkowy rdze\u0144 atomizera: gwarantuje sta\u0142y smak.<\/li>\n<\/ul>\n<h2 data-v-md-heading=\"why-choose-agoravape\" data-v-md-line=\"49\">Dlaczego warto wybra\u0107 AgoraVape?<\/h2>\n<p data-v-md-line=\"51\">Przede wszystkim kierujemy si\u0119 zasad\u0105 prostoty: 100% gwarancja oryginalno\u015bci produktu, wygodne wsparcie hurtowe oraz szybka i niezawodna dostawa logistyczna w Europie. Je\u015bli chcesz dystrybuowa\u0107 past\u0119 do z\u0119b\u00f3w Bang Leader 100k 4-w-1 Multi Flavor i chcesz zach\u0119ci\u0107 klient\u00f3w do regularnego zakupu dzi\u0119ki jej praktycznej naturze, skontaktuj si\u0119 z nami, a ustalimy cen\u0119 i dostaw\u0119.<\/p>\n<p><script src=\"chrome-extension:\/\/fpelahbljekknahkcaegamhcndkfpfnc\/iFrame.js\" type=\"text\/javascript\"><\/script><\/p>","protected":false},"excerpt":{"rendered":"<p>&nbsp;<\/p>\n<p><script src=\"chrome-extension:\/\/fpelahbljekknahkcaegamhcndkfpfnc\/iFrame.js\" type=\"text\/javascript\"><\/script><\/p>\n<p><script src=\"chrome-extension:\/\/fpelahbljekknahkcaegamhcndkfpfnc\/iFrame.js\" type=\"text\/javascript\"><\/script><\/p>\n<p><script src=\"chrome-extension:\/\/fpelahbljekknahkcaegamhcndkfpfnc\/iFrame.js\" type=\"text\/javascript\"><\/script><\/p>\n<p><script src=\"chrome-extension:\/\/fpelahbljekknahkcaegamhcndkfpfnc\/iFrame.js\" type=\"text\/javascript\"><\/script><\/p>\n<p><script src=\"chrome-extension:\/\/fpelahbljekknahkcaegamhcndkfpfnc\/iFrame.js\" type=\"text\/javascript\"><\/script><\/p>","protected":false},"featured_media":24400,"comment_status":"open","ping_status":"closed","template":"","meta":[],"product_brand":[197],"product_cat":[124,187,185,188,189,123,1674,174,175,193,191,179,173,186,180,190,192],"product_tag":[],"class_list":{"0":"post-24374","1":"product","2":"type-product","3":"status-publish","4":"has-post-thumbnail","6":"product_brand-bang","7":"product_cat-vape-by-brand","8":"product_cat-0mg-nicotine-free-vapes","9":"product_cat-10000-puffs-high-capacity","10":"product_cat-10mg-low-nicotine-vapes","11":"product_cat-20mg-standard-nicotine-vapes","12":"product_cat-bang","13":"product_cat-eu-warehouse","14":"product_cat-fruit-flavors","15":"product_cat-icy-mint","16":"product_cat-mesh-coil","17":"product_cat-rechargeable-disposables","18":"product_cat-unique-blends","19":"product_cat-vape-by-flavor-profile","20":"product_cat-vape-by-nicotine-strength","21":"product_cat-vape-by-puff-count","22":"product_cat-vape-by-feature-or-type","23":"product_cat-vapes-with-screens","25":"first","26":"instock","27":"shipping-taxable","28":"purchasable","29":"product-type-variable","30":"has-default-attributes"},"tiered_pricing_type":"percentage","tiered_pricing_fixed_rules":[],"tiered_pricing_product_settings":{"layout":"default","base_unit_name":{"singular":null,"plural":null},"default_variation":null},"tiered_pricing_minimum_quantity":10,"tiered_pricing_roles_data":[],"tiered_pricing_percentage_rules":{"30":"9","50":"17","100":"23","200":"25","500":"28","1000":"33"},"tiered_pricing_maximum_quantity":null,"tiered_pricing_quantity_step":"10","_links":{"self":[{"href":"https:\/\/agoravape.com\/pl\/wp-json\/wp\/v2\/product\/24374","targetHints":{"allow":["GET"]}}],"collection":[{"href":"https:\/\/agoravape.com\/pl\/wp-json\/wp\/v2\/product"}],"about":[{"href":"https:\/\/agoravape.com\/pl\/wp-json\/wp\/v2\/types\/product"}],"replies":[{"embeddable":true,"href":"https:\/\/agoravape.com\/pl\/wp-json\/wp\/v2\/comments?post=24374"}],"version-history":[{"count":0,"href":"https:\/\/agoravape.com\/pl\/wp-json\/wp\/v2\/product\/24374\/revisions"}],"wp:featuredmedia":[{"embeddable":true,"href":"https:\/\/agoravape.com\/pl\/wp-json\/wp\/v2\/media\/24400"}],"wp:attachment":[{"href":"https:\/\/agoravape.com\/pl\/wp-json\/wp\/v2\/media?parent=24374"}],"wp:term":[{"taxonomy":"product_brand","embeddable":true,"href":"https:\/\/agoravape.com\/pl\/wp-json\/wp\/v2\/product_brand?post=24374"},{"taxonomy":"product_cat","embeddable":true,"href":"https:\/\/agoravape.com\/pl\/wp-json\/wp\/v2\/product_cat?post=24374"},{"taxonomy":"product_tag","embeddable":true,"href":"https:\/\/agoravape.com\/pl\/wp-json\/wp\/v2\/product_tag?post=24374"}],"curies":[{"name":"wp","href":"https:\/\/api.w.org\/{rel}","templated":true}]}}