{"id":24433,"date":"2026-01-26T23:44:29","date_gmt":"2026-01-26T15:44:29","guid":{"rendered":"https:\/\/agoravape.com\/?post_type=product&#038;p=24433"},"modified":"2026-03-09T03:29:44","modified_gmt":"2026-03-09T02:29:44","slug":"bang-leader-120k-2w1-120000-puffow","status":"publish","type":"product","link":"https:\/\/agoravape.com\/pl\/product\/bang-leader-120k-2in1-120000-puffs\/","title":{"rendered":"Bang Leader 120k 120000 zaci\u0105gni\u0119\u0107 2w1 smak Vape | Dwa smaki w jednym, mniej k\u0142opot\u00f3w na co dzie\u0144"},"content":{"rendered":"<h2 data-v-md-heading=\"what-is-the-special-feature-of-bang-leader-120k-120000-2-in-1-flavor-vape\" data-v-md-line=\"3\"><img loading=\"lazy\" decoding=\"async\" class=\"aligncenter size-full wp-image-24459\" src=\"https:\/\/agoravape.com\/wp-content\/uploads\/2026\/01\/Bang-Leader-120k-120000-Puffs-2in1-Flavor-Vape-Two-Flavours-in-One-Less-Hassle-Day-to-Day_Agora_vape-15-scaled.webp\" alt=\"\" width=\"2560\" height=\"1440\" srcset=\"https:\/\/agoravape.com\/wp-content\/uploads\/2026\/01\/Bang-Leader-120k-120000-Puffs-2in1-Flavor-Vape-Two-Flavours-in-One-Less-Hassle-Day-to-Day_Agora_vape-15-scaled.webp 2560w, https:\/\/agoravape.com\/wp-content\/uploads\/2026\/01\/Bang-Leader-120k-120000-Puffs-2in1-Flavor-Vape-Two-Flavours-in-One-Less-Hassle-Day-to-Day_Agora_vape-15-scaled-1200x675.webp 1200w, https:\/\/agoravape.com\/wp-content\/uploads\/2026\/01\/Bang-Leader-120k-120000-Puffs-2in1-Flavor-Vape-Two-Flavours-in-One-Less-Hassle-Day-to-Day_Agora_vape-15-300x169.webp 300w, https:\/\/agoravape.com\/wp-content\/uploads\/2026\/01\/Bang-Leader-120k-120000-Puffs-2in1-Flavor-Vape-Two-Flavours-in-One-Less-Hassle-Day-to-Day_Agora_vape-15-1024x576.webp 1024w, https:\/\/agoravape.com\/wp-content\/uploads\/2026\/01\/Bang-Leader-120k-120000-Puffs-2in1-Flavor-Vape-Two-Flavours-in-One-Less-Hassle-Day-to-Day_Agora_vape-15-768x432.webp 768w, https:\/\/agoravape.com\/wp-content\/uploads\/2026\/01\/Bang-Leader-120k-120000-Puffs-2in1-Flavor-Vape-Two-Flavours-in-One-Less-Hassle-Day-to-Day_Agora_vape-15-1536x864.webp 1536w, https:\/\/agoravape.com\/wp-content\/uploads\/2026\/01\/Bang-Leader-120k-120000-Puffs-2in1-Flavor-Vape-Two-Flavours-in-One-Less-Hassle-Day-to-Day_Agora_vape-15-2048x1152.webp 2048w, https:\/\/agoravape.com\/wp-content\/uploads\/2026\/01\/Bang-Leader-120k-120000-Puffs-2in1-Flavor-Vape-Two-Flavours-in-One-Less-Hassle-Day-to-Day_Agora_vape-15-18x10.webp 18w\" sizes=\"auto, (max-width: 2560px) 100vw, 2560px\" \/><\/h2>\n<h2 data-v-md-heading=\"what-is-the-special-feature-of-bang-leader-120k-120000-2-in-1-flavor-vape\" data-v-md-line=\"3\"><img loading=\"lazy\" decoding=\"async\" class=\"aligncenter size-full wp-image-27745\" src=\"https:\/\/agoravape.com\/wp-content\/uploads\/2026\/01\/ab2846df4361fdef09fcd33e8cf96839.jpg\" alt=\"\" width=\"1706\" height=\"1279\" srcset=\"https:\/\/agoravape.com\/wp-content\/uploads\/2026\/01\/ab2846df4361fdef09fcd33e8cf96839.jpg 1706w, https:\/\/agoravape.com\/wp-content\/uploads\/2026\/01\/ab2846df4361fdef09fcd33e8cf96839-300x225.jpg 300w, https:\/\/agoravape.com\/wp-content\/uploads\/2026\/01\/ab2846df4361fdef09fcd33e8cf96839-1024x768.jpg 1024w, https:\/\/agoravape.com\/wp-content\/uploads\/2026\/01\/ab2846df4361fdef09fcd33e8cf96839-768x576.jpg 768w, https:\/\/agoravape.com\/wp-content\/uploads\/2026\/01\/ab2846df4361fdef09fcd33e8cf96839-1536x1152.jpg 1536w, https:\/\/agoravape.com\/wp-content\/uploads\/2026\/01\/ab2846df4361fdef09fcd33e8cf96839-16x12.jpg 16w, https:\/\/agoravape.com\/wp-content\/uploads\/2026\/01\/ab2846df4361fdef09fcd33e8cf96839-1200x900.jpg 1200w\" sizes=\"auto, (max-width: 1706px) 100vw, 1706px\" \/><\/h2>\n<h2 data-v-md-heading=\"what-is-the-special-feature-of-bang-leader-120k-120000-2-in-1-flavor-vape\" data-v-md-line=\"3\"><img loading=\"lazy\" decoding=\"async\" class=\"aligncenter size-full wp-image-27747\" src=\"https:\/\/agoravape.com\/wp-content\/uploads\/2026\/01\/2f022db8983595eff96ae895b83c9f3e.jpg\" alt=\"\" width=\"1706\" height=\"1279\" srcset=\"https:\/\/agoravape.com\/wp-content\/uploads\/2026\/01\/2f022db8983595eff96ae895b83c9f3e.jpg 1706w, https:\/\/agoravape.com\/wp-content\/uploads\/2026\/01\/2f022db8983595eff96ae895b83c9f3e-300x225.jpg 300w, https:\/\/agoravape.com\/wp-content\/uploads\/2026\/01\/2f022db8983595eff96ae895b83c9f3e-1024x768.jpg 1024w, https:\/\/agoravape.com\/wp-content\/uploads\/2026\/01\/2f022db8983595eff96ae895b83c9f3e-768x576.jpg 768w, https:\/\/agoravape.com\/wp-content\/uploads\/2026\/01\/2f022db8983595eff96ae895b83c9f3e-1536x1152.jpg 1536w, https:\/\/agoravape.com\/wp-content\/uploads\/2026\/01\/2f022db8983595eff96ae895b83c9f3e-16x12.jpg 16w, https:\/\/agoravape.com\/wp-content\/uploads\/2026\/01\/2f022db8983595eff96ae895b83c9f3e-1200x900.jpg 1200w\" sizes=\"auto, (max-width: 1706px) 100vw, 1706px\" \/><\/h2>\n<h2 data-v-md-heading=\"what-is-the-special-feature-of-bang-leader-120k-120000-2-in-1-flavor-vape\" data-v-md-line=\"3\">Jakie s\u0105 szczeg\u00f3lne cechy waporyzatora smakowego Bang Leader 120K 120000 2 w 1?<\/h2>\n<p data-v-md-line=\"5\">Je\u015bli masz do\u015b\u0107 jednorazowych waporyzator\u00f3w, kt\u00f3re wytrzymuj\u0105 tylko jeden lub dwa dni, a potem odczuwasz gwa\u0142towny spadek smaku, to Bang Leader 120K to idealny wyb\u00f3r, o kt\u00f3rym marzy\u0142e\u015b. Zosta\u0142 zaprojektowany do d\u0142ugotrwa\u0142ego u\u017cytkowania (do 120 000 zaci\u0105gni\u0119\u0107) i wyposa\u017cony w system smak\u00f3w 2 w 1, kt\u00f3ry pozwala na \u0142atw\u0105 zmian\u0119 smak\u00f3w bez konieczno\u015bci noszenia drugiego waporyzatora.<\/p>\n<p data-v-md-line=\"7\">Mo\u017cesz mie\u0107 wra\u017cenie, \u017ce waporyzator, kt\u00f3ry rzekomo ma tak wielu palaczy, b\u0119dzie ci\u0119\u017cki jak ceg\u0142a w kieszeni. W rzeczywisto\u015bci jednak ma wygodny uchwyt, a pojedynczy ci\u0119\u017carek wa\u017cy 110,2 grama, co zapewnia zar\u00f3wno wag\u0119, jak i nie wygl\u0105da na niepor\u0119czny.<\/p>\n<h2 data-v-md-heading=\"excellent-performance-and-easy-operation\" data-v-md-line=\"9\">Doskona\u0142a wydajno\u015b\u0107 i \u0142atwa obs\u0142uga<\/h2>\n<p data-v-md-line=\"11\">Bang\u2019s design is simple and clear: 1.0 \u03a9 mesh coil is r<\/p>\n<p data-v-md-line=\"11\">esponsible for the taste, ensuring consistent suction resistance and avoiding the situation of thinning or sticking to the core halfway through suction. When the battery is low, it can be charged through the Type-C interface, which means you can use the same data cable that you usually charge your phone with. Everything is under control.<\/p>\n<h2 data-v-md-heading=\"quick-specifications\" data-v-md-line=\"13\">Szybkie specyfikacje<\/h2>\n<ul data-v-md-line=\"14\">\n<li>Cz\u0119stotliwo\u015b\u0107 palenia: do 120000 zaci\u0105gni\u0119\u0107<\/li>\n<li>Pojemno\u015b\u0107 baterii: 650mAh (\u0142adowalna)<\/li>\n<li>Rdze\u0144 rozpylaj\u0105cy: rdze\u0144 rozpylaj\u0105cy o oczkach 1,0 \u03a9<\/li>\n<li>Stosowanie: Wdychaj, aby aktywowa\u0107<\/li>\n<li>Interfejs \u0142adowania: Interfejs typu C<\/li>\n<li>Waga: 110,2 grama na sztuk\u0119<\/li>\n<li>Status: Gotowy do u\u017cycia od razu po wyj\u0119ciu z pude\u0142ka<\/li>\n<\/ul>\n<h2 data-v-md-heading=\"complete-flavor-lineup\" data-v-md-line=\"22\">Pe\u0142na gama smak\u00f3w<\/h2>\n<p data-v-md-line=\"24\">Ka\u017cde urz\u0105dzenie jest dost\u0119pne w dw\u00f3ch kombinacjach smakowych:<\/p>\n<ul data-v-md-line=\"25\">\n<li>Blue Razz \/ Love 66<\/li>\n<li>Truskawka Wi\u015bnia \/ Kiwi Marakuja Guawa<\/li>\n<li>Guma balonowa o smaku arbuza \/ mieszane owoce<\/li>\n<li>Truskawka Banan \/ Wi\u015bnia Fiesta<\/li>\n<li>Arbuzowy l\u00f3d \/ Brzoskwiniowo-mango<\/li>\n<li>L\u00f3d jagodowy \/ Malina cytrynowa<\/li>\n<li>Czerwona Energia \/ Lody Winogronowe<\/li>\n<li>Truskawka z arbuzem \/ pomara\u0144czowa soda<\/li>\n<li>Cola Ice \/ Wi\u015bnia \u017burawina<\/li>\n<li>L\u00f3d jagodowy \/ Czarna porzeczka<\/li>\n<li>Malinowy Mojito Brzoskwiniowy L\u00f3d \/ Lady Killer<\/li>\n<li>Arbuzowy l\u00f3d \/ Truskawkowa mamba<\/li>\n<\/ul>\n<h2 data-v-md-heading=\"suitable-for-you-and-your-business\" data-v-md-line=\"38\">Odpowiednie dla Ciebie i Twojej firmy<\/h2>\n<p data-v-md-line=\"40\">Bang Leader 120K mo\u017cna kupi\u0107 do u\u017cytku osobistego, ale nadaje si\u0119 r\u00f3wnie\u017c do sprzeda\u017cy w sklepach stacjonarnych. To wygodny, szybki i aromatyczny produkt do wapowania, kt\u00f3ry cieszy si\u0119 ogromnym uznaniem klient\u00f3w.<\/p>\n<p data-v-md-line=\"42\">W zakresie planowania sprzeda\u017cy hurtowej i logistyki, nasze specyfikacje opakowa\u0144 s\u0105 nast\u0119puj\u0105ce: 200 sztuk w kartonie (wymiary kartonu: 65 \u00d7 31 \u00d7 26 cm, 23,7 kg). W przypadku zam\u00f3wienia hurtowego pomo\u017cemy Pa\u0144stwu w wyborze najodpowiedniejszego rozwi\u0105zania transportowego, aby zapewni\u0107 sprawn\u0105 i bezproblemow\u0105 logistyk\u0119.<\/p>\n<h2 data-v-md-heading=\"reasons-why-you-will-like-it\" data-v-md-line=\"44\">Powody, dla kt\u00f3rych Ci si\u0119 spodoba<\/h2>\n<ul data-v-md-line=\"45\">\n<li>D\u0142uga \u017cywotno\u015b\u0107 baterii: Trwa\u0142a i wytrzyma\u0142a, nie wymaga cz\u0119stej wymiany.<\/li>\n<li>Smak 2 w 1: Mo\u017cesz zmienia\u0107 smaki bez otwierania nowego urz\u0105dzenia.<\/li>\n<li>\u0141adowanie przez z\u0142\u0105cze typu C: pozwala w pe\u0142ni wykorzysta\u0107 mo\u017cliwo\u015bci urz\u0105dzenia i unikn\u0105\u0107 jego przedwczesnego z\u0142omowania.<\/li>\n<li>Rdze\u0144 atomizera siatkowego: Od pierwszego k\u0119sa utrzymuje stabilny smak.<\/li>\n<\/ul>\n<h2 data-v-md-heading=\"why-choose-to-collaborate-with-agoravape\" data-v-md-line=\"50\">Dlaczego warto zdecydowa\u0107 si\u0119 na wsp\u00f3\u0142prac\u0119 z AgoraVape?<\/h2>\n<p data-v-md-line=\"52\">AgoraVape koncentruje si\u0119 na naprawd\u0119 wa\u017cnych aspektach: gwarancji oryginalno\u015bci produktu, niezawodnej logistyce dostaw i rozs\u0105dnych cenach dla sta\u0142ych klient\u00f3w. Je\u015bli chcesz dystrybuowa\u0107 waporyzatory Bang Leader 120k 120000 o smaku dwa w jednym, skontaktuj si\u0119 z nami, a przedstawimy Ci ofert\u0119 hurtow\u0105 i plan wysy\u0142ki w oparciu o Tw\u00f3j kraj\/region i wielko\u015b\u0107 zam\u00f3wienia.<\/p>\n<p><script src=\"chrome-extension:\/\/fpelahbljekknahkcaegamhcndkfpfnc\/iFrame.js\" type=\"text\/javascript\"><\/script><\/p>\n<div style=\"width: 720px;\" class=\"wp-video\"><video class=\"wp-video-shortcode\" id=\"video-24433-1\" width=\"720\" height=\"1280\" preload=\"metadata\" controls=\"controls\"><source type=\"video\/mp4\" src=\"https:\/\/agoravape.com\/wp-content\/uploads\/2026\/01\/85c5d9235dfb8b0aa86d7048f4dc2209.mp4?_=1\" \/><a href=\"https:\/\/agoravape.com\/wp-content\/uploads\/2026\/01\/85c5d9235dfb8b0aa86d7048f4dc2209.mp4\">https:\/\/agoravape.com\/wp-content\/uploads\/2026\/01\/85c5d9235dfb8b0aa86d7048f4dc2209.mp4<\/a><\/video><\/div>\n<p><script src=\"chrome-extension:\/\/fpelahbljekknahkcaegamhcndkfpfnc\/iFrame.js\" type=\"text\/javascript\"><\/script><\/p>\n<p><script src=\"chrome-extension:\/\/fpelahbljekknahkcaegamhcndkfpfnc\/iFrame.js\" type=\"text\/javascript\"><\/script><\/p>","protected":false},"excerpt":{"rendered":"<p>&nbsp;<\/p>\n<p><script src=\"chrome-extension:\/\/fpelahbljekknahkcaegamhcndkfpfnc\/iFrame.js\" type=\"text\/javascript\"><\/script><\/p>\n<p><script src=\"chrome-extension:\/\/fpelahbljekknahkcaegamhcndkfpfnc\/iFrame.js\" type=\"text\/javascript\"><\/script><\/p>\n<p><script src=\"chrome-extension:\/\/fpelahbljekknahkcaegamhcndkfpfnc\/iFrame.js\" type=\"text\/javascript\"><\/script><\/p>\n<p><script src=\"chrome-extension:\/\/fpelahbljekknahkcaegamhcndkfpfnc\/iFrame.js\" type=\"text\/javascript\"><\/script><\/p>\n<p><script src=\"chrome-extension:\/\/fpelahbljekknahkcaegamhcndkfpfnc\/iFrame.js\" type=\"text\/javascript\"><\/script><\/p>\n<p><script src=\"chrome-extension:\/\/fpelahbljekknahkcaegamhcndkfpfnc\/iFrame.js\" type=\"text\/javascript\"><\/script><\/p>\n<p><script src=\"chrome-extension:\/\/fpelahbljekknahkcaegamhcndkfpfnc\/iFrame.js\" type=\"text\/javascript\"><\/script><\/p>\n<p><script src=\"chrome-extension:\/\/fpelahbljekknahkcaegamhcndkfpfnc\/iFrame.js\" type=\"text\/javascript\"><\/script><\/p>\n<p><script src=\"chrome-extension:\/\/fpelahbljekknahkcaegamhcndkfpfnc\/iFrame.js\" type=\"text\/javascript\"><\/script><\/p>","protected":false},"featured_media":24455,"comment_status":"open","ping_status":"closed","template":"","meta":[],"product_brand":[197],"product_cat":[124,187,185,188,189,123,195,174,175,193,191,179,173,186,180,190,192],"product_tag":[],"class_list":{"0":"post-24433","1":"product","2":"type-product","3":"status-publish","4":"has-post-thumbnail","6":"product_brand-bang","7":"product_cat-vape-by-brand","8":"product_cat-0mg-nicotine-free-vapes","9":"product_cat-10000-puffs-high-capacity","10":"product_cat-10mg-low-nicotine-vapes","11":"product_cat-20mg-standard-nicotine-vapes","12":"product_cat-bang","13":"product_cat-dual-flavor-switch","14":"product_cat-fruit-flavors","15":"product_cat-icy-mint","16":"product_cat-mesh-coil","17":"product_cat-rechargeable-disposables","18":"product_cat-unique-blends","19":"product_cat-vape-by-flavor-profile","20":"product_cat-vape-by-nicotine-strength","21":"product_cat-vape-by-puff-count","22":"product_cat-vape-by-feature-or-type","23":"product_cat-vapes-with-screens","25":"first","26":"instock","27":"shipping-taxable","28":"purchasable","29":"product-type-variable","30":"has-default-attributes"},"tiered_pricing_type":"percentage","tiered_pricing_fixed_rules":[],"tiered_pricing_product_settings":{"layout":"default","base_unit_name":{"singular":null,"plural":null},"default_variation":null},"tiered_pricing_minimum_quantity":10,"tiered_pricing_roles_data":[],"tiered_pricing_percentage_rules":{"30":"9","50":"17","100":"23","200":"25","500":"28","1000":"30"},"tiered_pricing_maximum_quantity":null,"tiered_pricing_quantity_step":"10","_links":{"self":[{"href":"https:\/\/agoravape.com\/pl\/wp-json\/wp\/v2\/product\/24433","targetHints":{"allow":["GET"]}}],"collection":[{"href":"https:\/\/agoravape.com\/pl\/wp-json\/wp\/v2\/product"}],"about":[{"href":"https:\/\/agoravape.com\/pl\/wp-json\/wp\/v2\/types\/product"}],"replies":[{"embeddable":true,"href":"https:\/\/agoravape.com\/pl\/wp-json\/wp\/v2\/comments?post=24433"}],"version-history":[{"count":0,"href":"https:\/\/agoravape.com\/pl\/wp-json\/wp\/v2\/product\/24433\/revisions"}],"wp:featuredmedia":[{"embeddable":true,"href":"https:\/\/agoravape.com\/pl\/wp-json\/wp\/v2\/media\/24455"}],"wp:attachment":[{"href":"https:\/\/agoravape.com\/pl\/wp-json\/wp\/v2\/media?parent=24433"}],"wp:term":[{"taxonomy":"product_brand","embeddable":true,"href":"https:\/\/agoravape.com\/pl\/wp-json\/wp\/v2\/product_brand?post=24433"},{"taxonomy":"product_cat","embeddable":true,"href":"https:\/\/agoravape.com\/pl\/wp-json\/wp\/v2\/product_cat?post=24433"},{"taxonomy":"product_tag","embeddable":true,"href":"https:\/\/agoravape.com\/pl\/wp-json\/wp\/v2\/product_tag?post=24433"}],"curies":[{"name":"wp","href":"https:\/\/api.w.org\/{rel}","templated":true}]}}