{"id":26714,"date":"2026-03-06T01:25:23","date_gmt":"2026-03-06T00:25:23","guid":{"rendered":"https:\/\/agoravape.com\/?post_type=product&#038;p=26714"},"modified":"2026-03-06T02:29:25","modified_gmt":"2026-03-06T01:29:25","slug":"bang-legend-60k-60000","status":"publish","type":"product","link":"https:\/\/agoravape.com\/pl\/product\/bang-legend-60k-60000\/","title":{"rendered":"BANG Legend 60K | Najlepszy jednorazowy waporyzator, kt\u00f3ry dzia\u0142a i dzia\u0142a"},"content":{"rendered":"<h2 data-v-md-heading=\"what-is-the-special-feature-of-the-bang-legend-60k-60000-dual-mesh-atomizer-disposable-vape\" data-v-md-line=\"3\"><img loading=\"lazy\" decoding=\"async\" class=\"size-full wp-image-26729 alignright\" src=\"https:\/\/agoravape.com\/wp-content\/uploads\/2026\/03\/BANG-Legend-60K-The-Ultimate-Disposable-Vape-That-Keeps-Going-and-Going_Agora_vape-1.webp\" alt=\"\" width=\"1000\" height=\"500\" srcset=\"https:\/\/agoravape.com\/wp-content\/uploads\/2026\/03\/BANG-Legend-60K-The-Ultimate-Disposable-Vape-That-Keeps-Going-and-Going_Agora_vape-1.webp 1000w, https:\/\/agoravape.com\/wp-content\/uploads\/2026\/03\/BANG-Legend-60K-The-Ultimate-Disposable-Vape-That-Keeps-Going-and-Going_Agora_vape-1-300x150.webp 300w, https:\/\/agoravape.com\/wp-content\/uploads\/2026\/03\/BANG-Legend-60K-The-Ultimate-Disposable-Vape-That-Keeps-Going-and-Going_Agora_vape-1-768x384.webp 768w, https:\/\/agoravape.com\/wp-content\/uploads\/2026\/03\/BANG-Legend-60K-The-Ultimate-Disposable-Vape-That-Keeps-Going-and-Going_Agora_vape-1-18x9.webp 18w\" sizes=\"auto, (max-width: 1000px) 100vw, 1000px\" \/><\/h2>\n<h2 data-v-md-heading=\"what-is-the-special-feature-of-the-bang-legend-60k-60000-dual-mesh-atomizer-disposable-vape\" data-v-md-line=\"3\">Jakie s\u0105 szczeg\u00f3lne cechy jednorazowego waporyzatora BANG Legend 60K 60000 z podw\u00f3jn\u0105 siatk\u0105?<\/h2>\n<p data-v-md-line=\"5\">Czy nadal masz problem z cz\u0119st\u0105 wymian\u0105 waporyzator\u00f3w? Czytaj dalej, BANG Legend 60K wkr\u00f3tce stanie si\u0119 Twoim nowym ulubionym. To urz\u0105dzenie ma niesamowit\u0105 \u017cywotno\u015b\u0107 baterii wynosz\u0105c\u0105 60 000 baterii, co czyni je idealnym wyborem dla do\u015bwiadczonych u\u017cytkownik\u00f3w waporyzator\u00f3w i tych, kt\u00f3rym brakuje e-liquidu. Dzi\u0119ki technologii podw\u00f3jnego rdzenia atomizuj\u0105cego i 12 apetycznym opcjom smakowym, urz\u0105dzenie to zapewnia proste, wygodne i satysfakcjonuj\u0105ce doznania z wapowania.<\/p>\n<h2 data-v-md-heading=\"excellent-performance-easy-and-convenient\" data-v-md-line=\"7\">Doskona\u0142a wydajno\u015b\u0107, \u0142atwo\u015b\u0107 i wygoda<\/h2>\n<p data-v-md-line=\"9\">Dzi\u0119ki zintegrowanej podw\u00f3jnej siateczkowej cewce ka\u017cdy k\u0119s BANG Legend 60K jest tak \u015bwie\u017cy i \u0142agodny jak pierwszy, nie musisz si\u0119 ju\u017c martwi\u0107 o nag\u0142y posmak spalenizny w po\u0142owie. Co wi\u0119cej, nie musisz ju\u017c martwi\u0107 si\u0119 o r\u00f3\u017cne \u0142adowarki. Gdy bateria 850 mAh si\u0119 wyczerpie, po prostu pod\u0142\u0105cz j\u0105 do portu Type-C w telefonie. Czy\u017c to nie jest bardzo proste?<\/p>\n<h2 data-v-md-heading=\"quick-specifications\" data-v-md-line=\"11\">Szybkie specyfikacje<\/h2>\n<ul data-v-md-line=\"12\">\n<li>Cz\u0119stotliwo\u015b\u0107 palenia: do 60000 zaci\u0105gni\u0119\u0107<\/li>\n<li>Pojemno\u015b\u0107 baterii: 850mAh<\/li>\n<li>Stosowanie: Wdychaj, aby aktywowa\u0107<\/li>\n<li>Spos\u00f3b \u0142adowania: Standardowy interfejs USB typu C<\/li>\n<li>Status: Gotowy do u\u017cycia od razu po wyj\u0119ciu z pude\u0142ka<\/li>\n<\/ul>\n<h2 data-v-md-heading=\"complete-flavor-lineup\" data-v-md-line=\"18\">Pe\u0142na gama smak\u00f3w<\/h2>\n<ul data-v-md-line=\"19\">\n<li>Truskawka Arbuz<\/li>\n<li>L\u00f3d jagodowy<\/li>\n<li>Jagoda Malina<\/li>\n<li>Truskawka Kiwi<\/li>\n<li>Truskawka Banan<\/li>\n<li>Lody winogronowe<\/li>\n<li>Truskawka Mango<\/li>\n<li>Kiwi Marakuja Guawa<\/li>\n<li>Mamba<\/li>\n<li>Mi\u0142o\u015b\u010766<\/li>\n<li>Mieszane jagody<\/li>\n<li>Brzoskwiniowy l\u00f3d<\/li>\n<\/ul>\n<h2 data-v-md-heading=\"suitable-for-individuals-and-businesses\" data-v-md-line=\"32\">Odpowiednie dla os\u00f3b prywatnych i firm<\/h2>\n<p data-v-md-line=\"34\">BANG Legend 60K jest dost\u0119pny w sprzeda\u017cy detalicznej, aby zaspokoi\u0107 Twoje codzienne potrzeby. Je\u015bli prowadzisz firm\u0119? \u015awietnie! Urz\u0105dzenia te oferujemy r\u00f3wnie\u017c w hurtowych ilo\u015bciach, w opakowaniach hurtowych zawieraj\u0105cych 100 lub 200 sztuk. Ponadto wsp\u00f3\u0142pracujemy z UPS, DPD i DHL, aby zapewni\u0107 niezawodne us\u0142ugi wysy\u0142ki DDP po opodatkowaniu, dzi\u0119ki czemu nie musisz martwi\u0107 si\u0119 o op\u0142aty celne.<\/p>\n<h2 data-v-md-heading=\"reasons-why-you-will-like-it\" data-v-md-line=\"36\">Powody, dla kt\u00f3rych Ci si\u0119 spodoba<\/h2>\n<ul data-v-md-line=\"37\">\n<li>Bardzo d\u0142ugi czas pracy na baterii: Wspomniane w nazwie 60 tys. baterii to nie przesada, dzi\u0119ki czemu unikniesz konieczno\u015bci cz\u0119stego kupowania nowych urz\u0105dze\u0144.<\/li>\n<li>Mo\u017cliwo\u015b\u0107 \u0142adowania: Standardowy interfejs typu C pozwala na \u0142adowanie w dowolnym momencie, co pozwala na pe\u0142ne wykorzystanie ka\u017cdej kropli e-liquidu.<\/li>\n<li>Siatkowy rdze\u0144 atomizera: gwarantuje, \u017ce za ka\u017cdym razem otrzymasz stabilne i satysfakcjonuj\u0105ce doznania w gardle.<\/li>\n<\/ul>\n<h2 data-v-md-heading=\"why-choose-agoravape\" data-v-md-line=\"41\">Dlaczego warto wybra\u0107 AgoraVape?<\/h2>\n<p data-v-md-line=\"43\">Po\u017cegnaj problem podr\u00f3bek - AgoraVape sprzedaje wy\u0142\u0105cznie w 100% oryginalne produkty i oferuje obni\u017cone ceny hurtowe, niezawodne wsparcie posprzeda\u017cowe oraz szybk\u0105 i stabiln\u0105 us\u0142ug\u0119 transportu - Skontaktuj si\u0119 z nami natychmiast, aby zam\u00f3wi\u0107 jednorazowy waporyzator BANG Legend 60K z 60000 portem i podw\u00f3jnymi grza\u0142kami siateczkowymi - Twoi klienci na pewno pokochaj\u0105 ten produkt.<\/p>","protected":false},"excerpt":{"rendered":"<p>&nbsp;<\/p>\n<p><script src=\"chrome-extension:\/\/fpelahbljekknahkcaegamhcndkfpfnc\/iFrame.js\" type=\"text\/javascript\"><\/script><\/p>\n<p><script src=\"chrome-extension:\/\/fpelahbljekknahkcaegamhcndkfpfnc\/iFrame.js\" type=\"text\/javascript\"><\/script><\/p>\n<p><script src=\"chrome-extension:\/\/fpelahbljekknahkcaegamhcndkfpfnc\/iFrame.js\" type=\"text\/javascript\"><\/script><\/p>\n<p><script src=\"chrome-extension:\/\/fpelahbljekknahkcaegamhcndkfpfnc\/iFrame.js\" type=\"text\/javascript\"><\/script><\/p>\n<p><script src=\"chrome-extension:\/\/fpelahbljekknahkcaegamhcndkfpfnc\/iFrame.js\" type=\"text\/javascript\"><\/script><\/p>\n<p><script src=\"chrome-extension:\/\/fpelahbljekknahkcaegamhcndkfpfnc\/iFrame.js\" type=\"text\/javascript\"><\/script><\/p>\n<p><script src=\"chrome-extension:\/\/fpelahbljekknahkcaegamhcndkfpfnc\/iFrame.js\" type=\"text\/javascript\"><\/script><\/p>\n<p><script src=\"chrome-extension:\/\/fpelahbljekknahkcaegamhcndkfpfnc\/iFrame.js\" type=\"text\/javascript\"><\/script><\/p>\n<p><script src=\"chrome-extension:\/\/fpelahbljekknahkcaegamhcndkfpfnc\/iFrame.js\" type=\"text\/javascript\"><\/script><\/p>\n<p><script src=\"chrome-extension:\/\/fpelahbljekknahkcaegamhcndkfpfnc\/iFrame.js\" type=\"text\/javascript\"><\/script><\/p>","protected":false},"featured_media":26737,"comment_status":"open","ping_status":"closed","template":"","meta":[],"product_brand":[197],"product_cat":[124,187,188,189,1642,123,174,175,193,191,179,173,186,180,190],"product_tag":[],"class_list":{"0":"post-26714","1":"product","2":"type-product","3":"status-publish","4":"has-post-thumbnail","6":"product_brand-bang","7":"product_cat-vape-by-brand","8":"product_cat-0mg-nicotine-free-vapes","9":"product_cat-10mg-low-nicotine-vapes","10":"product_cat-20mg-standard-nicotine-vapes","11":"product_cat-60000-puffs","12":"product_cat-bang","13":"product_cat-fruit-flavors","14":"product_cat-icy-mint","15":"product_cat-mesh-coil","16":"product_cat-rechargeable-disposables","17":"product_cat-unique-blends","18":"product_cat-vape-by-flavor-profile","19":"product_cat-vape-by-nicotine-strength","20":"product_cat-vape-by-puff-count","21":"product_cat-vape-by-feature-or-type","23":"first","24":"instock","25":"shipping-taxable","26":"purchasable","27":"product-type-variable","28":"has-default-attributes"},"tiered_pricing_type":"percentage","tiered_pricing_fixed_rules":[],"tiered_pricing_product_settings":{"layout":"default","base_unit_name":{"singular":null,"plural":null},"default_variation":null},"tiered_pricing_minimum_quantity":10,"tiered_pricing_roles_data":[],"tiered_pricing_percentage_rules":{"30":"9","50":"17","100":"23","200":"25","500":"28","1000":"30"},"tiered_pricing_maximum_quantity":null,"tiered_pricing_quantity_step":"10","_links":{"self":[{"href":"https:\/\/agoravape.com\/pl\/wp-json\/wp\/v2\/product\/26714","targetHints":{"allow":["GET"]}}],"collection":[{"href":"https:\/\/agoravape.com\/pl\/wp-json\/wp\/v2\/product"}],"about":[{"href":"https:\/\/agoravape.com\/pl\/wp-json\/wp\/v2\/types\/product"}],"replies":[{"embeddable":true,"href":"https:\/\/agoravape.com\/pl\/wp-json\/wp\/v2\/comments?post=26714"}],"version-history":[{"count":0,"href":"https:\/\/agoravape.com\/pl\/wp-json\/wp\/v2\/product\/26714\/revisions"}],"wp:featuredmedia":[{"embeddable":true,"href":"https:\/\/agoravape.com\/pl\/wp-json\/wp\/v2\/media\/26737"}],"wp:attachment":[{"href":"https:\/\/agoravape.com\/pl\/wp-json\/wp\/v2\/media?parent=26714"}],"wp:term":[{"taxonomy":"product_brand","embeddable":true,"href":"https:\/\/agoravape.com\/pl\/wp-json\/wp\/v2\/product_brand?post=26714"},{"taxonomy":"product_cat","embeddable":true,"href":"https:\/\/agoravape.com\/pl\/wp-json\/wp\/v2\/product_cat?post=26714"},{"taxonomy":"product_tag","embeddable":true,"href":"https:\/\/agoravape.com\/pl\/wp-json\/wp\/v2\/product_tag?post=26714"}],"curies":[{"name":"wp","href":"https:\/\/api.w.org\/{rel}","templated":true}]}}