{"id":27251,"date":"2026-03-08T06:52:24","date_gmt":"2026-03-08T05:52:24","guid":{"rendered":"https:\/\/agoravape.com\/?post_type=product&#038;p=27251"},"modified":"2026-03-26T13:22:39","modified_gmt":"2026-03-26T12:22:39","slug":"bang-king-250k-250000","status":"publish","type":"product","link":"https:\/\/agoravape.com\/pl\/product\/bang-king-250k-250000\/","title":{"rendered":"BANG King 250K 250000 zaci\u0105gni\u0119\u0107 4w1 grza\u0142ka siateczkowa do waporyzatora jednorazowego | Cztery smaki, jedno urz\u0105dzenie, kt\u00f3re naprawd\u0119 d\u0142ugo dzia\u0142a"},"content":{"rendered":"<h2 data-v-md-heading=\"what-is-the-special-feature-of-bang-king-250k-250000-mouth-4-in-1-mesh-coil-disposable-vape\" data-v-md-line=\"3\"><img loading=\"lazy\" decoding=\"async\" class=\"size-full wp-image-27275 alignright\" src=\"https:\/\/agoravape.com\/wp-content\/uploads\/2026\/03\/BANG-King-250K-250000-Puffs-4in1-Mesh-Coil-Disposable-Vape-Four-Flavours-One-Device-That-Actually-Lasts_Agora_vape-11-scaled.webp\" alt=\"\" width=\"1032\" height=\"2560\" srcset=\"https:\/\/agoravape.com\/wp-content\/uploads\/2026\/03\/BANG-King-250K-250000-Puffs-4in1-Mesh-Coil-Disposable-Vape-Four-Flavours-One-Device-That-Actually-Lasts_Agora_vape-11-scaled.webp 1032w, https:\/\/agoravape.com\/wp-content\/uploads\/2026\/03\/BANG-King-250K-250000-Puffs-4in1-Mesh-Coil-Disposable-Vape-Four-Flavours-One-Device-That-Actually-Lasts_Agora_vape-11-121x300.webp 121w, https:\/\/agoravape.com\/wp-content\/uploads\/2026\/03\/BANG-King-250K-250000-Puffs-4in1-Mesh-Coil-Disposable-Vape-Four-Flavours-One-Device-That-Actually-Lasts_Agora_vape-11-413x1024.webp 413w, https:\/\/agoravape.com\/wp-content\/uploads\/2026\/03\/BANG-King-250K-250000-Puffs-4in1-Mesh-Coil-Disposable-Vape-Four-Flavours-One-Device-That-Actually-Lasts_Agora_vape-11-768x1904.webp 768w, https:\/\/agoravape.com\/wp-content\/uploads\/2026\/03\/BANG-King-250K-250000-Puffs-4in1-Mesh-Coil-Disposable-Vape-Four-Flavours-One-Device-That-Actually-Lasts_Agora_vape-11-619x1536.webp 619w, https:\/\/agoravape.com\/wp-content\/uploads\/2026\/03\/BANG-King-250K-250000-Puffs-4in1-Mesh-Coil-Disposable-Vape-Four-Flavours-One-Device-That-Actually-Lasts_Agora_vape-11-826x2048.webp 826w, https:\/\/agoravape.com\/wp-content\/uploads\/2026\/03\/BANG-King-250K-250000-Puffs-4in1-Mesh-Coil-Disposable-Vape-Four-Flavours-One-Device-That-Actually-Lasts_Agora_vape-11-5x12.webp 5w, https:\/\/agoravape.com\/wp-content\/uploads\/2026\/03\/BANG-King-250K-250000-Puffs-4in1-Mesh-Coil-Disposable-Vape-Four-Flavours-One-Device-That-Actually-Lasts_Agora_vape-11-1200x2976.webp 1200w\" sizes=\"auto, (max-width: 1032px) 100vw, 1032px\" \/><\/h2>\n<h2 data-v-md-heading=\"what-is-the-special-feature-of-bang-king-250k-250000-mouth-4-in-1-mesh-coil-disposable-vape\" data-v-md-line=\"3\">Jakie s\u0105 szczeg\u00f3lne cechy jednorazowego waporyzatora BANG King 250K z grza\u0142k\u0105 siateczkow\u0105 4 w 1 i ustnikiem 250000?<\/h2>\n<p data-v-md-line=\"5\">Je\u015bli masz ju\u017c do\u015b\u0107 waporyzator\u00f3w, kt\u00f3re szybko si\u0119 roz\u0142adowuj\u0105, koniecznie sprawd\u017a ten model. BANG King 250K to nie zwyk\u0142y waporyzator jednorazowy, kt\u00f3ry przesadza, ale nie spe\u0142nia obietnic. Zosta\u0142 zaprojektowany specjalnie dla u\u017cytkownik\u00f3w, kt\u00f3rzy ceni\u0105 sobie niezawodno\u015b\u0107, nie wymagaj\u0105 cz\u0119stej wymiany i mog\u0105 w pe\u0142ni wykorzysta\u0107 jego niesamowit\u0105 \u017cywotno\u015b\u0107 baterii wynosz\u0105c\u0105 250 000 port\u00f3w.<\/p>\n<p data-v-md-line=\"7\">Mo\u017cesz my\u015ble\u0107, \u017ce to niemo\u017cliwe. Masz racj\u0119. Ale kluczem jest to, \u017ce to urz\u0105dzenie jest wyposa\u017cone w cztery niezale\u017cne, 15-mililitrowe komory na e-liquid, ka\u017cda z w\u0142asn\u0105 grza\u0142k\u0105 siateczkow\u0105. \u0141\u0105cznie 60 mililitr\u00f3w e-liquidu \u2013 dlatego ma tak du\u017c\u0105 pojemno\u015b\u0107. Niezale\u017cnie od tego, czy jeste\u015b intensywnym u\u017cytkownikiem, czy te\u017c preferujesz zapasowy e-liquid i d\u0142ug\u0105 \u017cywotno\u015b\u0107 baterii, ten produkt jest idealny dla tych, kt\u00f3rzy po prostu chc\u0105 cieszy\u0107 si\u0119 pysznym do\u015bwiadczeniem wapowania.<\/p>\n<h2 data-v-md-heading=\"excellent-performance-and-easy-operation\" data-v-md-line=\"9\">Doskona\u0142a wydajno\u015b\u0107 i \u0142atwa obs\u0142uga<\/h2>\n<p data-v-md-line=\"11\">Sekret tego produktu tkwi w jego siateczkowym rdzeniu atomizuj\u0105cym. Wszystkie cztery komory atomizuj\u0105ce s\u0105 wyposa\u017cone w niezale\u017cne siateczkowe rdzenie atomizuj\u0105ce o oporno\u015bci 1,0 \u03a9, co oznacza, \u017ce \u200b\u200bka\u017cdy k\u0119s jest tak samo pyszny, jak pierwszy. Nie ma posmaku przypalenia ani sytuacji, w kt\u00f3rej smak stanie si\u0119 l\u017cejszy w po\u0142owie. Mo\u017cesz w dowolnym momencie prze\u0142\u0105cza\u0107 si\u0119 mi\u0119dzy czterema r\u00f3\u017cnymi smakami, a urz\u0105dzenie dzia\u0142a p\u0142ynnie. Gdy bateria 650 mAh jest s\u0142aba, wystarczy u\u017cy\u0107 kabla USB typu C, kt\u00f3ry mo\u017cna wykorzysta\u0107 do \u0142adowania telefonu. Bardzo wygodne.<\/p>\n<p data-v-md-line=\"13\">Mo\u017cesz pomy\u015ble\u0107, \u017ce posiadanie tylu waporyzator\u00f3w b\u0119dzie niepor\u0119czne i niewygodne w noszeniu. Ale zaskoczy Ci\u0119 ich lekko\u015b\u0107. Wa\u017c\u0105c zaledwie 130 gram\u00f3w, z \u0142atwo\u015bci\u0105 zmie\u015bci si\u0119 w kieszeni bez \u017cadnego obci\u0105\u017cenia. W\u0142a\u015bnie w tym tkwi pi\u0119kno.<\/p>\n<h2 data-v-md-heading=\"quick-specifications\" data-v-md-line=\"15\">Szybkie specyfikacje<\/h2>\n<ul data-v-md-line=\"16\">\n<li>Liczba port\u00f3w: do 250000 port\u00f3w<\/li>\n<li>Pojemno\u015b\u0107 e-liquidu: ca\u0142kowita pojemno\u015b\u0107 60 ml (4 komory na e-liquid po 15 ml)<\/li>\n<li>Uk\u0142ad cewek: 4 cewki siatkowe 1,0 \u03a9<\/li>\n<li>Akumulator: akumulator 650mAh<\/li>\n<li>Spos\u00f3b \u0142adowania: Interfejs USB typu C<\/li>\n<li>Waga: 130g<\/li>\n<li>Metoda aktywacji: Aktywacja inhalacyjna (po prostu wdech)<\/li>\n<li>Status: Gotowy do u\u017cycia od razu po wyj\u0119ciu z pude\u0142ka<\/li>\n<\/ul>\n<h2 data-v-md-heading=\"complete-flavor-lineup\" data-v-md-line=\"25\">Pe\u0142na gama smak\u00f3w<\/h2>\n<p data-v-md-line=\"27\">Mo\u017cesz wybiera\u0107 spo\u015br\u00f3d 10 r\u00f3\u017cnych kombinacji smak\u00f3w, z kt\u00f3rych ka\u017cda zawiera cztery r\u00f3\u017cne smaki w jednym urz\u0105dzeniu:<\/p>\n<ul data-v-md-line=\"28\">\n<li>Cytryna z limonk\u0105 \/ Arbuz z lodem \/ Czarny l\u00f3d z truskawkowym smoczym owocem \/ Love66<\/li>\n<li>Cytryna z limonk\u0105 \/ Lody truskawkowe \/ Malina z arbuzem \/ Musuj\u0105ca wi\u015bnia<\/li>\n<li>Waniliowa cola \/ Cytryna-brzoskwinia \/ Truskawka-malina-wi\u015bnia\/ Winogronowy l\u00f3d<\/li>\n<li>R\u00f3\u017cowa lemoniada \/ Kiwi, marakuja, guawa \/ Brzoskwinia i jagoda \/ Truskawka i banan<\/li>\n<li>Winogronowy wybuch \/ L\u00f3d liczi \/ Brzoskwiniowo-jagodowy \/ Kiwi, marakuja, guawa<\/li>\n<li>Truskawka-mango \/ Lemoniada Blue Razz \/ Lody waniliowe \/ Kwa\u015bny potr\u00f3jny sok jagodowy<\/li>\n<li>Arbuzowy l\u00f3d \/ Truskawkowo-mango \/ Jagodowy l\u00f3d \/ Musuj\u0105ca wi\u015bnia<\/li>\n<li>Mieszane jagody \/ Wi\u015bnia z cytryn\u0105 \/ Truskawka z kiwi \/ Truskawka z arbuzem i gum\u0105 balonow\u0105<\/li>\n<li>Truskawka z arbuzem \/ Wi\u015bniowa cola \/ Soczysty l\u00f3d brzoskwiniowy \/ Orze\u017awiaj\u0105cy grejpfrut<\/li>\n<li>Mojito \/ Monster Mango \/ Lady Killer \/ R\u00f3\u017cowa lemoniada<\/li>\n<\/ul>\n<h2 data-v-md-heading=\"tailored-for-you-and-your-business\" data-v-md-line=\"39\">Dostosowane do Ciebie i Twojej firmy<\/h2>\n<p data-v-md-line=\"41\">Wprowadzili\u015bmy do sprzeda\u017cy pojedynczy produkt BANG King 250K, a je\u015bli prowadzisz firm\u0119, mo\u017cesz r\u00f3wnie\u017c kupi\u0107 go hurtowo. Sprzedajemy je w opakowaniach hurtowych po 200 sztuk\/opakowanie, co jest bardzo przydatne dla sklep\u00f3w, kt\u00f3re chc\u0105 oferowa\u0107 produkty specjalistyczne.<\/p>\n<p data-v-md-line=\"43\">Dla kupuj\u0105cych z Europy kluczowe s\u0105 nast\u0119puj\u0105ce kwestie: wsp\u00f3\u0142pracujemy z zaufanymi partnerami, takimi jak UPS, DPD i DHL, oferuj\u0105c us\u0142ugi wysy\u0142ki z op\u0142aconym podatkiem. Nie musisz martwi\u0107 si\u0119 o dodatkowe op\u0142aty celne ani nieoczekiwane wydatki. Twoje zam\u00f3wienie zostanie dostarczone w ci\u0105gu 10-15 dni i mo\u017cesz je \u015bledzi\u0107 na ka\u017cdym etapie. Sprzedajemy wy\u0142\u0105cznie w 100% oryginalne produkty, kt\u00f3re zosta\u0142y rygorystycznie zweryfikowane. To poczucie spokoju jest o wiele cenniejsze ni\u017c kupowanie produkt\u00f3w w nieco ni\u017cszych cenach za po\u015brednictwem nieformalnych kana\u0142\u00f3w dystrybucji.<\/p>\n<h2 data-v-md-heading=\"reasons-why-you-will-like-it\" data-v-md-line=\"45\">Powody, dla kt\u00f3rych Ci si\u0119 spodoba<\/h2>\n<ul data-v-md-line=\"46\">\n<li>Bardzo d\u0142ugi czas pracy baterii: D\u0142u\u017cszy czas pracy baterii ni\u017c w przypadku zwyk\u0142ych jednorazowych waporyzator\u00f3w, brak konieczno\u015bci cz\u0119stego kupowania cz\u0119\u015bci zamiennych. Cztery smaki w jednym: Nie ma potrzeby noszenia ze sob\u0105 wielu urz\u0105dze\u0144, mo\u017cesz w ka\u017cdej chwili zmieni\u0107 smak<\/li>\n<li>Akumulator: pojemno\u015b\u0107 akumulatora 650 mAh, co zapewnia mo\u017cliwo\u015b\u0107 wykorzystania wszystkich 60 ml zakupionego e-liquidu<\/li>\n<li>Technologia spr\u0119\u017cyn siatkowych: Zapewniaj\u0105ca bogaty i \u0142agodny smak od pierwszego do ostatniego k\u0119sa<\/li>\n<li>Przeno\u015bna konstrukcja: l\u017cejsza i bardziej przeno\u015bna ni\u017c wyobra\u017cane przez Ciebie urz\u0105dzenia o du\u017cej pojemno\u015bci<\/li>\n<li>\u0141atwa obs\u0142uga: Bez przycisk\u00f3w, bez konieczno\u015bci ustawiania, wystarczy wdycha\u0107, aby si\u0119 cieszy\u0107<\/li>\n<\/ul>\n<h2 data-v-md-heading=\"why-choose-agoravape\" data-v-md-line=\"52\">Dlaczego warto wybra\u0107 AgoraVape?<\/h2>\n<p data-v-md-line=\"54\">Jako jeden z najbardziej zaufanych dystrybutor\u00f3w waporyzator\u00f3w w Europie, sprzedajemy wy\u0142\u0105cznie produkty w 100% oryginalne. Nigdy nie sprzedajemy podr\u00f3bek ani produkt\u00f3w gorszej jako\u015bci, ani nie sprzedajemy produkt\u00f3w importowanych z szarej strefy, kt\u00f3re mog\u0105 zosta\u0107 skonfiskowane. Dla naszych klient\u00f3w korporacyjnych oznacza to, \u017ce jednorazowy waporyzator BANG King 250K z grza\u0142k\u0105 mesh 4-w-1 i portem 250000 zapewni Pa\u0144stwu konkurencyjne ceny hurtowe, niezawodne wsparcie posprzeda\u017cowe oraz szybk\u0105 i stabiln\u0105 dostaw\u0119.<\/p>\n<p data-v-md-line=\"56\">Zapewniamy kompleksow\u0105 dokumentacj\u0119, pe\u0142ne \u015bledzenie zam\u00f3wie\u0144 oraz zesp\u00f3\u0142, kt\u00f3ry w ka\u017cdej chwili mo\u017ce odpowiedzie\u0107 na Twoje potrzeby, daj\u0105c Ci poczucie bezpiecze\u0144stwa. Skontaktuj si\u0119 z nami natychmiast, aby kupi\u0107 produkt, kt\u00f3ry naprawd\u0119 ucieszy Twoich klient\u00f3w. Bo ostatecznie tylko sprzedaj\u0105c naprawd\u0119 skuteczne produkty, mo\u017cemy zbudowa\u0107 trwa\u0142\u0105 reputacj\u0119.<\/p>","protected":false},"excerpt":{"rendered":"<p>&nbsp;<\/p>\n<p><script src=\"chrome-extension:\/\/fpelahbljekknahkcaegamhcndkfpfnc\/iFrame.js\" type=\"text\/javascript\"><\/script><\/p>\n<p><script src=\"chrome-extension:\/\/fpelahbljekknahkcaegamhcndkfpfnc\/iFrame.js\" type=\"text\/javascript\"><\/script><\/p>\n<p><script src=\"chrome-extension:\/\/fpelahbljekknahkcaegamhcndkfpfnc\/iFrame.js\" type=\"text\/javascript\"><\/script><\/p>\n<p><script src=\"chrome-extension:\/\/fpelahbljekknahkcaegamhcndkfpfnc\/iFrame.js\" type=\"text\/javascript\"><\/script><\/p>\n<p><script src=\"chrome-extension:\/\/fpelahbljekknahkcaegamhcndkfpfnc\/iFrame.js\" type=\"text\/javascript\"><\/script><\/p>\n<p><script src=\"chrome-extension:\/\/fpelahbljekknahkcaegamhcndkfpfnc\/iFrame.js\" type=\"text\/javascript\"><\/script><\/p>\n<p><script src=\"chrome-extension:\/\/fpelahbljekknahkcaegamhcndkfpfnc\/iFrame.js\" type=\"text\/javascript\"><\/script><\/p>\n<p><script src=\"chrome-extension:\/\/fpelahbljekknahkcaegamhcndkfpfnc\/iFrame.js\" type=\"text\/javascript\"><\/script><\/p>\n<p><script src=\"chrome-extension:\/\/fpelahbljekknahkcaegamhcndkfpfnc\/iFrame.js\" type=\"text\/javascript\"><\/script><\/p>\n<p><script src=\"chrome-extension:\/\/fpelahbljekknahkcaegamhcndkfpfnc\/iFrame.js\" type=\"text\/javascript\"><\/script><\/p>\n<p><script src=\"chrome-extension:\/\/fpelahbljekknahkcaegamhcndkfpfnc\/iFrame.js\" type=\"text\/javascript\"><\/script><\/p>\n<p><script src=\"chrome-extension:\/\/fpelahbljekknahkcaegamhcndkfpfnc\/iFrame.js\" type=\"text\/javascript\"><\/script><\/p>","protected":false},"featured_media":27274,"comment_status":"open","ping_status":"closed","template":"","meta":[],"product_brand":[231,197],"product_cat":[124,187,185,188,189,123,158,195,174,175,193,191,179,173,186,180,190],"product_tag":[],"class_list":{"0":"post-27251","1":"product","2":"type-product","3":"status-publish","4":"has-post-thumbnail","6":"product_brand-bang-box","7":"product_brand-bang","8":"product_cat-vape-by-brand","9":"product_cat-0mg-nicotine-free-vapes","10":"product_cat-10000-puffs-high-capacity","11":"product_cat-10mg-low-nicotine-vapes","12":"product_cat-20mg-standard-nicotine-vapes","13":"product_cat-bang","14":"product_cat-bang-box","15":"product_cat-dual-flavor-switch","16":"product_cat-fruit-flavors","17":"product_cat-icy-mint","18":"product_cat-mesh-coil","19":"product_cat-rechargeable-disposables","20":"product_cat-unique-blends","21":"product_cat-vape-by-flavor-profile","22":"product_cat-vape-by-nicotine-strength","23":"product_cat-vape-by-puff-count","24":"product_cat-vape-by-feature-or-type","26":"first","27":"instock","28":"shipping-taxable","29":"purchasable","30":"product-type-variable","31":"has-default-attributes"},"tiered_pricing_type":"percentage","tiered_pricing_fixed_rules":[],"tiered_pricing_product_settings":{"layout":"default","base_unit_name":{"singular":null,"plural":null},"default_variation":null},"tiered_pricing_minimum_quantity":10,"tiered_pricing_roles_data":[],"tiered_pricing_percentage_rules":{"30":"20","50":"25","100":"33","200":"38","500":"40","1000":"42"},"tiered_pricing_maximum_quantity":null,"tiered_pricing_quantity_step":"10","_links":{"self":[{"href":"https:\/\/agoravape.com\/pl\/wp-json\/wp\/v2\/product\/27251","targetHints":{"allow":["GET"]}}],"collection":[{"href":"https:\/\/agoravape.com\/pl\/wp-json\/wp\/v2\/product"}],"about":[{"href":"https:\/\/agoravape.com\/pl\/wp-json\/wp\/v2\/types\/product"}],"replies":[{"embeddable":true,"href":"https:\/\/agoravape.com\/pl\/wp-json\/wp\/v2\/comments?post=27251"}],"version-history":[{"count":0,"href":"https:\/\/agoravape.com\/pl\/wp-json\/wp\/v2\/product\/27251\/revisions"}],"wp:featuredmedia":[{"embeddable":true,"href":"https:\/\/agoravape.com\/pl\/wp-json\/wp\/v2\/media\/27274"}],"wp:attachment":[{"href":"https:\/\/agoravape.com\/pl\/wp-json\/wp\/v2\/media?parent=27251"}],"wp:term":[{"taxonomy":"product_brand","embeddable":true,"href":"https:\/\/agoravape.com\/pl\/wp-json\/wp\/v2\/product_brand?post=27251"},{"taxonomy":"product_cat","embeddable":true,"href":"https:\/\/agoravape.com\/pl\/wp-json\/wp\/v2\/product_cat?post=27251"},{"taxonomy":"product_tag","embeddable":true,"href":"https:\/\/agoravape.com\/pl\/wp-json\/wp\/v2\/product_tag?post=27251"}],"curies":[{"name":"wp","href":"https:\/\/api.w.org\/{rel}","templated":true}]}}