{"id":10804,"date":"2025-09-22T22:34:52","date_gmt":"2025-09-22T14:34:52","guid":{"rendered":"https:\/\/green-grasshopper-921422.hostingersite.com\/?page_id=10804"},"modified":"2025-09-22T22:34:55","modified_gmt":"2025-09-22T14:34:55","slug":"politica-de-devolucao-da-agoravape","status":"publish","type":"page","link":"https:\/\/agoravape.com\/pt\/agoravape-return-policy\/","title":{"rendered":"Pol\u00edtica de devolu\u00e7\u00e3o da AgoraVape"},"content":{"rendered":"<h1 class=\"wp-block-heading has-text-align-center\">Pol\u00edtica de devolu\u00e7\u00e3o da AgoraVape<\/h1>\n\n\n\n<p><br><strong>Obrigado por comprar na AgoraVape!<\/strong>\u00a0Leia atentamente a nossa pol\u00edtica de devolu\u00e7\u00e3o:<\/p>\n\n\n\n<p>Devolu\u00e7\u00e3o no prazo de 12 horas: Pode solicitar uma devolu\u00e7\u00e3o no prazo de 12 horas ap\u00f3s a encomenda. Por favor, contacte-nos em breve se cancelar a devolu\u00e7\u00e3o total.<\/p>\n\n\n\n<p>Ap\u00f3s 12 horas: As encomendas com mais de 12 horas n\u00e3o receber\u00e3o uma devolu\u00e7\u00e3o completa. Muitas vezes, a encomenda j\u00e1 foi enviada para a alf\u00e2ndega. N\u00e3o \u00e9 poss\u00edvel efetuar uma devolu\u00e7\u00e3o total.<\/p>\n\n\n\n<p>Devolu\u00e7\u00e3o parcial ap\u00f3s o prazo: Ap\u00f3s 12 horas, no m\u00e1ximo 50% do valor da sua encomenda pode ser devolvido. Isto deve-se ao custo de recupera\u00e7\u00e3o da encomenda na alf\u00e2ndega.<\/p>\n\n\n\n<p>N\u00e3o \u00e9 poss\u00edvel efetuar devolu\u00e7\u00f5es ap\u00f3s o envio: Se a encomenda for enviada e tiver o n\u00famero de rastreio, n\u00e3o \u00e9 poss\u00edvel efetuar devolu\u00e7\u00f5es.<\/p>\n\n\n\n<p>Seguro e problemas alfandeg\u00e1rios: Todas as encomendas est\u00e3o cobertas por um seguro. Se a alf\u00e2ndega retiver a sua encomenda e n\u00e3o a libertar, receber\u00e1 uma devolu\u00e7\u00e3o total.<\/p>\n\n\n\n<p>Endere\u00e7o incorreto ou problemas de entrega: Se a encomenda n\u00e3o puder ser entregue devido a uma morada incorrecta ou a um erro do cliente, o cliente ter\u00e1 de pagar os novos custos de envio.<\/p>\n\n\n\n<p>D\u00favidas? Contacte a nossa equipa de clientes.<\/p>\n\n\n\n<p><\/p>","protected":false},"excerpt":{"rendered":"<p>AgoraVape Return Policy Thank you for shopping at AgoraVape!\u00a0Please read our Return policy carefully: Return within 12 hours:\u00a0You can request<\/p>","protected":false},"author":2,"featured_media":0,"parent":0,"menu_order":0,"comment_status":"closed","ping_status":"closed","template":"elementor_header_footer","meta":{"footnotes":""},"class_list":["post-10804","page","type-page","status-publish","hentry"],"_links":{"self":[{"href":"https:\/\/agoravape.com\/pt\/wp-json\/wp\/v2\/pages\/10804","targetHints":{"allow":["GET"]}}],"collection":[{"href":"https:\/\/agoravape.com\/pt\/wp-json\/wp\/v2\/pages"}],"about":[{"href":"https:\/\/agoravape.com\/pt\/wp-json\/wp\/v2\/types\/page"}],"author":[{"embeddable":true,"href":"https:\/\/agoravape.com\/pt\/wp-json\/wp\/v2\/users\/2"}],"replies":[{"embeddable":true,"href":"https:\/\/agoravape.com\/pt\/wp-json\/wp\/v2\/comments?post=10804"}],"version-history":[{"count":0,"href":"https:\/\/agoravape.com\/pt\/wp-json\/wp\/v2\/pages\/10804\/revisions"}],"wp:attachment":[{"href":"https:\/\/agoravape.com\/pt\/wp-json\/wp\/v2\/media?parent=10804"}],"curies":[{"name":"wp","href":"https:\/\/api.w.org\/{rel}","templated":true}]}}