{"id":18671,"date":"2025-10-22T21:52:12","date_gmt":"2025-10-22T13:52:12","guid":{"rendered":"https:\/\/green-grasshopper-921422.hostingersite.com\/?page_id=18671"},"modified":"2025-10-23T22:14:58","modified_gmt":"2025-10-23T14:14:58","slug":"sobre-nos","status":"publish","type":"page","link":"https:\/\/agoravape.com\/pt\/about-us\/","title":{"rendered":"Sobre n\u00f3s"},"content":{"rendered":"<div data-elementor-type=\"wp-page\" data-elementor-id=\"18671\" class=\"elementor elementor-18671\">\n\t\t\t\t<div class=\"wd-negative-gap elementor-element elementor-element-f1aa532 e-flex e-con-boxed e-con e-parent\" data-id=\"f1aa532\" data-element_type=\"container\" data-e-type=\"container\">\n\t\t\t\t\t<div class=\"e-con-inner\">\n\t\t\t\t<div class=\"elementor-element elementor-element-bac86b3 wd-el-breadcrumbs text-left elementor-widget elementor-widget-wd_wc_breadcrumb\" data-id=\"bac86b3\" data-element_type=\"widget\" data-e-type=\"widget\" data-widget_type=\"wd_wc_breadcrumb.default\">\n\t\t\t\t<div class=\"elementor-widget-container\">\n\t\t\t\t\t<nav class=\"wd-breadcrumbs woocommerce-breadcrumb\" aria-label=\"Migalhas de p\u00e3o\">\t\t\t\t<span class=\"wd-last\">\n\t\t\t\t\tLar\t\t\t\t<\/span>\n\t\t\t<\/nav>\t\t\t\t<\/div>\n\t\t\t\t<\/div>\n\t\t\t\t\t<\/div>\n\t\t\t\t<\/div>\n\t\t\t\t<section class=\"wd-negative-gap elementor-section elementor-top-section elementor-element elementor-element-406b757d wd-section-stretch elementor-section-content-middle elementor-section-boxed elementor-section-height-default elementor-section-height-default\" data-id=\"406b757d\" data-element_type=\"section\" data-e-type=\"section\" data-settings=\"{&quot;background_background&quot;:&quot;classic&quot;}\">\n\t\t\t\t\t\t\t<div class=\"elementor-background-overlay\"><\/div>\n\t\t\t\t\t\t\t<div class=\"elementor-container elementor-column-gap-no\">\n\t\t\t\t\t<div class=\"elementor-column elementor-col-50 elementor-top-column elementor-element elementor-element-4a42ef81\" data-id=\"4a42ef81\" data-element_type=\"column\" data-e-type=\"column\" data-settings=\"{&quot;background_background&quot;:&quot;classic&quot;}\">\n\t\t\t<div class=\"elementor-widget-wrap elementor-element-populated\">\n\t\t\t\t\t\t<section class=\"wd-negative-gap elementor-section elementor-inner-section elementor-element elementor-element-737d0425 elementor-section-boxed elementor-section-height-default elementor-section-height-default\" data-id=\"737d0425\" data-element_type=\"section\" data-e-type=\"section\" data-settings=\"{&quot;background_background&quot;:&quot;classic&quot;}\">\n\t\t\t\t\t\t<div class=\"elementor-container elementor-column-gap-default\">\n\t\t\t\t\t<div class=\"elementor-column elementor-col-100 elementor-inner-column elementor-element elementor-element-30e317dc\" data-id=\"30e317dc\" data-element_type=\"column\" data-e-type=\"column\">\n\t\t\t<div class=\"elementor-widget-wrap elementor-element-populated\">\n\t\t\t\t\t\t<div class=\"elementor-element elementor-element-6a04663d wd-width-100 elementor-widget elementor-widget-wd_title\" data-id=\"6a04663d\" data-element_type=\"widget\" data-e-type=\"widget\" data-widget_type=\"wd_title.default\">\n\t\t\t\t<div class=\"elementor-widget-container\">\n\t\t\t\t\t\t\t<div class=\"title-wrapper wd-set-mb reset-last-child wd-title-color-default wd-title-style-default wd-title-size-default text-left\">\n\n\t\t\t\n\t\t\t<div class=\"liner-continer\">\n\t\t\t\t<h4 class=\"woodmart-title-container title wd-fontsize-l\">Sobre n\u00f3s<\/h4> \n\t\t\t\t\t\t\t<\/div>\n\n\t\t\t\t\t<\/div>\n\t\t\t\t\t\t<\/div>\n\t\t\t\t<\/div>\n\t\t\t\t<div class=\"elementor-element elementor-element-3f926e7b elementor-widget elementor-widget-wd_text_block\" data-id=\"3f926e7b\" data-element_type=\"widget\" data-e-type=\"widget\" data-widget_type=\"wd_text_block.default\">\n\t\t\t\t<div class=\"elementor-widget-container\">\n\t\t\t\t\t\t\t<div class=\"wd-text-block reset-last-child text-left\">\n\t\t\t\n\t\t\t<p>Bem-vindo \u00e0 AgoraVape, o seu principal destino online para produtos vape descart\u00e1veis. Com base em mais de uma d\u00e9cada de experi\u00eancia na ind\u00fastria dos cigarros electr\u00f3nicos, estabelecemo-nos como um l\u00edder de confian\u00e7a, servindo tanto os clientes retalhistas individuais como os parceiros grossistas em todo o mundo.<\/p><p>A nossa miss\u00e3o \u00e9 ser a derradeira plataforma de compras \u00fanica para o mercado de vape descart\u00e1vel. Dedicamo-nos a elevar o padr\u00e3o da ind\u00fastria, combinando uma vasta e diversificada sele\u00e7\u00e3o de produtos com um firme compromisso com a qualidade e a satisfa\u00e7\u00e3o do cliente. Tirando partido da nossa vasta experi\u00eancia na conce\u00e7\u00e3o, fabrico e distribui\u00e7\u00e3o global de cigarros electr\u00f3nicos, oferecemos produtos inovadores que proporcionam um desempenho duradouro e sabores ricos e satisfat\u00f3rios.<\/p><p>Na AgoraVape, orgulhamo-nos de oferecer uma variedade inigual\u00e1vel de marcas populares, com op\u00e7\u00f5es para todas as prefer\u00eancias. A nossa cole\u00e7\u00e3o de produtos abrange uma vasta gama de tamanhos de cigarros, concentra\u00e7\u00f5es de nicotina e centenas de sabores. Quer esteja \u00e0 procura de um dispositivo compacto e port\u00e1til ou de um modelo maior e de alta capacidade, vai encontr\u00e1-lo aqui.<\/p><p>Estamos empenhados em proporcionar uma experi\u00eancia de compra sem problemas e pre\u00e7os competitivos, especialmente para os nossos clientes grossistas que procuram efetuar encomendas em grandes quantidades. A nossa equipa profissional de apoio ao cliente est\u00e1 sempre dispon\u00edvel para o ajudar, garantindo um processo tranquilo e satisfat\u00f3rio desde a pesquisa at\u00e9 \u00e0 entrega.<\/p>\n\t\t\t\t\t<\/div>\n\t\t\t\t\t\t<\/div>\n\t\t\t\t<\/div>\n\t\t\t\t<div class=\"elementor-element elementor-element-6ec283ae elementor-widget elementor-widget-wd_text_block\" data-id=\"6ec283ae\" data-element_type=\"widget\" data-e-type=\"widget\" data-widget_type=\"wd_text_block.default\">\n\t\t\t\t<div class=\"elementor-widget-container\">\n\t\t\t\t\t\t\t<div class=\"wd-text-block reset-last-child text-left\">\n\t\t\t\n\t\t\t<p>Experimente a diferen\u00e7a da AgoraVape. Convidamo-lo a explorar a nossa vasta sele\u00e7\u00e3o e a juntar-se \u00e0 nossa crescente comunidade de clientes satisfeitos. Confie em n\u00f3s para sermos o seu parceiro fi\u00e1vel para todas as suas necessidades de vaporiza\u00e7\u00e3o.<\/p>\n\t\t\t\t\t<\/div>\n\t\t\t\t\t\t<\/div>\n\t\t\t\t<\/div>\n\t\t\t\t<div class=\"elementor-element elementor-element-f445c8c elementor-widget__width-auto elementor-widget elementor-widget-wd_social_buttons\" data-id=\"f445c8c\" data-element_type=\"widget\" data-e-type=\"widget\" data-widget_type=\"wd_social_buttons.default\">\n\t\t\t\t<div class=\"elementor-widget-container\">\n\t\t\t\t\t\t\t\t<div\n\t\t\t\t\t\tclass=\"wd-social-icons wd-style-bordered wd-size-small social-share wd-shape-circle color-scheme-dark text-left\">\n\t\t\t\t\n\t\t\t\t\n\t\t\t\t\t\t\t\t\t<a rel=\"nofollow noopener noreferrer\" href=\"https:\/\/www.facebook.com\/sharer\/sharer.php?u=https:\/\/agoravape.com\/pt\/about-us\/\" target=\"_blank\" class=\"wd-social-icon social-facebook\" aria-label=\"Link social do Facebook\">\n\t\t\t\t\t\t<span class=\"wd-icon\"><\/span>\n\t\t\t\t\t\t\t\t\t\t\t<\/a>\n\t\t\t\t\n\t\t\t\t\t\t\t\t\t<a rel=\"nofollow noopener noreferrer\" href=\"https:\/\/x.com\/share?url=https:\/\/agoravape.com\/pt\/about-us\/\" target=\"_blank\" class=\"wd-social-icon social-twitter\" aria-label=\"Link social X\">\n\t\t\t\t\t\t<span class=\"wd-icon\"><\/span>\n\t\t\t\t\t\t\t\t\t\t\t<\/a>\n\t\t\t\t\n\t\t\t\t\n\t\t\t\t\n\t\t\t\t\n\t\t\t\t\n\t\t\t\t\n\t\t\t\t\t\t\t\t\t<a rel=\"nofollow noopener noreferrer\" href=\"https:\/\/pinterest.com\/pin\/create\/button\/?url=https:\/\/agoravape.com\/pt\/about-us\/&#038;media=https:\/\/agoravape.com\/wp-content\/uploads\/2025\/10\/IQTE-2400-Puffs-Four-in-One-Multi-Flavor-Vape_Agora_vape-3.webp&#038;description=About%20Us\" target=\"_blank\" class=\"wd-social-icon social-pinterest\" aria-label=\"Link social do Pinterest\">\n\t\t\t\t\t\t<span class=\"wd-icon\"><\/span>\n\t\t\t\t\t\t\t\t\t\t\t<\/a>\n\t\t\t\t\n\t\t\t\t\n\t\t\t\t\t\t\t\t\t<a rel=\"nofollow noopener noreferrer\" href=\"https:\/\/www.linkedin.com\/shareArticle?mini=true&#038;url=https:\/\/agoravape.com\/pt\/about-us\/\" target=\"_blank\" class=\"wd-social-icon social-linkedin\" aria-label=\"Linkedin link social\">\n\t\t\t\t\t\t<span class=\"wd-icon\"><\/span>\n\t\t\t\t\t\t\t\t\t\t\t<\/a>\n\t\t\t\t\n\t\t\t\t\n\t\t\t\t\n\t\t\t\t\n\t\t\t\t\n\t\t\t\t\n\t\t\t\t\n\t\t\t\t\n\t\t\t\t\n\t\t\t\t\n\t\t\t\t\n\t\t\t\t\n\t\t\t\t\n\t\t\t\t\n\t\t\t\t\n\t\t\t\t\t\t\t\t\t<a rel=\"nofollow noopener noreferrer\" href=\"https:\/\/telegram.me\/share\/url?url=https:\/\/agoravape.com\/pt\/about-us\/\" target=\"_blank\" class=\"wd-social-icon social-tg\" aria-label=\"Link social do Telegram\">\n\t\t\t\t\t\t<span class=\"wd-icon\"><\/span>\n\t\t\t\t\t\t\t\t\t\t\t<\/a>\n\t\t\t\t\n\t\t\t\t\n\t\t\t<\/div>\n\n\t\t\t\t\t\t<\/div>\n\t\t\t\t<\/div>\n\t\t\t\t\t<\/div>\n\t\t<\/div>\n\t\t\t\t\t<\/div>\n\t\t<\/section>\n\t\t\t\t\t<\/div>\n\t\t<\/div>\n\t\t\t\t<div class=\"elementor-column elementor-col-50 elementor-top-column elementor-element elementor-element-7c04a333\" data-id=\"7c04a333\" data-element_type=\"column\" data-e-type=\"column\">\n\t\t\t<div class=\"elementor-widget-wrap elementor-element-populated\">\n\t\t\t\t\t\t<div class=\"elementor-element elementor-element-5e1f769d elementor-widget elementor-widget-wd_image_or_svg\" data-id=\"5e1f769d\" data-element_type=\"widget\" data-e-type=\"widget\" data-widget_type=\"wd_image_or_svg.default\">\n\t\t\t\t<div class=\"elementor-widget-container\">\n\t\t\t\t\t\n\t\t<div class=\"wd-image text-center\">\n\t\t\t\t\t\t\t\t<img loading=\"lazy\" decoding=\"async\" width=\"580\" height=\"500\" src=\"https:\/\/agoravape.com\/wp-content\/uploads\/2025\/10\/about-agora-vape.jpg\" class=\"attachment-full size-full\" alt=\"\" srcset=\"https:\/\/agoravape.com\/wp-content\/uploads\/2025\/10\/about-agora-vape.jpg 580w, https:\/\/agoravape.com\/wp-content\/uploads\/2025\/10\/about-agora-vape-300x259.jpg 300w\" sizes=\"auto, (max-width: 580px) 100vw, 580px\" \/>\t\t\t\t\t<\/div>\n\n\t\t\t\t\t\t<\/div>\n\t\t\t\t<\/div>\n\t\t\t\t\t<\/div>\n\t\t<\/div>\n\t\t\t\t\t<\/div>\n\t\t<\/section>\n\t\t\t\t<\/div>","protected":false},"excerpt":{"rendered":"<p>P\u00e1gina inicial Sobre n\u00f3s Bem-vindo \u00e0 AgoraVape, o seu principal destino online para produtos de vaporiza\u00e7\u00e3o descart\u00e1veis. Com mais de uma d\u00e9cada de experi\u00eancia<\/p>","protected":false},"author":2,"featured_media":18600,"parent":0,"menu_order":0,"comment_status":"closed","ping_status":"closed","template":"elementor_header_footer","meta":{"footnotes":""},"class_list":["post-18671","page","type-page","status-publish","has-post-thumbnail","hentry"],"_links":{"self":[{"href":"https:\/\/agoravape.com\/pt\/wp-json\/wp\/v2\/pages\/18671","targetHints":{"allow":["GET"]}}],"collection":[{"href":"https:\/\/agoravape.com\/pt\/wp-json\/wp\/v2\/pages"}],"about":[{"href":"https:\/\/agoravape.com\/pt\/wp-json\/wp\/v2\/types\/page"}],"author":[{"embeddable":true,"href":"https:\/\/agoravape.com\/pt\/wp-json\/wp\/v2\/users\/2"}],"replies":[{"embeddable":true,"href":"https:\/\/agoravape.com\/pt\/wp-json\/wp\/v2\/comments?post=18671"}],"version-history":[{"count":0,"href":"https:\/\/agoravape.com\/pt\/wp-json\/wp\/v2\/pages\/18671\/revisions"}],"wp:featuredmedia":[{"embeddable":true,"href":"https:\/\/agoravape.com\/pt\/wp-json\/wp\/v2\/media\/18600"}],"wp:attachment":[{"href":"https:\/\/agoravape.com\/pt\/wp-json\/wp\/v2\/media?parent=18671"}],"curies":[{"name":"wp","href":"https:\/\/api.w.org\/{rel}","templated":true}]}}