{"id":18887,"date":"2025-10-27T23:02:42","date_gmt":"2025-10-27T15:02:42","guid":{"rendered":"https:\/\/agoravape.com\/?page_id=18887"},"modified":"2025-10-28T09:42:57","modified_gmt":"2025-10-28T01:42:57","slug":"licenca","status":"publish","type":"page","link":"https:\/\/agoravape.com\/pt\/license\/","title":{"rendered":"Declara\u00e7\u00e3o sobre licen\u00e7a de imagem, direitos autorais e propriedade intelectual"},"content":{"rendered":"<h1 class=\"wp-block-heading has-text-align-left\">Declara\u00e7\u00e3o sobre licen\u00e7a de imagem, direitos autorais e propriedade intelectual<br><br><strong>Introdu\u00e7\u00e3o<\/strong><\/h1>\n\n\n\n<p>A presente declara\u00e7\u00e3o rege a utiliza\u00e7\u00e3o de todos os conte\u00fados visuais do site agoravape.com (a seguir designado \u201co s\u00edtio Web\u201d). Ao aceder ou utilizar o s\u00edtio Web, o utilizador concorda em cumprir total e incondicionalmente os termos e condi\u00e7\u00f5es aqui descritos.<\/p>\n\n\n\n<h3 class=\"wp-block-heading\"><strong>Parte 1: Direitos de autor e propriedade intelectual<\/strong><\/h3>\n\n\n\n<h4 class=\"wp-block-heading\"><strong>Artigo 1.1: Declara\u00e7\u00e3o de propriedade<\/strong><\/h4>\n\n\n\n<p>Todas as imagens, fotografias, gr\u00e1ficos, log\u00f3tipos e v\u00eddeos (coletivamente, \u201cConte\u00fado Visual\u201d) publicados neste s\u00edtio Web, incluindo, mas n\u00e3o se limitando aos relacionados com produtos, varia\u00e7\u00f5es de produtos e materiais promocionais, s\u00e3o propriedade exclusiva de agoravape.com ou s\u00e3o utilizados com autoriza\u00e7\u00e3o expressa dos leg\u00edtimos propriet\u00e1rios.<\/p>\n\n\n\n<h4 class=\"wp-block-heading\"><strong>Artigo 1.2: Prote\u00e7\u00e3o jur\u00eddica<\/strong><\/h4>\n\n\n\n<p>Todo o Conte\u00fado Visual est\u00e1 protegido pelo C\u00f3digo da Propriedade Intelectual franc\u00eas (Code de la Propri\u00e9t\u00e9 Intellectuelle, especificamente o Artigo L111-1 e artigos subsequentes) e pelas leis de direitos de autor europeias e internacionais aplic\u00e1veis. Qualquer utiliza\u00e7\u00e3o n\u00e3o autorizada deste conte\u00fado \u00e9 considerada uma infra\u00e7\u00e3o a estas leis. A prote\u00e7\u00e3o dos direitos de autor \u00e9 autom\u00e1tica ap\u00f3s a cria\u00e7\u00e3o da obra e n\u00e3o necessita de registo formal.<\/p>\n\n\n\n<h3 class=\"wp-block-heading\"><strong>Parte 2: Licen\u00e7a e utiliza\u00e7\u00e3o autorizada<\/strong><\/h3>\n\n\n\n<h4 class=\"wp-block-heading\"><strong>Artigo 2.1: \u00c2mbito da utiliza\u00e7\u00e3o autorizada<\/strong><\/h4>\n\n\n\n<p>agoravape.com concede aos utilizadores uma licen\u00e7a limitada, n\u00e3o exclusiva e n\u00e3o transfer\u00edvel para aceder e utilizar o Conte\u00fado Visual apenas para os seguintes fins:<\/p>\n\n\n\n<ul class=\"wp-block-list\">\n<li><strong>Consulta pessoal:<\/strong>\u00a0Visualizar o conte\u00fado num dispositivo pessoal para fins privados e n\u00e3o comerciais.<\/li>\n\n\n\n<li><strong>Partilha n\u00e3o comercial:<\/strong>\u00a0Partilhar hiperliga\u00e7\u00f5es ou capturas de ecr\u00e3 do conte\u00fado em canais pessoais, como as redes sociais, desde que a utiliza\u00e7\u00e3o seja estritamente n\u00e3o comercial e que seja dada clara atribui\u00e7\u00e3o ao site agoravape.com.<\/li>\n<\/ul>\n\n\n\n<h4 class=\"wp-block-heading\"><strong>Artigo 2.2: Ac\u00e7\u00f5es proibidas<\/strong><\/h4>\n\n\n\n<p>Sem o consentimento pr\u00e9vio por escrito de agoravape.com, as seguintes ac\u00e7\u00f5es s\u00e3o estritamente proibidas:<\/p>\n\n\n\n<ul class=\"wp-block-list\">\n<li><strong>Reprodu\u00e7\u00e3o e distribui\u00e7\u00e3o:<\/strong>\u00a0Copiar, descarregar, modificar, distribuir ou republicar o Conte\u00fado Visual sob qualquer forma, seja ela digital ou f\u00edsica.<\/li>\n\n\n\n<li><strong>Modifica\u00e7\u00e3o e obras derivadas:<\/strong>\u00a0Alterar, editar, recortar, colorir ou criar quaisquer trabalhos derivados com base no Conte\u00fado Visual.<\/li>\n\n\n\n<li><strong>Explora\u00e7\u00e3o comercial:<\/strong>\u00a0Utilizar o Conte\u00fado Visual para qualquer finalidade comercial, incluindo, mas n\u00e3o se limitando a, publicidade, marketing, embalagem de produtos, revenda em mercados online (por exemplo, Amazon, eBay) ou qualquer outra atividade com fins lucrativos.<\/li>\n\n\n\n<li><strong>Exibi\u00e7\u00e3o p\u00fablica:<\/strong>\u00a0Distribuir ou apresentar publicamente o Conte\u00fado Visual em qualquer plataforma sem respeitar os requisitos de atribui\u00e7\u00e3o obrigat\u00f3rios.<\/li>\n<\/ul>\n\n\n\n<h4 class=\"wp-block-heading\"><strong>Artigo 2.3: Obten\u00e7\u00e3o de uma licen\u00e7a de utiliza\u00e7\u00e3o<\/strong><\/h4>\n\n\n\n<p>Para utilizar o Conte\u00fado Visual para qualquer fim fora do \u00e2mbito do artigo 2.1, o utilizador deve obter uma autoriza\u00e7\u00e3o pr\u00e9via por escrito.<\/p>\n\n\n\n<ul class=\"wp-block-list\">\n<li><strong>Tipo de licen\u00e7a:<\/strong>\u00a0A \u00fanica licen\u00e7a concedida \u00e9 para\u00a0<strong>Atribui\u00e7\u00e3o-N\u00e3o comercial<\/strong>\u00a0utiliza\u00e7\u00e3o.<\/li>\n\n\n\n<li><strong>P\u00e1gina de informa\u00e7\u00f5es sobre a licen\u00e7a:<\/strong>\u00a0Para obter os termos detalhados da licen\u00e7a, visite:\u00a0<code>https:\/\/agoravape.com\/license\/<\/code><\/li>\n\n\n\n<li><strong>Contacto para o pedido de licen\u00e7a:<\/strong>\u00a0Todos os pedidos de licen\u00e7a devem ser apresentados atrav\u00e9s da nossa p\u00e1gina de contacto:\u00a0<code><a href=\"https:\/\/agoravape.com\/pt\/os-nossos-contactos\/\">https:\/\/agoravape.com\/contact\/<\/a><\/code><\/li>\n<\/ul>\n\n\n\n<h3 class=\"wp-block-heading\"><strong>Parte 3: Requisitos de atribui\u00e7\u00e3o<\/strong><\/h3>\n\n\n\n<h4 class=\"wp-block-heading\"><strong>Artigo 3.1: Atribui\u00e7\u00e3o obrigat\u00f3ria<\/strong><\/h4>\n\n\n\n<p>Qualquer utiliza\u00e7\u00e3o autorizada de Conte\u00fado Visual, seja atrav\u00e9s de partilha n\u00e3o comercial (artigo 2.1) ou de uma licen\u00e7a escrita espec\u00edfica (artigo 2.3), deve ser acompanhada da seguinte atribui\u00e7\u00e3o de forma claramente vis\u00edvel:<\/p>\n\n\n\n<blockquote class=\"wp-block-quote is-layout-flow wp-block-quote-is-layout-flow\">\n<p><strong>\u00a9 agoravape.com - Todos os direitos reservados<\/strong><br><strong>Fonte da imagem: agoravape.com<\/strong><br><strong>URL de origem: https:\/\/agoravape.com<\/strong><\/p>\n<\/blockquote>\n\n\n\n<p>O n\u00e3o fornecimento da atribui\u00e7\u00e3o correta constitui uma viola\u00e7\u00e3o das presentes condi\u00e7\u00f5es.<\/p>\n\n\n\n<h3 class=\"wp-block-heading\"><strong>Parte 4: Viola\u00e7\u00f5es e vias de recurso<\/strong><\/h3>\n\n\n\n<h4 class=\"wp-block-heading\"><strong>Artigo 4.1: Infra\u00e7\u00e3o das condi\u00e7\u00f5es<\/strong><\/h4>\n\n\n\n<p>Qualquer utiliza\u00e7\u00e3o de Conte\u00fado Visual que viole os termos descritos na presente declara\u00e7\u00e3o ser\u00e1 considerada uma infra\u00e7\u00e3o aos direitos de autor.<\/p>\n\n\n\n<h4 class=\"wp-block-heading\"><strong>Artigo 4.2: Consequ\u00eancias jur\u00eddicas<\/strong><\/h4>\n\n\n\n<p>agoravape.com reserva-se o direito de tomar todas as medidas legais necess\u00e1rias em resposta a qualquer infra\u00e7\u00e3o. Isto pode incluir, mas n\u00e3o est\u00e1 limitado a:<\/p>\n\n\n\n<ul class=\"wp-block-list\">\n<li><strong>Pedido de afastamento imediato:<\/strong>\u00a0Emitir uma notifica\u00e7\u00e3o formal \u00e0 parte infratora, exigindo a cessa\u00e7\u00e3o imediata da utiliza\u00e7\u00e3o n\u00e3o autorizada e a remo\u00e7\u00e3o de todos os conte\u00fados infractores.<\/li>\n\n\n\n<li><strong>Pedido de indemniza\u00e7\u00e3o:<\/strong>\u00a0Procurar obter uma compensa\u00e7\u00e3o monet\u00e1ria por qualquer perda financeira e danos \u00e0 reputa\u00e7\u00e3o resultantes da infra\u00e7\u00e3o, em conformidade com a legisla\u00e7\u00e3o aplic\u00e1vel.<\/li>\n\n\n\n<li><strong>Processos judiciais:<\/strong>\u00a0Iniciar um processo civil ou criminal contra a parte infratora num tribunal competente para fazer valer os nossos direitos de propriedade intelectual.<\/li>\n<\/ul>\n\n\n\n<p><strong>Artigo 4.3: Direito de interpreta\u00e7\u00e3o<\/strong><br>O agoravape.com reserva-se o direito de alterar esta declara\u00e7\u00e3o em qualquer altura. Todas as altera\u00e7\u00f5es entrar\u00e3o em vigor imediatamente ap\u00f3s a sua publica\u00e7\u00e3o no s\u00edtio Web.<\/p>\n\n\n\n<p><\/p>","protected":false},"excerpt":{"rendered":"<p>Image License, Copyright, and Intellectual Property Statement Introduction This statement governs the use of all visual content on agoravape.com (hereinafter<\/p>","protected":false},"author":2,"featured_media":18658,"parent":0,"menu_order":0,"comment_status":"closed","ping_status":"closed","template":"elementor_header_footer","meta":{"footnotes":""},"class_list":["post-18887","page","type-page","status-publish","has-post-thumbnail","hentry"],"_links":{"self":[{"href":"https:\/\/agoravape.com\/pt\/wp-json\/wp\/v2\/pages\/18887","targetHints":{"allow":["GET"]}}],"collection":[{"href":"https:\/\/agoravape.com\/pt\/wp-json\/wp\/v2\/pages"}],"about":[{"href":"https:\/\/agoravape.com\/pt\/wp-json\/wp\/v2\/types\/page"}],"author":[{"embeddable":true,"href":"https:\/\/agoravape.com\/pt\/wp-json\/wp\/v2\/users\/2"}],"replies":[{"embeddable":true,"href":"https:\/\/agoravape.com\/pt\/wp-json\/wp\/v2\/comments?post=18887"}],"version-history":[{"count":0,"href":"https:\/\/agoravape.com\/pt\/wp-json\/wp\/v2\/pages\/18887\/revisions"}],"wp:featuredmedia":[{"embeddable":true,"href":"https:\/\/agoravape.com\/pt\/wp-json\/wp\/v2\/media\/18658"}],"wp:attachment":[{"href":"https:\/\/agoravape.com\/pt\/wp-json\/wp\/v2\/media?parent=18887"}],"curies":[{"name":"wp","href":"https:\/\/api.w.org\/{rel}","templated":true}]}}