{"id":10852,"date":"2025-10-01T09:29:35","date_gmt":"2025-10-01T01:29:35","guid":{"rendered":"https:\/\/green-grasshopper-921422.hostingersite.com\/?post_type=product&#038;p=10852"},"modified":"2026-01-19T22:09:32","modified_gmt":"2026-01-19T14:09:32","slug":"iqte-50000-puffs-vape-recarregavel","status":"publish","type":"product","link":"https:\/\/agoravape.com\/pt\/product\/iqte-50000-puffs-rechargeable-vape\/","title":{"rendered":"Vape descart\u00e1vel recarreg\u00e1vel IQTE com 50.000 puffs | Grande capacidade, carregamento simples"},"content":{"rendered":"<h2 data-v-md-heading=\"so-what-about-iqte-50000-rechargeable-disposable-vapes\" data-v-md-line=\"3\"><img loading=\"lazy\" decoding=\"async\" class=\"aligncenter size-full wp-image-18613\" src=\"https:\/\/agoravape.com\/wp-content\/uploads\/2025\/10\/IQTE-50000-Puffs-Rechargeable-Disposable_Agora_vape-6.webp\" alt=\"\" width=\"2560\" height=\"1785\" srcset=\"https:\/\/agoravape.com\/wp-content\/uploads\/2025\/10\/IQTE-50000-Puffs-Rechargeable-Disposable_Agora_vape-6.webp 2560w, https:\/\/agoravape.com\/wp-content\/uploads\/2025\/10\/IQTE-50000-Puffs-Rechargeable-Disposable_Agora_vape-6-1200x837.webp 1200w, https:\/\/agoravape.com\/wp-content\/uploads\/2025\/10\/IQTE-50000-Puffs-Rechargeable-Disposable_Agora_vape-6-300x209.webp 300w, https:\/\/agoravape.com\/wp-content\/uploads\/2025\/10\/IQTE-50000-Puffs-Rechargeable-Disposable_Agora_vape-6-1024x714.webp 1024w, https:\/\/agoravape.com\/wp-content\/uploads\/2025\/10\/IQTE-50000-Puffs-Rechargeable-Disposable_Agora_vape-6-768x536.webp 768w, https:\/\/agoravape.com\/wp-content\/uploads\/2025\/10\/IQTE-50000-Puffs-Rechargeable-Disposable_Agora_vape-6-1536x1071.webp 1536w, https:\/\/agoravape.com\/wp-content\/uploads\/2025\/10\/IQTE-50000-Puffs-Rechargeable-Disposable_Agora_vape-6-2048x1428.webp 2048w\" sizes=\"auto, (max-width: 2560px) 100vw, 2560px\" \/><\/h2>\n<h2 data-v-md-heading=\"so-what-about-iqte-50000-rechargeable-disposable-vapes\" data-v-md-line=\"3\">E os vapes descart\u00e1veis recarreg\u00e1veis IQTE 50000?<\/h2>\n<p data-v-md-line=\"4\">Se est\u00e1 cansado de substituir os vape descart\u00e1veis a cada poucos dias, este produto facilitar\u00e1 a sua vida. O IQTE 50000 est\u00e1 equipado com uma bateria recarreg\u00e1vel que pode suportar at\u00e9 50000 embalagens, permitindo-lhe desfrutar facilmente do verdadeiro valor do e-l\u00edquido.<\/p>\n<p data-v-md-line=\"6\">Se pretende um vape fi\u00e1vel e duradouro que possa ser carregado com um cabo de carregamento de telem\u00f3vel, ent\u00e3o este produto \u00e9 a escolha ideal. F\u00e1cil de utilizar, c\u00f3modo de transportar e consegue manter um sabor consistente sempre que \u00e9 utilizado.<\/p>\n<h2 data-v-md-heading=\"excellent-performance-without-any-complexity\" data-v-md-line=\"8\">Excelente desempenho sem qualquer complexidade<\/h2>\n<p data-v-md-line=\"9\">O n\u00facleo de atomiza\u00e7\u00e3o interno foi cuidadosamente afinado para manter um sabor limpo e est\u00e1vel do in\u00edcio ao fim. No terceiro dia, n\u00e3o havia cheiro a queimado e, mesmo a meio, n\u00e3o houve falta de energia. Quando a bateria est\u00e1 fraca, pode ser carregada atrav\u00e9s da interface Tipo C. Pode pensar-se que os vaporizadores recarreg\u00e1veis s\u00e3o problem\u00e1ticos, mas este cigarro eletr\u00f3nico atinge verdadeiramente a funcionalidade plug and play.<\/p>\n<h2 data-v-md-heading=\"specification-overview\" data-v-md-line=\"11\">Vis\u00e3o geral das especifica\u00e7\u00f5es<\/h2>\n<ul data-v-md-line=\"12\">\n<li>Frequ\u00eancia de suc\u00e7\u00e3o: at\u00e9 50.000 vezes<\/li>\n<li>Teor de nicotina: 2% e 5% opcionais<\/li>\n<li>Princ\u00edpio de funcionamento: Ativado por inala\u00e7\u00e3o<\/li>\n<li>Charging: Standard Type-C USB interface<\/li>\n<li>Status: Pronto para usar assim que sai da caixa<\/li>\n<li>Capacidade do e-l\u00edquido: 50 mililitros<\/li>\n<li>Capacidade da bateria: bateria recarreg\u00e1vel de 800mAh<\/li>\n<\/ul>\n<h2 data-v-md-heading=\"full-range-of-flavors\" data-v-md-line=\"20\">Full range of flavors<\/h2>\n<ul data-v-md-line=\"21\">\n<li>Gelo de Melancia<\/li>\n<li>Sorvete de morango<\/li>\n<li>Pista de gelo azul<\/li>\n<li>Gelo mentolado<\/li>\n<li>Lim\u00e3o e lima<\/li>\n<li>Mais sabores para escolher<\/li>\n<\/ul>\n<h2 data-v-md-heading=\"for-you-for-your-business\" data-v-md-line=\"28\">Para voc\u00ea, para o seu neg\u00f3cio<\/h2>\n<p data-v-md-line=\"29\">Voc\u00ea pode escolher <a class=\"wpil_keyword_link\" title=\"IQTE\" href=\"https:\/\/agoravape.com\/pt\/vape-por-marca\/iqte\/\" data-wpil-keyword-link=\"linked\" data-wpil-monitor-id=\"110\">IQTE<\/a> 50.000 vaporizadores descart\u00e1veis recarreg\u00e1veis para uso pessoal ou para comprar para a sua loja. Caixas de cart\u00e3o por grosso com 200 unidades por caixa. O peso bruto da caixa de cart\u00e3o \u00e9 de 19 kg, com dimens\u00f5es de 510 \u00d7 293 \u00d7 260 mil\u00edmetros, tornando-a muito pr\u00e1tica para planear o espa\u00e7o nas prateleiras e o transporte.<\/p>\n<p data-v-md-line=\"31\">Oferecemos op\u00e7\u00f5es DDP com pagamento de impostos atrav\u00e9s de parceiros de confian\u00e7a como a UPS, DPD e DHL para envios em toda a Europa. A sua encomenda ser\u00e1 desalfandegada e rastreada para evitar quaisquer situa\u00e7\u00f5es inesperadas na alf\u00e2ndega.<\/p>\n<h2 data-v-md-heading=\"why-do-you-like-it\" data-v-md-line=\"33\">Por que voc\u00ea gosta disso?<\/h2>\n<ul data-v-md-line=\"34\">\n<li>Grande capacidade de fumar: bateria de longa dura\u00e7\u00e3o, n\u00e3o precisa de substituir frequentemente os vapes.<\/li>\n<li>Sele\u00e7\u00e3o do teor de nicotina: Escolha 2% ou 5% de acordo com a sua prefer\u00eancia.<\/li>\n<li>Recarreg\u00e1vel: Pode utilizar todos os e-l\u00edquidos comprados.<\/li>\n<li>Desempenho est\u00e1vel da bobina: Pode proporcionar um sabor est\u00e1vel e rico em todas as ocasi\u00f5es.<\/li>\n<li>Interface tipo C c\u00f3moda: Carregue utilizando o seu cabo de dados existente.<\/li>\n<\/ul>\n<h2 data-v-md-heading=\"why-choose-to-collaborate-with-agoravape\" data-v-md-line=\"40\">Por que escolher colaborar com a AgoraVape?<\/h2>\n<p data-v-md-line=\"41\">S\u00f3 vendemos produtos genu\u00ednos 100% e n\u00e3o temos d\u00favidas quanto a isso. Se comprar <a class=\"wpil_keyword_link\" href=\"https:\/\/agoravape.com\/pt\/marca\/iqte\/\" target=\"_blank\" rel=\"noopener\" title=\"IQTE\" data-wpil-keyword-link=\"linked\" data-wpil-monitor-id=\"7177\">IQTE<\/a> 50000 vapes descart\u00e1veis recarreg\u00e1veis por atacado, desfrutar\u00e1 de pre\u00e7os com desconto, apoio de resposta r\u00e1pida e servi\u00e7os de entrega r\u00e1pidos e fi\u00e1veis. Contacte-nos para adquirir produtos que os seus clientes realmente adoram.<\/p>\n<p>&nbsp;<\/p>","protected":false},"excerpt":{"rendered":"<p>O IQTE 50000 oferece at\u00e9 50.000 baforadas para uma longevidade m\u00e1xima. Este descart\u00e1vel recarreg\u00e1vel garante que desfruta de cada gota de e-l\u00edquido com um sabor consistente e limpo. Possui carregamento simples do tipo C e est\u00e1 dispon\u00edvel em nicotina 2% ou 5%. O seu vape fi\u00e1vel e sem complica\u00e7\u00f5es est\u00e1 aqui.<\/p>","protected":false},"featured_media":18608,"comment_status":"open","ping_status":"closed","template":"","meta":[],"product_brand":[198],"product_cat":[124,185,189,1641,174,175,125,191,180,190],"product_tag":[],"class_list":{"0":"post-10852","1":"product","2":"type-product","3":"status-publish","4":"has-post-thumbnail","6":"product_brand-iqte","7":"product_cat-vape-by-brand","8":"product_cat-10000-puffs-high-capacity","9":"product_cat-20mg-standard-nicotine-vapes","10":"product_cat-50000-puffs","11":"product_cat-fruit-flavors","12":"product_cat-icy-mint","13":"product_cat-iqte","14":"product_cat-rechargeable-disposables","15":"product_cat-vape-by-puff-count","16":"product_cat-vape-by-feature-or-type","18":"first","19":"onbackorder","20":"shipping-taxable","21":"purchasable","22":"product-type-variable","23":"has-default-attributes"},"tiered_pricing_type":"percentage","tiered_pricing_fixed_rules":[],"tiered_pricing_product_settings":{"layout":"default","base_unit_name":{"singular":null,"plural":null},"default_variation":null},"tiered_pricing_minimum_quantity":10,"tiered_pricing_roles_data":[],"tiered_pricing_percentage_rules":{"30":"29","50":"35","100":"40","200":"44","500":"47","1000":"49"},"tiered_pricing_maximum_quantity":null,"tiered_pricing_quantity_step":"10","_links":{"self":[{"href":"https:\/\/agoravape.com\/pt\/wp-json\/wp\/v2\/product\/10852","targetHints":{"allow":["GET"]}}],"collection":[{"href":"https:\/\/agoravape.com\/pt\/wp-json\/wp\/v2\/product"}],"about":[{"href":"https:\/\/agoravape.com\/pt\/wp-json\/wp\/v2\/types\/product"}],"replies":[{"embeddable":true,"href":"https:\/\/agoravape.com\/pt\/wp-json\/wp\/v2\/comments?post=10852"}],"version-history":[{"count":5,"href":"https:\/\/agoravape.com\/pt\/wp-json\/wp\/v2\/product\/10852\/revisions"}],"predecessor-version":[{"id":29829,"href":"https:\/\/agoravape.com\/pt\/wp-json\/wp\/v2\/product\/10852\/revisions\/29829"}],"wp:featuredmedia":[{"embeddable":true,"href":"https:\/\/agoravape.com\/pt\/wp-json\/wp\/v2\/media\/18608"}],"wp:attachment":[{"href":"https:\/\/agoravape.com\/pt\/wp-json\/wp\/v2\/media?parent=10852"}],"wp:term":[{"taxonomy":"product_brand","embeddable":true,"href":"https:\/\/agoravape.com\/pt\/wp-json\/wp\/v2\/product_brand?post=10852"},{"taxonomy":"product_cat","embeddable":true,"href":"https:\/\/agoravape.com\/pt\/wp-json\/wp\/v2\/product_cat?post=10852"},{"taxonomy":"product_tag","embeddable":true,"href":"https:\/\/agoravape.com\/pt\/wp-json\/wp\/v2\/product_tag?post=10852"}],"curies":[{"name":"wp","href":"https:\/\/api.w.org\/{rel}","templated":true}]}}