{"id":11045,"date":"2025-10-04T10:49:43","date_gmt":"2025-10-04T02:49:43","guid":{"rendered":"https:\/\/green-grasshopper-921422.hostingersite.com\/?post_type=product&#038;p=11045"},"modified":"2025-12-31T22:59:34","modified_gmt":"2025-12-31T14:59:34","slug":"iqte-2400-puffs-4-em-1-pod-vape","status":"publish","type":"product","link":"https:\/\/agoravape.com\/pt\/product\/iqte-2400-puffs-4-in-1-pod-vape\/","title":{"rendered":"IQTE 2400 Puffs Quatro em Um Vape Multissabores | Um Conjunto Recarreg\u00e1vel, Quatro Sabores"},"content":{"rendered":"<h2 data-v-md-heading=\"so-what-exactly-is-the-iqte-2400-puffs-four-in-one-multi-flavor-electronic-cigarette\" data-v-md-line=\"3\">o que \u00e9 exatamente o IQTE 2400 Puffs quatro em um vape multi-sabor?<\/h2>\n<p data-v-md-line=\"4\">Se se cansar do mesmo sabor num dia ou dois, este conjunto pode facilitar-lhe a vida. Uma embalagem cont\u00e9m quatro cartuchos de cigarro de 2 ml pr\u00e9-instalados, permitindo-lhe mudar de sabor a qualquer altura sem ter de comprar v\u00e1rios dispositivos. Esta \u00e9 uma forma simples e conveniente de manter a frescura.<\/p>\n<p data-v-md-line=\"6\">Cada conjunto de quatro cartuchos pode fornecer at\u00e9 2400 baforadas e \u00e9 recarreg\u00e1vel, pelo que o e-l\u00edquido que realmente utiliza \u00e9 adquirido no momento da compra. \u00c9 adequado para quem pretende um sabor est\u00e1vel, uma bateria de longa dura\u00e7\u00e3o e uma configura\u00e7\u00e3o port\u00e1til simples.<\/p>\n<h2 data-v-md-heading=\"excellent-performance-easy-and-convenient\" data-v-md-line=\"8\">Excelente desempenho, f\u00e1cil e pr\u00e1tico<\/h2>\n<p data-v-md-line=\"9\">A bateria de 500 mAh garante um funcionamento suave do vape, e a interface Tipo C permite-lhe carreg\u00e1-lo facilmente utilizando um cabo de carregamento do telem\u00f3vel. Basta instalar o cartucho de fumo e estar\u00e1 pronto a ser utilizado. Da primeira \u00e0 \u00faltima dentada, o sabor mant\u00e9m-se consistente, sem necessidade de ajustar repetidamente as defini\u00e7\u00f5es ou de ajustar quaisquer defini\u00e7\u00f5es.<\/p>\n<h2 data-v-md-heading=\"specification-introduction\" data-v-md-line=\"11\">Introdu\u00e7\u00e3o \u00e0 especifica\u00e7\u00e3o<\/h2>\n<ul data-v-md-line=\"12\">\n<li>N\u00famero de aspira\u00e7\u00f5es: at\u00e9 2400 aspira\u00e7\u00f5es por conjunto<\/li>\n<li>N\u00famero de cartuchos: 4 cartuchos por conjunto, cada um pr\u00e9-carregado com 2 mililitros de e-l\u00edquido<\/li>\n<li>Bateria: bateria recarreg\u00e1vel de 500 mAh<\/li>\n<li>Nicotina: Contacte a nossa equipa para saber mais sobre as concentra\u00e7\u00f5es de nicotina dispon\u00edveis<\/li>\n<li>Charging: Standard Type-C USB interface<\/li>\n<li>Estado: Pronto para usar assim que abrir a caixa.<\/li>\n<\/ul>\n<h2 data-v-md-heading=\"full-range-of-flavors\" data-v-md-line=\"19\">Full range of flavors<\/h2>\n<ul data-v-md-line=\"20\">\n<li>Gelo de Melancia<\/li>\n<li>Pista de gelo azul<\/li>\n<li>Mirtilos e lim\u00f5es<\/li>\n<li>Frutas vermelhas misturadas<\/li>\n<li>Sorvete de morango<\/li>\n<li>Casa da Moeda de Miami<\/li>\n<li>Sorvete de uva<\/li>\n<li>Lim\u00e3o e lima<\/li>\n<li>Sorvete de morango e melancia<\/li>\n<li>morango kiwi<\/li>\n<li>Morango, framboesa, cereja<\/li>\n<li>Sorvete de p\u00eassego<\/li>\n<li>Anan\u00e1s Manga<\/li>\n<li>Lim\u00e3o-cereja<\/li>\n<li>Chiclete de Melancia<\/li>\n<li>Mirtilos e amoras<\/li>\n<\/ul>\n<h2 data-v-md-heading=\"for-you-and-your-business\" data-v-md-line=\"37\">Para voc\u00ea e sua empresa<\/h2>\n<p data-v-md-line=\"38\">Pode escolher o IQTE 2400 quatro em um para uso pessoal ou para comprar na sua loja. A venda por grosso est\u00e1 dispon\u00edvel em caixas de 100, o que lhe permite planear convenientemente o invent\u00e1rio. Fornecemos servi\u00e7os de Entrega com Direitos Pagos (DDP) em toda a Europa atrav\u00e9s de parceiros de confian\u00e7a como a UPS, DPD e DHL, garantindo que recebe a entrega DDP e evitando acidentes alfandeg\u00e1rios.<\/p>\n<h2 data-v-md-heading=\"why-do-you-like-it\" data-v-md-line=\"40\">Por que voc\u00ea gosta disso?<\/h2>\n<ul data-v-md-line=\"41\">\n<li>Grande capacidade de suc\u00e7\u00e3o: Cada conjunto de cartuchos pode conter at\u00e9 2400 baforadas, n\u00e3o sendo necess\u00e1rio substitu\u00ed-los de tempos a tempos.<\/li>\n<li>Quatro sabores num s\u00f3: mude de sabor em qualquer altura sem ter de transportar v\u00e1rios dispositivos.<\/li>\n<li>Recarreg\u00e1vel: Pode utilizar todos os e-l\u00edquidos sem ter de deitar fora meio cartucho.<\/li>\n<li>Carregamento tipo C: Utilize o seu cabo existente para um carregamento r\u00e1pido e c\u00f3modo.<\/li>\n<\/ul>\n<h2 data-v-md-heading=\"why-choose-to-collaborate-with-agoravape\" data-v-md-line=\"46\">Por que escolher colaborar com a AgoraVape?<\/h2>\n<p data-v-md-line=\"47\">Temos equipamentos genu\u00ednos 100% em stock, com pre\u00e7os grossistas com desconto, atendimento r\u00e1pido ao cliente e servi\u00e7os de entrega DDP r\u00e1pidos. Adicionar <a class=\"wpil_keyword_link\" href=\"https:\/\/agoravape.com\/pt\/vape-por-marca\/iqte\/\" title=\"IQTE\" data-wpil-keyword-link=\"linked\" data-wpil-monitor-id=\"130\">IQTE<\/a> Adicione o vaporizador 4 em 1 com c\u00e1psulas de v\u00e1rios sabores e 2400 baforadas \u00e0 sua linha de produtos, oferecendo aos clientes um kit simples e vers\u00e1til para torn\u00e1-los clientes fi\u00e9is.<\/p>\n<p data-v-md-line=\"47\"><img loading=\"lazy\" decoding=\"async\" class=\"aligncenter wp-image-11067 size-full\" src=\"https:\/\/agoravape.com\/wp-content\/uploads\/2025\/10\/a1678a8d4525d50d7d1f5b12b7d0c98_final-scaled.webp\" alt=\"\" width=\"908\" height=\"2560\" srcset=\"https:\/\/agoravape.com\/wp-content\/uploads\/2025\/10\/a1678a8d4525d50d7d1f5b12b7d0c98_final-scaled.webp 908w, https:\/\/agoravape.com\/wp-content\/uploads\/2025\/10\/a1678a8d4525d50d7d1f5b12b7d0c98_final-106x300.webp 106w, https:\/\/agoravape.com\/wp-content\/uploads\/2025\/10\/a1678a8d4525d50d7d1f5b12b7d0c98_final-363x1024.webp 363w, https:\/\/agoravape.com\/wp-content\/uploads\/2025\/10\/a1678a8d4525d50d7d1f5b12b7d0c98_final-768x2166.webp 768w, https:\/\/agoravape.com\/wp-content\/uploads\/2025\/10\/a1678a8d4525d50d7d1f5b12b7d0c98_final-545x1536.webp 545w, https:\/\/agoravape.com\/wp-content\/uploads\/2025\/10\/a1678a8d4525d50d7d1f5b12b7d0c98_final-726x2048.webp 726w, https:\/\/agoravape.com\/wp-content\/uploads\/2025\/10\/a1678a8d4525d50d7d1f5b12b7d0c98_final-1200x3385.webp 1200w\" sizes=\"auto, (max-width: 908px) 100vw, 908px\" \/><\/p>","protected":false},"excerpt":{"rendered":"<p>Desfrute de quatro sabores num s\u00f3 dispositivo com o vape IQTE 2400! Este kit recarreg\u00e1vel fornece at\u00e9 2400 baforadas em quatro c\u00e1psulas pr\u00e9-cheias, para que possa mudar de sabor a qualquer altura. Inclui uma bateria de 500 mAh e um pr\u00e1tico carregamento Tipo C. A melhor solu\u00e7\u00e3o de bolso para a variedade de sabores.<\/p>","protected":false},"featured_media":18599,"comment_status":"open","ping_status":"closed","template":"","meta":[],"product_brand":[198],"product_cat":[124,183,176,195,174,175,125,191,173,186,180,190],"product_tag":[],"class_list":{"0":"post-11045","1":"product","2":"type-product","3":"status-publish","4":"has-post-thumbnail","6":"product_brand-iqte","7":"product_cat-vape-by-brand","8":"product_cat-2000-4000-puffs","9":"product_cat-beverage","10":"product_cat-dual-flavor-switch","11":"product_cat-fruit-flavors","12":"product_cat-icy-mint","13":"product_cat-iqte","14":"product_cat-rechargeable-disposables","15":"product_cat-vape-by-flavor-profile","16":"product_cat-vape-by-nicotine-strength","17":"product_cat-vape-by-puff-count","18":"product_cat-vape-by-feature-or-type","20":"first","21":"instock","22":"shipping-taxable","23":"purchasable","24":"product-type-variable","25":"has-default-attributes"},"tiered_pricing_type":"percentage","tiered_pricing_fixed_rules":[],"tiered_pricing_product_settings":{"layout":"default","base_unit_name":{"singular":null,"plural":null},"default_variation":null},"tiered_pricing_minimum_quantity":10,"tiered_pricing_roles_data":[],"tiered_pricing_percentage_rules":{"30":"29","50":"35","100":"40","200":"44","500":"47","1000":"49"},"tiered_pricing_maximum_quantity":null,"tiered_pricing_quantity_step":"10","_links":{"self":[{"href":"https:\/\/agoravape.com\/pt\/wp-json\/wp\/v2\/product\/11045","targetHints":{"allow":["GET"]}}],"collection":[{"href":"https:\/\/agoravape.com\/pt\/wp-json\/wp\/v2\/product"}],"about":[{"href":"https:\/\/agoravape.com\/pt\/wp-json\/wp\/v2\/types\/product"}],"replies":[{"embeddable":true,"href":"https:\/\/agoravape.com\/pt\/wp-json\/wp\/v2\/comments?post=11045"}],"version-history":[{"count":0,"href":"https:\/\/agoravape.com\/pt\/wp-json\/wp\/v2\/product\/11045\/revisions"}],"wp:featuredmedia":[{"embeddable":true,"href":"https:\/\/agoravape.com\/pt\/wp-json\/wp\/v2\/media\/18599"}],"wp:attachment":[{"href":"https:\/\/agoravape.com\/pt\/wp-json\/wp\/v2\/media?parent=11045"}],"wp:term":[{"taxonomy":"product_brand","embeddable":true,"href":"https:\/\/agoravape.com\/pt\/wp-json\/wp\/v2\/product_brand?post=11045"},{"taxonomy":"product_cat","embeddable":true,"href":"https:\/\/agoravape.com\/pt\/wp-json\/wp\/v2\/product_cat?post=11045"},{"taxonomy":"product_tag","embeddable":true,"href":"https:\/\/agoravape.com\/pt\/wp-json\/wp\/v2\/product_tag?post=11045"}],"curies":[{"name":"wp","href":"https:\/\/api.w.org\/{rel}","templated":true}]}}