{"id":11078,"date":"2025-10-04T18:26:57","date_gmt":"2025-10-04T10:26:57","guid":{"rendered":"https:\/\/green-grasshopper-921422.hostingersite.com\/?post_type=product&#038;p=11078"},"modified":"2026-01-19T22:09:25","modified_gmt":"2026-01-19T14:09:25","slug":"crystal-mary-3in1-65000-puffs-vape","status":"publish","type":"product","link":"https:\/\/agoravape.com\/pt\/product\/crystal-mary-3in1-65000-puffs-vape\/","title":{"rendered":"Crystal Mary 3 em 1, 65.000 puffs | Tr\u00eas sabores, longa dura\u00e7\u00e3o e pr\u00e1tico"},"content":{"rendered":"<h2 data-v-md-heading=\"what-s-so-special-about-crystal-mary-s-three-in-one-65000-pack-electronic-cigarette\" data-v-md-line=\"3\">O que h\u00e1 de t\u00e3o especial no vape tr\u00eas em um de 65000 embalagens da Crystal Mary?<\/h2>\n<p data-v-md-line=\"4\">Se n\u00e3o gosta de usar apenas um sabor durante a semana, este produto pode mudar os seus h\u00e1bitos. O Crystal Mary three in one vape permite-lhe alternar entre tr\u00eas sabores no mesmo dispositivo, mantendo-o fresco sem ter de transportar tr\u00eas vapores.<\/p>\n<p data-v-md-line=\"6\">Foi concebido para utilizadores que procuram uma experi\u00eancia de utiliza\u00e7\u00e3o duradoura e \u00e9 f\u00e1cil de utilizar. N\u00e3o h\u00e1 necessidade de opera\u00e7\u00f5es entediantes, nem de menus complicados. Basta escolher o seu sabor preferido e sabore\u00e1-lo facilmente. Pode pensar-se que os vapores com v\u00e1rios sabores e de grande volume podem ser complicados, mas a mudan\u00e7a de sabor deste vape \u00e9 r\u00e1pida e intuitiva.<\/p>\n<h2 data-v-md-heading=\"excellent-performance-easy-and-convenient\" data-v-md-line=\"8\">Excelente desempenho, f\u00e1cil e pr\u00e1tico<\/h2>\n<p data-v-md-line=\"9\">O n\u00facleo do vape tr\u00eas em um da Crystal Mary \u00e9 a bobina de malha, que ajuda a manter um sabor consistente em cada tragada. O sabor \u00e9 sempre n\u00edtido e n\u00e3o se torna ins\u00edpido a meio. Quando a bateria est\u00e1 fraca, pode carreg\u00e1-la atrav\u00e9s da interface Type-C. Basta usar os cabos normalmente utilizados no seu telem\u00f3vel. Simples e c\u00f3modo.<\/p>\n<h2 data-v-md-heading=\"specification-introduction\" data-v-md-line=\"11\">Introdu\u00e7\u00e3o \u00e0 especifica\u00e7\u00e3o<\/h2>\n<ul data-v-md-line=\"12\">\n<li>Frequ\u00eancia de suc\u00e7\u00e3o: at\u00e9 65000 vezes<\/li>\n<li>Teor de nicotina: 2% ou 5% opcional<\/li>\n<li>Princ\u00edpio de funcionamento: F\u00e1cil de utilizar, sem necessidade de bot\u00f5es, o dispositivo tem um interrutor de sabor incorporado<\/li>\n<li>Charging: Standard Type-C USB interface<\/li>\n<li>Status: Pronto para usar assim que sai da caixa<\/li>\n<\/ul>\n<h2 data-v-md-heading=\"full-flavor-series\" data-v-md-line=\"18\">S\u00e9rie Sabor Completo<\/h2>\n<p data-v-md-line=\"19\">Cada dispositivo vem com 3 conjuntos de sabores selecionados:<\/p>\n<ul data-v-md-line=\"20\">\n<li>Morango, baunilha, cola, mirtilo, framboesa, lima-lim\u00e3o<\/li>\n<li>Groselha preta\/\u00e1gua de lim\u00e3o rosa\/maracuj\u00e1 manga<\/li>\n<li>Gelo de melancia\/doce doce e azedo\/kiwi de morango<\/li>\n<li>Gelado de melancia\/gelado de morango\/mel\u00e3o triplo<\/li>\n<li>Morango, framboesa, cereja, baga e uva gelada<\/li>\n<li>Gelo de ma\u00e7\u00e3 azeda\/melancia com morango\/p\u00eassego com lim\u00e3o<\/li>\n<li>Batido de lima-lim\u00e3o\/melancia\/morango\/mirtilo<\/li>\n<li>Batido de mirtilo\/melancia com framboesa\/lim\u00e3o e lima<\/li>\n<li>Batido de mirtilo e framboesa\/manga azeda com morango\/cola de lim\u00e3o<\/li>\n<li>Bebida refrescante de framboesa e melancia\/manga azeda e anan\u00e1s\/morango e kiwi<\/li>\n<\/ul>\n<h2 data-v-md-heading=\"for-you-and-for-your-business-as-well\" data-v-md-line=\"31\">Para voc\u00ea e para o seu neg\u00f3cio tamb\u00e9m.<\/h2>\n<p data-v-md-line=\"32\">Se pretende um vape de longa dura\u00e7\u00e3o, com sabor vari\u00e1vel e f\u00e1cil de carregar, porque n\u00e3o comprar um. Se est\u00e1 a armazenar para a sua loja ou a criar uma cole\u00e7\u00e3o online, estamos sempre prontos para venda por grosso. 10 unidades por caixa, 200 unidades por caixa, o que facilita o planeamento do invent\u00e1rio.<\/p>\n<p data-v-md-line=\"34\">Trabalhamos com parceiros de confian\u00e7a como a UPS, DPD e DHL para utilizar o transporte DDP (Delivered Duty Paid), para que os direitos aduaneiros possam ser processados antecipadamente e n\u00e3o haja acidentes quando a encomenda chegar \u00e0 alf\u00e2ndega.<\/p>\n<p data-v-md-line=\"36\">Declara\u00e7\u00e3o de conformidade: Os vapes de grande calibre e os vapes com concentra\u00e7\u00e3o de nicotina 5% n\u00e3o cumprem as normas TPD (Diretiva Europeia relativa aos Produtos do Tabaco) em muitos mercados da UE. Fornecemos para regi\u00f5es autorizadas. Se precisar de alternativas de retalho na UE que cumpram as normas TPD, consulte a nossa equipa.<\/p>\n<h2 data-v-md-heading=\"why-do-you-like-it\" data-v-md-line=\"38\">Por que voc\u00ea gosta disso?<\/h2>\n<ul data-v-md-line=\"39\">\n<li>Suc\u00e7\u00e3o maci\u00e7a: menos recargas e compras repetidas.<\/li>\n<li>Troca tripla de sabores: Troque de sabores a qualquer altura para satisfazer as suas necessidades.<\/li>\n<li>Recarreg\u00e1vel: O carregamento tipo C ajuda-o a utilizar o e-l\u00edquido de forma eficiente.<\/li>\n<li>Bobina de malha: Consistente do princ\u00edpio ao fim, com um sabor rico e suave.<\/li>\n<\/ul>\n<h2 data-v-md-heading=\"why-collaborate-with-agoravape\" data-v-md-line=\"44\">Por que colaborar com a AgoraVape?<\/h2>\n<p data-v-md-line=\"45\">Fornecemos apenas produtos genu\u00ednos 100% e somos respons\u00e1veis pelos produtos que vendemos. Para clientes empresariais, isso significa que o interrutor de sabor de vaporiza\u00e7\u00e3o tr\u00eas em um 65000 da Crystal Mary oferece pre\u00e7os de atacado com desconto, suporte r\u00e1pido ao cliente e entrega r\u00e1pida de DDP. Bem-vindo a discutir conosco como trazer op\u00e7\u00f5es flex\u00edveis e sustent\u00e1veis de clientes repetidos para seus clientes.<\/p>\n<p data-v-md-line=\"45\"><img loading=\"lazy\" decoding=\"async\" class=\"aligncenter size-full wp-image-11080\" src=\"https:\/\/agoravape.com\/wp-content\/uploads\/2025\/10\/Crystal-Mary-3-in-1-65000-Puffs-Flavor-Switch-Vape-2.webp\" alt=\"\" width=\"1523\" height=\"2444\" srcset=\"https:\/\/agoravape.com\/wp-content\/uploads\/2025\/10\/Crystal-Mary-3-in-1-65000-Puffs-Flavor-Switch-Vape-2.webp 1523w, https:\/\/agoravape.com\/wp-content\/uploads\/2025\/10\/Crystal-Mary-3-in-1-65000-Puffs-Flavor-Switch-Vape-2-1200x1926.webp 1200w, https:\/\/agoravape.com\/wp-content\/uploads\/2025\/10\/Crystal-Mary-3-in-1-65000-Puffs-Flavor-Switch-Vape-2-187x300.webp 187w, https:\/\/agoravape.com\/wp-content\/uploads\/2025\/10\/Crystal-Mary-3-in-1-65000-Puffs-Flavor-Switch-Vape-2-638x1024.webp 638w, https:\/\/agoravape.com\/wp-content\/uploads\/2025\/10\/Crystal-Mary-3-in-1-65000-Puffs-Flavor-Switch-Vape-2-768x1232.webp 768w, https:\/\/agoravape.com\/wp-content\/uploads\/2025\/10\/Crystal-Mary-3-in-1-65000-Puffs-Flavor-Switch-Vape-2-957x1536.webp 957w, https:\/\/agoravape.com\/wp-content\/uploads\/2025\/10\/Crystal-Mary-3-in-1-65000-Puffs-Flavor-Switch-Vape-2-1276x2048.webp 1276w\" sizes=\"auto, (max-width: 1523px) 100vw, 1523px\" \/><\/p>\n<p><script src=\"chrome-extension:\/\/fpelahbljekknahkcaegamhcndkfpfnc\/iFrame.js\" type=\"text\/javascript\"><\/script><\/p>\n<p><script src=\"chrome-extension:\/\/fpelahbljekknahkcaegamhcndkfpfnc\/iFrame.js\" type=\"text\/javascript\"><\/script><\/p>\n<p><script src=\"chrome-extension:\/\/fpelahbljekknahkcaegamhcndkfpfnc\/iFrame.js\" type=\"text\/javascript\"><\/script><\/p>\n<p><script src=\"chrome-extension:\/\/fpelahbljekknahkcaegamhcndkfpfnc\/iFrame.js\" type=\"text\/javascript\"><\/script><\/p>\n<p><script src=\"chrome-extension:\/\/fpelahbljekknahkcaegamhcndkfpfnc\/iFrame.js\" type=\"text\/javascript\"><\/script><\/p>\n<p><script src=\"chrome-extension:\/\/fpelahbljekknahkcaegamhcndkfpfnc\/iFrame.js\" type=\"text\/javascript\"><\/script><\/p>\n<p><script src=\"chrome-extension:\/\/fpelahbljekknahkcaegamhcndkfpfnc\/iFrame.js\" type=\"text\/javascript\"><\/script><\/p>\n<p><script src=\"chrome-extension:\/\/fpelahbljekknahkcaegamhcndkfpfnc\/iFrame.js\" type=\"text\/javascript\"><\/script><\/p>\n<p><script src=\"chrome-extension:\/\/fpelahbljekknahkcaegamhcndkfpfnc\/iFrame.js\" type=\"text\/javascript\"><\/script><\/p>\n<p><script src=\"chrome-extension:\/\/fpelahbljekknahkcaegamhcndkfpfnc\/iFrame.js\" type=\"text\/javascript\"><\/script><\/p>\n<p><script src=\"chrome-extension:\/\/fpelahbljekknahkcaegamhcndkfpfnc\/iFrame.js\" type=\"text\/javascript\"><\/script><\/p>","protected":false},"excerpt":{"rendered":"<p>Farto de um s\u00f3 sabor? O vape 3 em 1 Crystal Mary permite-lhe alternar entre tr\u00eas sabores selecionados num s\u00f3 dispositivo. Desfrute de at\u00e9 65.000 baforadas com sabor consistente de uma bobina de malha. Simples, sem bot\u00f5es e recarreg\u00e1vel via Type-C para uma conveni\u00eancia duradoura. A tua derradeira aventura de sabores.<\/p>\n<p><script src=\"chrome-extension:\/\/fpelahbljekknahkcaegamhcndkfpfnc\/iFrame.js\" type=\"text\/javascript\"><\/script><\/p>\n<p><script src=\"chrome-extension:\/\/fpelahbljekknahkcaegamhcndkfpfnc\/iFrame.js\" type=\"text\/javascript\"><\/script><\/p>","protected":false},"featured_media":11079,"comment_status":"open","ping_status":"closed","template":"","meta":[],"product_brand":[199],"product_cat":[124,185,189,176,126,177,195,174,175,193,191,173,186,180,190],"product_tag":[],"class_list":{"0":"post-11078","1":"product","2":"type-product","3":"status-publish","4":"has-post-thumbnail","6":"product_brand-crystal-mary","7":"product_cat-vape-by-brand","8":"product_cat-10000-puffs-high-capacity","9":"product_cat-20mg-standard-nicotine-vapes","10":"product_cat-beverage","11":"product_cat-crystal-mary","12":"product_cat-dessert-sweets","13":"product_cat-dual-flavor-switch","14":"product_cat-fruit-flavors","15":"product_cat-icy-mint","16":"product_cat-mesh-coil","17":"product_cat-rechargeable-disposables","18":"product_cat-vape-by-flavor-profile","19":"product_cat-vape-by-nicotine-strength","20":"product_cat-vape-by-puff-count","21":"product_cat-vape-by-feature-or-type","23":"first","24":"onbackorder","25":"shipping-taxable","26":"purchasable","27":"product-type-variable","28":"has-default-attributes"},"tiered_pricing_type":"percentage","tiered_pricing_fixed_rules":[],"tiered_pricing_product_settings":{"layout":"default","base_unit_name":{"singular":null,"plural":null},"default_variation":null},"tiered_pricing_minimum_quantity":10,"tiered_pricing_roles_data":[],"tiered_pricing_percentage_rules":{"30":"29","50":"35","100":"40","200":"44","500":"47","1000":"49"},"tiered_pricing_maximum_quantity":null,"tiered_pricing_quantity_step":"10","_links":{"self":[{"href":"https:\/\/agoravape.com\/pt\/wp-json\/wp\/v2\/product\/11078","targetHints":{"allow":["GET"]}}],"collection":[{"href":"https:\/\/agoravape.com\/pt\/wp-json\/wp\/v2\/product"}],"about":[{"href":"https:\/\/agoravape.com\/pt\/wp-json\/wp\/v2\/types\/product"}],"replies":[{"embeddable":true,"href":"https:\/\/agoravape.com\/pt\/wp-json\/wp\/v2\/comments?post=11078"}],"version-history":[{"count":0,"href":"https:\/\/agoravape.com\/pt\/wp-json\/wp\/v2\/product\/11078\/revisions"}],"wp:featuredmedia":[{"embeddable":true,"href":"https:\/\/agoravape.com\/pt\/wp-json\/wp\/v2\/media\/11079"}],"wp:attachment":[{"href":"https:\/\/agoravape.com\/pt\/wp-json\/wp\/v2\/media?parent=11078"}],"wp:term":[{"taxonomy":"product_brand","embeddable":true,"href":"https:\/\/agoravape.com\/pt\/wp-json\/wp\/v2\/product_brand?post=11078"},{"taxonomy":"product_cat","embeddable":true,"href":"https:\/\/agoravape.com\/pt\/wp-json\/wp\/v2\/product_cat?post=11078"},{"taxonomy":"product_tag","embeddable":true,"href":"https:\/\/agoravape.com\/pt\/wp-json\/wp\/v2\/product_tag?post=11078"}],"curies":[{"name":"wp","href":"https:\/\/api.w.org\/{rel}","templated":true}]}}