{"id":11146,"date":"2025-10-05T10:23:12","date_gmt":"2025-10-05T02:23:12","guid":{"rendered":"https:\/\/green-grasshopper-921422.hostingersite.com\/?post_type=product&#038;p=11146"},"modified":"2026-01-19T22:09:13","modified_gmt":"2026-01-19T14:09:13","slug":"crystal-mary-pulsex-20mg-20000-puffs-vape","status":"publish","type":"product","link":"https:\/\/agoravape.com\/pt\/product\/crystal-mary-pulsex-20mg-20000-puffs-vape\/","title":{"rendered":"Crystal Mary PulsEX 20000 puffs 20mg nicotina vape | Grande capacidade, sabor consistente"},"content":{"rendered":"<h2 data-v-md-heading=\"what-is-the-charm-of-crystal-mary-pulsex-20000-pack-20mg-nicotine-e-cigarette\" data-v-md-line=\"3\">Qual \u00e9 o charme do Crystal Mary Pulsex 20000 pack 20mg nicotine vape?<\/h2>\n<p data-v-md-line=\"4\">Se est\u00e1 cansado dos vape descart\u00e1veis que se esgotam no in\u00edcio da utiliza\u00e7\u00e3o, ent\u00e3o este produto vai mudar tudo. O Crystal Mary PulsEX tem uma capacidade de at\u00e9 20000 baforadas e um teor de nicotina de 20 miligramas para uma experi\u00eancia suave. \u00c9 f\u00e1cil de utilizar e n\u00e3o requer qualquer esfor\u00e7o.<\/p>\n<p data-v-md-line=\"6\">Se quiser um vape duradouro e suave, n\u00e3o precisa de se preocupar com bobinas ou configura\u00e7\u00f5es, este produto \u00e9 a sua escolha ideal. Com tantas mordidas, o sabor \u00e9 inevitavelmente enfraquecido, mas a bobina de malha dupla pode manter a estabilidade desde a primeira at\u00e9 a \u00faltima mordida.<\/p>\n<h2 data-v-md-heading=\"excellent-performance-easy-and-convenient\" data-v-md-line=\"8\">Excelente desempenho, f\u00e1cil e pr\u00e1tico<\/h2>\n<p data-v-md-line=\"9\">Internamente, s\u00e3o utilizadas bobinas de malha dupla para um aquecimento r\u00e1pido e uniforme, garantindo que cada dentada \u00e9 t\u00e3o pura como o primeiro sabor. Quando a pilha est\u00e1 fraca, n\u00e3o \u00e9 necess\u00e1rio deit\u00e1-la fora. Basta ligar a fonte de alimenta\u00e7\u00e3o. A porta Type-C utiliza o mesmo cabo que a maioria dos telem\u00f3veis, o que torna a sua utiliza\u00e7\u00e3o mais pr\u00e1tica.<\/p>\n<h2 data-v-md-heading=\"specification-introduction\" data-v-md-line=\"11\">Introdu\u00e7\u00e3o \u00e0 especifica\u00e7\u00e3o<\/h2>\n<ul data-v-md-line=\"12\">\n<li>Frequ\u00eancia de suc\u00e7\u00e3o: at\u00e9 20.000 vezes<\/li>\n<li>Nicotina: 20mg (sal de nicotina)<\/li>\n<li>E-liquid capacity: 18 milliliters<\/li>\n<li>N\u00facleo atomizador: malha dupla<\/li>\n<li>Bateria: Bateria recarreg\u00e1vel de 820mAh<\/li>\n<li>Princ\u00edpio de funcionamento: Ativa-se com apenas uma tragada.<\/li>\n<li>Charging: Standard Type-C USB interface<\/li>\n<li>Estado: Pronto para usar assim que abrir a caixa.<\/li>\n<\/ul>\n<h2 data-v-md-heading=\"full-range-of-flavors\" data-v-md-line=\"21\">Full range of flavors<\/h2>\n<ul data-v-md-line=\"22\">\n<li>Sabor a mirtilo e framboesa azeda<\/li>\n<li>Strawberry Strange Fruit Flavor<\/li>\n<li>Sabor a batido de anan\u00e1s<\/li>\n<li>Mirtilos, framboesas, aroma de lim\u00e3o<\/li>\n<li>Sabor a batido de melancia<\/li>\n<li>Sabor de kiwi, maracuj\u00e1 e goiaba<\/li>\n<li>Sabor a batido de p\u00eassego<\/li>\n<li>Sabor a batido de mirtilo<\/li>\n<li>Sabor a a\u00e7\u00facar arco-\u00edris<\/li>\n<li>Batido de banana<\/li>\n<\/ul>\n<h2 data-v-md-heading=\"to-create-for-you-and-your-business\" data-v-md-line=\"33\">Para criar algo para voc\u00ea e para o seu neg\u00f3cio.<\/h2>\n<p data-v-md-line=\"34\">Pode comprar um para uso di\u00e1rio ou encher as suas prateleiras com os produtos mais vendidos. Oferecemos caixas por grosso de 5 unidades para cada sabor, permitindo-lhe criar facilmente uma cole\u00e7\u00e3o equilibrada sem investir demasiado.<\/p>\n<p data-v-md-line=\"36\">Trabalhamos com parceiros de confian\u00e7a, como a UPS, a DPD e a DHL, para fornecer servi\u00e7os de entrega DDP, poupando-lhe o inc\u00f3modo dos procedimentos aduaneiros e evitando acidentes \u00e0 chegada. Devido aos regulamentos locais, a situa\u00e7\u00e3o de fornecimento pode variar em diferentes pa\u00edses\/regi\u00f5es, pelo que deve verificar os regulamentos locais antes de efetuar uma encomenda.<\/p>\n<h2 data-v-md-heading=\"why-do-you-like-it\" data-v-md-line=\"38\">Por que voc\u00ea gosta disso?<\/h2>\n<ul data-v-md-line=\"39\">\n<li>Grande capacidade de suc\u00e7\u00e3o: dur\u00e1vel e de longa dura\u00e7\u00e3o, n\u00e3o necessita de substitui\u00e7\u00e3o frequente.<\/li>\n<li>20 mg de nicotina: A concentra\u00e7\u00e3o de toda a gama de e-l\u00edquidos \u00e9 uniforme.<\/li>\n<li>Recarreg\u00e1vel: S\u00f3 precisa de pagar uma vez para utilizar todos os e-l\u00edquidos.<\/li>\n<li>Bobina de malha: Proporciona um sabor est\u00e1vel e rico em todas as ocasi\u00f5es.<\/li>\n<li>Carregamento tipo C: Utilize um cabo normal para recarregar rapidamente.<\/li>\n<\/ul>\n<h2 data-v-md-heading=\"why-choose-to-collaborate-with-agoravape\" data-v-md-line=\"45\">Por que escolher colaborar com a AgoraVape?<\/h2>\n<p data-v-md-line=\"46\">N\u00f3s vendemos apenas produtos genu\u00ednos 100% e n\u00e3o temos d\u00favidas sobre isso. Como um dos distribuidores de vape de confian\u00e7a na Europa, voc\u00ea pode desfrutar de pre\u00e7os de atacado com desconto, suporte responsivo e servi\u00e7os de entrega r\u00e1pida de DDP para Crystal Mary PulsEX 20000 puffs de vapes de nicotina de 20 mg. Bem-vindo a contactar-nos para saber como armazenar um dispositivo que vale a pena voltar para os seus clientes.<\/p>\n<p><img loading=\"lazy\" decoding=\"async\" class=\"aligncenter size-full wp-image-11170\" src=\"https:\/\/agoravape.com\/wp-content\/uploads\/2025\/10\/crystal-mary-vape.webp\" alt=\"\" width=\"1400\" height=\"650\" srcset=\"https:\/\/agoravape.com\/wp-content\/uploads\/2025\/10\/crystal-mary-vape.webp 1400w, https:\/\/agoravape.com\/wp-content\/uploads\/2025\/10\/crystal-mary-vape-1200x557.webp 1200w, https:\/\/agoravape.com\/wp-content\/uploads\/2025\/10\/crystal-mary-vape-300x139.webp 300w, https:\/\/agoravape.com\/wp-content\/uploads\/2025\/10\/crystal-mary-vape-1024x475.webp 1024w, https:\/\/agoravape.com\/wp-content\/uploads\/2025\/10\/crystal-mary-vape-768x357.webp 768w\" sizes=\"auto, (max-width: 1400px) 100vw, 1400px\" \/><\/p>","protected":false},"excerpt":{"rendered":"<p>Desfrute de at\u00e9 20.000 baforadas com o Crystal Mary PulseX. Este vape de alta capacidade proporciona uma dose consistente de 20 mg de nicotina e um sabor rico do in\u00edcio ao fim, gra\u00e7as a uma bobina de malha dupla. \u00c9 simples, recarreg\u00e1vel via Type-C e constru\u00eddo para durar. Sem complica\u00e7\u00f5es, apenas um sabor duradouro.<\/p>","protected":false},"featured_media":11171,"comment_status":"open","ping_status":"closed","template":"","meta":[],"product_brand":[199],"product_cat":[124,185,1636,189,126,174,175,193,191,173,180,190],"product_tag":[],"class_list":{"0":"post-11146","1":"product","2":"type-product","3":"status-publish","4":"has-post-thumbnail","6":"product_brand-crystal-mary","7":"product_cat-vape-by-brand","8":"product_cat-10000-puffs-high-capacity","9":"product_cat-20000-puffs","10":"product_cat-20mg-standard-nicotine-vapes","11":"product_cat-crystal-mary","12":"product_cat-fruit-flavors","13":"product_cat-icy-mint","14":"product_cat-mesh-coil","15":"product_cat-rechargeable-disposables","16":"product_cat-vape-by-flavor-profile","17":"product_cat-vape-by-puff-count","18":"product_cat-vape-by-feature-or-type","20":"first","21":"onbackorder","22":"shipping-taxable","23":"purchasable","24":"product-type-variable","25":"has-default-attributes"},"tiered_pricing_type":"percentage","tiered_pricing_fixed_rules":[],"tiered_pricing_product_settings":{"layout":"default","base_unit_name":{"singular":null,"plural":null},"default_variation":null},"tiered_pricing_minimum_quantity":10,"tiered_pricing_roles_data":[],"tiered_pricing_percentage_rules":{"30":"29","50":"35","100":"40","200":"44","500":"47","1000":"49"},"tiered_pricing_maximum_quantity":null,"tiered_pricing_quantity_step":"10","_links":{"self":[{"href":"https:\/\/agoravape.com\/pt\/wp-json\/wp\/v2\/product\/11146","targetHints":{"allow":["GET"]}}],"collection":[{"href":"https:\/\/agoravape.com\/pt\/wp-json\/wp\/v2\/product"}],"about":[{"href":"https:\/\/agoravape.com\/pt\/wp-json\/wp\/v2\/types\/product"}],"replies":[{"embeddable":true,"href":"https:\/\/agoravape.com\/pt\/wp-json\/wp\/v2\/comments?post=11146"}],"version-history":[{"count":0,"href":"https:\/\/agoravape.com\/pt\/wp-json\/wp\/v2\/product\/11146\/revisions"}],"wp:featuredmedia":[{"embeddable":true,"href":"https:\/\/agoravape.com\/pt\/wp-json\/wp\/v2\/media\/11171"}],"wp:attachment":[{"href":"https:\/\/agoravape.com\/pt\/wp-json\/wp\/v2\/media?parent=11146"}],"wp:term":[{"taxonomy":"product_brand","embeddable":true,"href":"https:\/\/agoravape.com\/pt\/wp-json\/wp\/v2\/product_brand?post=11146"},{"taxonomy":"product_cat","embeddable":true,"href":"https:\/\/agoravape.com\/pt\/wp-json\/wp\/v2\/product_cat?post=11146"},{"taxonomy":"product_tag","embeddable":true,"href":"https:\/\/agoravape.com\/pt\/wp-json\/wp\/v2\/product_tag?post=11146"}],"curies":[{"name":"wp","href":"https:\/\/api.w.org\/{rel}","templated":true}]}}