{"id":11193,"date":"2025-10-05T11:44:25","date_gmt":"2025-10-05T03:44:25","guid":{"rendered":"https:\/\/green-grasshopper-921422.hostingersite.com\/?post_type=product&#038;p=11193"},"modified":"2026-01-19T22:09:06","modified_gmt":"2026-01-19T14:09:06","slug":"crystal-mary-space-rocket-20000-puffs-vape","status":"publish","type":"product","link":"https:\/\/agoravape.com\/pt\/product\/crystal-mary-space-rocket-20000-puffs-vape\/","title":{"rendered":"Crystal Mary Space Rocket Dual Mode 20000 Port Vape | Grande n\u00famero de entradas, f\u00e1cil de usar"},"content":{"rendered":"<h2 data-v-md-heading=\"what-are-the-advantages-of-crystal-mary-space-rocket-dual-mode-20000-puff-vapes\" data-v-md-line=\"3\">Quais s\u00e3o as vantagens dos vapes Crystal Mary space rocket dual-mode 20000 puff?<\/h2>\n<p data-v-md-line=\"4\">Se est\u00e1 cansado de mudar de vape de poucos em poucos dias, este produto vai facilitar-lhe a vida. O vape Crystal Mary space rocket tem uma dura\u00e7\u00e3o ultra longa e pode alternar livremente entre o modo normal e o modo melhorado. O modo normal foi ajustado para aumentar a dura\u00e7\u00e3o da bateria. O modo melhorado tem um maior impacto, mas consome mais fumo.<\/p>\n<p data-v-md-line=\"6\">\u00c9 adequado para qualquer pessoa que queira um sabor rico sem se esfor\u00e7ar. N\u00e3o precisa de um menu ou de defini\u00e7\u00f5es complicadas. Escolha o seu modo e desfrute ao m\u00e1ximo. \u00c9 isso mesmo.<\/p>\n<h2 data-v-md-heading=\"excellent-performance-easy-and-convenient\" data-v-md-line=\"8\">Excelente desempenho, f\u00e1cil e pr\u00e1tico<\/h2>\n<p data-v-md-line=\"9\">Design de malha dupla, facilmente lidar com tudo. As bobinas de 0,4 \u03a9 e 0,8 \u03a9 trabalham em conjunto para garantir um sabor puro e consistente do in\u00edcio ao fim. A bateria descarrega mais lentamente e o fumo \u00e9 mais suave. Quando a bateria est\u00e1 fraca, pode utilizar a interface Type-C para a carregar. O mesmo que o cabo usado no seu telefone. F\u00e1cil de utilizar.<\/p>\n<h2 data-v-md-heading=\"specification-introduction\" data-v-md-line=\"11\">Introdu\u00e7\u00e3o \u00e0 especifica\u00e7\u00e3o<\/h2>\n<ul data-v-md-line=\"12\">\n<li>Frequ\u00eancia de suc\u00e7\u00e3o: at\u00e9 20000 vezes no modo normal e at\u00e9 12000 vezes no modo melhorado<\/li>\n<li>Capacidade do e-l\u00edquido: 25 mililitros<\/li>\n<li>N\u00facleo atomizador: malha dupla de 0,4 \u03a9+0,8 \u03a9<\/li>\n<li>Bateria: bateria recarreg\u00e1vel de 650 mAh<\/li>\n<li>Nicotina: O fabricante n\u00e3o especificou a concentra\u00e7\u00e3o. Por favor, verifique as op\u00e7\u00f5es do produto ou consulte a nossa equipa para saber a situa\u00e7\u00e3o atual do fornecimento.<\/li>\n<li>Princ\u00edpio de funcionamento: dispositivo de modo duplo. Basta mudar de modo sem configura\u00e7\u00f5es complexas para come\u00e7ar a utilizar<\/li>\n<li>Charging: Standard Type-C USB interface<\/li>\n<li>Status: Pronto para usar assim que sai da caixa<\/li>\n<\/ul>\n<h2 data-v-md-heading=\"full-range-of-flavors\" data-v-md-line=\"21\">Full range of flavors<\/h2>\n<ul data-v-md-line=\"22\">\n<li>Sabor a mirtilo e framboesa azeda<\/li>\n<li>Strawberry Strange Fruit Flavor<\/li>\n<li>Batido de anan\u00e1s<\/li>\n<li>Mirtilos, framboesas, aroma de lim\u00e3o<\/li>\n<li>Smoothie de melancia<\/li>\n<li>Sabor de kiwi, maracuj\u00e1 e goiaba<\/li>\n<li>Batido de p\u00eassego<\/li>\n<li>Smoothie de mirtilo<\/li>\n<li>Sabor a a\u00e7\u00facar arco-\u00edris<\/li>\n<li>Batido de banana<\/li>\n<\/ul>\n<h2 data-v-md-heading=\"for-you-and-for-your-business-as-well\" data-v-md-line=\"33\">Para voc\u00ea e para o seu neg\u00f3cio tamb\u00e9m.<\/h2>\n<p data-v-md-line=\"34\">Pode comprar um para si ou fazer um stock para a sua loja. A Crystal Mary Space Rocket oferece encomendas por grosso em caixas, com 10 unidades de cada sabor. F\u00e1cil de registar e vender.<\/p>\n<p data-v-md-line=\"36\">Trabalhamos com parceiros fi\u00e1veis como a UPS, a DPD e a DHL para fornecer servi\u00e7os de entrega DDP, pelo que as tarifas podem ser processadas antecipadamente. A alf\u00e2ndega n\u00e3o se deparar\u00e1 com acidentes, nem haver\u00e1 atrasos que n\u00e3o possa explicar aos clientes.<\/p>\n<h2 data-v-md-heading=\"why-do-you-like-it\" data-v-md-line=\"38\">Por que voc\u00ea gosta disso?<\/h2>\n<ul data-v-md-line=\"39\">\n<li>Contagem de boca grande: Escolha um dispositivo dur\u00e1vel e de longa dura\u00e7\u00e3o para tornar o seu consumo mais livre de preocupa\u00e7\u00f5es<\/li>\n<li>Sele\u00e7\u00e3o da nicotina: Os diferentes mercados oferecem diferentes op\u00e7\u00f5es, pelo que pode escolher a que mais lhe conv\u00e9m<\/li>\n<li>Recarreg\u00e1vel: A interface tipo C permite-lhe utiliz\u00e1-la at\u00e9 que o l\u00edquido eletr\u00f3nico se esgote<\/li>\n<li>Bobina de malha: As bobinas de malha dupla proporcionam um sabor est\u00e1vel e uma suc\u00e7\u00e3o suave<\/li>\n<\/ul>\n<h2 data-v-md-heading=\"why-choose-to-collaborate-with-agoravape\" data-v-md-line=\"44\">Por que escolher colaborar com a AgoraVape?<\/h2>\n<p data-v-md-line=\"45\">Oferecemos apenas produtos genu\u00ednos 100% e acreditamos firmemente nisso. Os compradores por grosso que compram cigarros electr\u00f3nicos Crystal Mary Space Rocket dual-mode 20000 pack podem usufruir de descontos nos pre\u00e7os, apoio de resposta r\u00e1pida e servi\u00e7os de entrega r\u00e1pida DDP na Europa. Bem-vindo a contactar-nos e criar um produto popular que trar\u00e1 de volta os seus clientes.<\/p>\n<p data-v-md-line=\"45\"><img loading=\"lazy\" decoding=\"async\" class=\"aligncenter size-full wp-image-11226\" src=\"https:\/\/agoravape.com\/wp-content\/uploads\/2025\/10\/CM-Space-Rocket-vape.webp\" alt=\"\" width=\"1400\" height=\"813\" srcset=\"https:\/\/agoravape.com\/wp-content\/uploads\/2025\/10\/CM-Space-Rocket-vape.webp 1400w, https:\/\/agoravape.com\/wp-content\/uploads\/2025\/10\/CM-Space-Rocket-vape-1200x697.webp 1200w, https:\/\/agoravape.com\/wp-content\/uploads\/2025\/10\/CM-Space-Rocket-vape-300x174.webp 300w, https:\/\/agoravape.com\/wp-content\/uploads\/2025\/10\/CM-Space-Rocket-vape-1024x595.webp 1024w, https:\/\/agoravape.com\/wp-content\/uploads\/2025\/10\/CM-Space-Rocket-vape-768x446.webp 768w\" sizes=\"auto, (max-width: 1400px) 100vw, 1400px\" \/><\/p>","protected":false},"excerpt":{"rendered":"<p>Cansado de trocar de vaporizadores? O Crystal Mary Space Rocket oferece at\u00e9 20.000 baforadas. Alterna entre o modo Regular de longa dura\u00e7\u00e3o e o modo Boost de alta pot\u00eancia. As bobinas de malha dupla proporcionam um sabor puro e consistente. Simples, potente e recarreg\u00e1vel tipo C para uma experi\u00eancia duradoura.<\/p>","protected":false},"featured_media":11216,"comment_status":"open","ping_status":"closed","template":"","meta":[],"product_brand":[199],"product_cat":[124,185,1636,126,174,175,193,191,173,186,180,190],"product_tag":[],"class_list":{"0":"post-11193","1":"product","2":"type-product","3":"status-publish","4":"has-post-thumbnail","6":"product_brand-crystal-mary","7":"product_cat-vape-by-brand","8":"product_cat-10000-puffs-high-capacity","9":"product_cat-20000-puffs","10":"product_cat-crystal-mary","11":"product_cat-fruit-flavors","12":"product_cat-icy-mint","13":"product_cat-mesh-coil","14":"product_cat-rechargeable-disposables","15":"product_cat-vape-by-flavor-profile","16":"product_cat-vape-by-nicotine-strength","17":"product_cat-vape-by-puff-count","18":"product_cat-vape-by-feature-or-type","20":"first","21":"onbackorder","22":"shipping-taxable","23":"purchasable","24":"product-type-variable","25":"has-default-attributes"},"tiered_pricing_type":"percentage","tiered_pricing_fixed_rules":[],"tiered_pricing_product_settings":{"layout":"default","base_unit_name":{"singular":null,"plural":null},"default_variation":null},"tiered_pricing_minimum_quantity":10,"tiered_pricing_roles_data":[],"tiered_pricing_percentage_rules":{"30":"29","50":"35","100":"40","200":"44","500":"47","1000":"49"},"tiered_pricing_maximum_quantity":null,"tiered_pricing_quantity_step":"10","_links":{"self":[{"href":"https:\/\/agoravape.com\/pt\/wp-json\/wp\/v2\/product\/11193","targetHints":{"allow":["GET"]}}],"collection":[{"href":"https:\/\/agoravape.com\/pt\/wp-json\/wp\/v2\/product"}],"about":[{"href":"https:\/\/agoravape.com\/pt\/wp-json\/wp\/v2\/types\/product"}],"replies":[{"embeddable":true,"href":"https:\/\/agoravape.com\/pt\/wp-json\/wp\/v2\/comments?post=11193"}],"version-history":[{"count":0,"href":"https:\/\/agoravape.com\/pt\/wp-json\/wp\/v2\/product\/11193\/revisions"}],"wp:featuredmedia":[{"embeddable":true,"href":"https:\/\/agoravape.com\/pt\/wp-json\/wp\/v2\/media\/11216"}],"wp:attachment":[{"href":"https:\/\/agoravape.com\/pt\/wp-json\/wp\/v2\/media?parent=11193"}],"wp:term":[{"taxonomy":"product_brand","embeddable":true,"href":"https:\/\/agoravape.com\/pt\/wp-json\/wp\/v2\/product_brand?post=11193"},{"taxonomy":"product_cat","embeddable":true,"href":"https:\/\/agoravape.com\/pt\/wp-json\/wp\/v2\/product_cat?post=11193"},{"taxonomy":"product_tag","embeddable":true,"href":"https:\/\/agoravape.com\/pt\/wp-json\/wp\/v2\/product_tag?post=11193"}],"curies":[{"name":"wp","href":"https:\/\/api.w.org\/{rel}","templated":true}]}}