{"id":11238,"date":"2025-10-05T15:16:19","date_gmt":"2025-10-05T07:16:19","guid":{"rendered":"https:\/\/green-grasshopper-921422.hostingersite.com\/?post_type=product&#038;p=11238"},"modified":"2026-01-19T22:09:01","modified_gmt":"2026-01-19T14:09:01","slug":"bood-infinity-30000-puffs-vape","status":"publish","type":"product","link":"https:\/\/agoravape.com\/pt\/product\/bood-infinity-30000-puffs-vape\/","title":{"rendered":"Vape descart\u00e1vel de rede dupla Bood Infinity 30000 | Sabor duradouro, sem preocupa\u00e7\u00f5es"},"content":{"rendered":"<h2 data-v-md-heading=\"so-what-is-the-special-feature-of-bood-infinity-s-30000-port-dual-network-disposable-vape\" data-v-md-line=\"3\">Qual \u00e9 a carater\u00edstica especial do vape descart\u00e1vel de rede dupla com 30000 portas da Bood Infinity?<\/h2>\n<p data-v-md-line=\"4\">Se est\u00e1 cansado de substituir os vapores descart\u00e1veis de poucos em poucos dias, este produto vai facilitar-lhe a vida. O Bood Infinity foi concebido para uma utiliza\u00e7\u00e3o a longo prazo e pode suportar at\u00e9 30000 baforadas, permitindo-lhe manter um sabor est\u00e1vel durante semanas sem ter de substituir frequentemente o seu vape.<\/p>\n<p data-v-md-line=\"6\">\u00c9 adequado para todos os que pretendem um vape fi\u00e1vel e duradouro. N\u00e3o precisa de menus, nem de bot\u00f5es complicados. Escolha o sabor e a concentra\u00e7\u00e3o e depois inale. Simples e f\u00e1cil de implementar.<\/p>\n<h2 data-v-md-heading=\"excellent-performance-no-need-for-complex-operations\" data-v-md-line=\"8\">Excelente desempenho, sem necessidade de opera\u00e7\u00f5es complexas<\/h2>\n<p data-v-md-line=\"9\">A bobina de malha dupla encarrega-se da tarefa principal. S\u00e3o aquecidas uniformemente, pelo que cada dentada \u00e9 t\u00e3o deliciosa como a primeira e mant\u00e9m-se sempre consistente. A bateria de 650mAh foi concebida para uma utiliza\u00e7\u00e3o cont\u00ednua, garantindo sempre uma utiliza\u00e7\u00e3o suave e sem obst\u00e1culos.<\/p>\n<h2 data-v-md-heading=\"specification-overview\" data-v-md-line=\"11\">Vis\u00e3o geral das especifica\u00e7\u00f5es<\/h2>\n<ul data-v-md-line=\"12\">\n<li>Suction frequency: up to 30000 times<\/li>\n<li>Teor de nicotina: 0%, 2% e 5%<\/li>\n<li>Princ\u00edpio de funcionamento: Ativado por inala\u00e7\u00e3o<\/li>\n<li>M\u00e9todo de carregamento: n\u00e3o especificado pelo fabricante<\/li>\n<li>Estado: Pronto para usar assim que abrir a caixa.<\/li>\n<\/ul>\n<h2 data-v-md-heading=\"complete-flavor-series\" data-v-md-line=\"18\">S\u00e9rie completa de sabores<\/h2>\n<ul data-v-md-line=\"19\">\n<li>Strawberry and watermelon flavor<\/li>\n<li>Sabor a p\u00eassego, manga e anan\u00e1s<\/li>\n<li>Sabor a melancia com menta<\/li>\n<li>As bagas t\u00eam um sabor forte e explosivo<\/li>\n<li>Strawberry Strange Fruit Flavor<\/li>\n<li>Sabor havaiano<\/li>\n<li>Sabor a batido de mirtilo<\/li>\n<li>Blueberry and Lemon Water Flavor<\/li>\n<li>Sabor a gelo preto<\/li>\n<li>Sabor a Tiffany<\/li>\n<\/ul>\n<h2 data-v-md-heading=\"to-create-for-you-and-your-business\" data-v-md-line=\"30\">Para criar algo para voc\u00ea e para o seu neg\u00f3cio.<\/h2>\n<p data-v-md-line=\"31\">Se voc\u00ea deseja apenas comprar <a class=\"wpil_keyword_link\" title=\"MENSAGEM\" href=\"https:\/\/agoravape.com\/pt\/marca\/sangue\/\" data-wpil-keyword-link=\"linked\" data-wpil-monitor-id=\"104\">Bood<\/a> Vaporizadores descart\u00e1veis Infinity 30000 com rede dupla para uso pessoal, podem ser adquiridos separadamente. Se voc\u00ea opera uma loja f\u00edsica ou online, pode comprar 200 caixas de papel\u00e3o no atacado, o que garante que as prateleiras fiquem totalmente abastecidas e satisfa\u00e7am os clientes.<\/p>\n<p data-v-md-line=\"33\">Trabalhamos com parceiros de confian\u00e7a, como a UPS, a DPD e a DHL, para fornecer servi\u00e7os de entrega DDP em toda a Europa, para que os procedimentos alfandeg\u00e1rios possam ser processados com anteced\u00eancia e n\u00e3o haja entregas inesperadas de encomendas.<\/p>\n<h2 data-v-md-heading=\"why-do-you-like-it\" data-v-md-line=\"35\">Por que voc\u00ea gosta disso?<\/h2>\n<ul data-v-md-line=\"36\">\n<li>V\u00e1rias baforadas: Dur\u00e1vel e duradouro, sem necessidade de comprar frequentemente novos vapores<\/li>\n<li>Sele\u00e7\u00e3o da nicotina: Escolha a concentra\u00e7\u00e3o de nicotina que se adapta aos seus h\u00e1bitos di\u00e1rios<\/li>\n<li>Ativa\u00e7\u00e3o por inala\u00e7\u00e3o: Sem necessidade de bot\u00f5es, f\u00e1cil de utilizar<\/li>\n<li>Bobinas de malha dupla: Sabor consistente, suc\u00e7\u00e3o suave em todas as ocasi\u00f5es<\/li>\n<\/ul>\n<h2 data-v-md-heading=\"why-choose-agoravape\" data-v-md-line=\"41\">Por que escolher a AgoraVape?<\/h2>\n<p data-v-md-line=\"42\">Como um dos distribuidores de vape de confian\u00e7a na Europa, oferecemos apenas produtos genu\u00ednos 100%. Se for um comprador comercial, receber\u00e1 pre\u00e7os de atacado com desconto, suporte confi\u00e1vel e servi\u00e7os de entrega r\u00e1pidos e confi\u00e1veis para os vapes descart\u00e1veis de malha dupla Bood Infinity 30000. Entre em contacto connosco para reservar equipamento que os seus clientes voltar\u00e3o a comprar.<\/p>","protected":false},"excerpt":{"rendered":"<p>Desfrute de semanas de sabor constante com o vaporizador Bood Infinity. A sua bobina dupla de malha proporciona at\u00e9 30.000 tragadas com sabor consistente. Com ativa\u00e7\u00e3o simples por inala\u00e7\u00e3o e op\u00e7\u00f5es de nicotina de 0%, 2% e 5%, \u00e9 o melhor descart\u00e1vel de longa dura\u00e7\u00e3o e sem complica\u00e7\u00f5es.<\/p>","protected":false},"featured_media":11262,"comment_status":"open","ping_status":"closed","template":"","meta":[],"product_brand":[200],"product_cat":[124,187,185,189,1637,127,174,175,193,191,173,186,180,190],"product_tag":[],"class_list":{"0":"post-11238","1":"product","2":"type-product","3":"status-publish","4":"has-post-thumbnail","6":"product_brand-bood","7":"product_cat-vape-by-brand","8":"product_cat-0mg-nicotine-free-vapes","9":"product_cat-10000-puffs-high-capacity","10":"product_cat-20mg-standard-nicotine-vapes","11":"product_cat-30000-puffs","12":"product_cat-bood","13":"product_cat-fruit-flavors","14":"product_cat-icy-mint","15":"product_cat-mesh-coil","16":"product_cat-rechargeable-disposables","17":"product_cat-vape-by-flavor-profile","18":"product_cat-vape-by-nicotine-strength","19":"product_cat-vape-by-puff-count","20":"product_cat-vape-by-feature-or-type","22":"first","23":"onbackorder","24":"shipping-taxable","25":"purchasable","26":"product-type-variable","27":"has-default-attributes"},"tiered_pricing_type":"percentage","tiered_pricing_fixed_rules":[],"tiered_pricing_product_settings":{"layout":"default","base_unit_name":{"singular":null,"plural":null},"default_variation":null},"tiered_pricing_minimum_quantity":10,"tiered_pricing_roles_data":[],"tiered_pricing_percentage_rules":{"100":"40","200":"44","500":"47","1000":"49"},"tiered_pricing_maximum_quantity":null,"tiered_pricing_quantity_step":"10","_links":{"self":[{"href":"https:\/\/agoravape.com\/pt\/wp-json\/wp\/v2\/product\/11238","targetHints":{"allow":["GET"]}}],"collection":[{"href":"https:\/\/agoravape.com\/pt\/wp-json\/wp\/v2\/product"}],"about":[{"href":"https:\/\/agoravape.com\/pt\/wp-json\/wp\/v2\/types\/product"}],"replies":[{"embeddable":true,"href":"https:\/\/agoravape.com\/pt\/wp-json\/wp\/v2\/comments?post=11238"}],"version-history":[{"count":0,"href":"https:\/\/agoravape.com\/pt\/wp-json\/wp\/v2\/product\/11238\/revisions"}],"wp:featuredmedia":[{"embeddable":true,"href":"https:\/\/agoravape.com\/pt\/wp-json\/wp\/v2\/media\/11262"}],"wp:attachment":[{"href":"https:\/\/agoravape.com\/pt\/wp-json\/wp\/v2\/media?parent=11238"}],"wp:term":[{"taxonomy":"product_brand","embeddable":true,"href":"https:\/\/agoravape.com\/pt\/wp-json\/wp\/v2\/product_brand?post=11238"},{"taxonomy":"product_cat","embeddable":true,"href":"https:\/\/agoravape.com\/pt\/wp-json\/wp\/v2\/product_cat?post=11238"},{"taxonomy":"product_tag","embeddable":true,"href":"https:\/\/agoravape.com\/pt\/wp-json\/wp\/v2\/product_tag?post=11238"}],"curies":[{"name":"wp","href":"https:\/\/api.w.org\/{rel}","templated":true}]}}