{"id":11274,"date":"2025-10-05T16:49:05","date_gmt":"2025-10-05T08:49:05","guid":{"rendered":"https:\/\/green-grasshopper-921422.hostingersite.com\/?post_type=product&#038;p=11274"},"modified":"2026-01-19T22:08:55","modified_gmt":"2026-01-19T14:08:55","slug":"bood-pulse-pro-50000-puffs-vape","status":"publish","type":"product","link":"https:\/\/agoravape.com\/pt\/product\/bood-pulse-pro-50000-puffs-vape\/","title":{"rendered":"Bood Pulse Pro 50000 Port | Grande capacidade e conveniente, equipado com bobina de malha e interface de carregamento Tipo-C"},"content":{"rendered":"<h2 data-v-md-heading=\"what-are-the-advantages-of-the-bood-pulse-pro-50000-puff-high-capacity-vape\" data-v-md-line=\"3\">Quais s\u00e3o as vantagens do vape de alta capacidade Bood Pulse Pro 50000 puff?<\/h2>\n<p data-v-md-line=\"4\">Se est\u00e1 cansado de mudar o e-l\u00edquido descart\u00e1vel a cada poucos dias, talvez queira dar uma vista de olhos a este produto. O Bood Pulse Pro est\u00e1 equipado com um dep\u00f3sito de armazenamento de \u00f3leo de grande capacidade e uma bateria recarreg\u00e1vel, o que lhe permite utiliz\u00e1-lo durante muito tempo sem a necessidade de substituir frequentemente a bateria.<\/p>\n<p data-v-md-line=\"6\">Se pretende um vape de suc\u00e7\u00e3o simples e f\u00e1cil de utilizar que consiga manter um sabor consistente, ent\u00e3o este produto \u00e9 a escolha ideal. Uma capacidade de 50000 pode parecer ousada, mas os 38 mililitros de capacidade de e-l\u00edquido e as bobinas de malha s\u00e3o precisamente a raz\u00e3o pela qual pode durar tanto tempo. A dura\u00e7\u00e3o real da bateria varia consoante a forma como \u00e9 utilizado, pelo que a sua dura\u00e7\u00e3o n\u00e3o \u00e9 ilimitada.<\/p>\n<h2 data-v-md-heading=\"excellent-performance-no-need-for-complex-operations\" data-v-md-line=\"8\">Excelente desempenho, sem necessidade de opera\u00e7\u00f5es complexas<\/h2>\n<p data-v-md-line=\"9\">O n\u00facleo do Pulse Pro adopta um n\u00facleo de atomiza\u00e7\u00e3o em malha para garantir um fumo suave e um sabor claro. N\u00e3o precisa de bot\u00f5es, nem de menus, apenas de uma suc\u00e7\u00e3o suave. Quando a bateria est\u00e1 fraca, pode utilizar um cabo de dados Tipo C (que pode ser o mesmo que o cabo de carregamento do telem\u00f3vel) para carregar. \u00c9 simples.<\/p>\n<h2 data-v-md-heading=\"specification-introduction\" data-v-md-line=\"11\">Introdu\u00e7\u00e3o \u00e0 especifica\u00e7\u00e3o<\/h2>\n<ul data-v-md-line=\"12\">\n<li>Frequ\u00eancia de suc\u00e7\u00e3o: at\u00e9 50.000 vezes<\/li>\n<li>Capacidade do e-l\u00edquido: 38 mililitros<\/li>\n<li>Teor de nicotina: 0%, 2%, ou 5% (a oferta espec\u00edfica pode variar consoante o mercado)<\/li>\n<li>Bobina: Bobina de malha<\/li>\n<li>Bateria: 850mAh<\/li>\n<li>Princ\u00edpio de funcionamento: Ativado por inala\u00e7\u00e3o<\/li>\n<li>Charging: Standard Type-C USB interface<\/li>\n<li>Estado: Pronto para usar assim que abrir a caixa.<\/li>\n<\/ul>\n<h2 data-v-md-heading=\"full-range-of-flavors\" data-v-md-line=\"21\">Full range of flavors<\/h2>\n<ul data-v-md-line=\"22\">\n<li>Mel\u00e3o, Anan\u00e1s, Sabor a Laranja<\/li>\n<li>Sabor a mirtilo e framboesa azeda<\/li>\n<li>Melancia Sabor a frutos estranhos<\/li>\n<li>Blueberry and watermelon flavor<\/li>\n<li>Sabor a gelo de amora<\/li>\n<li>Triplo sabor a mel\u00e3o<\/li>\n<li>Sabor a gelo de morango<\/li>\n<li>Sabor a gelo de morango e melancia<\/li>\n<li>Sabor a \u00e1gua com lim\u00e3o duplo<\/li>\n<li>Sabor a uva, arando, mirtilo e framboesa<\/li>\n<\/ul>\n<h2 data-v-md-heading=\"to-create-for-you-and-your-business\" data-v-md-line=\"33\">Para criar algo para voc\u00ea e para o seu neg\u00f3cio.<\/h2>\n<p data-v-md-line=\"34\">Pode adquirir uma \u00fanica unidade para uso pessoal ou fazer um stock para venda a retalho. A caixa de cart\u00e3o para venda por grosso cont\u00e9m 180 unidades, com dimens\u00f5es de 54 \u00d7 38,5 \u00d7 27 cent\u00edmetros e um peso bruto de 22,5 quilogramas. Isto ajuda a planear o espa\u00e7o nas prateleiras e os custos de envio.<\/p>\n<p data-v-md-line=\"36\">Compreender rapidamente os regulamentos. Devido \u00e0 sua grande capacidade de e-l\u00edquido e ao teor opcional de nicotina 5%, este dispositivo excede o limite TPD da UE para vaporizadores descart\u00e1veis. Por favor, verifique a legisla\u00e7\u00e3o local antes de o anunciar ou comprar. Fornecemos para mercados que permitem estas especifica\u00e7\u00f5es. Para destinos permitidos, oferecemos envio DDP com parceiros como UPS, DPD e DHL, para que n\u00e3o haja surpresas desagrad\u00e1veis na alf\u00e2ndega.<\/p>\n<h2 data-v-md-heading=\"why-do-you-like-it\" data-v-md-line=\"38\">Por que voc\u00ea gosta disso?<\/h2>\n<ul data-v-md-line=\"39\">\n<li>Suc\u00e7\u00e3o maci\u00e7a: tempo de utiliza\u00e7\u00e3o mais longo, pelo que n\u00e3o \u00e9 necess\u00e1rio comprar novos aparelhos com frequ\u00eancia.<\/li>\n<li>Sele\u00e7\u00e3o do teor de nicotina: Escolha 0%, 2% ou 5% com base nos seus h\u00e1bitos de vape.<\/li>\n<li>Recarreg\u00e1vel: Pode utilizar a totalidade dos 38 mililitros de e-l\u00edquido em vez de deitar fora o equipamento parcialmente utilizado.<\/li>\n<li>N\u00facleo do atomizador em malha: Fumo e sabor consistentes.<\/li>\n<li>F\u00e1cil de utilizar: Basta inalar e utilizar sem ter de ajustar bot\u00f5es ou defini\u00e7\u00f5es.<\/li>\n<\/ul>\n<h2 data-v-md-heading=\"why-collaborate-with-agoravape\" data-v-md-line=\"45\">Por que colaborar com a AgoraVape?<\/h2>\n<p data-v-md-line=\"46\">Somos um dos distribuidores de cigarros eletr\u00f3nicos mais confi\u00e1veis da Europa, por isso vendemos apenas produtos genu\u00ednos 100%. Clientes empresariais que compram <a class=\"wpil_keyword_link\" title=\"MENSAGEM\" href=\"https:\/\/agoravape.com\/pt\/marca\/sangue\/\" data-wpil-keyword-link=\"linked\" data-wpil-monitor-id=\"103\">Bood<\/a> Os vaporizadores Pulse Pro 50000 de grande capacidade oferecem pre\u00e7os com desconto para revendedores, suporte confi\u00e1vel e servi\u00e7os de entrega r\u00e1pidos e confi\u00e1veis. Se deseja adquirir um vaporizador de grande capacidade e longa dura\u00e7\u00e3o que os seus clientes certamente ir\u00e3o gostar, entre em contacto connosco.<\/p>\n<p data-v-md-line=\"46\"><img loading=\"lazy\" decoding=\"async\" class=\"aligncenter size-full wp-image-11289\" src=\"https:\/\/agoravape.com\/wp-content\/uploads\/2025\/10\/Boodpro_final.webp\" alt=\"\" width=\"1280\" height=\"892\" srcset=\"https:\/\/agoravape.com\/wp-content\/uploads\/2025\/10\/Boodpro_final.webp 1280w, https:\/\/agoravape.com\/wp-content\/uploads\/2025\/10\/Boodpro_final-1200x836.webp 1200w, https:\/\/agoravape.com\/wp-content\/uploads\/2025\/10\/Boodpro_final-300x209.webp 300w, https:\/\/agoravape.com\/wp-content\/uploads\/2025\/10\/Boodpro_final-1024x714.webp 1024w, https:\/\/agoravape.com\/wp-content\/uploads\/2025\/10\/Boodpro_final-768x535.webp 768w\" sizes=\"auto, (max-width: 1280px) 100vw, 1280px\" \/><\/p>","protected":false},"excerpt":{"rendered":"<p>Experimente a conveni\u00eancia duradoura com o Bood Pulse Pro. Obtenha at\u00e9 50.000 baforadas com uma enorme capacidade de 38 ml e uma bateria recarreg\u00e1vel Tipo C. A sua bobina de malha garante um sabor suave e consistente num design simples e ativado por tra\u00e7\u00e3o. Vaping duradouro e de alto desempenho facilitado.<\/p>","protected":false},"featured_media":11286,"comment_status":"open","ping_status":"closed","template":"","meta":[],"product_brand":[200],"product_cat":[124,187,185,189,1641,127,174,175,193,191,173,186,180,190],"product_tag":[],"class_list":{"0":"post-11274","1":"product","2":"type-product","3":"status-publish","4":"has-post-thumbnail","6":"product_brand-bood","7":"product_cat-vape-by-brand","8":"product_cat-0mg-nicotine-free-vapes","9":"product_cat-10000-puffs-high-capacity","10":"product_cat-20mg-standard-nicotine-vapes","11":"product_cat-50000-puffs","12":"product_cat-bood","13":"product_cat-fruit-flavors","14":"product_cat-icy-mint","15":"product_cat-mesh-coil","16":"product_cat-rechargeable-disposables","17":"product_cat-vape-by-flavor-profile","18":"product_cat-vape-by-nicotine-strength","19":"product_cat-vape-by-puff-count","20":"product_cat-vape-by-feature-or-type","22":"first","23":"onbackorder","24":"shipping-taxable","25":"purchasable","26":"product-type-variable","27":"has-default-attributes"},"tiered_pricing_type":"percentage","tiered_pricing_fixed_rules":[],"tiered_pricing_product_settings":{"layout":"default","base_unit_name":{"singular":null,"plural":null},"default_variation":null},"tiered_pricing_minimum_quantity":10,"tiered_pricing_roles_data":[],"tiered_pricing_percentage_rules":{"100":"40","200":"44","500":"47","1000":"49"},"tiered_pricing_maximum_quantity":null,"tiered_pricing_quantity_step":"10","_links":{"self":[{"href":"https:\/\/agoravape.com\/pt\/wp-json\/wp\/v2\/product\/11274","targetHints":{"allow":["GET"]}}],"collection":[{"href":"https:\/\/agoravape.com\/pt\/wp-json\/wp\/v2\/product"}],"about":[{"href":"https:\/\/agoravape.com\/pt\/wp-json\/wp\/v2\/types\/product"}],"replies":[{"embeddable":true,"href":"https:\/\/agoravape.com\/pt\/wp-json\/wp\/v2\/comments?post=11274"}],"version-history":[{"count":0,"href":"https:\/\/agoravape.com\/pt\/wp-json\/wp\/v2\/product\/11274\/revisions"}],"wp:featuredmedia":[{"embeddable":true,"href":"https:\/\/agoravape.com\/pt\/wp-json\/wp\/v2\/media\/11286"}],"wp:attachment":[{"href":"https:\/\/agoravape.com\/pt\/wp-json\/wp\/v2\/media?parent=11274"}],"wp:term":[{"taxonomy":"product_brand","embeddable":true,"href":"https:\/\/agoravape.com\/pt\/wp-json\/wp\/v2\/product_brand?post=11274"},{"taxonomy":"product_cat","embeddable":true,"href":"https:\/\/agoravape.com\/pt\/wp-json\/wp\/v2\/product_cat?post=11274"},{"taxonomy":"product_tag","embeddable":true,"href":"https:\/\/agoravape.com\/pt\/wp-json\/wp\/v2\/product_tag?post=11274"}],"curies":[{"name":"wp","href":"https:\/\/api.w.org\/{rel}","templated":true}]}}