{"id":11810,"date":"2025-10-08T14:00:13","date_gmt":"2025-10-08T06:00:13","guid":{"rendered":"https:\/\/green-grasshopper-921422.hostingersite.com\/?post_type=product&#038;p=11810"},"modified":"2026-03-26T13:22:37","modified_gmt":"2026-03-26T12:22:37","slug":"mrvi-growing-60k-3in1-spin-vape","status":"publish","type":"product","link":"https:\/\/agoravape.com\/pt\/product\/mrvi-growing-60k-3in1-spin-vape\/","title":{"rendered":"MRVI Growing 60K com suc\u00e7\u00e3o, vaporizador girat\u00f3rio tr\u00eas sabores em um | Tr\u00eas sabores, pronto para usar a qualquer momento, extremamente dur\u00e1vel"},"content":{"rendered":"<p><img loading=\"lazy\" decoding=\"async\" class=\"aligncenter size-full wp-image-11853\" src=\"https:\/\/agoravape.com\/wp-content\/uploads\/2025\/10\/mrvi_60000-puffs_Agora_vape-scaled.webp\" alt=\"\" width=\"2560\" height=\"1280\" srcset=\"https:\/\/agoravape.com\/wp-content\/uploads\/2025\/10\/mrvi_60000-puffs_Agora_vape-scaled.webp 2560w, https:\/\/agoravape.com\/wp-content\/uploads\/2025\/10\/mrvi_60000-puffs_Agora_vape-scaled-1200x600.webp 1200w, https:\/\/agoravape.com\/wp-content\/uploads\/2025\/10\/mrvi_60000-puffs_Agora_vape-300x150.webp 300w, https:\/\/agoravape.com\/wp-content\/uploads\/2025\/10\/mrvi_60000-puffs_Agora_vape-1024x512.webp 1024w, https:\/\/agoravape.com\/wp-content\/uploads\/2025\/10\/mrvi_60000-puffs_Agora_vape-768x384.webp 768w, https:\/\/agoravape.com\/wp-content\/uploads\/2025\/10\/mrvi_60000-puffs_Agora_vape-1536x768.webp 1536w, https:\/\/agoravape.com\/wp-content\/uploads\/2025\/10\/mrvi_60000-puffs_Agora_vape-2048x1024.webp 2048w, https:\/\/agoravape.com\/wp-content\/uploads\/2025\/10\/mrvi_60000-puffs_Agora_vape-scaled-1100x550.webp 1100w\" sizes=\"auto, (max-width: 2560px) 100vw, 2560px\" \/><\/p>\n<p>&nbsp;<\/p>\n<h2 data-v-md-heading=\"what-are-the-advantages-of-using-mrvi-growing-60k-to-smoke-a-three-in-one-rotating-flavor-vape\" data-v-md-line=\"3\">Quais s\u00e3o as vantagens de utilizar o MRVI Growing 60K para fumar um vape de sabor rotativo tr\u00eas em um?<\/h2>\n<p data-v-md-line=\"4\">Se est\u00e1 cansado de ficar sem e-l\u00edquido ou de mudar de dispositivo a meio da semana, este produto vai certamente refrescar-lhe a mente. O MRVI Growing \u00e9 um vape com capacidade para at\u00e9 60000 baforadas, com tr\u00eas sabores que podem ser alternados com uma simples rota\u00e7\u00e3o do seletor. \u00c9 como transportar tr\u00eas bombas de cigarros descart\u00e1veis sem parecer volumoso.<\/p>\n<p data-v-md-line=\"6\">\u00c9 adequado para qualquer utilizador que procure uma bateria de longa dura\u00e7\u00e3o, uma sele\u00e7\u00e3o f\u00e1cil de sabores e uma comodidade sem esfor\u00e7o. Visor claro do e-l\u00edquido e do n\u00edvel da bateria, permitindo-lhe controlar a energia restante em qualquer altura. N\u00e3o precisa de adivinhar e n\u00e3o precisa de se preocupar com acidentes.<\/p>\n<h2 data-v-md-heading=\"excellent-performance-worry-free\" data-v-md-line=\"8\">Excelente desempenho, sem preocupa\u00e7\u00f5es.<\/h2>\n<p data-v-md-line=\"9\">A bobina de malha dupla garante uma suc\u00e7\u00e3o suave e consistente em todas as ocasi\u00f5es, e o sabor da \u00faltima mordida \u00e9 t\u00e3o bom quanto o da primeira. O design com tr\u00eas ranhuras permite-lhe alternar entre diferentes sabores em segundos, especialmente adequado para pessoas que n\u00e3o querem comer o mesmo sabor durante todo o dia. Quando a bateria est\u00e1 fraca, pode utilizar um cabo de dados tipo C para a carregar. Pode ser o mesmo que o cabo de carregamento do seu telem\u00f3vel. Simples e c\u00f3modo.<\/p>\n<h2 data-v-md-heading=\"specification-overview\" data-v-md-line=\"11\">Vis\u00e3o geral das especifica\u00e7\u00f5es<\/h2>\n<p data-v-md-line=\"12\"><strong>N\u00famero de suc\u00e7\u00f5es<\/strong>: at\u00e9 60000 aspira\u00e7\u00f5es<br \/>\n<strong>Teor de nicotina<\/strong>: 2% ou 5%<br \/>\n<strong>Princ\u00edpio de funcionamento<\/strong>: Rodar para mudar de sabor e inalar para ativar<br \/>\n<strong>Carregando<\/strong>Porta USB tipo C padr\u00e3o<br \/>\n<strong>Status<\/strong>Pronto para usar assim que sai da caixa.<br \/>\n<strong>N\u00facleo atomizador<\/strong>: Malha dupla<br \/>\n<strong>Capacidade do e-l\u00edquido<\/strong>: Tr\u00eas compartimentos de arruma\u00e7\u00e3o num total de 48 mililitros<br \/>\n<strong>Bateria<\/strong>: 650mAh<br \/>\n<strong>Tela de exibi\u00e7\u00e3o<\/strong>: Ecr\u00e3 duplo para e-l\u00edquido e bateria, com luz indicadora independente do compartimento de armazenamento de \u00f3leo<br \/>\n<strong>Peso \u00fanico<\/strong>: 135 gramas<\/p>\n<h2 data-v-md-heading=\"full-range-of-flavors\" data-v-md-line=\"23\">Full range of flavors<\/h2>\n<ul data-v-md-line=\"24\">\n<li>Melancia Ice\/Red Bull\/Strawberry Kiwi<\/li>\n<li>Lim\u00e3o, lima, morango, melancia, mirtilo, gelo<\/li>\n<li>Gelo de anan\u00e1s, coco, banana e mirtilo<\/li>\n<li>Gelo de framboesa e melancia\/gelo de cola\/gelo de ma\u00e7\u00e3 \u00e1cida<\/li>\n<li>Gelo de mistura de frutos tropicais\/Gelo de gelado de morango\/Gelo de gelado de morango<\/li>\n<li>Morango Framboesa Cereja Gelo\/Love 666 Gelo\/Cereja A\u00e7\u00facar Cereja Gelo<\/li>\n<li>Gelo de frutos silvestres misturados\/Gelo de rebu\u00e7ados de ursinho de peluche\/Gelo de p\u00eassego<\/li>\n<li>Gelo de uva\/gelo de morango\/gelo de gelado<\/li>\n<\/ul>\n<h2 data-v-md-heading=\"for-you-and-for-your-business-as-well\" data-v-md-line=\"33\">Para voc\u00ea e para o seu neg\u00f3cio tamb\u00e9m.<\/h2>\n<p data-v-md-line=\"34\">Pode escolher um para si ou fazer um stock para a sua loja. Cada caixa de venda por grosso cont\u00e9m 10 unidades, o que lhe permite fazer uma encomenda razo\u00e1vel. Se precisar de mais, a caixa inteira pode conter 160.<\/p>\n<p data-v-md-line=\"36\">Trabalhamos com parceiros como a UPS, a DPD e a DHL para fornecer servi\u00e7os de entrega DDP em toda a Europa, pelo que as tarifas podem ser processadas antecipadamente. A sua encomenda pode ser imediatamente listada sem quaisquer situa\u00e7\u00f5es inesperadas na alf\u00e2ndega.<\/p>\n<h2 data-v-md-heading=\"why-do-you-like-it\" data-v-md-line=\"38\">Por que voc\u00ea gosta disso?<\/h2>\n<p data-v-md-line=\"39\"><strong>Aspira\u00e7\u00e3o excessiva<\/strong>: O tempo de suc\u00e7\u00e3o \u00e9 mais longo, pelo que n\u00e3o \u00e9 necess\u00e1rio comprar novos aparelhos com frequ\u00eancia.<br \/>\n<strong>Tr\u00eas sabores \u00e0 escolha<\/strong>: Mudar a qualquer momento se quiser mudar de sabor.<br \/>\n<strong>Sele\u00e7\u00e3o do teor de nicotina<\/strong>: Escolha 2% ou 5% de acordo com a sua prefer\u00eancia.<br \/>\n<strong>L\u00edquido eletr\u00f3nico recarreg\u00e1vel tipo C<\/strong>: Utilize todo o e-l\u00edquido que comprar sem desperd\u00edcio.<br \/>\n<strong>N\u00facleo do atomizador de malha dupla<\/strong>O seu sabor \u00e9 consistente e a experi\u00eancia de suc\u00e7\u00e3o \u00e9 sempre suave.<br \/>\n<strong>Ecr\u00e3 de visualiza\u00e7\u00e3o n\u00edtido<\/strong>: Verifique os n\u00edveis de e-l\u00edquido e de bateria num relance.<\/p>\n<h2 data-v-md-heading=\"why-choose-agoravape\" data-v-md-line=\"46\">Por que escolher a AgoraVape?<\/h2>\n<p data-v-md-line=\"47\">S\u00f3 oferecemos conjuntos genu\u00ednos e e-l\u00edquidos descart\u00e1veis 100%. Os clientes empresariais podem desfrutar de pre\u00e7os grossistas altamente competitivos, apoio fi\u00e1vel e servi\u00e7os de entrega DDP r\u00e1pidos e fi\u00e1veis para os vapes de sabor rotativo MRVI Growing 60K Puffs tr\u00eas em um. Contacte-nos para armazenar um dispositivo de sabor triplo que vale a pena recomprar para os seus clientes.<\/p>","protected":false},"excerpt":{"rendered":"<p>&nbsp; What are the advantages of using MRVI Growing 60K to smoke a three in one rotating flavor vape? If<\/p>","protected":false},"featured_media":11861,"comment_status":"open","ping_status":"closed","template":"","meta":[],"product_brand":[202],"product_cat":[124,185,189,1642,176,177,195,174,175,193,129,191,173,186,180,190,192],"product_tag":[],"class_list":{"0":"post-11810","1":"product","2":"type-product","3":"status-publish","4":"has-post-thumbnail","6":"product_brand-mrvi","7":"product_cat-vape-by-brand","8":"product_cat-10000-puffs-high-capacity","9":"product_cat-20mg-standard-nicotine-vapes","10":"product_cat-60000-puffs","11":"product_cat-beverage","12":"product_cat-dessert-sweets","13":"product_cat-dual-flavor-switch","14":"product_cat-fruit-flavors","15":"product_cat-icy-mint","16":"product_cat-mesh-coil","17":"product_cat-mrvi","18":"product_cat-rechargeable-disposables","19":"product_cat-vape-by-flavor-profile","20":"product_cat-vape-by-nicotine-strength","21":"product_cat-vape-by-puff-count","22":"product_cat-vape-by-feature-or-type","23":"product_cat-vapes-with-screens","25":"first","26":"instock","27":"shipping-taxable","28":"purchasable","29":"product-type-variable","30":"has-default-attributes"},"tiered_pricing_type":"percentage","tiered_pricing_fixed_rules":[],"tiered_pricing_product_settings":{"layout":"default","base_unit_name":{"singular":null,"plural":null},"default_variation":null},"tiered_pricing_minimum_quantity":10,"tiered_pricing_roles_data":[],"tiered_pricing_percentage_rules":{"30":"29","50":"35","100":"40","200":"44","500":"47","1000":"49"},"tiered_pricing_maximum_quantity":null,"tiered_pricing_quantity_step":"10","_links":{"self":[{"href":"https:\/\/agoravape.com\/pt\/wp-json\/wp\/v2\/product\/11810","targetHints":{"allow":["GET"]}}],"collection":[{"href":"https:\/\/agoravape.com\/pt\/wp-json\/wp\/v2\/product"}],"about":[{"href":"https:\/\/agoravape.com\/pt\/wp-json\/wp\/v2\/types\/product"}],"replies":[{"embeddable":true,"href":"https:\/\/agoravape.com\/pt\/wp-json\/wp\/v2\/comments?post=11810"}],"version-history":[{"count":0,"href":"https:\/\/agoravape.com\/pt\/wp-json\/wp\/v2\/product\/11810\/revisions"}],"wp:featuredmedia":[{"embeddable":true,"href":"https:\/\/agoravape.com\/pt\/wp-json\/wp\/v2\/media\/11861"}],"wp:attachment":[{"href":"https:\/\/agoravape.com\/pt\/wp-json\/wp\/v2\/media?parent=11810"}],"wp:term":[{"taxonomy":"product_brand","embeddable":true,"href":"https:\/\/agoravape.com\/pt\/wp-json\/wp\/v2\/product_brand?post=11810"},{"taxonomy":"product_cat","embeddable":true,"href":"https:\/\/agoravape.com\/pt\/wp-json\/wp\/v2\/product_cat?post=11810"},{"taxonomy":"product_tag","embeddable":true,"href":"https:\/\/agoravape.com\/pt\/wp-json\/wp\/v2\/product_tag?post=11810"}],"curies":[{"name":"wp","href":"https:\/\/api.w.org\/{rel}","templated":true}]}}