{"id":11876,"date":"2025-10-08T16:13:37","date_gmt":"2025-10-08T08:13:37","guid":{"rendered":"https:\/\/green-grasshopper-921422.hostingersite.com\/?post_type=product&#038;p=11876"},"modified":"2026-03-26T13:22:26","modified_gmt":"2026-03-26T12:22:26","slug":"mrvi-twins-32000-puffs-vape-de-duplo-sabor","status":"publish","type":"product","link":"https:\/\/agoravape.com\/pt\/product\/mrvi-twins-32000-puffs-dual-flavor-vape\/","title":{"rendered":"MRVI Twins 32000 Dual Flavor Vape descart\u00e1vel | Dois sabores, vaporadas generosas, f\u00e1cil de usar."},"content":{"rendered":"<h2 data-v-md-heading=\"what-are-the-special-features-of-mrvi-twins-32000-dual-flavored-disposable-vape\" data-v-md-line=\"3\"><img loading=\"lazy\" decoding=\"async\" class=\"aligncenter size-full wp-image-11894\" src=\"https:\/\/agoravape.com\/wp-content\/uploads\/2025\/10\/mrvi-32k-puffs_Agora_vape-scaled.webp\" alt=\"\" width=\"2560\" height=\"1707\" srcset=\"https:\/\/agoravape.com\/wp-content\/uploads\/2025\/10\/mrvi-32k-puffs_Agora_vape-scaled.webp 2560w, https:\/\/agoravape.com\/wp-content\/uploads\/2025\/10\/mrvi-32k-puffs_Agora_vape-scaled-1200x800.webp 1200w, https:\/\/agoravape.com\/wp-content\/uploads\/2025\/10\/mrvi-32k-puffs_Agora_vape-300x200.webp 300w, https:\/\/agoravape.com\/wp-content\/uploads\/2025\/10\/mrvi-32k-puffs_Agora_vape-1024x683.webp 1024w, https:\/\/agoravape.com\/wp-content\/uploads\/2025\/10\/mrvi-32k-puffs_Agora_vape-768x512.webp 768w, https:\/\/agoravape.com\/wp-content\/uploads\/2025\/10\/mrvi-32k-puffs_Agora_vape-1536x1024.webp 1536w, https:\/\/agoravape.com\/wp-content\/uploads\/2025\/10\/mrvi-32k-puffs_Agora_vape-2048x1366.webp 2048w\" sizes=\"auto, (max-width: 2560px) 100vw, 2560px\" \/><\/h2>\n<h2 data-v-md-heading=\"what-are-the-special-features-of-mrvi-twins-32000-dual-flavored-disposable-vape\" data-v-md-line=\"3\">Quais s\u00e3o as carater\u00edsticas especiais do vape descart\u00e1vel de duplo sabor MRVI Twins 32000?<\/h2>\n<p data-v-md-line=\"4\">Se est\u00e1 cansado dos vape descart\u00e1veis que se avariam em poucos dias, talvez queira dar uma vista de olhos a este produto. O MRVI Twins tem uma capacidade de at\u00e9 32000 baforadas e combina dois sabores num s\u00f3 dispositivo, permitindo-lhe mudar facilmente de sabor sem ter de transportar um segundo cigarro eletr\u00f3nico. Foi concebido para aqueles que procuram um sabor duradouro e uma utiliza\u00e7\u00e3o simples (sem necessidade de configura\u00e7\u00e3o, f\u00e1cil e c\u00f3moda).<\/p>\n<p data-v-md-line=\"6\">Apesar de ter uma boca enorme, continua a ser confort\u00e1vel de segurar na m\u00e3o e cabe facilmente no bolso. O fumo \u00e9 est\u00e1vel e o carregamento \u00e9 pr\u00e1tico, pelo que pode pegar nele e desfrut\u00e1-lo ao m\u00e1ximo.<\/p>\n<h2 data-v-md-heading=\"excellent-performance-easy-and-convenient\" data-v-md-line=\"8\">Excelente desempenho, f\u00e1cil e pr\u00e1tico<\/h2>\n<p data-v-md-line=\"9\">A bobina de malha dupla \u00e9 o n\u00facleo do Twins, pelo que cada dentada \u00e9 t\u00e3o deliciosa como o primeiro sabor. A bobina de malha \u00e9 aquecida uniformemente, permitindo-lhe desfrutar de um sabor puro e rico do in\u00edcio ao fim. Quando a bateria est\u00e1 fraca, pode carreg\u00e1-lo atrav\u00e9s da interface Tipo C, e o cabo de carregamento \u00e9 t\u00e3o simples como o cabo de carregamento do telem\u00f3vel.<\/p>\n<h2 data-v-md-heading=\"specification-introduction\" data-v-md-line=\"11\">Introdu\u00e7\u00e3o \u00e0 especifica\u00e7\u00e3o<\/h2>\n<p data-v-md-line=\"12\"><strong>Frequ\u00eancia de aspira\u00e7\u00e3o<\/strong>: at\u00e9 32000 vezes<br \/>\n<strong>Teor de nicotina<\/strong>: 2% e 5% opcionais<br \/>\n<strong>Princ\u00edpio de funcionamento<\/strong>: Ativar com uma s\u00f3 baforada<br \/>\n<strong>Carregando<\/strong>Interface USB Tipo-C padr\u00e3o<br \/>\n<strong>Status<\/strong>Pronto para usar assim que sai da caixa.<\/p>\n<h2 data-v-md-heading=\"multiple-flavor-options\" data-v-md-line=\"18\">Diversas op\u00e7\u00f5es de sabor<\/h2>\n<ul data-v-md-line=\"19\">\n<li>Gelo de anan\u00e1s\/Gelo de uva<\/li>\n<li>Gelo de banana\/Kiwi de morango<\/li>\n<li>Batido de manga\/soda de creme de laranja<\/li>\n<li>Gelo de p\u00eassego\/touro vermelho<\/li>\n<li>Gelo de mirtilo\/Gelo de ma\u00e7\u00e3 vermelha<\/li>\n<li>Menta melancia\/mistura de frutos silvestres<\/li>\n<li>Gelo de morango\/confeito de arco-\u00edris<\/li>\n<li>Refrigerante de cereja\/Gelo de mirtilo<\/li>\n<li>Morango Melancia\/Morango Uva<\/li>\n<li>Mel\u00e3o triplo\/Soda gelada<\/li>\n<\/ul>\n<h2 data-v-md-heading=\"for-you-and-your-business\" data-v-md-line=\"30\">Para voc\u00ea e sua empresa<\/h2>\n<p data-v-md-line=\"31\">Pode comprar MRVI Twins 32000 separadamente para uso pessoal ou armazenar para fornecer servi\u00e7os por grosso \u00e0 sua loja. A embalagem por grosso em caixa \u00e9 de 10 unidades por caixa, com 160 unidades por caixa, o que torna o planeamento do invent\u00e1rio muito simples. Se precisar de detalhes espec\u00edficos sobre a caixa de cart\u00e3o, estamos sempre prontos a partilh\u00e1-los consigo.<\/p>\n<p data-v-md-line=\"33\">Enviamos atrav\u00e9s de parceiros de confian\u00e7a como a UPS, a DPD e a DHL em DDP ap\u00f3s impostos para garantir tempos de entrega previs\u00edveis e evitar acidentes alfandeg\u00e1rios em toda a Europa. O teor e a concentra\u00e7\u00e3o de nicotina podem variar consoante o pa\u00eds\/regi\u00e3o, por isso, verifica os regulamentos locais antes de efectuares uma encomenda.<\/p>\n<h2 data-v-md-heading=\"why-do-you-like-it\" data-v-md-line=\"35\">Por que voc\u00ea gosta disso?<\/h2>\n<p data-v-md-line=\"36\"><strong>Fumar muito<\/strong>: Dur\u00e1vel e de longa dura\u00e7\u00e3o, n\u00e3o \u00e9 necess\u00e1rio comprar frequentemente novos cigarros.<br \/>\n<strong>Sele\u00e7\u00e3o de nicotina<\/strong>: Pode escolher a concentra\u00e7\u00e3o que mais lhe conv\u00e9m.<br \/>\n<strong>Recarreg\u00e1vel<\/strong>significa que pode utilizar todos os e-l\u00edquidos comprados.<br \/>\n<strong>Bobina de malha<\/strong>: Proporciona sempre um sabor consistente e rico.<\/p>\n<h2 data-v-md-heading=\"why-choose-to-collaborate-with-agoravape\" data-v-md-line=\"41\">Por que escolher colaborar com a AgoraVape?<\/h2>\n<p data-v-md-line=\"42\">Vendemos apenas equipamento genu\u00edno 100% e garantimos a qualidade dos produtos que enviamos. Para clientes comerciais, isso significa que o MRVI Twins 32000 vape de sabor duplo tem pre\u00e7os de atacado altamente competitivos, suporte confi\u00e1vel e log\u00edstica r\u00e1pida e confi\u00e1vel. Bem-vindo a contactar-nos para saber como adquirir um dispositivo que satisfa\u00e7a as necessidades do cliente, tenha um sabor rico, um longo tempo de funcionamento e seja conveniente para o uso di\u00e1rio.<\/p>","protected":false},"excerpt":{"rendered":"<p>&nbsp;<\/p>","protected":false},"featured_media":11886,"comment_status":"open","ping_status":"closed","template":"","meta":[],"product_brand":[202],"product_cat":[124,185,189,176,195,174,175,193,129,191,173,186,180,190],"product_tag":[],"class_list":{"0":"post-11876","1":"product","2":"type-product","3":"status-publish","4":"has-post-thumbnail","6":"product_brand-mrvi","7":"product_cat-vape-by-brand","8":"product_cat-10000-puffs-high-capacity","9":"product_cat-20mg-standard-nicotine-vapes","10":"product_cat-beverage","11":"product_cat-dual-flavor-switch","12":"product_cat-fruit-flavors","13":"product_cat-icy-mint","14":"product_cat-mesh-coil","15":"product_cat-mrvi","16":"product_cat-rechargeable-disposables","17":"product_cat-vape-by-flavor-profile","18":"product_cat-vape-by-nicotine-strength","19":"product_cat-vape-by-puff-count","20":"product_cat-vape-by-feature-or-type","22":"first","23":"instock","24":"shipping-taxable","25":"purchasable","26":"product-type-variable","27":"has-default-attributes"},"tiered_pricing_type":"percentage","tiered_pricing_fixed_rules":[],"tiered_pricing_product_settings":{"layout":"default","base_unit_name":{"singular":null,"plural":null},"default_variation":null},"tiered_pricing_minimum_quantity":10,"tiered_pricing_roles_data":[],"tiered_pricing_percentage_rules":{"30":"29","50":"35","100":"40","200":"44","500":"47","1000":"49"},"tiered_pricing_maximum_quantity":null,"tiered_pricing_quantity_step":"10","_links":{"self":[{"href":"https:\/\/agoravape.com\/pt\/wp-json\/wp\/v2\/product\/11876","targetHints":{"allow":["GET"]}}],"collection":[{"href":"https:\/\/agoravape.com\/pt\/wp-json\/wp\/v2\/product"}],"about":[{"href":"https:\/\/agoravape.com\/pt\/wp-json\/wp\/v2\/types\/product"}],"replies":[{"embeddable":true,"href":"https:\/\/agoravape.com\/pt\/wp-json\/wp\/v2\/comments?post=11876"}],"version-history":[{"count":0,"href":"https:\/\/agoravape.com\/pt\/wp-json\/wp\/v2\/product\/11876\/revisions"}],"wp:featuredmedia":[{"embeddable":true,"href":"https:\/\/agoravape.com\/pt\/wp-json\/wp\/v2\/media\/11886"}],"wp:attachment":[{"href":"https:\/\/agoravape.com\/pt\/wp-json\/wp\/v2\/media?parent=11876"}],"wp:term":[{"taxonomy":"product_brand","embeddable":true,"href":"https:\/\/agoravape.com\/pt\/wp-json\/wp\/v2\/product_brand?post=11876"},{"taxonomy":"product_cat","embeddable":true,"href":"https:\/\/agoravape.com\/pt\/wp-json\/wp\/v2\/product_cat?post=11876"},{"taxonomy":"product_tag","embeddable":true,"href":"https:\/\/agoravape.com\/pt\/wp-json\/wp\/v2\/product_tag?post=11876"}],"curies":[{"name":"wp","href":"https:\/\/api.w.org\/{rel}","templated":true}]}}