{"id":11954,"date":"2025-10-08T20:53:04","date_gmt":"2025-10-08T12:53:04","guid":{"rendered":"https:\/\/green-grasshopper-921422.hostingersite.com\/?post_type=product&#038;p=11954"},"modified":"2026-03-21T12:43:57","modified_gmt":"2026-03-21T11:43:57","slug":"mrvi-puffing-15k-puffs-vape-com-ecra","status":"publish","type":"product","link":"https:\/\/agoravape.com\/pt\/product\/mrvi-puffing-15k-puffs-vape-with-screen\/","title":{"rendered":"Vape MRVI Puffing 15K Dual Mesh com Tela | Sabor Duradouro, Visor Conveniente"},"content":{"rendered":"<h2 data-v-md-heading=\"what-is-the-mrvi-puffing-15k-dual-eye-vape-with-screen\" data-v-md-line=\"3\">O que \u00e9 o MRVI Puffing 15K dual eye vape com ecr\u00e3?<\/h2>\n<p data-v-md-line=\"4\">Se pretende um vape que possa ser utilizado dia ap\u00f3s dia e que tenha um sabor duradouro, este vape \u00e9 definitivamente a melhor escolha. O MRVI Puffing 15K est\u00e1 equipado com um atomizador de grande capacidade de 25 ml e um n\u00facleo atomizador de olho duplo, permitindo-lhe manter uma suc\u00e7\u00e3o limpa e n\u00edtida at\u00e9 ao fim.<\/p>\n<p data-v-md-line=\"6\">Est\u00e1 tamb\u00e9m equipado com um ecr\u00e3 simples incorporado que apresenta a quantidade de e-l\u00edquido e a carga da bateria num relance. Pode pensar-se que operar um vape com um ecr\u00e3 seria complicado, mas este vape \u00e9 muito simples. At\u00e9 vem com um cord\u00e3o para facilitar o transporte.<\/p>\n<h2 data-v-md-heading=\"excellent-performance-easy-and-convenient\" data-v-md-line=\"8\">Excelente desempenho, f\u00e1cil e pr\u00e1tico<\/h2>\n<p data-v-md-line=\"9\">O design de malha dupla permite um aquecimento r\u00e1pido e uniforme, proporcionando a textura correta desde a primeira at\u00e9 \u00e0 \u00faltima dentada. A bateria de 750mAh \u00e9 recarreg\u00e1vel, pelo que pode desfrutar facilmente de 25 ml de e-l\u00edquido sem o desperdi\u00e7ar. Quando a bateria estiver fraca, pode utilizar um cabo de dados Tipo C padr\u00e3o para ligar. O ecr\u00e3 apresentar\u00e1 o e-l\u00edquido restante e o n\u00edvel da bateria, para que n\u00e3o tenha de se preocupar em adivinhar.<\/p>\n<h2 data-v-md-heading=\"specification-overview\" data-v-md-line=\"11\">Vis\u00e3o geral das especifica\u00e7\u00f5es<\/h2>\n<ul data-v-md-line=\"12\">\n<li>Frequ\u00eancia de suc\u00e7\u00e3o: at\u00e9 15.000 vezes<\/li>\n<li>Teor de nicotina: 2% e 5% (o fornecimento espec\u00edfico depende da regulamenta\u00e7\u00e3o local)<\/li>\n<li>Princ\u00edpio de funcionamento: Ativado por inala\u00e7\u00e3o<\/li>\n<li>Charging: Standard Type-C USB interface<\/li>\n<li>Status: Pronto para usar assim que sai da caixa<\/li>\n<\/ul>\n<h2 data-v-md-heading=\"multiple-flavor-options\" data-v-md-line=\"18\">Diversas op\u00e7\u00f5es de sabor<\/h2>\n<ul data-v-md-line=\"19\">\n<li>Smoothie de mirtilo<\/li>\n<li>Batido de banana<\/li>\n<li>Melancia de morango<\/li>\n<li>Gelado de melada<\/li>\n<li>Batido de ma\u00e7\u00e3 vermelha<\/li>\n<li>P\u00eassego e Manga<\/li>\n<li>Pastilha el\u00e1stica de mirtilo<\/li>\n<li>Smoothie de melancia<\/li>\n<li>Batido de anan\u00e1s<\/li>\n<li>Lama de explos\u00e3o cor-de-rosa<\/li>\n<\/ul>\n<h2 data-v-md-heading=\"for-you-and-for-your-business-as-well\" data-v-md-line=\"30\">Para voc\u00ea e para o seu neg\u00f3cio tamb\u00e9m.<\/h2>\n<p data-v-md-line=\"31\">Comprar para si pr\u00f3prio? Simples e c\u00f3modo. Selecione o sabor e a concentra\u00e7\u00e3o para come\u00e7ar a utilizar. Ainda se est\u00e1 a abastecer para a loja? Prepar\u00e1mos op\u00e7\u00f5es expans\u00edveis. MRVI Puffing 15K oferece caixas internas por atacado em 10 pacotes e caixas externas em 160 pacotes. Cooperamos com parceiros como a UPS, DPD e DHL para enviar via DDP dentro da Europa, pelo que as tarifas podem ser processadas com anteced\u00eancia para evitar situa\u00e7\u00f5es aduaneiras inesperadas.<\/p>\n<h2 data-v-md-heading=\"why-do-you-like-it\" data-v-md-line=\"33\">Por que voc\u00ea gosta disso?<\/h2>\n<ul data-v-md-line=\"34\">\n<li>Grande capacidade de suc\u00e7\u00e3o: at\u00e9 15000 portas, o que significa menos recargas e encomendas repetidas.<\/li>\n<li>O teor de nicotina pode ser selecionado entre 2% e 5% para satisfazer as diferentes prefer\u00eancias e exig\u00eancias do mercado.<\/li>\n<li>Recarreg\u00e1vel: Utiliza todo o e-l\u00edquido que pagou.<\/li>\n<li>Bobina de malha: A bobina de malha de camada dupla proporciona um sabor consistente e uma experi\u00eancia de suc\u00e7\u00e3o satisfat\u00f3ria.<\/li>\n<li>Informa\u00e7\u00e3o no ecr\u00e3: Verifique os n\u00edveis da bateria e do e-l\u00edquido num relance.<\/li>\n<\/ul>\n<h2 data-v-md-heading=\"why-choose-to-collaborate-with-agoravape\" data-v-md-line=\"40\">Por que escolher colaborar com a AgoraVape?<\/h2>\n<p data-v-md-line=\"41\">Apenas fornecemos produtos genu\u00ednos 100% de fontes fi\u00e1veis. As nossas opera\u00e7\u00f5es na UE centram-se na conformidade, incluindo a TPD2 (se necess\u00e1rio) e a verifica\u00e7\u00e3o da idade na caixa. Pode usufruir de pagamentos seguros, facturas claras e entrega rastre\u00e1vel em toda a Europa. Precisa de ajuda com a correspond\u00eancia de sabores ou planos de reabastecimento? A nossa equipa est\u00e1 sempre pronta a prestar-lhe apoio r\u00e1pido e aconselhamento razo\u00e1vel. Contacte-nos imediatamente para encomendar o MRVI Puffing 15K Puffs Dual Mesh Vape (com ecr\u00e3), fornecendo aos seus clientes produtos fi\u00e1veis e populares.<\/p>","protected":false},"excerpt":{"rendered":"<p>What is the MRVI Puffing 15K dual eye vape with screen? If you want an vape that can be used<\/p>","protected":false},"featured_media":11977,"comment_status":"open","ping_status":"closed","template":"","meta":[],"product_brand":[202],"product_cat":[124,185,1635,189,177,174,175,193,129,191,173,186,180,190,192],"product_tag":[],"class_list":{"0":"post-11954","1":"product","2":"type-product","3":"status-publish","4":"has-post-thumbnail","6":"product_brand-mrvi","7":"product_cat-vape-by-brand","8":"product_cat-10000-puffs-high-capacity","9":"product_cat-15000-puffs","10":"product_cat-20mg-standard-nicotine-vapes","11":"product_cat-dessert-sweets","12":"product_cat-fruit-flavors","13":"product_cat-icy-mint","14":"product_cat-mesh-coil","15":"product_cat-mrvi","16":"product_cat-rechargeable-disposables","17":"product_cat-vape-by-flavor-profile","18":"product_cat-vape-by-nicotine-strength","19":"product_cat-vape-by-puff-count","20":"product_cat-vape-by-feature-or-type","21":"product_cat-vapes-with-screens","23":"first","24":"instock","25":"shipping-taxable","26":"purchasable","27":"product-type-variable","28":"has-default-attributes"},"tiered_pricing_type":"percentage","tiered_pricing_fixed_rules":[],"tiered_pricing_product_settings":{"layout":"default","base_unit_name":{"singular":null,"plural":null},"default_variation":null},"tiered_pricing_minimum_quantity":10,"tiered_pricing_roles_data":[],"tiered_pricing_percentage_rules":{"30":"29","50":"35","100":"40","200":"44","500":"47","1000":"49"},"tiered_pricing_maximum_quantity":null,"tiered_pricing_quantity_step":"10","_links":{"self":[{"href":"https:\/\/agoravape.com\/pt\/wp-json\/wp\/v2\/product\/11954","targetHints":{"allow":["GET"]}}],"collection":[{"href":"https:\/\/agoravape.com\/pt\/wp-json\/wp\/v2\/product"}],"about":[{"href":"https:\/\/agoravape.com\/pt\/wp-json\/wp\/v2\/types\/product"}],"replies":[{"embeddable":true,"href":"https:\/\/agoravape.com\/pt\/wp-json\/wp\/v2\/comments?post=11954"}],"version-history":[{"count":0,"href":"https:\/\/agoravape.com\/pt\/wp-json\/wp\/v2\/product\/11954\/revisions"}],"wp:featuredmedia":[{"embeddable":true,"href":"https:\/\/agoravape.com\/pt\/wp-json\/wp\/v2\/media\/11977"}],"wp:attachment":[{"href":"https:\/\/agoravape.com\/pt\/wp-json\/wp\/v2\/media?parent=11954"}],"wp:term":[{"taxonomy":"product_brand","embeddable":true,"href":"https:\/\/agoravape.com\/pt\/wp-json\/wp\/v2\/product_brand?post=11954"},{"taxonomy":"product_cat","embeddable":true,"href":"https:\/\/agoravape.com\/pt\/wp-json\/wp\/v2\/product_cat?post=11954"},{"taxonomy":"product_tag","embeddable":true,"href":"https:\/\/agoravape.com\/pt\/wp-json\/wp\/v2\/product_tag?post=11954"}],"curies":[{"name":"wp","href":"https:\/\/api.w.org\/{rel}","templated":true}]}}