{"id":12022,"date":"2025-10-09T10:44:23","date_gmt":"2025-10-09T02:44:23","guid":{"rendered":"https:\/\/green-grasshopper-921422.hostingersite.com\/?post_type=product&#038;p=12022"},"modified":"2026-01-19T22:08:48","modified_gmt":"2026-01-19T14:08:48","slug":"fizzy-nova-plus-40000-puffs-led-vape","status":"publish","type":"product","link":"https:\/\/agoravape.com\/pt\/product\/fizzy-nova-plus-40000-puffs-led-vape\/","title":{"rendered":"FIZZY Nova Plus 40.000 mordidas | Sabor duradouro, equipado com tela LED inteligente"},"content":{"rendered":"<h2 data-v-md-heading=\"what-about-the-fizzy-nova-plus-40000-port-led-screen-vape\" data-v-md-line=\"3\"><img loading=\"lazy\" decoding=\"async\" class=\"aligncenter size-full wp-image-12076\" src=\"https:\/\/agoravape.com\/wp-content\/uploads\/2025\/10\/fizzy-40000plus_Agora_vape.webp\" alt=\"\" width=\"2121\" height=\"1321\" srcset=\"https:\/\/agoravape.com\/wp-content\/uploads\/2025\/10\/fizzy-40000plus_Agora_vape.webp 2121w, https:\/\/agoravape.com\/wp-content\/uploads\/2025\/10\/fizzy-40000plus_Agora_vape-1200x747.webp 1200w, https:\/\/agoravape.com\/wp-content\/uploads\/2025\/10\/fizzy-40000plus_Agora_vape-300x187.webp 300w, https:\/\/agoravape.com\/wp-content\/uploads\/2025\/10\/fizzy-40000plus_Agora_vape-1024x638.webp 1024w, https:\/\/agoravape.com\/wp-content\/uploads\/2025\/10\/fizzy-40000plus_Agora_vape-768x478.webp 768w, https:\/\/agoravape.com\/wp-content\/uploads\/2025\/10\/fizzy-40000plus_Agora_vape-1536x957.webp 1536w, https:\/\/agoravape.com\/wp-content\/uploads\/2025\/10\/fizzy-40000plus_Agora_vape-2048x1276.webp 2048w\" sizes=\"auto, (max-width: 2121px) 100vw, 2121px\" \/><\/h2>\n<h2 data-v-md-heading=\"what-about-the-fizzy-nova-plus-40000-port-led-screen-vape\" data-v-md-line=\"3\">E o vape com ecr\u00e3 LED de 40000 portas FIZZY Nova Plus?<\/h2>\n<p data-v-md-line=\"4\">Se est\u00e1 cansado de mudar de vaporizador descart\u00e1vel a cada poucos dias, este produto pode mudar os seus h\u00e1bitos. O FIZZY Nova Plus pode fornecer uma capacidade de at\u00e9 40000 portas e est\u00e1 equipado com um simples ecr\u00e3 LED, permitindo-lhe acompanhar o funcionamento dos vapes a qualquer momento. N\u00e3o h\u00e1 necessidade de adivinhar, \u00e9 claro \u00e0 primeira vista.<\/p>\n<p data-v-md-line=\"6\">\u00c9 adequado para quem quer durabilidade, sabor est\u00e1vel e n\u00e3o precisa de se preocupar com o funcionamento. Tem o desempenho de uma bobina de malha e a conveni\u00eancia de uma interface Tipo C. Tem um toque s\u00f3lido, mas cabe facilmente num bolso. Este produto dur\u00e1vel pode parecer volumoso, mas \u00e9 surpreendentemente f\u00e1cil de utilizar no dia a dia.<\/p>\n<h2 data-v-md-heading=\"excellent-performance-easy-and-convenient\" data-v-md-line=\"8\">Excelente desempenho, f\u00e1cil e pr\u00e1tico<\/h2>\n<p data-v-md-line=\"9\">O n\u00facleo do Nova Plus \u00e9 um n\u00facleo de atomiza\u00e7\u00e3o em malha, garantindo um sabor puro e suave em cada suc\u00e7\u00e3o, desde a frescura at\u00e9 ao travo final. O ecr\u00e3 LED pode apresentar o estado atual a qualquer momento, facilitando o planeamento de um programa de carregamento. Quando a bateria est\u00e1 fraca, pode ser carregada atrav\u00e9s da interface Tipo C. \u00c9 igual ao cabo de carregamento habitualmente utilizado no telem\u00f3vel, pelo que n\u00e3o precisa de se preocupar em encontrar um cabo de carregamento espec\u00edfico.<\/p>\n<h2 data-v-md-heading=\"specification-introduction\" data-v-md-line=\"11\">Introdu\u00e7\u00e3o \u00e0 especifica\u00e7\u00e3o<\/h2>\n<ul data-v-md-line=\"12\">\n<li>Frequ\u00eancia de suc\u00e7\u00e3o: at\u00e9 40.000 vezes<\/li>\n<li>Nicotina: 2% e 5% opcionais (o fornecimento espec\u00edfico depende da regulamenta\u00e7\u00e3o local)<\/li>\n<li>Princ\u00edpio de funcionamento: Ativado por inala\u00e7\u00e3o<\/li>\n<li>Charging: Standard Type-C USB interface<\/li>\n<li>Status: Pronto para usar assim que sai da caixa<\/li>\n<li>Capacidade do e-l\u00edquido: 40 mililitros<\/li>\n<li>Bateria: 850mAh<\/li>\n<li>Bobina: Bobina de malha<\/li>\n<li>Tamanho e peso: 52,5 \u00d7 24,5 \u00d7 104,3 mil\u00edmetros, 120 gramas<\/li>\n<\/ul>\n<h2 data-v-md-heading=\"full-range-of-flavors\" data-v-md-line=\"22\">Full range of flavors<\/h2>\n<ul data-v-md-line=\"23\">\n<li>Batido de morango<\/li>\n<li>Coco com mirtilo<\/li>\n<li>morango kiwi<\/li>\n<li>Smoothie de mirtilo<\/li>\n<li>Smoothie de melancia<\/li>\n<li>Homem Melancia<\/li>\n<li>Kiwi, maracuj\u00e1, goiaba<\/li>\n<li>Framboesa Lim\u00e3o<\/li>\n<li>Tr\u00eas Frutas Vermelhas<\/li>\n<li>Areia de gelo de p\u00eassego<\/li>\n<li>Lima uva<\/li>\n<li>\u00c1gua de Lim\u00e3o com Mirtilo<\/li>\n<\/ul>\n<h2 data-v-md-heading=\"for-you-for-your-business\" data-v-md-line=\"36\">Para voc\u00ea, para o seu neg\u00f3cio<\/h2>\n<p data-v-md-line=\"37\">Pode adquirir o FIZZY Nova Plus 40000 LED screen vape separadamente para uso pessoal. Se estiver a comprar para lojas f\u00edsicas ou online, tamb\u00e9m oferecemos op\u00e7\u00f5es de venda por grosso. Pode escolher uma caixa m\u00e9dia de 10 pacotes ou uma caixa grande de 180 pacotes para ajustar a sua encomenda de acordo com as suas necessidades.<\/p>\n<p data-v-md-line=\"39\">Fornecemos servi\u00e7os de entrega DDP atrav\u00e9s de parceiros de confian\u00e7a como a UPS, DPD e DHL, para que possa obter pre\u00e7os claros e evitar problemas alfandeg\u00e1rios inesperados em rotas eleg\u00edveis. Declara\u00e7\u00e3o breve de conformidade: Este dispositivo cont\u00e9m 40 mililitros de e-l\u00edquido, excedendo o limite TPD da UE de 2 mililitros. Verifique os regulamentos locais antes de efetuar uma encomenda. A op\u00e7\u00e3o de teor de nicotina 2% est\u00e1 em conformidade com as restri\u00e7\u00f5es da UE. A op\u00e7\u00e3o de teor de nicotina 5% \u00e9 adequada para mercados que permitem a utiliza\u00e7\u00e3o de e-l\u00edquidos de maior concentra\u00e7\u00e3o.<\/p>\n<h2 data-v-md-heading=\"why-do-you-like-it\" data-v-md-line=\"41\">Por que voc\u00ea gosta disso?<\/h2>\n<ul data-v-md-line=\"42\">\n<li>V\u00e1rias baforadas: Dur\u00e1vel e de longa dura\u00e7\u00e3o, n\u00e3o \u00e9 necess\u00e1rio comprar frequentemente novos cigarros<\/li>\n<li>Sele\u00e7\u00e3o da concentra\u00e7\u00e3o de nicotina: Escolha a concentra\u00e7\u00e3o de nicotina que se adapta ao seu gosto e mercado<\/li>\n<li>Recarreg\u00e1vel: Utilize todo o e-l\u00edquido que comprar de uma s\u00f3 vez<\/li>\n<li>N\u00facleo do atomizador em malha: proporciona sempre uma experi\u00eancia de suc\u00e7\u00e3o est\u00e1vel e rica<\/li>\n<li>Ecr\u00e3 LED: estado claro num relance<\/li>\n<\/ul>\n<h2 data-v-md-heading=\"why-collaborate-with-agoravape\" data-v-md-line=\"48\">Por que colaborar com a AgoraVape?<\/h2>\n<p data-v-md-line=\"49\">N\u00f3s vendemos apenas produtos genu\u00ednos 100% e n\u00e3o temos d\u00favidas sobre isso. Os clientes B2B que compram vapes de tela LED FIZZY Nova Plus 40000 podem desfrutar de pre\u00e7os de atacado com desconto, suporte r\u00e1pido e confi\u00e1vel e servi\u00e7os de entrega r\u00e1pidos e confi\u00e1veis. Se voc\u00ea deseja comprar um produto confi\u00e1vel e altamente favorecido para clientes repetidos, entre em contato conosco.<\/p>\n<p><script src=\"chrome-extension:\/\/fpelahbljekknahkcaegamhcndkfpfnc\/iFrame.js\" type=\"text\/javascript\"><\/script><\/p>\n<p><script src=\"chrome-extension:\/\/fpelahbljekknahkcaegamhcndkfpfnc\/iFrame.js\" type=\"text\/javascript\"><\/script><\/p>\n<p><script src=\"chrome-extension:\/\/fpelahbljekknahkcaegamhcndkfpfnc\/iFrame.js\" type=\"text\/javascript\"><\/script><\/p>","protected":false},"excerpt":{"rendered":"<p>&nbsp;<\/p>\n<p><script src=\"chrome-extension:\/\/fpelahbljekknahkcaegamhcndkfpfnc\/iFrame.js\" type=\"text\/javascript\"><\/script><\/p>","protected":false},"featured_media":12075,"comment_status":"open","ping_status":"closed","template":"","meta":[],"product_brand":[203],"product_cat":[124,185,189,1639,176,130,174,175,193,191,173,186,180,190,192],"product_tag":[],"class_list":{"0":"post-12022","1":"product","2":"type-product","3":"status-publish","4":"has-post-thumbnail","6":"product_brand-fizzy","7":"product_cat-vape-by-brand","8":"product_cat-10000-puffs-high-capacity","9":"product_cat-20mg-standard-nicotine-vapes","10":"product_cat-40000-puffs","11":"product_cat-beverage","12":"product_cat-fizzy","13":"product_cat-fruit-flavors","14":"product_cat-icy-mint","15":"product_cat-mesh-coil","16":"product_cat-rechargeable-disposables","17":"product_cat-vape-by-flavor-profile","18":"product_cat-vape-by-nicotine-strength","19":"product_cat-vape-by-puff-count","20":"product_cat-vape-by-feature-or-type","21":"product_cat-vapes-with-screens","23":"first","24":"onbackorder","25":"shipping-taxable","26":"purchasable","27":"product-type-variable","28":"has-default-attributes"},"tiered_pricing_type":"percentage","tiered_pricing_fixed_rules":[],"tiered_pricing_product_settings":{"layout":"default","base_unit_name":{"singular":null,"plural":null},"default_variation":null},"tiered_pricing_minimum_quantity":10,"tiered_pricing_roles_data":[],"tiered_pricing_percentage_rules":{"50":"35","100":"40","200":"44","500":"47","1000":"49"},"tiered_pricing_maximum_quantity":null,"tiered_pricing_quantity_step":"10","_links":{"self":[{"href":"https:\/\/agoravape.com\/pt\/wp-json\/wp\/v2\/product\/12022","targetHints":{"allow":["GET"]}}],"collection":[{"href":"https:\/\/agoravape.com\/pt\/wp-json\/wp\/v2\/product"}],"about":[{"href":"https:\/\/agoravape.com\/pt\/wp-json\/wp\/v2\/types\/product"}],"replies":[{"embeddable":true,"href":"https:\/\/agoravape.com\/pt\/wp-json\/wp\/v2\/comments?post=12022"}],"version-history":[{"count":0,"href":"https:\/\/agoravape.com\/pt\/wp-json\/wp\/v2\/product\/12022\/revisions"}],"wp:featuredmedia":[{"embeddable":true,"href":"https:\/\/agoravape.com\/pt\/wp-json\/wp\/v2\/media\/12075"}],"wp:attachment":[{"href":"https:\/\/agoravape.com\/pt\/wp-json\/wp\/v2\/media?parent=12022"}],"wp:term":[{"taxonomy":"product_brand","embeddable":true,"href":"https:\/\/agoravape.com\/pt\/wp-json\/wp\/v2\/product_brand?post=12022"},{"taxonomy":"product_cat","embeddable":true,"href":"https:\/\/agoravape.com\/pt\/wp-json\/wp\/v2\/product_cat?post=12022"},{"taxonomy":"product_tag","embeddable":true,"href":"https:\/\/agoravape.com\/pt\/wp-json\/wp\/v2\/product_tag?post=12022"}],"curies":[{"name":"wp","href":"https:\/\/api.w.org\/{rel}","templated":true}]}}