{"id":12151,"date":"2025-10-09T14:33:47","date_gmt":"2025-10-09T06:33:47","guid":{"rendered":"https:\/\/green-grasshopper-921422.hostingersite.com\/?post_type=product&#038;p=12151"},"modified":"2026-03-29T10:24:03","modified_gmt":"2026-03-29T08:24:03","slug":"fizzy-max-iii-60000-puffs-6in1-vape","status":"publish","type":"product","link":"https:\/\/agoravape.com\/pt\/product\/fizzy-max-iii-60000-puffs-6in1-vape\/","title":{"rendered":"FIZZY Max III 60000 pack seis em um vape | Seis sabores integrados, f\u00e1cil de usar"},"content":{"rendered":"<h2 data-v-md-heading=\"what-is-the-charm-of-the-fizzy-max-iii-60000-pack-six-in-one-vape\" data-v-md-line=\"3\"><img loading=\"lazy\" decoding=\"async\" class=\"aligncenter size-full wp-image-12203\" src=\"https:\/\/agoravape.com\/wp-content\/uploads\/2025\/10\/FIZZY-Max-III-60000-Puffs-6-in-1-Flavor-Vape_Agora_vape-39-scaled.webp\" alt=\"\" width=\"1168\" height=\"2560\" srcset=\"https:\/\/agoravape.com\/wp-content\/uploads\/2025\/10\/FIZZY-Max-III-60000-Puffs-6-in-1-Flavor-Vape_Agora_vape-39-scaled.webp 1168w, https:\/\/agoravape.com\/wp-content\/uploads\/2025\/10\/FIZZY-Max-III-60000-Puffs-6-in-1-Flavor-Vape_Agora_vape-39-137x300.webp 137w, https:\/\/agoravape.com\/wp-content\/uploads\/2025\/10\/FIZZY-Max-III-60000-Puffs-6-in-1-Flavor-Vape_Agora_vape-39-467x1024.webp 467w, https:\/\/agoravape.com\/wp-content\/uploads\/2025\/10\/FIZZY-Max-III-60000-Puffs-6-in-1-Flavor-Vape_Agora_vape-39-768x1684.webp 768w, https:\/\/agoravape.com\/wp-content\/uploads\/2025\/10\/FIZZY-Max-III-60000-Puffs-6-in-1-Flavor-Vape_Agora_vape-39-701x1536.webp 701w, https:\/\/agoravape.com\/wp-content\/uploads\/2025\/10\/FIZZY-Max-III-60000-Puffs-6-in-1-Flavor-Vape_Agora_vape-39-934x2048.webp 934w, https:\/\/agoravape.com\/wp-content\/uploads\/2025\/10\/FIZZY-Max-III-60000-Puffs-6-in-1-Flavor-Vape_Agora_vape-39-1200x2631.webp 1200w\" sizes=\"auto, (max-width: 1168px) 100vw, 1168px\" \/><\/h2>\n<h2 data-v-md-heading=\"what-is-the-charm-of-the-fizzy-max-iii-60000-pack-six-in-one-vape\" data-v-md-line=\"3\">Qual \u00e9 o encanto do FIZZY Max III 60000 pack six in one vape?<\/h2>\n<p data-v-md-line=\"4\">Se est\u00e1 cansado de mudar frequentemente de dispositivo para satisfazer as suas papilas gustativas, este produto pode facilitar-lhe a vida. O FIZZY Max III integra seis compartimentos de e-l\u00edquido independentes num \u00fanico dispositivo, proporcionando at\u00e9 60000 baforadas de capacidade em qualquer altura. Pode aceder facilmente a uma variedade de escolhas sem ter de se preocupar em remexer em bolsos cheios de e-l\u00edquido descart\u00e1vel.<\/p>\n<p data-v-md-line=\"6\">Se pretende um vape duradouro, fi\u00e1vel, que possa ser carregado em qualquer altura e que seja divertido, ent\u00e3o esta \u00e9 a sua escolha ideal. Pode ser facilmente utilizado tanto no dia a dia como nos fins-de-semana. Tem 125 mil\u00edmetros de altura e pesa cerca de 160 gramas, o que o torna f\u00e1cil de colocar no bolso de um casaco.<\/p>\n<h2 data-v-md-heading=\"excellent-performance-and-easy-operation\" data-v-md-line=\"8\">Excelente desempenho e opera\u00e7\u00e3o f\u00e1cil.<\/h2>\n<p data-v-md-line=\"9\">O n\u00facleo de atomiza\u00e7\u00e3o em malha assume a tarefa principal de garantir um sabor consistente desde a primeira at\u00e9 \u00e0 \u00faltima dentada. Al\u00e9m disso, est\u00e1 equipado com uma pr\u00e1tica interface de carregamento Tipo C, facilitando o carregamento com um cabo de carregamento de telem\u00f3vel. O ecr\u00e3 LED permite-lhe manter-se informado sobre os \u00faltimos desenvolvimentos num relance, eliminando a necessidade de adivinha\u00e7\u00e3o.<\/p>\n<h2 data-v-md-heading=\"specification-overview\" data-v-md-line=\"11\">Vis\u00e3o geral das especifica\u00e7\u00f5es<\/h2>\n<ul data-v-md-line=\"12\">\n<li>Frequ\u00eancia de suc\u00e7\u00e3o: at\u00e9 60.000 vezes<\/li>\n<li>Teor de nicotina: 2% ou 5%<\/li>\n<li>Princ\u00edpio de funcionamento: Ativado por inala\u00e7\u00e3o<\/li>\n<li>M\u00e9todo de carregamento: Interface USB Tipo-C padr\u00e3o<\/li>\n<li>Status: Pronto para usar assim que sai da caixa<\/li>\n<\/ul>\n<h2 data-v-md-heading=\"complete-flavor-series\" data-v-md-line=\"18\">S\u00e9rie completa de sabores<\/h2>\n<p data-v-md-line=\"19\">Cada dispositivo e embalagem cont\u00e9m seis sabores. Esta s\u00e9rie oferece os seguintes sabores:<\/p>\n<ul data-v-md-line=\"20\">\n<li>Morango, melancia, lima-lim\u00e3o, mirtilo, coco<\/li>\n<li>Gelo de mirtilo\/Soda de cereja\/Lim\u00e3o de framboesa<\/li>\n<li>Melancia Ice\/Morango Vanilla Cola\/Mistura de frutos silvestres<\/li>\n<li>Fruta do drag\u00e3o com morango\/Touro vermelho\/Melancia com framboesa<\/li>\n<li>Morango Framboesa\/Mango P\u00eassego\/Melancia Mirtilo<\/li>\n<li>Morango, uva, mirtilo, coco, p\u00eassego, lim\u00e3o<\/li>\n<li>Blueberry Raspberry\/Triple Melon\/Strawberry Ice<\/li>\n<li>Mistura de bagas\/Kiwi Maracuj\u00e1 Goiaba\/morango Melancia<\/li>\n<li>Gelo de morango, kiwi, mirtilo ou melancia<\/li>\n<li>Mirtilo gelado\/morango kiwi\/laranja com anan\u00e1s azedo<\/li>\n<\/ul>\n<p data-v-md-line=\"31\">Nota: As combina\u00e7\u00f5es de sabores podem variar consoante o lote. Cada m\u00e1quina oferece ainda seis sabores diferentes.<\/p>\n<h2 data-v-md-heading=\"for-you-and-your-business\" data-v-md-line=\"33\">Para voc\u00ea e sua empresa<\/h2>\n<p data-v-md-line=\"34\">Pode comprar o FIZZY Max III para uso pessoal ou para o adicionar \u00e0 sua loja. A embalagem por grosso \u00e9 de 10 unidades por caixa m\u00e9dia e 120 unidades por caixa grande. Isto torna o processo de encomenda simples e o armazenamento bem organizado.<\/p>\n<p data-v-md-line=\"36\">Utilizamos parceiros de confian\u00e7a como a UPS, a DPD e a DHL para enviar os e-l\u00edquidos para a maioria dos destinos europeus atrav\u00e9s de DDP (Delivered Duty Paid), pelo que as tarifas foram pr\u00e9-processadas e n\u00e3o se deparar\u00e1 com quaisquer problemas aduaneiros inesperados. Se estiver a vender produtos em mercados diferentes, consulte os regulamentos locais para compreender os limites de nicotina, uma vez que muitos pa\u00edses\/regi\u00f5es da UE n\u00e3o permitem um teor de nicotina superior a 5%.<\/p>\n<h2 data-v-md-heading=\"why-do-you-like-it\" data-v-md-line=\"38\">Por que voc\u00ea gosta disso?<\/h2>\n<ul data-v-md-line=\"39\">\n<li>Suc\u00e7\u00e3o maci\u00e7a: At\u00e9 60000 opera\u00e7\u00f5es de aspira\u00e7\u00e3o significam menos encomendas repetidas e visitas \u00e0 loja a meio da semana.<\/li>\n<li>Op\u00e7\u00f5es de teor de nicotina: 2% ou 5%, pode escolher o teor de nicotina mais adequado aos seus h\u00e1bitos di\u00e1rios.<\/li>\n<li>Recarreg\u00e1vel: O carregamento tipo C permite-lhe utilizar cada gota de e-l\u00edquido.<\/li>\n<li>Bobina de malha: Textura suave e consistente, permitindo-lhe manter o sabor original sempre que inalar.<\/li>\n<li>Seis sabores \u00e0 escolha: Mude facilmente de sabor sem mudar de aparelho.<\/li>\n<\/ul>\n<h2 data-v-md-heading=\"why-choose-agoravape\" data-v-md-line=\"45\">Por que escolher a AgoraVape?<\/h2>\n<p data-v-md-line=\"46\">Oferecemos apenas produtos genu\u00ednos 100% e acreditamos firmemente nisso. Para compradores corporativos, isso significa que o FIZZY Max III 60000 seis em um vapes com sabor pode desfrutar de pre\u00e7os com desconto no atacado, suporte r\u00e1pido ao servi\u00e7o ao cliente e entrega r\u00e1pida de DDP. Contacte-nos para reservar um dispositivo ao qual vale a pena regressar para os seus clientes.<\/p>\n<p><script src=\"chrome-extension:\/\/fpelahbljekknahkcaegamhcndkfpfnc\/iFrame.js\" type=\"text\/javascript\"><\/script><\/p>","protected":false},"excerpt":{"rendered":"<p>What is the charm of the FIZZY Max III 60000 pack six in one vape? If you are tired of<\/p>","protected":false},"featured_media":12165,"comment_status":"open","ping_status":"closed","template":"","meta":[],"product_brand":[203],"product_cat":[124,185,189,1642,176,195,130,174,175,193,191,173,186,180,190,192],"product_tag":[],"class_list":{"0":"post-12151","1":"product","2":"type-product","3":"status-publish","4":"has-post-thumbnail","6":"product_brand-fizzy","7":"product_cat-vape-by-brand","8":"product_cat-10000-puffs-high-capacity","9":"product_cat-20mg-standard-nicotine-vapes","10":"product_cat-60000-puffs","11":"product_cat-beverage","12":"product_cat-dual-flavor-switch","13":"product_cat-fizzy","14":"product_cat-fruit-flavors","15":"product_cat-icy-mint","16":"product_cat-mesh-coil","17":"product_cat-rechargeable-disposables","18":"product_cat-vape-by-flavor-profile","19":"product_cat-vape-by-nicotine-strength","20":"product_cat-vape-by-puff-count","21":"product_cat-vape-by-feature-or-type","22":"product_cat-vapes-with-screens","24":"first","25":"onbackorder","26":"shipping-taxable","27":"purchasable","28":"product-type-variable","29":"has-default-attributes"},"tiered_pricing_type":"percentage","tiered_pricing_fixed_rules":[],"tiered_pricing_product_settings":{"layout":"default","base_unit_name":{"singular":null,"plural":null},"default_variation":null},"tiered_pricing_minimum_quantity":10,"tiered_pricing_roles_data":[],"tiered_pricing_percentage_rules":{"50":"35","100":"40","200":"44","500":"47","1000":"49"},"tiered_pricing_maximum_quantity":null,"tiered_pricing_quantity_step":"10","_links":{"self":[{"href":"https:\/\/agoravape.com\/pt\/wp-json\/wp\/v2\/product\/12151","targetHints":{"allow":["GET"]}}],"collection":[{"href":"https:\/\/agoravape.com\/pt\/wp-json\/wp\/v2\/product"}],"about":[{"href":"https:\/\/agoravape.com\/pt\/wp-json\/wp\/v2\/types\/product"}],"replies":[{"embeddable":true,"href":"https:\/\/agoravape.com\/pt\/wp-json\/wp\/v2\/comments?post=12151"}],"version-history":[{"count":0,"href":"https:\/\/agoravape.com\/pt\/wp-json\/wp\/v2\/product\/12151\/revisions"}],"wp:featuredmedia":[{"embeddable":true,"href":"https:\/\/agoravape.com\/pt\/wp-json\/wp\/v2\/media\/12165"}],"wp:attachment":[{"href":"https:\/\/agoravape.com\/pt\/wp-json\/wp\/v2\/media?parent=12151"}],"wp:term":[{"taxonomy":"product_brand","embeddable":true,"href":"https:\/\/agoravape.com\/pt\/wp-json\/wp\/v2\/product_brand?post=12151"},{"taxonomy":"product_cat","embeddable":true,"href":"https:\/\/agoravape.com\/pt\/wp-json\/wp\/v2\/product_cat?post=12151"},{"taxonomy":"product_tag","embeddable":true,"href":"https:\/\/agoravape.com\/pt\/wp-json\/wp\/v2\/product_tag?post=12151"}],"curies":[{"name":"wp","href":"https:\/\/api.w.org\/{rel}","templated":true}]}}