{"id":12217,"date":"2025-10-09T14:49:49","date_gmt":"2025-10-09T06:49:49","guid":{"rendered":"https:\/\/green-grasshopper-921422.hostingersite.com\/?post_type=product&#038;p=12217"},"modified":"2026-01-19T22:08:43","modified_gmt":"2026-01-19T14:08:43","slug":"fizzy-boom-13000-puffs-lcd-vape","status":"publish","type":"product","link":"https:\/\/agoravape.com\/pt\/product\/fizzy-boom-13000-puffs-lcd-vape\/","title":{"rendered":"Atomizador met\u00e1lico Fizzy Boom 13000 com tela LCD | Sabor duradouro, f\u00e1cil de usar"},"content":{"rendered":"<h2 data-v-md-heading=\"what-is-the-charm-of-fizzy-boom-13000-lcd-screen-metal-atomizer\" data-v-md-line=\"3\"><img loading=\"lazy\" decoding=\"async\" class=\"aligncenter size-full wp-image-12244\" src=\"https:\/\/agoravape.com\/wp-content\/uploads\/2025\/10\/Fizzy-Boom-13000-Puffs-LCD-Screen-Metallic-Vape_Agora_vape-16-scaled.webp\" alt=\"\" width=\"1810\" height=\"2560\" srcset=\"https:\/\/agoravape.com\/wp-content\/uploads\/2025\/10\/Fizzy-Boom-13000-Puffs-LCD-Screen-Metallic-Vape_Agora_vape-16-scaled.webp 1810w, https:\/\/agoravape.com\/wp-content\/uploads\/2025\/10\/Fizzy-Boom-13000-Puffs-LCD-Screen-Metallic-Vape_Agora_vape-16-scaled-1200x1697.webp 1200w, https:\/\/agoravape.com\/wp-content\/uploads\/2025\/10\/Fizzy-Boom-13000-Puffs-LCD-Screen-Metallic-Vape_Agora_vape-16-212x300.webp 212w, https:\/\/agoravape.com\/wp-content\/uploads\/2025\/10\/Fizzy-Boom-13000-Puffs-LCD-Screen-Metallic-Vape_Agora_vape-16-724x1024.webp 724w, https:\/\/agoravape.com\/wp-content\/uploads\/2025\/10\/Fizzy-Boom-13000-Puffs-LCD-Screen-Metallic-Vape_Agora_vape-16-768x1086.webp 768w, https:\/\/agoravape.com\/wp-content\/uploads\/2025\/10\/Fizzy-Boom-13000-Puffs-LCD-Screen-Metallic-Vape_Agora_vape-16-1086x1536.webp 1086w, https:\/\/agoravape.com\/wp-content\/uploads\/2025\/10\/Fizzy-Boom-13000-Puffs-LCD-Screen-Metallic-Vape_Agora_vape-16-1448x2048.webp 1448w\" sizes=\"auto, (max-width: 1810px) 100vw, 1810px\" \/><\/h2>\n<h2 data-v-md-heading=\"what-is-the-charm-of-fizzy-boom-13000-lcd-screen-metal-atomizer\" data-v-md-line=\"3\">Qual \u00e9 o encanto do atomizador de metal com ecr\u00e3 LCD Fizzy Boom 13000?<\/h2>\n<p data-v-md-line=\"4\">Se est\u00e1 farto de vaporizadores descart\u00e1veis e que rapidamente ficam sem bateria, ent\u00e3o este produto \u00e9 a sua melhor escolha. O Fizzy Boom tem uma capacidade de at\u00e9 13000 unidades e est\u00e1 equipado com um ecr\u00e3 LCD que apresenta os n\u00edveis de e-l\u00edquido e de bateria, permitindo-lhe acompanhar o seu estado a qualquer momento.<\/p>\n<p data-v-md-line=\"6\">Se pretende um vape fi\u00e1vel, delicioso e f\u00e1cil de utilizar, ent\u00e3o este produto \u00e9 a sua escolha ideal. A textura met\u00e1lica tem um toque suave e, mesmo quando colocado no bolso, n\u00e3o parecer\u00e1 pesado. Poder\u00e1 pensar que os vapes com uma capacidade t\u00e3o grande s\u00e3o volumosos, mas o seu design leve ir\u00e1 definitivamente surpreend\u00ea-lo.<\/p>\n<h2 data-v-md-heading=\"excellent-performance-easy-and-convenient\" data-v-md-line=\"8\">Excelente desempenho, f\u00e1cil e pr\u00e1tico<\/h2>\n<p data-v-md-line=\"9\">A bobina de malha est\u00e1 localizada no centro do dispositivo, garantindo um sabor consistente desde a primeira at\u00e9 \u00e0 \u00faltima dentada. Quando a bateria estiver fraca, pode carreg\u00e1-la atrav\u00e9s da interface Tipo C utilizando o cabo de dados que muitos telem\u00f3veis utilizam atualmente. Simples e c\u00f3modo. O ecr\u00e3 LCD permite-lhe verificar facilmente o n\u00edvel da bateria num relance, sem se preocupar com um carregamento insuficiente ao meio-dia.<\/p>\n<h2 data-v-md-heading=\"specification-overview\" data-v-md-line=\"11\">Vis\u00e3o geral das especifica\u00e7\u00f5es<\/h2>\n<ul data-v-md-line=\"12\">\n<li>Frequ\u00eancia de suc\u00e7\u00e3o: at\u00e9 13000 vezes<\/li>\n<li>Nicotina: 2% (20mg\/mL) ou 5% (50mg\/mL) opcional<\/li>\n<li>Princ\u00edpio de funcionamento: Ativado por inala\u00e7\u00e3o<\/li>\n<li>Charging: Standard Type-C USB interface<\/li>\n<li>Bateria: bateria recarreg\u00e1vel de 650 mAh<\/li>\n<li>Capacidade do e-l\u00edquido: 21 mililitros<\/li>\n<li>Ecr\u00e3: Ecr\u00e3 LCD, capaz de mostrar o n\u00edvel da bateria e a quantidade de e-l\u00edquido<\/li>\n<li>Tratamento da superf\u00edcie: Pintura met\u00e1lica<\/li>\n<li>Estado: Pronto para usar assim que abrir a caixa.<\/li>\n<\/ul>\n<h2 data-v-md-heading=\"full-range-of-flavors\" data-v-md-line=\"22\">Full range of flavors<\/h2>\n<ul data-v-md-line=\"23\">\n<li>Sabor p\u00eassego<\/li>\n<li>Sabor a gelo de uva<\/li>\n<li>Sabor a morango<\/li>\n<li>Sabor a gelo de melancia<\/li>\n<li>Sabor a ma\u00e7\u00e3 \u00e1cida<\/li>\n<li>Sabor a cereja de melancia<\/li>\n<li>Sabor a mirtilo e mel\u00e3o<\/li>\n<li>Sabor a morango, melancia e rom\u00e3<\/li>\n<li>Mirtilos, framboesas, aroma de lim\u00e3o<\/li>\n<\/ul>\n<h2 data-v-md-heading=\"for-you-and-your-business\" data-v-md-line=\"33\">Para voc\u00ea e sua empresa<\/h2>\n<p data-v-md-line=\"34\">Encontrar\u00e1 v\u00e1rios sabores ao escolher, e o ecr\u00e3 \u00e9 claro e f\u00e1cil de ler, sem ter de adivinhar a quantidade de e-l\u00edquido. Fornecemos caixas de 10 por caixa para aquisi\u00e7\u00e3o na sua loja, o que facilita a reposi\u00e7\u00e3o de stock.<\/p>\n<p data-v-md-line=\"36\">A AgoraVape envia atrav\u00e9s de empresas de correio de confian\u00e7a, como a UPS, DPD e DHL, dentro da Europa, via DDP, permitindo o processamento antecipado de tarifas e evitando acidentes alfandeg\u00e1rios. A concentra\u00e7\u00e3o de nicotina pode variar consoante o pa\u00eds\/regi\u00e3o, por isso escolhe a concentra\u00e7\u00e3o de nicotina adequada de acordo com os regulamentos locais.<\/p>\n<h2 data-v-md-heading=\"why-do-you-like-it\" data-v-md-line=\"38\">Por que voc\u00ea gosta disso?<\/h2>\n<ul data-v-md-line=\"39\">\n<li>Suc\u00e7\u00e3o maci\u00e7a: Dur\u00e1vel e de longa dura\u00e7\u00e3o, n\u00e3o necessita de compras frequentes.<\/li>\n<li>Sele\u00e7\u00e3o da nicotina: Escolha a concentra\u00e7\u00e3o adequada para a sua utiliza\u00e7\u00e3o di\u00e1ria.<\/li>\n<li>Recarreg\u00e1vel: Utiliza todos os e-l\u00edquidos que compra.<\/li>\n<li>Bobina de malha: mant\u00e9m um sabor suave e consistente.<\/li>\n<li>Ecr\u00e3 LCD: Veja facilmente os n\u00edveis restantes da bateria e do e-l\u00edquido num relance.<\/li>\n<li>Design port\u00e1til: Grande capacidade, mas n\u00e3o volumoso.<\/li>\n<\/ul>\n<h2 data-v-md-heading=\"why-choose-to-collaborate-with-agoravape\" data-v-md-line=\"46\">Por que escolher colaborar com a AgoraVape?<\/h2>\n<p data-v-md-line=\"47\">Vendemos apenas produtos genu\u00ednos 100% para garantir a satisfa\u00e7\u00e3o do cliente e reduzir as taxas de devolu\u00e7\u00e3o. Com o atomizador de metal com ecr\u00e3 LCD Fizzy Boom 13000, poder\u00e1 desfrutar de pre\u00e7os por grosso altamente competitivos, apoio de resposta r\u00e1pida e entrega r\u00e1pida de pagamentos de impostos. Bem-vindo a contactar-nos para saber como criar um produto de cliente repetido para os seus clientes.<\/p>\n<p><script src=\"chrome-extension:\/\/fpelahbljekknahkcaegamhcndkfpfnc\/iFrame.js\" type=\"text\/javascript\"><\/script><\/p>","protected":false},"excerpt":{"rendered":"<p>What is the charm of Fizzy Boom 13000 LCD screen metal atomizer? If you are tired of disposable vapes and<\/p>","protected":false},"featured_media":12243,"comment_status":"open","ping_status":"closed","template":"","meta":[],"product_brand":[203],"product_cat":[124,185,189,130,174,175,193,191,173,186,180,190,192],"product_tag":[],"class_list":{"0":"post-12217","1":"product","2":"type-product","3":"status-publish","4":"has-post-thumbnail","6":"product_brand-fizzy","7":"product_cat-vape-by-brand","8":"product_cat-10000-puffs-high-capacity","9":"product_cat-20mg-standard-nicotine-vapes","10":"product_cat-fizzy","11":"product_cat-fruit-flavors","12":"product_cat-icy-mint","13":"product_cat-mesh-coil","14":"product_cat-rechargeable-disposables","15":"product_cat-vape-by-flavor-profile","16":"product_cat-vape-by-nicotine-strength","17":"product_cat-vape-by-puff-count","18":"product_cat-vape-by-feature-or-type","19":"product_cat-vapes-with-screens","21":"first","22":"onbackorder","23":"shipping-taxable","24":"purchasable","25":"product-type-variable","26":"has-default-attributes"},"tiered_pricing_type":"percentage","tiered_pricing_fixed_rules":[],"tiered_pricing_product_settings":{"layout":"default","base_unit_name":{"singular":null,"plural":null},"default_variation":null},"tiered_pricing_minimum_quantity":10,"tiered_pricing_roles_data":[],"tiered_pricing_percentage_rules":{"50":"35","100":"40","200":"44","500":"47","1000":"49"},"tiered_pricing_maximum_quantity":null,"tiered_pricing_quantity_step":"10","_links":{"self":[{"href":"https:\/\/agoravape.com\/pt\/wp-json\/wp\/v2\/product\/12217","targetHints":{"allow":["GET"]}}],"collection":[{"href":"https:\/\/agoravape.com\/pt\/wp-json\/wp\/v2\/product"}],"about":[{"href":"https:\/\/agoravape.com\/pt\/wp-json\/wp\/v2\/types\/product"}],"replies":[{"embeddable":true,"href":"https:\/\/agoravape.com\/pt\/wp-json\/wp\/v2\/comments?post=12217"}],"version-history":[{"count":0,"href":"https:\/\/agoravape.com\/pt\/wp-json\/wp\/v2\/product\/12217\/revisions"}],"wp:featuredmedia":[{"embeddable":true,"href":"https:\/\/agoravape.com\/pt\/wp-json\/wp\/v2\/media\/12243"}],"wp:attachment":[{"href":"https:\/\/agoravape.com\/pt\/wp-json\/wp\/v2\/media?parent=12217"}],"wp:term":[{"taxonomy":"product_brand","embeddable":true,"href":"https:\/\/agoravape.com\/pt\/wp-json\/wp\/v2\/product_brand?post=12217"},{"taxonomy":"product_cat","embeddable":true,"href":"https:\/\/agoravape.com\/pt\/wp-json\/wp\/v2\/product_cat?post=12217"},{"taxonomy":"product_tag","embeddable":true,"href":"https:\/\/agoravape.com\/pt\/wp-json\/wp\/v2\/product_tag?post=12217"}],"curies":[{"name":"wp","href":"https:\/\/api.w.org\/{rel}","templated":true}]}}