{"id":12257,"date":"2025-10-09T15:13:28","date_gmt":"2025-10-09T07:13:28","guid":{"rendered":"https:\/\/green-grasshopper-921422.hostingersite.com\/?post_type=product&#038;p=12257"},"modified":"2026-03-21T12:43:56","modified_gmt":"2026-03-21T11:43:56","slug":"vapme-crystal-7000-puffs-mesh-vape","status":"publish","type":"product","link":"https:\/\/agoravape.com\/pt\/product\/vapme-crystal-7000-puffs-mesh-vape\/","title":{"rendered":"Vape descart\u00e1vel Vapme Crystal 7000 Mesh Coil | Sabor duradouro, f\u00e1cil de usar"},"content":{"rendered":"<h2 data-v-md-heading=\"what-are-the-advantages-of-vapme-crystal-7000-mesh-coil-disposable-vapes\" data-v-md-line=\"3\"><img loading=\"lazy\" decoding=\"async\" class=\"aligncenter size-full wp-image-12280\" src=\"https:\/\/agoravape.com\/wp-content\/uploads\/2025\/10\/Vapme-Crystal-7000-Puffs-Mesh-Coil-Disposable-Vape_Agora_vape-13-scaled.webp\" alt=\"\" width=\"2560\" height=\"1707\" srcset=\"https:\/\/agoravape.com\/wp-content\/uploads\/2025\/10\/Vapme-Crystal-7000-Puffs-Mesh-Coil-Disposable-Vape_Agora_vape-13-scaled.webp 2560w, https:\/\/agoravape.com\/wp-content\/uploads\/2025\/10\/Vapme-Crystal-7000-Puffs-Mesh-Coil-Disposable-Vape_Agora_vape-13-scaled-1200x800.webp 1200w, https:\/\/agoravape.com\/wp-content\/uploads\/2025\/10\/Vapme-Crystal-7000-Puffs-Mesh-Coil-Disposable-Vape_Agora_vape-13-300x200.webp 300w, https:\/\/agoravape.com\/wp-content\/uploads\/2025\/10\/Vapme-Crystal-7000-Puffs-Mesh-Coil-Disposable-Vape_Agora_vape-13-1024x683.webp 1024w, https:\/\/agoravape.com\/wp-content\/uploads\/2025\/10\/Vapme-Crystal-7000-Puffs-Mesh-Coil-Disposable-Vape_Agora_vape-13-768x512.webp 768w, https:\/\/agoravape.com\/wp-content\/uploads\/2025\/10\/Vapme-Crystal-7000-Puffs-Mesh-Coil-Disposable-Vape_Agora_vape-13-1536x1024.webp 1536w, https:\/\/agoravape.com\/wp-content\/uploads\/2025\/10\/Vapme-Crystal-7000-Puffs-Mesh-Coil-Disposable-Vape_Agora_vape-13-2048x1365.webp 2048w\" sizes=\"auto, (max-width: 2560px) 100vw, 2560px\" \/><\/h2>\n<h2 data-v-md-heading=\"what-are-the-advantages-of-vapme-crystal-7000-mesh-coil-disposable-vapes\" data-v-md-line=\"3\">Quais s\u00e3o as vantagens dos vapes descart\u00e1veis com bobina de malha Vapme Crystal 7000?<\/h2>\n<p data-v-md-line=\"4\">Se est\u00e1 cansado dos vapes descart\u00e1veis que consomem energia rapidamente ou se esgotam numa semana, este produto facilitar\u00e1 a sua vida. O Vapme Crystal 7000 incorpora um sabor rico neste dispositivo que n\u00e3o requer um carregamento complicado, tornando-o dur\u00e1vel e de longa dura\u00e7\u00e3o.<\/p>\n<p data-v-md-line=\"6\">\u00c9 adequado para todos os que pretendem uma experi\u00eancia fi\u00e1vel e est\u00e1vel com vapes sem necessidade de configura\u00e7\u00f5es complicadas. N\u00e3o \u00e9 necess\u00e1rio injetar \u00f3leo. N\u00e3o tem bot\u00f5es. Pegue nele e pode utiliz\u00e1-lo. Uma capacidade de 7000 portas significa menos tempo de substitui\u00e7\u00e3o, poupando-lhe tempo e trabalho.<\/p>\n<h2 data-v-md-heading=\"excellent-performance-without-any-complexity\" data-v-md-line=\"8\">Excelente desempenho sem qualquer complexidade<\/h2>\n<p data-v-md-line=\"9\">O segredo deste produto reside na bobina de malha de 1,0 \u03a9. Consegue aquecer uniformemente o e-l\u00edquido, tornando cada mordida t\u00e3o deliciosa como a primeira. N\u00e3o h\u00e1 cheiro a queimado. O n\u00edvel da bateria n\u00e3o diminuir\u00e1 no terceiro dia. Quando a bateria est\u00e1 fraca, pode carreg\u00e1-la atrav\u00e9s do Tipo C. \u00c9 o mesmo que o cabo de dados que utiliza no seu telem\u00f3vel. Simples e c\u00f3modo.<\/p>\n<h2 data-v-md-heading=\"specification-introduction\" data-v-md-line=\"11\">Introdu\u00e7\u00e3o \u00e0 especifica\u00e7\u00e3o<\/h2>\n<ul data-v-md-line=\"12\">\n<li>Frequ\u00eancia de suc\u00e7\u00e3o: at\u00e9 7000 vezes<\/li>\n<li>Teor de nicotina: 0%\/2%\/3%\/5%<\/li>\n<li>Princ\u00edpio de funcionamento: Basta inalar para utilizar<\/li>\n<li>Carregamento: Interface USB Tipo-C<\/li>\n<li>Capacidade do e-l\u00edquido: 14 mililitros<\/li>\n<li>Bobina: bobina de malha de 1,0 \u03a9<\/li>\n<li>Bateria: 650mAh<\/li>\n<li>Estado: Pronto para usar assim que abrir a caixa.<\/li>\n<\/ul>\n<h2 data-v-md-heading=\"multiple-flavor-options\" data-v-md-line=\"21\">Diversas op\u00e7\u00f5es de sabor<\/h2>\n<ul data-v-md-line=\"22\">\n<li>Mirtilo e Framboesa<\/li>\n<li>Baga de uva<\/li>\n<li>Pastilha el\u00e1stica de morango e melancia<\/li>\n<li>Doce de morango e framboesa<\/li>\n<li>Banana com morango<\/li>\n<li>Manga com morango<\/li>\n<li>P\u00eassego manga anan\u00e1s<\/li>\n<li>Gelo de melancia<\/li>\n<li>Manga tripla<\/li>\n<li>Gelo de cereja<\/li>\n<li>Maracuj\u00e1 Mel\u00e3o gelado<\/li>\n<li>Kiwi Maracuj\u00e1 Goiaba<\/li>\n<li>Gelo de morango<\/li>\n<li>Gelo de p\u00eassego<\/li>\n<li>Limonada Blue razz<\/li>\n<li>Morango kiwi<\/li>\n<li>Bebida energ\u00e9tica<\/li>\n<li>Cola de cereja<\/li>\n<li>Gelo de bagas mistas<\/li>\n<li>Lim\u00e3o e lima<\/li>\n<li>Morango uva<\/li>\n<li>Gelo de groselha<\/li>\n<li>Mirtilo Arando cereja<\/li>\n<li>Gelo de melancia e kiwi<\/li>\n<li>Baga de cereja<\/li>\n<li>Como<\/li>\n<li>Ponche de frutos tropicais<\/li>\n<li>Senhor azul<\/li>\n<li>Ma\u00e7\u00e3 dupla<\/li>\n<li>Gelo de banana<\/li>\n<li>Lady Killa<\/li>\n<li>Touro de melancia<\/li>\n<li>Gelo de anan\u00e1s e kiwi<\/li>\n<li>Gelo de morango e fruta-drag\u00e3o<\/li>\n<li>Melancia Lim\u00e3o<\/li>\n<li>Gelo Triplo de Mel\u00e3o<\/li>\n<li>Mirtilo Framboesa P\u00eassego<\/li>\n<li>Gelo de morango e framboesa<\/li>\n<li>Skittle de melancia<\/li>\n<li>Urso de goma de morango<\/li>\n<li>Red Bull de morango<\/li>\n<li>Drag\u00e3o negro de gelo<\/li>\n<li>Gelo de uva<\/li>\n<\/ul>\n<h2 data-v-md-heading=\"to-create-for-you-and-your-business\" data-v-md-line=\"30\">Para criar algo para voc\u00ea e para o seu neg\u00f3cio.<\/h2>\n<p data-v-md-line=\"31\">Se estiver a experimentar, pode adquirir o Vape descart\u00e1vel com bobina de malha Vapme Crystal 7000 separadamente ou comprar v\u00e1rias unidades para utiliza\u00e7\u00e3o futura. Se tem uma loja f\u00edsica ou online, tamb\u00e9m pode fazer encomendas por grosso. Oferecemos embalagens de 200 unidades por caixa para garantir um reabastecimento f\u00e1cil e previs\u00edvel.<\/p>\n<p data-v-md-line=\"33\">Colaboramos com parceiros de confian\u00e7a, como a UPS, a DPD e a DHL, e utilizamos os termos de entrega com direitos pagos (DDP) para garantir uma entrega r\u00e1pida da sua encomenda e evitar acidentes aduaneiros.<\/p>\n<h2 data-v-md-heading=\"why-do-you-like-it\" data-v-md-line=\"35\">Por que voc\u00ea gosta disso?<\/h2>\n<ul data-v-md-line=\"36\">\n<li>Grande capacidade de consumo: dur\u00e1vel e de longa dura\u00e7\u00e3o, sem necessidade de comprar cigarros novos com frequ\u00eancia.<\/li>\n<li>Sele\u00e7\u00e3o de nicotina: Escolha a concentra\u00e7\u00e3o que melhor se adapta a si.<\/li>\n<li>Recarreg\u00e1vel: O carregamento tipo C ajuda-o a utilizar todo o e-l\u00edquido adquirido.<\/li>\n<li>Bobina de malha: Sabor consistente, suave e sem obstru\u00e7\u00f5es do in\u00edcio ao fim.<\/li>\n<\/ul>\n<h2 data-v-md-heading=\"why-collaborate-with-agoravape\" data-v-md-line=\"41\">Por que colaborar com a AgoraVape?<\/h2>\n<p data-v-md-line=\"42\">Vendemos apenas produtos genu\u00ednos 100% de marcas de confian\u00e7a. Como um dos principais distribuidores de vape na Europa, oferecemos pre\u00e7os de atacado com desconto, suporte t\u00e9cnico abrangente e servi\u00e7os r\u00e1pidos de entrega DDP para vapores descart\u00e1veis Vapme Crystal 7000 com bobinas de malha de suc\u00e7\u00e3o. Contacte-nos para obter informa\u00e7\u00f5es sobre o invent\u00e1rio e fornecer aos seus clientes um vaporizador descart\u00e1vel duradouro e que vale a pena voltar a comprar.<\/p>\n<p data-v-md-line=\"42\">\n<p data-v-md-line=\"42\"><img loading=\"lazy\" decoding=\"async\" class=\"aligncenter size-full wp-image-12281\" src=\"https:\/\/agoravape.com\/wp-content\/uploads\/2025\/10\/VAPME-CRYSTAL-7000_04_Agora_vape-scaled.webp\" alt=\"\" width=\"1749\" height=\"2560\" srcset=\"https:\/\/agoravape.com\/wp-content\/uploads\/2025\/10\/VAPME-CRYSTAL-7000_04_Agora_vape-scaled.webp 1749w, https:\/\/agoravape.com\/wp-content\/uploads\/2025\/10\/VAPME-CRYSTAL-7000_04_Agora_vape-scaled-1200x1756.webp 1200w, https:\/\/agoravape.com\/wp-content\/uploads\/2025\/10\/VAPME-CRYSTAL-7000_04_Agora_vape-205x300.webp 205w, https:\/\/agoravape.com\/wp-content\/uploads\/2025\/10\/VAPME-CRYSTAL-7000_04_Agora_vape-699x1024.webp 699w, https:\/\/agoravape.com\/wp-content\/uploads\/2025\/10\/VAPME-CRYSTAL-7000_04_Agora_vape-768x1124.webp 768w, https:\/\/agoravape.com\/wp-content\/uploads\/2025\/10\/VAPME-CRYSTAL-7000_04_Agora_vape-1049x1536.webp 1049w, https:\/\/agoravape.com\/wp-content\/uploads\/2025\/10\/VAPME-CRYSTAL-7000_04_Agora_vape-1399x2048.webp 1399w\" sizes=\"auto, (max-width: 1749px) 100vw, 1749px\" \/><\/p>","protected":false},"excerpt":{"rendered":"<p>What are the advantages of Vapme Crystal 7000 mesh coil disposable vapes? If you\u2019re tired of those disposable vapes that<\/p>","protected":false},"featured_media":12268,"comment_status":"open","ping_status":"closed","template":"","meta":[],"product_brand":[204],"product_cat":[124,187,189,184,176,177,1674,174,175,193,191,179,173,186,180,190,131],"product_tag":[],"class_list":{"0":"post-12257","1":"product","2":"type-product","3":"status-publish","4":"has-post-thumbnail","6":"product_brand-vapme","7":"product_cat-vape-by-brand","8":"product_cat-0mg-nicotine-free-vapes","9":"product_cat-20mg-standard-nicotine-vapes","10":"product_cat-5000-8000-puffs","11":"product_cat-beverage","12":"product_cat-dessert-sweets","13":"product_cat-eu-warehouse","14":"product_cat-fruit-flavors","15":"product_cat-icy-mint","16":"product_cat-mesh-coil","17":"product_cat-rechargeable-disposables","18":"product_cat-unique-blends","19":"product_cat-vape-by-flavor-profile","20":"product_cat-vape-by-nicotine-strength","21":"product_cat-vape-by-puff-count","22":"product_cat-vape-by-feature-or-type","23":"product_cat-vapme","25":"first","26":"instock","27":"shipping-taxable","28":"purchasable","29":"product-type-variable","30":"has-default-attributes"},"tiered_pricing_type":"percentage","tiered_pricing_fixed_rules":[],"tiered_pricing_product_settings":{"layout":"default","base_unit_name":{"singular":null,"plural":null},"default_variation":null},"tiered_pricing_minimum_quantity":10,"tiered_pricing_roles_data":[],"tiered_pricing_percentage_rules":{"50":"35","100":"40","200":"44","500":"47","1000":"49"},"tiered_pricing_maximum_quantity":null,"tiered_pricing_quantity_step":"10","_links":{"self":[{"href":"https:\/\/agoravape.com\/pt\/wp-json\/wp\/v2\/product\/12257","targetHints":{"allow":["GET"]}}],"collection":[{"href":"https:\/\/agoravape.com\/pt\/wp-json\/wp\/v2\/product"}],"about":[{"href":"https:\/\/agoravape.com\/pt\/wp-json\/wp\/v2\/types\/product"}],"replies":[{"embeddable":true,"href":"https:\/\/agoravape.com\/pt\/wp-json\/wp\/v2\/comments?post=12257"}],"version-history":[{"count":0,"href":"https:\/\/agoravape.com\/pt\/wp-json\/wp\/v2\/product\/12257\/revisions"}],"wp:featuredmedia":[{"embeddable":true,"href":"https:\/\/agoravape.com\/pt\/wp-json\/wp\/v2\/media\/12268"}],"wp:attachment":[{"href":"https:\/\/agoravape.com\/pt\/wp-json\/wp\/v2\/media?parent=12257"}],"wp:term":[{"taxonomy":"product_brand","embeddable":true,"href":"https:\/\/agoravape.com\/pt\/wp-json\/wp\/v2\/product_brand?post=12257"},{"taxonomy":"product_cat","embeddable":true,"href":"https:\/\/agoravape.com\/pt\/wp-json\/wp\/v2\/product_cat?post=12257"},{"taxonomy":"product_tag","embeddable":true,"href":"https:\/\/agoravape.com\/pt\/wp-json\/wp\/v2\/product_tag?post=12257"}],"curies":[{"name":"wp","href":"https:\/\/api.w.org\/{rel}","templated":true}]}}