{"id":12415,"date":"2025-10-09T21:14:25","date_gmt":"2025-10-09T13:14:25","guid":{"rendered":"https:\/\/green-grasshopper-921422.hostingersite.com\/?post_type=product&#038;p=12415"},"modified":"2026-02-14T17:23:59","modified_gmt":"2026-02-14T16:23:59","slug":"vapme-crystal-30000-puffs-vape-de-triplo-sabor","status":"publish","type":"product","link":"https:\/\/agoravape.com\/pt\/product\/vapme-crystal-30000-puffs-triple-flavor-vape\/","title":{"rendered":"Vape Vapme Crystal 30000 Tr\u00eas em Um com Tr\u00eas Sabores | Tr\u00eas Sabores, Longa Dura\u00e7\u00e3o e F\u00e1cil"},"content":{"rendered":"<h2 data-v-md-heading=\"what-are-the-advantages-of-vaping-the-vapme-crystal-30000-triple-flavored-vape\" data-v-md-line=\"3\">Quais s\u00e3o as vantagens de vaporizar o vaporizador de sabor triplo Vapme Crystal 30000?<\/h2>\n<p data-v-md-line=\"4\">Se est\u00e1 cansado de mudar de dispositivo a meio da semana, ent\u00e3o este produto \u00e9 a sua escolha ideal. O Vapme Crystal 30000 integra tr\u00eas sabores diferentes num s\u00f3 aparelho, permitindo-lhe mudar facilmente de aparelho sem ter de transportar um segundo vape.<\/p>\n<p data-v-md-line=\"6\">\u00c9 adequado para qualquer pessoa que queira experimentar uma experi\u00eancia de vapor simples, f\u00e1cil de utilizar, deliciosa e duradoura. N\u00e3o precisa de se preocupar, n\u00e3o precisa de se reabastecer frequentemente. S\u00f3 precisa de um sabor suave e de um carregamento f\u00e1cil quando necess\u00e1rio.<\/p>\n<h2 data-v-md-heading=\"excellent-performance-easy-and-convenient\" data-v-md-line=\"8\">Excelente desempenho, f\u00e1cil e pr\u00e1tico<\/h2>\n<p data-v-md-line=\"9\">A bobina de malha de 0,6 \u03a9 garante um fluxo de fumo suave e um sabor consistente, tornando cada mordida t\u00e3o deliciosa como a primeira. O sistema de armazenamento de \u00f3leo triplo pode acomodar tr\u00eas sabores diferentes, mantendo cada sabor claro e \u00fanico, evitando confus\u00e3o. Quando a bateria est\u00e1 fraca, pode utilizar o cabo de dados Tipo C existente para carregar. A bateria de 650mAh \u00e9 recarreg\u00e1vel, pelo que pode utilizar o e-l\u00edquido adquirido.<\/p>\n<h2 data-v-md-heading=\"specification-introduction\" data-v-md-line=\"11\">Introdu\u00e7\u00e3o \u00e0 especifica\u00e7\u00e3o<\/h2>\n<ul data-v-md-line=\"12\">\n<li>Suction frequency: up to 30000 times<\/li>\n<li>Teor de nicotina: 0%, 2%, 3% e 5%<\/li>\n<li>Princ\u00edpio de funcionamento: Ativa-se com apenas uma tragada.<\/li>\n<li>Charging: Standard Type-C USB interface<\/li>\n<li>Status: Pronto para usar assim que sai da caixa<\/li>\n<\/ul>\n<h2 data-v-md-heading=\"full-flavor-series\" data-v-md-line=\"18\">S\u00e9rie Sabor Completo<\/h2>\n<ul data-v-md-line=\"19\">\n<li>Sabor a mirtilo e framboesa + gelo de melancia + limonada de morango<\/li>\n<li>Sabor a melancia de morango+gelo de mel\u00e3o de maracuj\u00e1+sabor a framboesa de mirtilo<\/li>\n<li>Cereja gelada+Sumo de mirtilo \u00c1gua de lim\u00e3o+Fruto da paix\u00e3o Mel\u00e3o gelado<\/li>\n<li>Gelo de uva + kiwi de morango + sabor a p\u00eassego e anan\u00e1s<\/li>\n<li>Sabor a morango e banana+sabor a ma\u00e7\u00e3 dupla+gelo de melancia<\/li>\n<li>Gelo de bagas mistas+P\u00eassego anan\u00e1s+Melancia framboesa<\/li>\n<li>Gelo de morango + gelo de kiwi de melancia + gelo de cereja<\/li>\n<li>Red Bull+Cola de cereja+Sabor a p\u00eassego<\/li>\n<li>Batido de morango, framboesa, a\u00e7\u00facar + p\u00eassego + kiwi, maracuj\u00e1 e goiaba<\/li>\n<li>Batido de morango, manga, kiwi, maracuj\u00e1, goiaba e melancia<\/li>\n<li>Bingzhi de frutos tropicais + uva de morango + \u00e1gua de lim\u00e3o de mirtilo<\/li>\n<li>Pastilha el\u00e1stica de morango e melancia + baga de cereja + batido de Red Bull<\/li>\n<li>Mr. Blue+Killer Lady+Love 66<\/li>\n<li>Bife de melancia+Batido de anan\u00e1s e kiwi+Batido de morango<\/li>\n<li>Batido de morango e fruta do drag\u00e3o + batido de melancia e lim\u00e3o + batido de frutos tropicais<\/li>\n<li>Batido triplo de mel\u00e3o + batido de mirtilo, framboesa, p\u00eassego e morango<\/li>\n<li>Batido de morango e arando + batido de banana + batido misto de frutos silvestres<\/li>\n<li>Rebu\u00e7ados de melancia+Rebu\u00e7ados de morango+Rebu\u00e7ados de framboesa e mirtilo<\/li>\n<li>Refrigerante de cereja+Lim\u00e3o+Batido de mirtilo<\/li>\n<li>Red Bull de morango + Gelado Black Dragon + Baga de cereja<\/li>\n<\/ul>\n<h2 data-v-md-heading=\"dedicated-to-you-and-your-company\" data-v-md-line=\"40\">Dedicado a si e \u00e0 sua empresa<\/h2>\n<p data-v-md-line=\"41\">Pode comprar o Vapme Crystal 30000 para uma pessoa ou fazer um stock para a sua loja. A caixa de cart\u00e3o para venda por grosso cont\u00e9m 160 unidades, o que lhe permite planear convenientemente o invent\u00e1rio. Fornecemos servi\u00e7os de envio DDP pagos com parceiros de confian\u00e7a, como a UPS, DPD e DHL, para garantir que est\u00e1 protegido contra tarifas inesperadas.<\/p>\n<p data-v-md-line=\"43\">Se comprar para revenda, verifique os regulamentos locais antes de publicar. Os produtos descart\u00e1veis de grande capacidade podem estar sujeitos a regulamentos nacionais\/regionais espec\u00edficos.<\/p>\n<h2 data-v-md-heading=\"why-do-you-like-it\" data-v-md-line=\"45\">Por que voc\u00ea gosta disso?<\/h2>\n<ul data-v-md-line=\"46\">\n<li>Suc\u00e7\u00e3o maci\u00e7a: dur\u00e1vel e de longa dura\u00e7\u00e3o, sem necessidade de comprar constantemente novos cartuchos<\/li>\n<li>Sele\u00e7\u00e3o de nicotina: escolha a concentra\u00e7\u00e3o que se adapta ao seu m\u00e9todo de fumar<\/li>\n<li>Recarreg\u00e1vel: Voc\u00ea pode usar todos os e-l\u00edquidos adquiridos.<\/li>\n<li>Bobina de malha: proporciona um sabor consistente e rico em todas as ocasi\u00f5es<\/li>\n<li>Sabores triplos: Pode mudar de sabor em qualquer altura sem ter de transportar um segundo dispositivo<\/li>\n<\/ul>\n<h2 data-v-md-heading=\"why-collaborate-with-agoravape\" data-v-md-line=\"52\">Por que colaborar com a AgoraVape?<\/h2>\n<p data-v-md-line=\"53\">Vendemos apenas produtos genu\u00ednos 100% e garantimos a qualidade dos nossos envios. Para clientes comerciais, pode desfrutar de pre\u00e7os grossistas com desconto, apoio fi\u00e1vel e entrega r\u00e1pida e fi\u00e1vel de Vapme Crystal 30000 tr\u00eas em um vapores de sabor triplo. Contacte-nos e faremos um stock para os seus clientes para garantir a sua satisfa\u00e7\u00e3o.<\/p>","protected":false},"excerpt":{"rendered":"<p>What are the advantages of vaping the Vapme Crystal 30000 triple flavored vape? If you\u2019re tired of changing devices halfway<\/p>","protected":false},"featured_media":12487,"comment_status":"open","ping_status":"closed","template":"","meta":[],"product_brand":[204],"product_cat":[124,187,185,189,1637,176,177,195,1674,174,175,193,191,173,186,180,190,131],"product_tag":[],"class_list":{"0":"post-12415","1":"product","2":"type-product","3":"status-publish","4":"has-post-thumbnail","6":"product_brand-vapme","7":"product_cat-vape-by-brand","8":"product_cat-0mg-nicotine-free-vapes","9":"product_cat-10000-puffs-high-capacity","10":"product_cat-20mg-standard-nicotine-vapes","11":"product_cat-30000-puffs","12":"product_cat-beverage","13":"product_cat-dessert-sweets","14":"product_cat-dual-flavor-switch","15":"product_cat-eu-warehouse","16":"product_cat-fruit-flavors","17":"product_cat-icy-mint","18":"product_cat-mesh-coil","19":"product_cat-rechargeable-disposables","20":"product_cat-vape-by-flavor-profile","21":"product_cat-vape-by-nicotine-strength","22":"product_cat-vape-by-puff-count","23":"product_cat-vape-by-feature-or-type","24":"product_cat-vapme","26":"first","27":"instock","28":"shipping-taxable","29":"purchasable","30":"product-type-variable","31":"has-default-attributes"},"tiered_pricing_type":"percentage","tiered_pricing_fixed_rules":[],"tiered_pricing_product_settings":{"layout":"default","base_unit_name":{"singular":null,"plural":null},"default_variation":null},"tiered_pricing_minimum_quantity":10,"tiered_pricing_roles_data":[],"tiered_pricing_percentage_rules":{"50":"35","100":"40","200":"44","500":"47","1000":"49"},"tiered_pricing_maximum_quantity":null,"tiered_pricing_quantity_step":"10","_links":{"self":[{"href":"https:\/\/agoravape.com\/pt\/wp-json\/wp\/v2\/product\/12415","targetHints":{"allow":["GET"]}}],"collection":[{"href":"https:\/\/agoravape.com\/pt\/wp-json\/wp\/v2\/product"}],"about":[{"href":"https:\/\/agoravape.com\/pt\/wp-json\/wp\/v2\/types\/product"}],"replies":[{"embeddable":true,"href":"https:\/\/agoravape.com\/pt\/wp-json\/wp\/v2\/comments?post=12415"}],"version-history":[{"count":0,"href":"https:\/\/agoravape.com\/pt\/wp-json\/wp\/v2\/product\/12415\/revisions"}],"wp:featuredmedia":[{"embeddable":true,"href":"https:\/\/agoravape.com\/pt\/wp-json\/wp\/v2\/media\/12487"}],"wp:attachment":[{"href":"https:\/\/agoravape.com\/pt\/wp-json\/wp\/v2\/media?parent=12415"}],"wp:term":[{"taxonomy":"product_brand","embeddable":true,"href":"https:\/\/agoravape.com\/pt\/wp-json\/wp\/v2\/product_brand?post=12415"},{"taxonomy":"product_cat","embeddable":true,"href":"https:\/\/agoravape.com\/pt\/wp-json\/wp\/v2\/product_cat?post=12415"},{"taxonomy":"product_tag","embeddable":true,"href":"https:\/\/agoravape.com\/pt\/wp-json\/wp\/v2\/product_tag?post=12415"}],"curies":[{"name":"wp","href":"https:\/\/api.w.org\/{rel}","templated":true}]}}