{"id":12538,"date":"2025-10-10T09:29:18","date_gmt":"2025-10-10T01:29:18","guid":{"rendered":"https:\/\/green-grasshopper-921422.hostingersite.com\/?post_type=product&#038;p=12538"},"modified":"2026-03-26T13:22:25","modified_gmt":"2026-03-26T12:22:25","slug":"vapme-crystal-20000-puffs-vape-de-duplo-sabor","status":"publish","type":"product","link":"https:\/\/agoravape.com\/pt\/product\/vapme-crystal-20000-puffs-dual-flavor-vape\/","title":{"rendered":"Vapme Crystal 20000 Puffs 2 em 1 com Dois Sabores | Dois Sabores, Um Dispositivo de Longa Dura\u00e7\u00e3o"},"content":{"rendered":"<h2 data-v-md-heading=\"what-are-the-advantages-of-vapme-crystal-20000-in-one-dual-flavor-vape\" data-v-md-line=\"3\">Quais s\u00e3o as vantagens do Vapme Crystal 20000 num \u00fanico vape de duplo sabor?<\/h2>\n<p data-v-md-line=\"4\">Se est\u00e1 cansado de mudar frequentemente de dispositivo devido ao sabor ins\u00edpido ou \u00e0 bateria fraca, este produto dar-lhe-\u00e1 um novo f\u00f4lego. O Vapme Crystal 20000 pode fornecer at\u00e9 20000 baforadas e dois sabores num s\u00f3 dispositivo, permitindo-lhe divertir-se sem ter de transportar um vape de reserva.<\/p>\n<p data-v-md-line=\"6\">Se pretende um vape descart\u00e1vel fi\u00e1vel, delicioso, recarreg\u00e1vel e f\u00e1cil de utilizar, ent\u00e3o este produto \u00e9 a sua escolha ideal. N\u00e3o h\u00e1 necessidade de opera\u00e7\u00f5es ou menus aborrecidos. Basta pegar nele e desfrutar do sabor consistente desde a primeira at\u00e9 \u00e0 \u00faltima dentada.<\/p>\n<h2 data-v-md-heading=\"excellent-performance-easy-and-convenient\" data-v-md-line=\"8\">Excelente desempenho, f\u00e1cil e pr\u00e1tico<\/h2>\n<p data-v-md-line=\"9\">A bobina de malha de 1,0 \u03a9 proporciona-lhe uma pot\u00eancia forte. Aquece uniformemente, e cada mordida \u00e9 t\u00e3o deliciosa como a primeira. Quando a bateria estiver fraca, basta ligar o cabo de dados Tipo C, que pode ser o mesmo que o cabo utilizado para telem\u00f3veis. Simples e c\u00f3modo. Pode pensar-se que os dispositivos de grande calibre seriam inc\u00f3modos, mas este dispositivo \u00e9 f\u00e1cil de manusear.<\/p>\n<h2 data-v-md-heading=\"specification-introduction\" data-v-md-line=\"11\">Introdu\u00e7\u00e3o \u00e0 especifica\u00e7\u00e3o<\/h2>\n<ul data-v-md-line=\"12\">\n<li>Frequ\u00eancia de suc\u00e7\u00e3o: at\u00e9 20.000 vezes<\/li>\n<li>Teor de nicotina: 2% (20mg\/mL)<\/li>\n<li>Princ\u00edpio de funcionamento: Ativado por inala\u00e7\u00e3o<\/li>\n<li>Carregamento: Interface USB Tipo-C<\/li>\n<li>Capacidade do e-l\u00edquido: 20 mililitros<\/li>\n<li>N\u00facleo de atomiza\u00e7\u00e3o: malha de 1,0 \u03a9<\/li>\n<li>Bateria: Bateria recarreg\u00e1vel de 700 mAh<\/li>\n<li>Estado: Pronto para usar assim que abrir a caixa.<\/li>\n<\/ul>\n<h2 data-v-md-heading=\"full-range-of-flavors\" data-v-md-line=\"21\">Full range of flavors<\/h2>\n<p data-v-md-line=\"22\">As seguintes combina\u00e7\u00f5es de sabores duplos est\u00e3o confirmadas:<\/p>\n<ul data-v-md-line=\"23\">\n<li>Mirtilos, framboesas e gelo de melancia<\/li>\n<li>Melancia com morango + gelo de mel\u00e3o com maracuj\u00e1<\/li>\n<li>Gelo de cereja + \u00c1gua de lim\u00e3o com mirtilo<\/li>\n<li>Gelo de uva + Kiwi de morango<\/li>\n<li>Morango, banana e ma\u00e7\u00e3s duplas<\/li>\n<li>Gelo de bagas mistas + p\u00eassego e anan\u00e1s<\/li>\n<li>Gelo de morango + gelo de melancia e kiwi<\/li>\n<li>Bebida energ\u00e9tica + cola de cereja<\/li>\n<li>A\u00e7\u00facar de morango e framboesa + gelo de p\u00eassego<\/li>\n<li>Morango manga+kiwi+fruto da paix\u00e3o goiaba<\/li>\n<\/ul>\n<p data-v-md-line=\"34\">Aqui est\u00e3o as bebidas mistas de frutas de cores vivas, cubos de gelo gelados e uma sele\u00e7\u00e3o de lojas de sobremesas nost\u00e1lgicas. A \u00e1gua de lim\u00e3o com mirtilo proporciona um sabor agridoce, enquanto a cola de cereja proporciona uma experi\u00eancia cintilante de mistura de cola e cerejas.<\/p>\n<h2 data-v-md-heading=\"for-you-and-for-your-business-as-well\" data-v-md-line=\"36\">Para voc\u00ea e para o seu neg\u00f3cio tamb\u00e9m.<\/h2>\n<p data-v-md-line=\"37\">Pode escolher uma ch\u00e1vena para si ou comprar artigos para a prateleira. Oferecemos os vaporizadores de duplo sabor Vapme Crystal 20000 dois em um para compra pessoal e por grosso. Os compradores comerciais podem efetuar encomendas por grosso, com 160 unidades por caixa.<\/p>\n<p data-v-md-line=\"39\">Fornecemos servi\u00e7os de envio europeus com pagamento de impostos DDP atrav\u00e9s de parceiros de confian\u00e7a como a UPS, DPD e DHL, tornando-o f\u00e1cil e conveniente para evitar acidentes durante as inspec\u00e7\u00f5es aduaneiras.<\/p>\n<h2 data-v-md-heading=\"why-do-you-like-it\" data-v-md-line=\"41\">Por que voc\u00ea gosta disso?<\/h2>\n<ul data-v-md-line=\"42\">\n<li>Suc\u00e7\u00e3o maci\u00e7a: at\u00e9 20000 baforadas, o que significa menos pedidos repetidos e mais tempo para desfrutar.<\/li>\n<li>Sele\u00e7\u00e3o de nicotina: A nicotina 2% \u00e9 adequada para aqueles que preferem experi\u00eancias mais fortes e mais satisfat\u00f3rias.<\/li>\n<li>Recarreg\u00e1vel: Utilize todo o e-l\u00edquido que comprar sem desperdi\u00e7ar uma gota.<\/li>\n<li>Bobina de malha: Da primeira \u00e0 \u00faltima dentada, o sabor mant\u00e9m-se consistente e suave como a seda.<\/li>\n<\/ul>\n<h2 data-v-md-heading=\"why-choose-to-collaborate-with-agoravape\" data-v-md-line=\"47\">Por que escolher colaborar com a AgoraVape?<\/h2>\n<p data-v-md-line=\"48\">Vendemos apenas produtos genu\u00ednos 100% com especifica\u00e7\u00f5es claras e forte rastreabilidade. Nossos clientes B2B podem desfrutar de pre\u00e7os com desconto no atacado, suporte de resposta r\u00e1pida e servi\u00e7o de entrega r\u00e1pida em domic\u00edlio (DDP) na Uni\u00e3o Europeia ao comprar Vapme Crystal 20000 dois em um vapes de sabor duplo (DDP). Quer um dispositivo fi\u00e1vel que fa\u00e7a com que os seus clientes voltem sempre? Bem-vindo ao inqu\u00e9rito.<\/p>","protected":false},"excerpt":{"rendered":"<p>&nbsp;<\/p>\n<p><script src=\"chrome-extension:\/\/fpelahbljekknahkcaegamhcndkfpfnc\/iFrame.js\" type=\"text\/javascript\"><\/script><\/p>","protected":false},"featured_media":12571,"comment_status":"open","ping_status":"closed","template":"","meta":[],"product_brand":[204],"product_cat":[124,185,1636,189,176,177,195,1674,174,175,193,191,173,186,180,190,131],"product_tag":[],"class_list":{"0":"post-12538","1":"product","2":"type-product","3":"status-publish","4":"has-post-thumbnail","6":"product_brand-vapme","7":"product_cat-vape-by-brand","8":"product_cat-10000-puffs-high-capacity","9":"product_cat-20000-puffs","10":"product_cat-20mg-standard-nicotine-vapes","11":"product_cat-beverage","12":"product_cat-dessert-sweets","13":"product_cat-dual-flavor-switch","14":"product_cat-eu-warehouse","15":"product_cat-fruit-flavors","16":"product_cat-icy-mint","17":"product_cat-mesh-coil","18":"product_cat-rechargeable-disposables","19":"product_cat-vape-by-flavor-profile","20":"product_cat-vape-by-nicotine-strength","21":"product_cat-vape-by-puff-count","22":"product_cat-vape-by-feature-or-type","23":"product_cat-vapme","25":"first","26":"instock","27":"shipping-taxable","28":"purchasable","29":"product-type-variable","30":"has-default-attributes"},"tiered_pricing_type":"percentage","tiered_pricing_fixed_rules":[],"tiered_pricing_product_settings":{"layout":"default","base_unit_name":{"singular":null,"plural":null},"default_variation":null},"tiered_pricing_minimum_quantity":10,"tiered_pricing_roles_data":[],"tiered_pricing_percentage_rules":{"50":"35","100":"40","200":"44","500":"47","1000":"49"},"tiered_pricing_maximum_quantity":null,"tiered_pricing_quantity_step":"10","_links":{"self":[{"href":"https:\/\/agoravape.com\/pt\/wp-json\/wp\/v2\/product\/12538","targetHints":{"allow":["GET"]}}],"collection":[{"href":"https:\/\/agoravape.com\/pt\/wp-json\/wp\/v2\/product"}],"about":[{"href":"https:\/\/agoravape.com\/pt\/wp-json\/wp\/v2\/types\/product"}],"replies":[{"embeddable":true,"href":"https:\/\/agoravape.com\/pt\/wp-json\/wp\/v2\/comments?post=12538"}],"version-history":[{"count":0,"href":"https:\/\/agoravape.com\/pt\/wp-json\/wp\/v2\/product\/12538\/revisions"}],"wp:featuredmedia":[{"embeddable":true,"href":"https:\/\/agoravape.com\/pt\/wp-json\/wp\/v2\/media\/12571"}],"wp:attachment":[{"href":"https:\/\/agoravape.com\/pt\/wp-json\/wp\/v2\/media?parent=12538"}],"wp:term":[{"taxonomy":"product_brand","embeddable":true,"href":"https:\/\/agoravape.com\/pt\/wp-json\/wp\/v2\/product_brand?post=12538"},{"taxonomy":"product_cat","embeddable":true,"href":"https:\/\/agoravape.com\/pt\/wp-json\/wp\/v2\/product_cat?post=12538"},{"taxonomy":"product_tag","embeddable":true,"href":"https:\/\/agoravape.com\/pt\/wp-json\/wp\/v2\/product_tag?post=12538"}],"curies":[{"name":"wp","href":"https:\/\/api.w.org\/{rel}","templated":true}]}}