{"id":12654,"date":"2025-10-10T10:30:53","date_gmt":"2025-10-10T02:30:53","guid":{"rendered":"https:\/\/green-grasshopper-921422.hostingersite.com\/?post_type=product&#038;p=12654"},"modified":"2026-03-26T13:22:25","modified_gmt":"2026-03-26T12:22:25","slug":"vapme-digital-12000-puffs-display-vape","status":"publish","type":"product","link":"https:\/\/agoravape.com\/pt\/product\/vapme-digital-12000-puffs-display-vape\/","title":{"rendered":"Vape digital Vapme com 12.000 puffs e display digital | Sabor duradouro, de forma simples"},"content":{"rendered":"<h2 data-v-md-heading=\"what-are-the-highlights-of-vapme-digital-12000-digital-vapes\" data-v-md-line=\"3\">Quais s\u00e3o os destaques dos vapes digitais Vapme Digital 12000?<\/h2>\n<p data-v-md-line=\"4\">Se est\u00e1 farto de vaporizadores descart\u00e1veis que s\u00e3o deitados fora a meio de uma semana, vale a pena dar uma vista de olhos a este produto. O Vapme Digital 12000 tem uma grande capacidade de 20 ml de e-l\u00edquido, est\u00e1 equipado com uma bateria recarreg\u00e1vel de 850 mAh e um ecr\u00e3 digital n\u00edtido que pode apresentar simultaneamente os n\u00edveis restantes da bateria e do e-l\u00edquido. N\u00e3o \u00e9 necess\u00e1rio adivinhar, \u00e9 f\u00e1cil e c\u00f3modo.<\/p>\n<p data-v-md-line=\"6\">Se pretende um vape fi\u00e1vel, delicioso e eficaz, ent\u00e3o este produto \u00e9 a escolha ideal. Com base nos seus h\u00e1bitos de absor\u00e7\u00e3o de \u00f3leo e utiliza\u00e7\u00e3o di\u00e1ria, pode obter at\u00e9 12000 baforadas. Pode pensar-se que ter um vape de t\u00e3o grande capacidade seria volumoso, mas este produto \u00e9 surpreendentemente acess\u00edvel.<\/p>\n<h2 data-v-md-heading=\"excellent-performance-easy-and-convenient\" data-v-md-line=\"8\">Excelente desempenho, f\u00e1cil e pr\u00e1tico<\/h2>\n<p data-v-md-line=\"9\">O n\u00facleo do Vapme Digital 12000 adota um n\u00facleo de atomiza\u00e7\u00e3o de malha de 1,0 \u03a9, garantindo que cada mordida seja t\u00e3o deliciosa quanto uma primeira baforada. Suc\u00e7\u00e3o suave e sabor consistente em todo o atomizador. Quando a bateria est\u00e1 fraca, voc\u00ea pode carreg\u00e1-la atrav\u00e9s da interface Type-C, e o cabo de carregamento pode ser o mesmo que o cabo de carregamento do telefone. Simples e c\u00f3modo.<\/p>\n<h2 data-v-md-heading=\"specification-introduction\" data-v-md-line=\"11\">Introdu\u00e7\u00e3o \u00e0 especifica\u00e7\u00e3o<\/h2>\n<ul data-v-md-line=\"12\">\n<li>Frequ\u00eancia de suc\u00e7\u00e3o: at\u00e9 12.000 vezes<\/li>\n<li>Teor de nicotina: 0%, 2%, 3%, ou 5%<\/li>\n<li>Princ\u00edpio de funcionamento: Ativa-se com apenas uma tragada.<\/li>\n<li>Charging: Standard Type-C USB interface<\/li>\n<li>Status: Pronto para usar assim que sai da caixa<\/li>\n<\/ul>\n<h2 data-v-md-heading=\"full-range-of-flavors\" data-v-md-line=\"18\">Full range of flavors<\/h2>\n<ul data-v-md-line=\"19\">\n<li>\u00c1gua de Lim\u00e3o com Mirtilo<\/li>\n<li>Melancia de morango<\/li>\n<li>Gelo de Melancia<\/li>\n<li>Sorvete de p\u00eassego<\/li>\n<li>Frutas vermelhas misturadas<\/li>\n<li>Manga, P\u00eassego, Anan\u00e1s<\/li>\n<li>Sorvete de morango<\/li>\n<li>Cola de Cereja<\/li>\n<li>Sorvete de uva<\/li>\n<li>Mirtilos e framboesas<\/li>\n<li>Gelo de Cereja<\/li>\n<li>Gelo de morango e kiwi<\/li>\n<li>Kiwi, maracuj\u00e1, goiaba<\/li>\n<li>Binji de frutos tropicais<\/li>\n<li>Gelo de morango e banana<\/li>\n<li>Gelo de ma\u00e7\u00e3 e bagas<\/li>\n<li>Gelo de morango e fruta do drag\u00e3o<\/li>\n<li>Gelo de p\u00eassego e mirtilo<\/li>\n<li>Gelo de p\u00eassego e manga<\/li>\n<li>Gelo mentolado<\/li>\n<\/ul>\n<h2 data-v-md-heading=\"for-you-and-your-business\" data-v-md-line=\"40\">Para voc\u00ea e sua empresa<\/h2>\n<p data-v-md-line=\"41\">Pode adquirir a embalagem Vapme Digital 12000 para uso pessoal ou para armazenar na sua loja. Caixas de cart\u00e3o por grosso com 200 unidades por caixa, para que possa planear facilmente o invent\u00e1rio e manter as prateleiras totalmente carregadas.<\/p>\n<p data-v-md-line=\"43\">Enviamos atrav\u00e9s de parceiros de confian\u00e7a como a UPS, DPD e DHL em toda a Europa, para que a sua encomenda possa ser entregue rapidamente e para que a alf\u00e2ndega n\u00e3o lhe cause acidentes. Os regulamentos para vapes descart\u00e1veis de grande capacidade variam em diferentes pa\u00edses\/regi\u00f5es, por isso, verifique os regulamentos locais ou contacte-nos para obter orienta\u00e7\u00e3o antes de efetuar uma encomenda.<\/p>\n<h2 data-v-md-heading=\"why-do-you-like-it\" data-v-md-line=\"45\">Por que voc\u00ea gosta disso?<\/h2>\n<ul data-v-md-line=\"46\">\n<li>Suc\u00e7\u00e3o maci\u00e7a: tempo de utiliza\u00e7\u00e3o mais longo, pelo que n\u00e3o \u00e9 necess\u00e1rio comprar novos aparelhos com frequ\u00eancia.<\/li>\n<li>Sele\u00e7\u00e3o da nicotina: Escolha a concentra\u00e7\u00e3o adequada para a sua utiliza\u00e7\u00e3o di\u00e1ria.<\/li>\n<li>Recarreg\u00e1vel: Voc\u00ea utiliza todos os e-l\u00edquidos adquiridos.<\/li>\n<li>Bobina de malha: Proporciona um sabor consistente e uma experi\u00eancia de suc\u00e7\u00e3o suave em todas as ocasi\u00f5es.<\/li>\n<li>Ecr\u00e3 de visualiza\u00e7\u00e3o digital: Proporciona uma vis\u00e3o clara da bateria e do e-l\u00edquido, mantendo-o sempre informado sobre o estado atual.<\/li>\n<\/ul>\n<h2 data-v-md-heading=\"why-choose-agoravape\" data-v-md-line=\"52\">Por que escolher a AgoraVape?<\/h2>\n<p data-v-md-line=\"53\">Vendemos apenas produtos genu\u00ednos 100% e garantimos a qualidade dos produtos que enviamos. Os clientes empresariais podem usufruir de pre\u00e7os por grosso altamente competitivos, de um apoio reativo e de servi\u00e7os de entrega r\u00e1pidos, rastre\u00e1veis e confidenciais. Fornecemos m\u00e9todos de pagamento seguros e, se houver algum problema, a nossa pol\u00edtica de devolu\u00e7\u00e3o conveniente facilita a sua gest\u00e3o.<\/p>\n<p data-v-md-line=\"55\">Est\u00e1 pronto para comprar o Vapme Digital 12000 online na Europa ou armazen\u00e1-lo na sua loja? Contacte-nos e ajud\u00e1-lo-emos a escolher o sabor e a concentra\u00e7\u00e3o de nicotina adequados para os seus clientes.<\/p>","protected":false},"excerpt":{"rendered":"<p>Quais s\u00e3o os destaques dos vapes digitais Vapme Digital 12000? Se est\u00e1 farto dos vapes descart\u00e1veis que se desfazem<\/p>","protected":false},"featured_media":12680,"comment_status":"open","ping_status":"closed","template":"","meta":[],"product_brand":[204],"product_cat":[124,187,185,1634,189,176,174,175,193,191,173,186,180,190,192,131],"product_tag":[],"class_list":{"0":"post-12654","1":"product","2":"type-product","3":"status-publish","4":"has-post-thumbnail","6":"product_brand-vapme","7":"product_cat-vape-by-brand","8":"product_cat-0mg-nicotine-free-vapes","9":"product_cat-10000-puffs-high-capacity","10":"product_cat-12000-puffs","11":"product_cat-20mg-standard-nicotine-vapes","12":"product_cat-beverage","13":"product_cat-fruit-flavors","14":"product_cat-icy-mint","15":"product_cat-mesh-coil","16":"product_cat-rechargeable-disposables","17":"product_cat-vape-by-flavor-profile","18":"product_cat-vape-by-nicotine-strength","19":"product_cat-vape-by-puff-count","20":"product_cat-vape-by-feature-or-type","21":"product_cat-vapes-with-screens","22":"product_cat-vapme","24":"first","25":"onbackorder","26":"shipping-taxable","27":"purchasable","28":"product-type-variable","29":"has-default-attributes"},"tiered_pricing_type":"percentage","tiered_pricing_fixed_rules":[],"tiered_pricing_product_settings":{"layout":"default","base_unit_name":{"singular":null,"plural":null},"default_variation":null},"tiered_pricing_minimum_quantity":10,"tiered_pricing_roles_data":[],"tiered_pricing_percentage_rules":{"50":"35","100":"40","200":"44","500":"47","1000":"49"},"tiered_pricing_maximum_quantity":null,"tiered_pricing_quantity_step":"10","_links":{"self":[{"href":"https:\/\/agoravape.com\/pt\/wp-json\/wp\/v2\/product\/12654","targetHints":{"allow":["GET"]}}],"collection":[{"href":"https:\/\/agoravape.com\/pt\/wp-json\/wp\/v2\/product"}],"about":[{"href":"https:\/\/agoravape.com\/pt\/wp-json\/wp\/v2\/types\/product"}],"replies":[{"embeddable":true,"href":"https:\/\/agoravape.com\/pt\/wp-json\/wp\/v2\/comments?post=12654"}],"version-history":[{"count":0,"href":"https:\/\/agoravape.com\/pt\/wp-json\/wp\/v2\/product\/12654\/revisions"}],"wp:featuredmedia":[{"embeddable":true,"href":"https:\/\/agoravape.com\/pt\/wp-json\/wp\/v2\/media\/12680"}],"wp:attachment":[{"href":"https:\/\/agoravape.com\/pt\/wp-json\/wp\/v2\/media?parent=12654"}],"wp:term":[{"taxonomy":"product_brand","embeddable":true,"href":"https:\/\/agoravape.com\/pt\/wp-json\/wp\/v2\/product_brand?post=12654"},{"taxonomy":"product_cat","embeddable":true,"href":"https:\/\/agoravape.com\/pt\/wp-json\/wp\/v2\/product_cat?post=12654"},{"taxonomy":"product_tag","embeddable":true,"href":"https:\/\/agoravape.com\/pt\/wp-json\/wp\/v2\/product_tag?post=12654"}],"curies":[{"name":"wp","href":"https:\/\/api.w.org\/{rel}","templated":true}]}}