{"id":12712,"date":"2025-10-10T11:23:40","date_gmt":"2025-10-10T03:23:40","guid":{"rendered":"https:\/\/green-grasshopper-921422.hostingersite.com\/?post_type=product&#038;p=12712"},"modified":"2026-03-26T13:22:25","modified_gmt":"2026-03-26T12:22:25","slug":"vapme-monster-16000-puffs-vape","status":"publish","type":"product","link":"https:\/\/agoravape.com\/pt\/product\/vapme-monster-16000-puffs-vape\/","title":{"rendered":"Vapme Monster 16000 Puffs Mesh Coil Disposable Vape | Big Puffs, Clean Flavour, Zero Fuss"},"content":{"rendered":"<h2 data-v-md-heading=\"what-about-the-vapme-monster-16000-mesh-coil-disposable-vape\" data-v-md-line=\"3\"><img loading=\"lazy\" decoding=\"async\" class=\"aligncenter size-full wp-image-12734\" src=\"https:\/\/agoravape.com\/wp-content\/uploads\/2025\/10\/Vapme-Monster-16000-Puffs-Mesh-Coil-Disposable-Vape_Agora_vape-1-scaled.webp\" alt=\"\" width=\"2560\" height=\"1937\" srcset=\"https:\/\/agoravape.com\/wp-content\/uploads\/2025\/10\/Vapme-Monster-16000-Puffs-Mesh-Coil-Disposable-Vape_Agora_vape-1-scaled.webp 2560w, https:\/\/agoravape.com\/wp-content\/uploads\/2025\/10\/Vapme-Monster-16000-Puffs-Mesh-Coil-Disposable-Vape_Agora_vape-1-scaled-1200x908.webp 1200w, https:\/\/agoravape.com\/wp-content\/uploads\/2025\/10\/Vapme-Monster-16000-Puffs-Mesh-Coil-Disposable-Vape_Agora_vape-1-300x227.webp 300w, https:\/\/agoravape.com\/wp-content\/uploads\/2025\/10\/Vapme-Monster-16000-Puffs-Mesh-Coil-Disposable-Vape_Agora_vape-1-1024x775.webp 1024w, https:\/\/agoravape.com\/wp-content\/uploads\/2025\/10\/Vapme-Monster-16000-Puffs-Mesh-Coil-Disposable-Vape_Agora_vape-1-768x581.webp 768w, https:\/\/agoravape.com\/wp-content\/uploads\/2025\/10\/Vapme-Monster-16000-Puffs-Mesh-Coil-Disposable-Vape_Agora_vape-1-1536x1162.webp 1536w, https:\/\/agoravape.com\/wp-content\/uploads\/2025\/10\/Vapme-Monster-16000-Puffs-Mesh-Coil-Disposable-Vape_Agora_vape-1-2048x1550.webp 2048w\" sizes=\"auto, (max-width: 2560px) 100vw, 2560px\" \/><\/h2>\n<h2 data-v-md-heading=\"what-about-the-vapme-monster-16000-mesh-coil-disposable-vape\" data-v-md-line=\"3\">E o vape descart\u00e1vel com bobina de malha Vapme Monster 16000?<\/h2>\n<p data-v-md-line=\"4\">Se est\u00e1 cansado de mudar de vaporizador de poucos em poucos dias, ent\u00e3o este vaporizador f\u00e1-lo-\u00e1 sentir-se definitivamente renovado. O Vapme Monster tem uma bateria de longa dura\u00e7\u00e3o e uma textura suave que n\u00e3o desaparece a meio.<\/p>\n<p data-v-md-line=\"6\">\u00c9 adequado para quem quer um vape descart\u00e1vel fi\u00e1vel e delicioso sem ter de se preocupar em ajustar as defini\u00e7\u00f5es. S\u00f3 precisa de escolher o sabor e o teor de nicotina, e depois pode come\u00e7ar a desfrutar de um dia maravilhoso. Pode pensar-se que ter tantas baforadas de vaporizadores seria volumoso, mas estes podem ser facilmente transportados num bolso.<\/p>\n<h2 data-v-md-heading=\"excellent-performance-easy-and-convenient\" data-v-md-line=\"8\">Excelente desempenho, f\u00e1cil e pr\u00e1tico<\/h2>\n<p data-v-md-line=\"9\">A bobina de malha de 0,8 \u03a9 tem a grande responsabilidade. Pode aquecer uniformemente o e-l\u00edquido, tornando cada mordida t\u00e3o deliciosa quanto a primeira. Quando a bateria estiver fraca, n\u00e3o precisa de a deitar fora. Pode carreg\u00e1-lo atrav\u00e9s da porta Type-C e continuar a utilizar o mesmo cabo de dados que pode ser utilizado no seu telem\u00f3vel. Simples e f\u00e1cil de implementar.<\/p>\n<h2 data-v-md-heading=\"specification-introduction\" data-v-md-line=\"11\">Introdu\u00e7\u00e3o \u00e0 especifica\u00e7\u00e3o<\/h2>\n<ul data-v-md-line=\"12\">\n<li>Frequ\u00eancia de suc\u00e7\u00e3o: at\u00e9 16000 vezes<\/li>\n<li>Teor de nicotina: 0%\/2%\/3%\/5%<\/li>\n<li>Princ\u00edpio de funcionamento: Ativado por inala\u00e7\u00e3o<\/li>\n<li>Charging: Standard Type-C USB interface<\/li>\n<li>Capacidade do e-l\u00edquido: 26 mililitros<\/li>\n<li>N\u00facleo atomizador: malha de 0,8 \u03a9<\/li>\n<li>Bateria: Bateria recarreg\u00e1vel de 850 mAh<\/li>\n<li>Estado: Pronto para usar assim que abrir a caixa.<\/li>\n<\/ul>\n<h2 data-v-md-heading=\"full-range-of-flavors\" data-v-md-line=\"21\">Full range of flavors<\/h2>\n<ul data-v-md-line=\"22\">\n<li>\u00c1gua de lim\u00e3o gelada com mirtilo<\/li>\n<li>Sorvete de p\u00eassego<\/li>\n<li>Gelo de Melancia<\/li>\n<li>Mirtilos e framboesas<\/li>\n<li>Gelo de Cereja<\/li>\n<li>Sorvete de morango<\/li>\n<li>Melancia de morango<\/li>\n<li>Frutas vermelhas misturadas<\/li>\n<li>morango kiwi<\/li>\n<li>Kiwi, maracuj\u00e1, goiaba<\/li>\n<li>Red Bull de mirtilo<\/li>\n<li>P\u00eassego, Manga, Anan\u00e1s<\/li>\n<\/ul>\n<h2 data-v-md-heading=\"for-you-and-your-business\" data-v-md-line=\"35\">Para voc\u00ea e sua empresa<\/h2>\n<p data-v-md-line=\"36\">Compre para si, f\u00e1cil e conveniente. Escolha o seu sabor e concentra\u00e7\u00e3o preferidos para desfrutar de uma experi\u00eancia de vaporiza\u00e7\u00e3o duradoura sem necessidade de complica\u00e7\u00f5es. As pilhas recarreg\u00e1veis permitem-lhe desfrutar plenamente de 26 mililitros de e-l\u00edquido sem o desperdi\u00e7ar.<\/p>\n<p data-v-md-line=\"38\">Tem uma loja f\u00edsica ou uma loja online? Oferecemos caixas de 200 unidades por grosso para um armazenamento eficiente. Trabalhamos com parceiros de confian\u00e7a como a UPS, DPD e DHL para utilizar a entrega DDP, pelo que as tarifas e os impostos podem ser processados antecipadamente. N\u00e3o precisa de se preocupar com acidentes alfandeg\u00e1rios, o transporte dentro da Europa pode ser totalmente monitorizado. Antes de revender, certifique-se de que verifica a regulamenta\u00e7\u00e3o local.<\/p>\n<h2 data-v-md-heading=\"why-do-you-like-it\" data-v-md-line=\"40\">Por que voc\u00ea gosta disso?<\/h2>\n<ul data-v-md-line=\"41\">\n<li>M\u00faltiplos ciclos de suc\u00e7\u00e3o: Dur\u00e1vel e duradouro, sem necessidade de substitui\u00e7\u00e3o frequente.<\/li>\n<li>Sele\u00e7\u00e3o do teor de nicotina: Escolha uma concentra\u00e7\u00e3o de nicotina de 0%, 2%, 3% ou 5% com base nos seus h\u00e1bitos de vape.<\/li>\n<li>Recarreg\u00e1vel: Pode utilizar todos os e-l\u00edquidos comprados de uma s\u00f3 vez sem deitar fora os dispositivos meio utilizados.<\/li>\n<li>Bobina de malha: Da primeira \u00e0 \u00faltima dentada, o sabor mant\u00e9m-se consistente e suave.<\/li>\n<li>A interface Type-C \u00e9 pr\u00e1tica: pode recarregar rapidamente utilizando o seu cabo de dados existente.<\/li>\n<\/ul>\n<h2 data-v-md-heading=\"why-collaborate-with-agoravape\" data-v-md-line=\"47\">Por que colaborar com a AgoraVape?<\/h2>\n<p data-v-md-line=\"48\">Vendemos apenas produtos genu\u00ednos 100% e garantimos um envio seguro. Os clientes B2B que compram vapores descart\u00e1veis com bobina de malha Vapme Monster 16000 podem desfrutar de pre\u00e7os de atacado com desconto, suporte confi\u00e1vel ao cliente e log\u00edstica r\u00e1pida e amig\u00e1vel da UE. Deseja reservar um vaporizador descart\u00e1vel para os seus clientes comprarem como cliente recorrente? Contacte-nos e n\u00f3s trataremos disso.<\/p>\n<p data-v-md-line=\"50\">Nota: O n\u00famero de baforadas por sess\u00e3o pode variar consoante o teu m\u00e9todo de fumar e as condi\u00e7\u00f5es ambientais. Respeita a legisla\u00e7\u00e3o local e as restri\u00e7\u00f5es de idade.<\/p>","protected":false},"excerpt":{"rendered":"<p>What about the Vapme Monster 16000 mesh coil disposable vape? If you are tired of changing your vape every few<\/p>","protected":false},"featured_media":12745,"comment_status":"open","ping_status":"closed","template":"","meta":[],"product_brand":[204],"product_cat":[124,187,185,189,176,174,175,193,191,173,186,180,190,131],"product_tag":[],"class_list":{"0":"post-12712","1":"product","2":"type-product","3":"status-publish","4":"has-post-thumbnail","6":"product_brand-vapme","7":"product_cat-vape-by-brand","8":"product_cat-0mg-nicotine-free-vapes","9":"product_cat-10000-puffs-high-capacity","10":"product_cat-20mg-standard-nicotine-vapes","11":"product_cat-beverage","12":"product_cat-fruit-flavors","13":"product_cat-icy-mint","14":"product_cat-mesh-coil","15":"product_cat-rechargeable-disposables","16":"product_cat-vape-by-flavor-profile","17":"product_cat-vape-by-nicotine-strength","18":"product_cat-vape-by-puff-count","19":"product_cat-vape-by-feature-or-type","20":"product_cat-vapme","22":"first","23":"instock","24":"shipping-taxable","25":"purchasable","26":"product-type-variable","27":"has-default-attributes"},"tiered_pricing_type":"percentage","tiered_pricing_fixed_rules":[],"tiered_pricing_product_settings":{"layout":"default","base_unit_name":{"singular":null,"plural":null},"default_variation":null},"tiered_pricing_minimum_quantity":10,"tiered_pricing_roles_data":[],"tiered_pricing_percentage_rules":{"50":"35","100":"40","200":"44","500":"47","1000":"49"},"tiered_pricing_maximum_quantity":null,"tiered_pricing_quantity_step":"10","_links":{"self":[{"href":"https:\/\/agoravape.com\/pt\/wp-json\/wp\/v2\/product\/12712","targetHints":{"allow":["GET"]}}],"collection":[{"href":"https:\/\/agoravape.com\/pt\/wp-json\/wp\/v2\/product"}],"about":[{"href":"https:\/\/agoravape.com\/pt\/wp-json\/wp\/v2\/types\/product"}],"replies":[{"embeddable":true,"href":"https:\/\/agoravape.com\/pt\/wp-json\/wp\/v2\/comments?post=12712"}],"version-history":[{"count":0,"href":"https:\/\/agoravape.com\/pt\/wp-json\/wp\/v2\/product\/12712\/revisions"}],"wp:featuredmedia":[{"embeddable":true,"href":"https:\/\/agoravape.com\/pt\/wp-json\/wp\/v2\/media\/12745"}],"wp:attachment":[{"href":"https:\/\/agoravape.com\/pt\/wp-json\/wp\/v2\/media?parent=12712"}],"wp:term":[{"taxonomy":"product_brand","embeddable":true,"href":"https:\/\/agoravape.com\/pt\/wp-json\/wp\/v2\/product_brand?post=12712"},{"taxonomy":"product_cat","embeddable":true,"href":"https:\/\/agoravape.com\/pt\/wp-json\/wp\/v2\/product_cat?post=12712"},{"taxonomy":"product_tag","embeddable":true,"href":"https:\/\/agoravape.com\/pt\/wp-json\/wp\/v2\/product_tag?post=12712"}],"curies":[{"name":"wp","href":"https:\/\/api.w.org\/{rel}","templated":true}]}}