{"id":12828,"date":"2025-10-10T15:20:00","date_gmt":"2025-10-10T07:20:00","guid":{"rendered":"https:\/\/green-grasshopper-921422.hostingersite.com\/?post_type=product&#038;p=12828"},"modified":"2025-12-15T21:31:14","modified_gmt":"2025-12-15T13:31:14","slug":"atvs-13000-puffs-vape-recarregavel","status":"publish","type":"product","link":"https:\/\/agoravape.com\/pt\/product\/atvs-13000-puffs-rechargeable-vape\/","title":{"rendered":"Vape de bobina de malha recarreg\u00e1vel ATVS 13000 Puffs | Sabor duradouro com carregamento f\u00e1cil tipo C"},"content":{"rendered":"<h2 data-v-md-heading=\"what-about-the-atvs-13000-rechargeable-mesh-coil-vape\" data-v-md-line=\"3\">E o vape com bobina de malha recarreg\u00e1vel ATVS 13000?<\/h2>\n<p data-v-md-line=\"4\">Se est\u00e1 cansado dos vapes descart\u00e1veis que ficam sem bateria em poucos dias, ent\u00e3o este vape \u00e9 definitivamente a sua melhor escolha. O ATVS 13000 est\u00e1 equipado com uma bateria recarreg\u00e1vel de 600 mAh e uma bobina de malha, o que lhe permite manter um sabor est\u00e1vel desde a primeira at\u00e9 \u00e0 \u00faltima dentada. Para os utilizadores que pretendem um vape fi\u00e1vel e sem substitui\u00e7\u00e3o, \u00e9 a escolha ideal.<\/p>\n<p data-v-md-line=\"6\">Podes pensar que este vape com tantas baforadas \u00e9 volumoso, mas a sua portabilidade surpreende-te. \u00c9 muito confort\u00e1vel de segurar na m\u00e3o e f\u00e1cil de utilizar no dia a dia.<\/p>\n<h2 data-v-md-heading=\"excellent-performance-and-easy-operation\" data-v-md-line=\"8\">Excelente desempenho e opera\u00e7\u00e3o f\u00e1cil.<\/h2>\n<p data-v-md-line=\"9\">A bobina de malha aquece uniformemente, permitindo-lhe desfrutar de um sabor suave como o do primeiro gole em cada dentada. N\u00e3o necessita de uma configura\u00e7\u00e3o aborrecida. Sem bot\u00f5es, plug and play. Quando a bateria est\u00e1 fraca, pode ser carregada atrav\u00e9s do Tipo C, que \u00e9 o mesmo que o cabo de dados utilizado na maioria dos telem\u00f3veis, tornando o carregamento pr\u00e1tico.<\/p>\n<h2 data-v-md-heading=\"specification-overview\" data-v-md-line=\"11\">Vis\u00e3o geral das especifica\u00e7\u00f5es<\/h2>\n<p data-v-md-line=\"12\"><strong>N\u00famero de suc\u00e7\u00f5es<\/strong>: at\u00e9 13000 aspira\u00e7\u00f5es<br \/>\n<strong>Capacidade do e-l\u00edquido<\/strong>: 12 mililitros<br \/>\n<strong>N\u00facleo de atomiza\u00e7\u00e3o<\/strong>: N\u00facleo de atomiza\u00e7\u00e3o de malha, 0,9 \u03a9<br \/>\n<strong>Bateria<\/strong>: 18250 c\u00e9lulas, 600mAh<br \/>\n<strong>Princ\u00edpio de funcionamento<\/strong>: Ativado por inala\u00e7\u00e3o<br \/>\n<strong>Carregando<\/strong>Interface USB Tipo-C padr\u00e3o<br \/>\n<strong>Tamanho<\/strong>: 41 \u00d7 33 \u00d7 140 mil\u00edmetros<br \/>\n<strong>Status<\/strong>Pronto para usar assim que sai da caixa.<br \/>\n<strong>Nicotina<\/strong>: As op\u00e7\u00f5es dependem do seu mercado. Contacte-nos para confirmar a concentra\u00e7\u00e3o atual de nicotina, incluindo as op\u00e7\u00f5es sem nicotina e com sal de nicotina (at\u00e9 20 miligramas, dependendo da situa\u00e7\u00e3o espec\u00edfica).<\/p>\n<h2 data-v-md-heading=\"full-flavor-series\" data-v-md-line=\"22\">S\u00e9rie Sabor Completo<\/h2>\n<ul data-v-md-line=\"23\">\n<li>Sorvete de manga<\/li>\n<li>Pista de gelo azul<\/li>\n<li>Sorvete de morango e melancia<\/li>\n<li>Gelo mentolado<\/li>\n<li>Gelo de Melancia<\/li>\n<li>Gelo de frutos mistos<\/li>\n<li>Sorvete de morango<\/li>\n<li>Sorvete de uva<\/li>\n<li>Gelo de rom\u00e3<\/li>\n<li>Sorvete de p\u00eassego<\/li>\n<li>Coca-Cola Ice<\/li>\n<\/ul>\n<h2 data-v-md-heading=\"for-you-for-your-business\" data-v-md-line=\"35\">Para voc\u00ea, para o seu neg\u00f3cio<\/h2>\n<p data-v-md-line=\"36\">Pode escolher o ATVS 13000 para uso pessoal, mas tamb\u00e9m \u00e9 adequado para lojas de produtos descart\u00e1veis e vendedores online que pretendam durabilidade e elevada reten\u00e7\u00e3o de clientes. Cada caixa de venda por grosso cont\u00e9m 10 unidades, e a caixa grande pode acomodar 200 unidades, pelo que pode facilmente expandir o seu invent\u00e1rio.<\/p>\n<p data-v-md-line=\"38\">Enviamos os nossos produtos para a maioria dos destinos europeus atrav\u00e9s da UPS, DPD e DHL via DDP, pelo que as tarifas podem ser pagas antecipadamente e n\u00e3o haver\u00e1 situa\u00e7\u00f5es inesperadas com a alf\u00e2ndega. A encomenda \u00e9 rastre\u00e1vel e a nossa equipa de apoio est\u00e1 sempre pronta para o ajudar.<\/p>\n<p data-v-md-line=\"40\">Uma breve explica\u00e7\u00e3o da conformidade. Este dispositivo tem uma capacidade de 12 mililitros e uma elevada frequ\u00eancia de suc\u00e7\u00e3o, excedendo o limite de retalho das normas TPD em muitos pa\u00edses\/regi\u00f5es da UE. Por favor, verifique os regulamentos locais antes de efetuar a listagem, e n\u00f3s ajud\u00e1-lo-emos a compreender o \u00e2mbito da licen\u00e7a no seu mercado.<\/p>\n<h2 data-v-md-heading=\"why-do-you-like-it\" data-v-md-line=\"42\">Por que voc\u00ea gosta disso?<\/h2>\n<p data-v-md-line=\"43\"><strong>Mais tempo de suc\u00e7\u00e3o:<\/strong>\u00a0Tempos de aspira\u00e7\u00e3o mais longos, sem necessidade de comprar frequentemente novas ventosas<br \/>\n<strong>Recarreg\u00e1vel:<\/strong>\u00a0Pode utilizar todos os e-l\u00edquidos comprados<br \/>\n<strong>Bobina de malha<\/strong>: Sabor consistente e suc\u00e7\u00e3o suave<br \/>\n<strong>Carregamento tipo C:<\/strong>\u00a0Igual ao cabo de carregamento utilizado na maioria dos telem\u00f3veis<br \/>\n<strong>Ativa\u00e7\u00e3o c\u00f3moda da aspira\u00e7\u00e3o:<\/strong>\u00a0N\u00e3o precisa de bot\u00f5es, basta inalar<\/p>\n<h2 data-v-md-heading=\"why-collaborate-with-agoravape\" data-v-md-line=\"49\">Por que colaborar com a AgoraVape?<\/h2>\n<p data-v-md-line=\"50\">Oferecemos apenas produtos genu\u00ednos 100% e garantimos isso com termos claros, m\u00e9todos de pagamento seguros e suporte de resposta r\u00e1pida. Os clientes empresariais que compram ATVS 13000 puffs de vapes de bobina de malha recarreg\u00e1vel podem desfrutar de pre\u00e7os de atacado com desconto, transporte r\u00e1pido e servi\u00e7os de entrega DDP confi\u00e1veis. Voc\u00ea quer pre\u00e7o de varejo ou pre\u00e7o de atacado? Entre em contato conosco, organizaremos rapidamente informa\u00e7\u00f5es detalhadas.<\/p>\n<p data-v-md-line=\"52\">Compreenda rapidamente o n\u00famero de ciclos de suc\u00e7\u00e3o. 13000 vezes \u00e9 o valor m\u00e1ximo testado em laborat\u00f3rio, e o valor real varia consoante a for\u00e7a de suc\u00e7\u00e3o ou o sabor que escolher. Trata-se apenas de uma refer\u00eancia fi\u00e1vel para a durabilidade do e-l\u00edquido, n\u00e3o uma garantia para todos os utilizadores.<\/p>","protected":false},"excerpt":{"rendered":"<p>&nbsp;<\/p>\n<p><script src=\"chrome-extension:\/\/fpelahbljekknahkcaegamhcndkfpfnc\/iFrame.js\" type=\"text\/javascript\"><\/script><\/p>","protected":false},"featured_media":12827,"comment_status":"open","ping_status":"closed","template":"","meta":[],"product_brand":[205],"product_cat":[124,185,132,176,174,175,193,191,173,186,180,190],"product_tag":[],"class_list":{"0":"post-12828","1":"product","2":"type-product","3":"status-publish","4":"has-post-thumbnail","6":"product_brand-atvs","7":"product_cat-vape-by-brand","8":"product_cat-10000-puffs-high-capacity","9":"product_cat-atvs","10":"product_cat-beverage","11":"product_cat-fruit-flavors","12":"product_cat-icy-mint","13":"product_cat-mesh-coil","14":"product_cat-rechargeable-disposables","15":"product_cat-vape-by-flavor-profile","16":"product_cat-vape-by-nicotine-strength","17":"product_cat-vape-by-puff-count","18":"product_cat-vape-by-feature-or-type","20":"first","21":"instock","22":"shipping-taxable","23":"purchasable","24":"product-type-variable","25":"has-default-attributes"},"tiered_pricing_type":"percentage","tiered_pricing_fixed_rules":[],"tiered_pricing_product_settings":{"layout":"default","base_unit_name":{"singular":null,"plural":null},"default_variation":null},"tiered_pricing_minimum_quantity":10,"tiered_pricing_roles_data":[],"tiered_pricing_percentage_rules":{"30":"29","50":"35","100":"40","200":"44","500":"47","1000":"49"},"tiered_pricing_maximum_quantity":null,"tiered_pricing_quantity_step":"10","_links":{"self":[{"href":"https:\/\/agoravape.com\/pt\/wp-json\/wp\/v2\/product\/12828","targetHints":{"allow":["GET"]}}],"collection":[{"href":"https:\/\/agoravape.com\/pt\/wp-json\/wp\/v2\/product"}],"about":[{"href":"https:\/\/agoravape.com\/pt\/wp-json\/wp\/v2\/types\/product"}],"replies":[{"embeddable":true,"href":"https:\/\/agoravape.com\/pt\/wp-json\/wp\/v2\/comments?post=12828"}],"version-history":[{"count":0,"href":"https:\/\/agoravape.com\/pt\/wp-json\/wp\/v2\/product\/12828\/revisions"}],"wp:featuredmedia":[{"embeddable":true,"href":"https:\/\/agoravape.com\/pt\/wp-json\/wp\/v2\/media\/12827"}],"wp:attachment":[{"href":"https:\/\/agoravape.com\/pt\/wp-json\/wp\/v2\/media?parent=12828"}],"wp:term":[{"taxonomy":"product_brand","embeddable":true,"href":"https:\/\/agoravape.com\/pt\/wp-json\/wp\/v2\/product_brand?post=12828"},{"taxonomy":"product_cat","embeddable":true,"href":"https:\/\/agoravape.com\/pt\/wp-json\/wp\/v2\/product_cat?post=12828"},{"taxonomy":"product_tag","embeddable":true,"href":"https:\/\/agoravape.com\/pt\/wp-json\/wp\/v2\/product_tag?post=12828"}],"curies":[{"name":"wp","href":"https:\/\/api.w.org\/{rel}","templated":true}]}}