{"id":12858,"date":"2025-10-10T15:33:58","date_gmt":"2025-10-10T07:33:58","guid":{"rendered":"https:\/\/green-grasshopper-921422.hostingersite.com\/?post_type=product&#038;p=12858"},"modified":"2026-01-13T00:44:51","modified_gmt":"2026-01-12T16:44:51","slug":"atvs-15000-puffs-vape-descartavel","status":"publish","type":"product","link":"https:\/\/agoravape.com\/pt\/product\/atvs-15000-puffs-disposable-vape\/","title":{"rendered":"Vaporizador descart\u00e1vel ATVS 15000 Puffs Mesh Coil | Grande n\u00famero de puffs, sabor suave"},"content":{"rendered":"<h2 data-v-md-heading=\"what-are-the-special-features-of-atvs-15000-mesh-coil-disposable-vapes\" data-v-md-line=\"3\"><img loading=\"lazy\" decoding=\"async\" class=\"aligncenter size-full wp-image-12855\" src=\"https:\/\/agoravape.com\/wp-content\/uploads\/2025\/10\/ATVS-15000-Puffs-Mesh-Coil-Disposable-Vape_Agora_vape-1.webp\" alt=\"\" width=\"1000\" height=\"477\" srcset=\"https:\/\/agoravape.com\/wp-content\/uploads\/2025\/10\/ATVS-15000-Puffs-Mesh-Coil-Disposable-Vape_Agora_vape-1.webp 1000w, https:\/\/agoravape.com\/wp-content\/uploads\/2025\/10\/ATVS-15000-Puffs-Mesh-Coil-Disposable-Vape_Agora_vape-1-300x143.webp 300w, https:\/\/agoravape.com\/wp-content\/uploads\/2025\/10\/ATVS-15000-Puffs-Mesh-Coil-Disposable-Vape_Agora_vape-1-768x366.webp 768w\" sizes=\"auto, (max-width: 1000px) 100vw, 1000px\" \/><\/h2>\n<h2 data-v-md-heading=\"what-are-the-special-features-of-atvs-15000-mesh-coil-disposable-vapes\" data-v-md-line=\"3\">Quais s\u00e3o as carater\u00edsticas especiais dos vapes descart\u00e1veis com bobina de malha ATVS 15000?<\/h2>\n<p data-v-md-line=\"4\">Se est\u00e1 cansado de usar vaporizadores descart\u00e1veis quando experimenta sabores pela primeira vez, ent\u00e3o este produto vai mudar tudo. O ATVS est\u00e1 equipado com bobinas de malha suave que podem acomodar at\u00e9 15000 bocados, permitindo-lhe manter um sabor limpo e est\u00e1vel desde a primeira at\u00e9 \u00e0 \u00faltima dentada.<\/p>\n<p data-v-md-line=\"6\">\u00c9 adequado para quem quer durabilidade e n\u00e3o precisa de se preocupar com o funcionamento. N\u00e3o necessita de menu, nem de bot\u00f5es. \u00c9 um vape robusto e duradouro, com um sabor excelente e f\u00e1cil de transportar. Pode pensar-se que um vape com um tamanho de boca t\u00e3o grande \u00e9 volumoso, mas este vape compacto cabe facilmente num bolso.<\/p>\n<h2 data-v-md-heading=\"excellent-performance-worry-free\" data-v-md-line=\"8\">Excelente desempenho, sem preocupa\u00e7\u00f5es.<\/h2>\n<p data-v-md-line=\"9\">A bobina de malha \u00e9 o ponto alto deste produto. Aquece uniformemente, mantendo o sabor distinto e consistente. Desfrute de um gole satisfat\u00f3rio sem perder o f\u00f4lego a meio. Design com bateria incorporada, dur\u00e1vel e f\u00e1cil de carregar, mesmo que a bateria esteja fraca. Um dispositivo, um cabo de liga\u00e7\u00e3o, f\u00e1cil de manusear.<\/p>\n<h2 data-v-md-heading=\"specification-introduction\" data-v-md-line=\"11\">Introdu\u00e7\u00e3o \u00e0 especifica\u00e7\u00e3o<\/h2>\n<ul data-v-md-line=\"12\">\n<li>Frequ\u00eancia de suc\u00e7\u00e3o: at\u00e9 15.000 vezes<\/li>\n<li>Teor de nicotina: n\u00e3o especificado pelo fabricante. Contacte-nos para saber quais as concentra\u00e7\u00f5es de nicotina atualmente dispon\u00edveis no seu mercado.<\/li>\n<li>Princ\u00edpio de funcionamento: design descart\u00e1vel de f\u00e1cil utiliza\u00e7\u00e3o, sem bot\u00f5es<\/li>\n<li>Carregamento: Pode ser carregado atrav\u00e9s da porta USB incorporada. O tipo de interface pode variar consoante o lote<\/li>\n<li>Capacidade de e-l\u00edquido: 15 mililitros<\/li>\n<li>Bobina: Malha, 0,9 \u03a9<\/li>\n<li>Bateria: 650 mAh (modelo de bateria 13450)<\/li>\n<li>Material: Concha de PC<\/li>\n<li>Tamanho: 48 \u00d7 24,5 \u00d7 90 mil\u00edmetros<\/li>\n<li>Peso l\u00edquido: 95,5 gramas<\/li>\n<li>Estado: Pronto para usar assim que abrir a caixa.<\/li>\n<\/ul>\n<h2 data-v-md-heading=\"full-range-of-flavors\" data-v-md-line=\"24\">Full range of flavors<\/h2>\n<ul data-v-md-line=\"25\">\n<li>Sorvete de manga<\/li>\n<li>Pista de gelo azul<\/li>\n<li>Sorvete de morango e melancia<\/li>\n<li>Gelo mentolado<\/li>\n<li>Gelo de Melancia<\/li>\n<li>Gelo de frutos mistos<\/li>\n<li>Sorvete de morango<\/li>\n<li>Sorvete de uva<\/li>\n<li>Gelo de rom\u00e3<\/li>\n<li>Sorvete de p\u00eassego<\/li>\n<li>Coca-Cola Ice<\/li>\n<\/ul>\n<h2 data-v-md-heading=\"for-you-and-for-your-business-as-well\" data-v-md-line=\"37\">Para voc\u00ea e para o seu neg\u00f3cio tamb\u00e9m.<\/h2>\n<p data-v-md-line=\"38\">Comprar para si pr\u00f3prio \u00e9 muito simples. Escolha o seu sabor preferido e comece a sabore\u00e1-lo. Se tem uma loja f\u00edsica ou online, pode comprar caixas de 10 por caixa para manter o invent\u00e1rio limpo e previs\u00edvel.<\/p>\n<p data-v-md-line=\"40\">Fornecemos servi\u00e7os DDP fi\u00e1veis e com pagamento de impostos atrav\u00e9s de parceiros como a UPS, DPD e DHL para transportar produtos para v\u00e1rias partes da Europa. Isto significa que pode seguir as mercadorias e evitar acidentes aduaneiros. A embalagem \u00e9 apertada e a nossa equipa ajudar\u00e1 a tratar dos procedimentos relevantes, conforme necess\u00e1rio.<\/p>\n<h2 data-v-md-heading=\"why-do-you-like-it\" data-v-md-line=\"42\">Por que voc\u00ea gosta disso?<\/h2>\n<ul data-v-md-line=\"43\">\n<li>Grande capacidade de suc\u00e7\u00e3o: at\u00e9 15000 portas, o que significa menos substitui\u00e7\u00f5es e maior rentabilidade<\/li>\n<li>N\u00facleo de atomiza\u00e7\u00e3o em malha: sabor cont\u00ednuo e rico, sem insufici\u00eancia de e-l\u00edquido<\/li>\n<li>Recarreg\u00e1vel: Uma vez totalmente carregada, cada gota de e-l\u00edquido pode ser utilizada<\/li>\n<li>Port\u00e1til: compacto e robusto, com grande capacidade<\/li>\n<li>F\u00e1cil de utilizar: Sem bot\u00f5es, sem necessidade de defini\u00e7\u00f5es, f\u00e1cil de utilizar<\/li>\n<\/ul>\n<h2 data-v-md-heading=\"why-choose-to-collaborate-with-agoravape\" data-v-md-line=\"49\">Por que escolher colaborar com a AgoraVape?<\/h2>\n<p data-v-md-line=\"50\">N\u00f3s apenas compramos o invent\u00e1rio ATVS genu\u00edno 100% para proteger sua reputa\u00e7\u00e3o e clientes. Como um dos distribuidores de vape de confian\u00e7a na Europa, oferecemos pre\u00e7os de atacado com desconto, suporte responsivo e servi\u00e7os de envio DDP r\u00e1pidos e confi\u00e1veis. Cumprimos os regulamentos locais e as normas de verifica\u00e7\u00e3o de idade (se necess\u00e1rio). Est\u00e1 pronto para comprar o vape descart\u00e1vel com bobina de malha ATVS 15000? Entre em contacto connosco e trataremos do pre\u00e7o, da sele\u00e7\u00e3o de sabores e da pr\u00f3xima data de envio para si.<\/p>","protected":false},"excerpt":{"rendered":"<p>&nbsp;<\/p>\n<p><script src=\"chrome-extension:\/\/fpelahbljekknahkcaegamhcndkfpfnc\/iFrame.js\" type=\"text\/javascript\"><\/script><\/p>","protected":false},"featured_media":12856,"comment_status":"open","ping_status":"closed","template":"","meta":[],"product_brand":[205],"product_cat":[124,185,1635,132,176,177,174,175,193,191,173,186,180,190],"product_tag":[],"class_list":{"0":"post-12858","1":"product","2":"type-product","3":"status-publish","4":"has-post-thumbnail","6":"product_brand-atvs","7":"product_cat-vape-by-brand","8":"product_cat-10000-puffs-high-capacity","9":"product_cat-15000-puffs","10":"product_cat-atvs","11":"product_cat-beverage","12":"product_cat-dessert-sweets","13":"product_cat-fruit-flavors","14":"product_cat-icy-mint","15":"product_cat-mesh-coil","16":"product_cat-rechargeable-disposables","17":"product_cat-vape-by-flavor-profile","18":"product_cat-vape-by-nicotine-strength","19":"product_cat-vape-by-puff-count","20":"product_cat-vape-by-feature-or-type","22":"first","23":"instock","24":"shipping-taxable","25":"purchasable","26":"product-type-variable","27":"has-default-attributes"},"tiered_pricing_type":"percentage","tiered_pricing_fixed_rules":[],"tiered_pricing_product_settings":{"layout":"default","base_unit_name":{"singular":null,"plural":null},"default_variation":null},"tiered_pricing_minimum_quantity":10,"tiered_pricing_roles_data":[],"tiered_pricing_percentage_rules":{"30":"29","50":"35","100":"40","200":"44","500":"47","1000":"49"},"tiered_pricing_maximum_quantity":null,"tiered_pricing_quantity_step":"10","_links":{"self":[{"href":"https:\/\/agoravape.com\/pt\/wp-json\/wp\/v2\/product\/12858","targetHints":{"allow":["GET"]}}],"collection":[{"href":"https:\/\/agoravape.com\/pt\/wp-json\/wp\/v2\/product"}],"about":[{"href":"https:\/\/agoravape.com\/pt\/wp-json\/wp\/v2\/types\/product"}],"replies":[{"embeddable":true,"href":"https:\/\/agoravape.com\/pt\/wp-json\/wp\/v2\/comments?post=12858"}],"version-history":[{"count":0,"href":"https:\/\/agoravape.com\/pt\/wp-json\/wp\/v2\/product\/12858\/revisions"}],"wp:featuredmedia":[{"embeddable":true,"href":"https:\/\/agoravape.com\/pt\/wp-json\/wp\/v2\/media\/12856"}],"wp:attachment":[{"href":"https:\/\/agoravape.com\/pt\/wp-json\/wp\/v2\/media?parent=12858"}],"wp:term":[{"taxonomy":"product_brand","embeddable":true,"href":"https:\/\/agoravape.com\/pt\/wp-json\/wp\/v2\/product_brand?post=12858"},{"taxonomy":"product_cat","embeddable":true,"href":"https:\/\/agoravape.com\/pt\/wp-json\/wp\/v2\/product_cat?post=12858"},{"taxonomy":"product_tag","embeddable":true,"href":"https:\/\/agoravape.com\/pt\/wp-json\/wp\/v2\/product_tag?post=12858"}],"curies":[{"name":"wp","href":"https:\/\/api.w.org\/{rel}","templated":true}]}}