{"id":12906,"date":"2025-10-10T15:53:16","date_gmt":"2025-10-10T07:53:16","guid":{"rendered":"https:\/\/green-grasshopper-921422.hostingersite.com\/?post_type=product&#038;p=12906"},"modified":"2025-12-15T21:31:14","modified_gmt":"2025-12-15T13:31:14","slug":"atvs-25000-puffs-vape-de-alta-potencia","status":"publish","type":"product","link":"https:\/\/agoravape.com\/pt\/product\/atvs-25000-puffs-high-power-vape\/","title":{"rendered":"ATVS 25000 Puffs Dual Mesh High Power Vape | Grande Capacidade, Sabor Consistente"},"content":{"rendered":"<h2 data-v-md-heading=\"what-about-atvs-25000-dual-network-high-power-vapes\" data-v-md-line=\"3\">E os vaporizadores de alta pot\u00eancia de rede dupla ATVS 25000?<\/h2>\n<p data-v-md-line=\"4\">Se est\u00e1 cansado dos vapes descart\u00e1veis que se avariam em poucos dias, talvez queira dar uma vista de olhos a este produto. O ATVS 25000 foi concebido para um carregamento a longo prazo e um sabor consistente. \u00c9 adequado para qualquer pessoa que queira um vaporizador fi\u00e1vel, de alta capacidade e sem complica\u00e7\u00f5es.<\/p>\n<p data-v-md-line=\"6\">Pode pensar-se que os vapes com uma capacidade t\u00e3o grande s\u00e3o volumosos, mas a sua portabilidade surpreende-nos bastante. Tem uma superf\u00edcie lisa e um design confort\u00e1vel, o que o torna muito c\u00f3modo de segurar e f\u00e1cil de transportar.<\/p>\n<h2 data-v-md-heading=\"excellent-performance-worry-free\" data-v-md-line=\"8\">Excelente desempenho, sem preocupa\u00e7\u00f5es.<\/h2>\n<p data-v-md-line=\"9\">As bobinas de malha dupla incorporadas podem manter a limpeza a cada suc\u00e7\u00e3o, mesmo assim, o sabor de cada mordida \u00e9 t\u00e3o bom quanto o da primeira mordida. A bateria \u00e9 recarreg\u00e1vel, para n\u00e3o desperdi\u00e7ar uma gota de e-l\u00edquido. Quando a bateria estiver fraca, pode utilizar o cabo de dados Tipo C que pode ter sido utilizado no seu telem\u00f3vel para a reabastecer. N\u00e3o precisa de carregadores especiais, \u00e9 f\u00e1cil e c\u00f3modo.<\/p>\n<h2 data-v-md-heading=\"specification-introduction\" data-v-md-line=\"11\">Introdu\u00e7\u00e3o \u00e0 especifica\u00e7\u00e3o<\/h2>\n<ul data-v-md-line=\"12\">\n<li>Frequ\u00eancia de suc\u00e7\u00e3o: at\u00e9 23000 vezes<\/li>\n<li>Capacidade do e-l\u00edquido: 20 mililitros<\/li>\n<li>Battery: 1000mAh rechargeable battery<\/li>\n<li>Bobina: Estrutura de malha dupla, resist\u00eancia 0,4\/0,8 ohms<\/li>\n<li>Tamanho: 52 \u00d7 26 \u00d7 99 mil\u00edmetros<\/li>\n<li>Princ\u00edpio de funcionamento: ativa\u00e7\u00e3o por suc\u00e7\u00e3o, basta inalar<\/li>\n<li>Carregamento: Porta USB tipo C<\/li>\n<li>Teor de nicotina: A oferta varia consoante a regi\u00e3o. Na Uni\u00e3o Europeia, de acordo com os regulamentos TPD\/TRRP, esses vapes descart\u00e1veis de alta capacidade normalmente n\u00e3o cont\u00eam nicotina (0 miligramas). Contacte-nos para saber mais sobre as op\u00e7\u00f5es actuais e as diretrizes de conformidade<\/li>\n<li>Status: Pronto para usar assim que sai da caixa<\/li>\n<\/ul>\n<h2 data-v-md-heading=\"full-flavor-series\" data-v-md-line=\"22\">S\u00e9rie Sabor Completo<\/h2>\n<ul data-v-md-line=\"23\">\n<li>Sorvete de manga<\/li>\n<li>Pista de gelo azul<\/li>\n<li>Gelo de anan\u00e1s<\/li>\n<li>Gelo mentolado<\/li>\n<li>Gelo de Melancia<\/li>\n<li>Gelo de frutos mistos<\/li>\n<li>Sorvete de morango<\/li>\n<li>Sorvete de uva<\/li>\n<li>Gelo de rom\u00e3<\/li>\n<li>Sorvete de p\u00eassego<\/li>\n<li>Coca-Cola Ice<\/li>\n<li>Gelo de Ma\u00e7\u00e3 Duplo<\/li>\n<li>Litchi Ice<\/li>\n<li>Gelo de banana e laranja<\/li>\n<li>Gelo laranja<\/li>\n<\/ul>\n<h2 data-v-md-heading=\"for-you-for-your-business\" data-v-md-line=\"39\">Para voc\u00ea, para o seu neg\u00f3cio<\/h2>\n<p data-v-md-line=\"40\">Pode comprar separadamente os vaporizadores de alta pot\u00eancia de rede dupla ATVS 25000 ou fazer um stock para a sua loja. A embalagem por grosso \u00e9 de 10 unidades por caixa e 200 unidades por caixa exterior, com um peso bruto de aproximadamente 22 quilogramas por caixa. Enviamos para a Europa via DDP com parceiros de confian\u00e7a como a UPS, DPD e DHL, pelo que os direitos aduaneiros foram processados e n\u00e3o haver\u00e1 incidentes inesperados na alf\u00e2ndega.<\/p>\n<p data-v-md-line=\"42\">Se necessitar de um fornecimento cont\u00ednuo, ajud\u00e1-lo-emos a planear a capacidade e o sabor adequados \u00e0 sua base de clientes. Pre\u00e7os claros e envio r\u00e1pido mant\u00eam as suas prateleiras a vender bem.<\/p>\n<h2 data-v-md-heading=\"why-do-you-like-it\" data-v-md-line=\"44\">Por que voc\u00ea gosta disso?<\/h2>\n<ul data-v-md-line=\"45\">\n<li>Grande capacidade: Dur\u00e1vel e de longa dura\u00e7\u00e3o, n\u00e3o necessita de compras frequentes<\/li>\n<li>Sele\u00e7\u00e3o da nicotina: As op\u00e7\u00f5es dependem das tend\u00eancias do mercado e pode escolher a nicotina mais adequada \u00e0 sua regi\u00e3o e \u00e0s suas prefer\u00eancias<\/li>\n<li>Recarreg\u00e1vel: Voc\u00ea pode usar todos os e-l\u00edquidos adquiridos.<\/li>\n<li>N\u00facleo de atomiza\u00e7\u00e3o em malha: pode proporcionar um sabor consistente e rico em todas as ocasi\u00f5es<\/li>\n<\/ul>\n<h2 data-v-md-heading=\"why-collaborate-with-agoravape\" data-v-md-line=\"50\">Por que colaborar com a AgoraVape?<\/h2>\n<p data-v-md-line=\"51\">Vendemos apenas produtos genu\u00ednos 100% de canais fi\u00e1veis. Para clientes comerciais, isso significa que os vapores de alta pot\u00eancia de malha dupla ATVS 25000 oferecer\u00e3o pre\u00e7os de atacado com desconto, suporte confi\u00e1vel e transporte r\u00e1pido e confi\u00e1vel dentro da Europa. Se quiser comprar um vape descart\u00e1vel de grande capacidade, os seus clientes voltar\u00e3o de certeza. Por favor, contacte-nos.<\/p>\n<p data-v-md-line=\"53\">Explica\u00e7\u00e3o sobre a conformidade com a UE: A DPT\/TRRP da UE limita os e-l\u00edquidos descart\u00e1veis que cont\u00eam nicotina a 2 mililitros, pelo que a vers\u00e3o com nicotina dos e-l\u00edquidos de elevada capacidade n\u00e3o est\u00e1 em conformidade com os regulamentos na maioria dos mercados da UE. Muitos retalhistas oferecem vers\u00f5es sem nicotina. Se n\u00e3o tiver a certeza, consulte a nossa equipa e recomendaremos op\u00e7\u00f5es adequadas ao seu pa\u00eds\/regi\u00e3o.<\/p>","protected":false},"excerpt":{"rendered":"<p>&nbsp;<\/p>\n<p><script src=\"chrome-extension:\/\/fpelahbljekknahkcaegamhcndkfpfnc\/iFrame.js\" type=\"text\/javascript\"><\/script><\/p>","protected":false},"featured_media":12926,"comment_status":"open","ping_status":"closed","template":"","meta":[],"product_brand":[205],"product_cat":[124,185,132,176,174,175,193,191,173,186,180,190],"product_tag":[],"class_list":{"0":"post-12906","1":"product","2":"type-product","3":"status-publish","4":"has-post-thumbnail","6":"product_brand-atvs","7":"product_cat-vape-by-brand","8":"product_cat-10000-puffs-high-capacity","9":"product_cat-atvs","10":"product_cat-beverage","11":"product_cat-fruit-flavors","12":"product_cat-icy-mint","13":"product_cat-mesh-coil","14":"product_cat-rechargeable-disposables","15":"product_cat-vape-by-flavor-profile","16":"product_cat-vape-by-nicotine-strength","17":"product_cat-vape-by-puff-count","18":"product_cat-vape-by-feature-or-type","20":"first","21":"instock","22":"shipping-taxable","23":"purchasable","24":"product-type-variable","25":"has-default-attributes"},"tiered_pricing_type":"percentage","tiered_pricing_fixed_rules":[],"tiered_pricing_product_settings":{"layout":"default","base_unit_name":{"singular":null,"plural":null},"default_variation":null},"tiered_pricing_minimum_quantity":10,"tiered_pricing_roles_data":[],"tiered_pricing_percentage_rules":{"30":"29","50":"35","100":"40","200":"44","500":"47","1000":"49"},"tiered_pricing_maximum_quantity":null,"tiered_pricing_quantity_step":"10","_links":{"self":[{"href":"https:\/\/agoravape.com\/pt\/wp-json\/wp\/v2\/product\/12906","targetHints":{"allow":["GET"]}}],"collection":[{"href":"https:\/\/agoravape.com\/pt\/wp-json\/wp\/v2\/product"}],"about":[{"href":"https:\/\/agoravape.com\/pt\/wp-json\/wp\/v2\/types\/product"}],"replies":[{"embeddable":true,"href":"https:\/\/agoravape.com\/pt\/wp-json\/wp\/v2\/comments?post=12906"}],"version-history":[{"count":0,"href":"https:\/\/agoravape.com\/pt\/wp-json\/wp\/v2\/product\/12906\/revisions"}],"wp:featuredmedia":[{"embeddable":true,"href":"https:\/\/agoravape.com\/pt\/wp-json\/wp\/v2\/media\/12926"}],"wp:attachment":[{"href":"https:\/\/agoravape.com\/pt\/wp-json\/wp\/v2\/media?parent=12906"}],"wp:term":[{"taxonomy":"product_brand","embeddable":true,"href":"https:\/\/agoravape.com\/pt\/wp-json\/wp\/v2\/product_brand?post=12906"},{"taxonomy":"product_cat","embeddable":true,"href":"https:\/\/agoravape.com\/pt\/wp-json\/wp\/v2\/product_cat?post=12906"},{"taxonomy":"product_tag","embeddable":true,"href":"https:\/\/agoravape.com\/pt\/wp-json\/wp\/v2\/product_tag?post=12906"}],"curies":[{"name":"wp","href":"https:\/\/api.w.org\/{rel}","templated":true}]}}