{"id":12989,"date":"2025-10-10T16:38:06","date_gmt":"2025-10-10T08:38:06","guid":{"rendered":"https:\/\/green-grasshopper-921422.hostingersite.com\/?post_type=product&#038;p=12989"},"modified":"2026-03-14T16:22:43","modified_gmt":"2026-03-14T15:22:43","slug":"waspe-3-em-1-60000-puffs-led-vape","status":"publish","type":"product","link":"https:\/\/agoravape.com\/pt\/product\/waspe-3-in-1-60000-puffs-led-vape\/","title":{"rendered":"Waspe 3 em 1, 60.000 puffs, triplo sabor, vape com LED | Tr\u00eas sabores em um, feito para durar"},"content":{"rendered":"<h2 data-v-md-heading=\"what-is-the-charm-of-waspe-three-in-one-60000-mouth-triple-flavored-led-vape\" data-v-md-line=\"3\"><img loading=\"lazy\" decoding=\"async\" class=\"aligncenter size-full wp-image-13004\" src=\"https:\/\/agoravape.com\/wp-content\/uploads\/2025\/10\/Waspe-3-in-1-60000-Puffs-Triple-Flavor-LED-Vape_Agora_vape-2.webp\" alt=\"\" width=\"2000\" height=\"1125\" srcset=\"https:\/\/agoravape.com\/wp-content\/uploads\/2025\/10\/Waspe-3-in-1-60000-Puffs-Triple-Flavor-LED-Vape_Agora_vape-2.webp 2000w, https:\/\/agoravape.com\/wp-content\/uploads\/2025\/10\/Waspe-3-in-1-60000-Puffs-Triple-Flavor-LED-Vape_Agora_vape-2-1200x675.webp 1200w, https:\/\/agoravape.com\/wp-content\/uploads\/2025\/10\/Waspe-3-in-1-60000-Puffs-Triple-Flavor-LED-Vape_Agora_vape-2-300x169.webp 300w, https:\/\/agoravape.com\/wp-content\/uploads\/2025\/10\/Waspe-3-in-1-60000-Puffs-Triple-Flavor-LED-Vape_Agora_vape-2-1024x576.webp 1024w, https:\/\/agoravape.com\/wp-content\/uploads\/2025\/10\/Waspe-3-in-1-60000-Puffs-Triple-Flavor-LED-Vape_Agora_vape-2-768x432.webp 768w, https:\/\/agoravape.com\/wp-content\/uploads\/2025\/10\/Waspe-3-in-1-60000-Puffs-Triple-Flavor-LED-Vape_Agora_vape-2-1536x864.webp 1536w\" sizes=\"auto, (max-width: 2000px) 100vw, 2000px\" \/><\/h2>\n<h2 data-v-md-heading=\"what-is-the-charm-of-waspe-three-in-one-60000-mouth-triple-flavored-led-vape\" data-v-md-line=\"3\">Qual \u00e9 o encanto do vape LED tr\u00eas em um com 60.000 sabores na boca?<\/h2>\n<p data-v-md-line=\"4\">Se voc\u00ea est\u00e1 cansado de carregar dois ou tr\u00eas vapes para atender \u00e0s suas necessidades di\u00e1rias, este produto pode te ajudar a resolver isso com facilidade. O vape Waspe 3 em 1 combina tr\u00eas sabores e tem capacidade para at\u00e9 60.000 puffs, permitindo que voc\u00ea alterne entre eles facilmente sem precisar trocar de dispositivo.<\/p>\n<p data-v-md-line=\"6\">Se voc\u00ea busca durabilidade, sabor intenso e carregamento pr\u00e1tico, este produto \u00e9 a escolha ideal. Voc\u00ea pode pensar que um vaporizador com tanta capacidade seria volumoso como um tijolo, mas ele \u00e9 surpreendentemente pequeno e port\u00e1til, com dimens\u00f5es de apenas 47 \u00d7 47 \u00d7 116 mil\u00edmetros e peso aproximado de 130 gramas. Carregamento di\u00e1rio? Sem problemas.<\/p>\n<h2 data-v-md-heading=\"excellent-performance-easy-and-convenient\" data-v-md-line=\"8\">Excelente desempenho, f\u00e1cil e pr\u00e1tico<\/h2>\n<p data-v-md-line=\"9\">O fio de aquecimento triplo de 0,9 \u03a9 integrado garante um sabor consistente. O fio de aquecimento em malha aquece de forma r\u00e1pida e uniforme, tornando cada mordida t\u00e3o deliciosa quanto o primeiro gole. Quando a bateria estiver fraca, basta carreg\u00e1-la atrav\u00e9s da interface Tipo-C. O visor LED permite que voc\u00ea veja facilmente o status atual num relance, sem precisar adivinhar.<\/p>\n<h2 data-v-md-heading=\"specification-introduction\" data-v-md-line=\"11\">Introdu\u00e7\u00e3o \u00e0 especifica\u00e7\u00e3o<\/h2>\n<ul data-v-md-line=\"12\">\n<li>Frequ\u00eancia de suc\u00e7\u00e3o: at\u00e9 60.000 vezes<\/li>\n<li>Teor de nicotina: 0%, 2%, 5% (o fornecimento espec\u00edfico pode variar conforme o mercado)<\/li>\n<li>Princ\u00edpio de funcionamento: Ativa-se com apenas uma tragada.<\/li>\n<li>Charging: Standard Type-C USB interface<\/li>\n<li>Estado: Pronto para usar assim que abrir a caixa.<\/li>\n<\/ul>\n<h2 data-v-md-heading=\"full-range-of-flavors\" data-v-md-line=\"18\">Full range of flavors<\/h2>\n<ul data-v-md-line=\"19\">\n<li>Gelo de Melancia, Morango com Kiwi, Lim\u00e3o com Lima<\/li>\n<li>Melancia com morango \u2022 Bala de morango com framboesa \u2022 Sorvete de uva<\/li>\n<li>Gelo de mirtilo, gelo de drag\u00e3o negro, gelo de refrigerante de cereja<\/li>\n<li>Morango, Framboesa e Cereja \u2022 Love 666 \u2022 Cereja com A\u00e7\u00facar e Gelo<\/li>\n<li>Sorvete de P\u00eassego \u2022 Abacaxi, Manga e P\u00eassego \u2022 Cranberry e Lim\u00e3o<\/li>\n<li>Chiclete Red Bull Ice, Morango com Manga, Morango com Melancia<\/li>\n<li>Frutas Vermelhas \u2022 Bala Cub \u2022 Frutas Mistas<\/li>\n<li>Sorvete Triplo de Mel\u00e3o, Bala Arco-\u00cdris, Bala de Mirtilo<\/li>\n<li>Sorvete de uva, doce de morango, morango com framboesa, cereja<\/li>\n<li>Sorvete de morango e banana \u2022 Sorvete de abacaxi e coco \u2022 Sorvete de manga<\/li>\n<li>Coca-Cola Gelada Cereja \u2022 Coca-Cola Gelada Morango \u2022 Coca-Cola Gelada<\/li>\n<li>Mirtilo e Framboesa \u2022 Algod\u00e3o Doce de Mirtilo \u2022 Sorvete Duplo de Ma\u00e7\u00e3<\/li>\n<\/ul>\n<h2 data-v-md-heading=\"for-you-for-your-business\" data-v-md-line=\"32\">Para voc\u00ea, para o seu neg\u00f3cio<\/h2>\n<p data-v-md-line=\"33\">Voc\u00ea pode escolher um item para uso di\u00e1rio ou abastecer sua loja com estoque. Oferecemos embalagens para atacado com 10 ou 160 unidades por caixa para sua conveni\u00eancia no planejamento e na reposi\u00e7\u00e3o de pedidos.<\/p>\n<p data-v-md-line=\"35\">Oferecemos op\u00e7\u00f5es de entrega com impostos pagos (DDP) atrav\u00e9s de parceiros como UPS, DPD e DHL para garantir a entrega tranquila do seu pedido, sem tarifas inesperadas. Precisa de ajuda para encontrar a melhor combina\u00e7\u00e3o de sabores para o seu mercado? Entre em contato conosco, teremos o maior prazer em criar uma linha de produtos diversificada para voc\u00ea.<\/p>\n<p data-v-md-line=\"37\">Nota: As regulamenta\u00e7\u00f5es variam em toda a Europa. Antes de comprar ou revender, consulte as regulamenta\u00e7\u00f5es locais relativas \u00e0 concentra\u00e7\u00e3o de nicotina e \u00e0 capacidade do l\u00edquido para cigarros eletr\u00f4nicos.<\/p>\n<h2 data-v-md-heading=\"why-do-you-like-it\" data-v-md-line=\"39\">Por que voc\u00ea gosta disso?<\/h2>\n<ul data-v-md-line=\"40\">\n<li>Capacidade ultragrande: at\u00e9 60.000 portas, o que significa menos substitui\u00e7\u00f5es e complica\u00e7\u00f5es.<\/li>\n<li>Tr\u00eas sabores em um: N\u00e3o precisa carregar v\u00e1rios dispositivos para trocar de sabor.<\/li>\n<li>A concentra\u00e7\u00e3o de nicotina pode ser selecionada entre 0%, 2% ou 5% para atender a diferentes prefer\u00eancias e demandas do mercado.<\/li>\n<li>Recarreg\u00e1vel: O carregamento Tipo C ajuda voc\u00ea a aproveitar cada gota de bateria.<\/li>\n<li>Configura\u00e7\u00e3o de bobina de malha: As bobinas de malha triplas de 0,9 \u03a9 proporcionam uma experi\u00eancia suave e consistente.<\/li>\n<li>Tela de LED: O status fica claro num relance, permitindo que voc\u00ea controle tudo.<\/li>\n<\/ul>\n<h2 data-v-md-heading=\"why-choose-to-collaborate-with-agoravape\" data-v-md-line=\"47\">Por que escolher colaborar com a AgoraVape?<\/h2>\n<p data-v-md-line=\"48\">Adquirimos apenas produtos 100% genu\u00ednos e somos respons\u00e1veis \u200b\u200bpelos produtos que vendemos. Nossos clientes comerciais podem desfrutar de pre\u00e7os de atacado com desconto, suporte \u00e1gil e servi\u00e7os de entrega DDP r\u00e1pidos e confi\u00e1veis \u200b\u200bao comprar 60.000 unidades de vapes LED Waspe com tr\u00eas sabores. Entre em contato conosco para discutirmos descontos para compras em grande quantidade e combina\u00e7\u00f5es de sabores, para que seus clientes realmente voltem.<\/p>","protected":false},"excerpt":{"rendered":"<p>&nbsp;<\/p>\n<p><script src=\"chrome-extension:\/\/fpelahbljekknahkcaegamhcndkfpfnc\/iFrame.js\" type=\"text\/javascript\"><\/script><\/p>","protected":false},"featured_media":13015,"comment_status":"open","ping_status":"closed","template":"","meta":[],"product_brand":[206],"product_cat":[124,187,185,189,1642,176,177,195,174,175,193,191,173,186,180,190,192,133],"product_tag":[],"class_list":{"0":"post-12989","1":"product","2":"type-product","3":"status-publish","4":"has-post-thumbnail","6":"product_brand-waspe","7":"product_cat-vape-by-brand","8":"product_cat-0mg-nicotine-free-vapes","9":"product_cat-10000-puffs-high-capacity","10":"product_cat-20mg-standard-nicotine-vapes","11":"product_cat-60000-puffs","12":"product_cat-beverage","13":"product_cat-dessert-sweets","14":"product_cat-dual-flavor-switch","15":"product_cat-fruit-flavors","16":"product_cat-icy-mint","17":"product_cat-mesh-coil","18":"product_cat-rechargeable-disposables","19":"product_cat-vape-by-flavor-profile","20":"product_cat-vape-by-nicotine-strength","21":"product_cat-vape-by-puff-count","22":"product_cat-vape-by-feature-or-type","23":"product_cat-vapes-with-screens","24":"product_cat-waspe","26":"first","27":"instock","28":"shipping-taxable","29":"purchasable","30":"product-type-variable","31":"has-default-attributes"},"tiered_pricing_type":"percentage","tiered_pricing_fixed_rules":[],"tiered_pricing_product_settings":{"layout":"default","base_unit_name":{"singular":null,"plural":null},"default_variation":null},"tiered_pricing_minimum_quantity":10,"tiered_pricing_roles_data":[],"tiered_pricing_percentage_rules":{"50":"35","100":"40","200":"44","500":"47","1000":"49"},"tiered_pricing_maximum_quantity":null,"tiered_pricing_quantity_step":"10","_links":{"self":[{"href":"https:\/\/agoravape.com\/pt\/wp-json\/wp\/v2\/product\/12989","targetHints":{"allow":["GET"]}}],"collection":[{"href":"https:\/\/agoravape.com\/pt\/wp-json\/wp\/v2\/product"}],"about":[{"href":"https:\/\/agoravape.com\/pt\/wp-json\/wp\/v2\/types\/product"}],"replies":[{"embeddable":true,"href":"https:\/\/agoravape.com\/pt\/wp-json\/wp\/v2\/comments?post=12989"}],"version-history":[{"count":0,"href":"https:\/\/agoravape.com\/pt\/wp-json\/wp\/v2\/product\/12989\/revisions"}],"wp:featuredmedia":[{"embeddable":true,"href":"https:\/\/agoravape.com\/pt\/wp-json\/wp\/v2\/media\/13015"}],"wp:attachment":[{"href":"https:\/\/agoravape.com\/pt\/wp-json\/wp\/v2\/media?parent=12989"}],"wp:term":[{"taxonomy":"product_brand","embeddable":true,"href":"https:\/\/agoravape.com\/pt\/wp-json\/wp\/v2\/product_brand?post=12989"},{"taxonomy":"product_cat","embeddable":true,"href":"https:\/\/agoravape.com\/pt\/wp-json\/wp\/v2\/product_cat?post=12989"},{"taxonomy":"product_tag","embeddable":true,"href":"https:\/\/agoravape.com\/pt\/wp-json\/wp\/v2\/product_tag?post=12989"}],"curies":[{"name":"wp","href":"https:\/\/api.w.org\/{rel}","templated":true}]}}