{"id":13017,"date":"2025-10-10T17:10:24","date_gmt":"2025-10-10T09:10:24","guid":{"rendered":"https:\/\/green-grasshopper-921422.hostingersite.com\/?post_type=product&#038;p=13017"},"modified":"2026-03-14T16:22:43","modified_gmt":"2026-03-14T15:22:43","slug":"waspe-duplo-sabor-40000-puffs-vape","status":"publish","type":"product","link":"https:\/\/agoravape.com\/pt\/product\/waspe-double-flavor-40000-puffs-vape\/","title":{"rendered":"Waspe Double Flavor 40000 Puffs 2-em-1 LED Vape | Dois sabores em um. Feito para durar."},"content":{"rendered":"<h2 data-v-md-heading=\"what-about-the-wasp-double-flavor-40000-mouth-2-in-1-led-vape\" data-v-md-line=\"3\"><img loading=\"lazy\" decoding=\"async\" class=\"aligncenter size-full wp-image-13045\" src=\"https:\/\/agoravape.com\/wp-content\/uploads\/2025\/10\/Waspe-Double-Flavor-40000-Puffs-2-in-1-LED-Vape_Agora_vape-16.webp\" alt=\"\" width=\"1920\" height=\"1080\" srcset=\"https:\/\/agoravape.com\/wp-content\/uploads\/2025\/10\/Waspe-Double-Flavor-40000-Puffs-2-in-1-LED-Vape_Agora_vape-16.webp 1920w, https:\/\/agoravape.com\/wp-content\/uploads\/2025\/10\/Waspe-Double-Flavor-40000-Puffs-2-in-1-LED-Vape_Agora_vape-16-1200x675.webp 1200w, https:\/\/agoravape.com\/wp-content\/uploads\/2025\/10\/Waspe-Double-Flavor-40000-Puffs-2-in-1-LED-Vape_Agora_vape-16-300x169.webp 300w, https:\/\/agoravape.com\/wp-content\/uploads\/2025\/10\/Waspe-Double-Flavor-40000-Puffs-2-in-1-LED-Vape_Agora_vape-16-1024x576.webp 1024w, https:\/\/agoravape.com\/wp-content\/uploads\/2025\/10\/Waspe-Double-Flavor-40000-Puffs-2-in-1-LED-Vape_Agora_vape-16-768x432.webp 768w, https:\/\/agoravape.com\/wp-content\/uploads\/2025\/10\/Waspe-Double-Flavor-40000-Puffs-2-in-1-LED-Vape_Agora_vape-16-1536x864.webp 1536w\" sizes=\"auto, (max-width: 1920px) 100vw, 1920px\" \/><\/h2>\n<h2 data-v-md-heading=\"what-about-the-wasp-double-flavor-40000-mouth-2-in-1-led-vape\" data-v-md-line=\"3\">E quanto ao vaporizador Wasp Double Flavor 40000 Mouth 2 em 1 com LED?<\/h2>\n<p data-v-md-line=\"4\">Se voc\u00ea est\u00e1 cansado de trocar de vape no meio da semana, este produto \u00e9 a escolha ideal. O recurso de sabor duplo do Wasp combina dois sabores em um s\u00f3, permitindo que voc\u00ea alterne facilmente entre eles sem precisar carregar um segundo vape. Essa ideia simples torna a experi\u00eancia di\u00e1ria de vape mais f\u00e1cil.<\/p>\n<p data-v-md-line=\"6\">Voc\u00ea pode pensar que tantos vaporizadores seriam volumosos, mas este produto \u00e9 surpreendentemente leve. Pesa cerca de 120 gramas e cabe facilmente no bolso de uma jaqueta. Se voc\u00ea quer um vaporizador confi\u00e1vel, com excelente sabor e que n\u00e3o exija cuidados especiais, esta \u00e9 a escolha ideal.<\/p>\n<h2 data-v-md-heading=\"excellent-performance-easy-and-convenient\" data-v-md-line=\"8\">Excelente desempenho, f\u00e1cil e pr\u00e1tico<\/h2>\n<p data-v-md-line=\"9\">Os n\u00facleos atomizadores de malha dupla de 0,9 \u03a9 integrados garantem um sabor consistente da primeira \u00e0 \u00faltima tragada. O n\u00facleo atomizador de malha \u00e9 aquecido uniformemente, proporcionando um sabor suave e puro. Quando a bateria estiver fraca, pode ser carregada atrav\u00e9s da interface Tipo-C. Este pode ser o mesmo cabo de dados usado no seu celular. O visor LED permite que voc\u00ea veja facilmente o status sem precisar adivinhar.<\/p>\n<h2 data-v-md-heading=\"specification-introduction\" data-v-md-line=\"11\">Introdu\u00e7\u00e3o \u00e0 especifica\u00e7\u00e3o<\/h2>\n<ul data-v-md-line=\"12\">\n<li>Frequ\u00eancia de suc\u00e7\u00e3o: at\u00e9 40.000 vezes<\/li>\n<li>Teor de nicotina: 0%, 2% e 5%<\/li>\n<li>Princ\u00edpio de funcionamento: Ativa-se com apenas uma tragada.<\/li>\n<li>Charging: Standard Type-C USB interface<\/li>\n<li>Estado: Pronto para usar assim que abrir a caixa.<\/li>\n<\/ul>\n<h2 data-v-md-heading=\"full-range-of-flavors\" data-v-md-line=\"18\">Full range of flavors<\/h2>\n<ul data-v-md-line=\"19\">\n<li>Gelo de melancia e lim\u00e3o.<\/li>\n<li>Gelo de refrigerante de cereja e marshmallows de mirtilo<\/li>\n<li>Morango, melancia e mirtilo com framboesa<\/li>\n<li>Red Bull Ice e Morango com Manga<\/li>\n<li>Sorvete de p\u00eassego e abacaxi com manga e p\u00eassego<\/li>\n<li>Sorvete de uva e kiwi com morango<\/li>\n<li>Mix de frutos silvestres e sorvete de ma\u00e7\u00e3 duplo<\/li>\n<li>Limonada de mirtilo e chiclete de melancia<\/li>\n<li>Morango, framboesa, cereja e amor 666<\/li>\n<li>Morango, banana, abacaxi, sorvete de coco<\/li>\n<li>Morango, melancia, chiclete e frutas mistas<\/li>\n<li>Coca-Cola Gelada Cereja e Bala de Morango e Framboesa<\/li>\n<li>Sabor de ma\u00e7\u00e3 verde, framboesa e morango<\/li>\n<li>Sabor P\u00eassego, Frutas Vermelhas, Melancia e Manga<\/li>\n<li>Smoothie de mirtilo e smoothie Black Dragon<\/li>\n<li>Sabor de morango, cereja, kiwi e maracuj\u00e1<\/li>\n<\/ul>\n<h2 data-v-md-heading=\"for-you-and-for-your-business-as-well\" data-v-md-line=\"36\">Para voc\u00ea e para o seu neg\u00f3cio tamb\u00e9m.<\/h2>\n<p data-v-md-line=\"37\">Voc\u00ea pode comprar uma para uso pessoal ou abastecer sua loja. Waspe sabor duplo, 10 unidades por caixa, 160 unidades por caixa. Isso torna os pedidos e o gerenciamento de estoque mais convenientes.<\/p>\n<p data-v-md-line=\"39\">Enviamos atrav\u00e9s de parceiros de confian\u00e7a como UPS, DPD e DHL, com entrega mediante pagamento de direitos alfandeg\u00e1rios (DDP), para que voc\u00ea tenha prazos de entrega previs\u00edveis e evite situa\u00e7\u00f5es inesperadas na alf\u00e2ndega. Devido \u00e0s regulamenta\u00e7\u00f5es locais, a disponibilidade e a concentra\u00e7\u00e3o de nicotina podem variar em diferentes pa\u00edses\/regi\u00f5es.<\/p>\n<h2 data-v-md-heading=\"why-do-you-like-it\" data-v-md-line=\"41\">Por que voc\u00ea gosta disso?<\/h2>\n<ul data-v-md-line=\"42\">\n<li>Grande capacidade de suc\u00e7\u00e3o: maior dura\u00e7\u00e3o, para que voc\u00ea n\u00e3o precise comprar novos com frequ\u00eancia.<\/li>\n<li>Sele\u00e7\u00e3o da concentra\u00e7\u00e3o de nicotina: Escolha a concentra\u00e7\u00e3o que melhor lhe conv\u00e9m.<\/li>\n<li>Recarreg\u00e1vel: Voc\u00ea utiliza todos os e-l\u00edquidos adquiridos.<\/li>\n<li>Bobina de malha: Sabor consistente, proporcionando uma experi\u00eancia suave sempre.<\/li>\n<\/ul>\n<h2 data-v-md-heading=\"why-collaborate-with-agoravape\" data-v-md-line=\"47\">Por que colaborar com a AgoraVape?<\/h2>\n<p data-v-md-line=\"48\">Vendemos apenas produtos genu\u00ednos 100% de marcas de confian\u00e7a. Para os compradores comerciais, isto significa pre\u00e7os justos por grosso, apoio fi\u00e1vel e entrega r\u00e1pida e fi\u00e1vel para os vapes Waspe dual flavor 40000 mouth 2-in-1 LED. Se quiser comprar dispositivos que os clientes repetidos adoram, contacte-nos.<\/p>","protected":false},"excerpt":{"rendered":"<p>Que tal o vape Wasp Double Flavor 40000 Mouth 2 em 1 LED? Se est\u00e1 farto de mudar de vaporizador a meio da semana,<\/p>","protected":false},"featured_media":13047,"comment_status":"open","ping_status":"closed","template":"","meta":[],"product_brand":[206],"product_cat":[124,187,185,189,1639,176,177,195,174,175,193,191,173,186,180,190,192,133],"product_tag":[],"class_list":{"0":"post-13017","1":"product","2":"type-product","3":"status-publish","4":"has-post-thumbnail","6":"product_brand-waspe","7":"product_cat-vape-by-brand","8":"product_cat-0mg-nicotine-free-vapes","9":"product_cat-10000-puffs-high-capacity","10":"product_cat-20mg-standard-nicotine-vapes","11":"product_cat-40000-puffs","12":"product_cat-beverage","13":"product_cat-dessert-sweets","14":"product_cat-dual-flavor-switch","15":"product_cat-fruit-flavors","16":"product_cat-icy-mint","17":"product_cat-mesh-coil","18":"product_cat-rechargeable-disposables","19":"product_cat-vape-by-flavor-profile","20":"product_cat-vape-by-nicotine-strength","21":"product_cat-vape-by-puff-count","22":"product_cat-vape-by-feature-or-type","23":"product_cat-vapes-with-screens","24":"product_cat-waspe","26":"first","27":"instock","28":"shipping-taxable","29":"purchasable","30":"product-type-variable","31":"has-default-attributes"},"tiered_pricing_type":"percentage","tiered_pricing_fixed_rules":[],"tiered_pricing_product_settings":{"layout":"default","base_unit_name":{"singular":null,"plural":null},"default_variation":null},"tiered_pricing_minimum_quantity":10,"tiered_pricing_roles_data":[],"tiered_pricing_percentage_rules":{"50":"35","100":"40","200":"44","500":"47","1000":"49"},"tiered_pricing_maximum_quantity":null,"tiered_pricing_quantity_step":"10","_links":{"self":[{"href":"https:\/\/agoravape.com\/pt\/wp-json\/wp\/v2\/product\/13017","targetHints":{"allow":["GET"]}}],"collection":[{"href":"https:\/\/agoravape.com\/pt\/wp-json\/wp\/v2\/product"}],"about":[{"href":"https:\/\/agoravape.com\/pt\/wp-json\/wp\/v2\/types\/product"}],"replies":[{"embeddable":true,"href":"https:\/\/agoravape.com\/pt\/wp-json\/wp\/v2\/comments?post=13017"}],"version-history":[{"count":0,"href":"https:\/\/agoravape.com\/pt\/wp-json\/wp\/v2\/product\/13017\/revisions"}],"wp:featuredmedia":[{"embeddable":true,"href":"https:\/\/agoravape.com\/pt\/wp-json\/wp\/v2\/media\/13047"}],"wp:attachment":[{"href":"https:\/\/agoravape.com\/pt\/wp-json\/wp\/v2\/media?parent=13017"}],"wp:term":[{"taxonomy":"product_brand","embeddable":true,"href":"https:\/\/agoravape.com\/pt\/wp-json\/wp\/v2\/product_brand?post=13017"},{"taxonomy":"product_cat","embeddable":true,"href":"https:\/\/agoravape.com\/pt\/wp-json\/wp\/v2\/product_cat?post=13017"},{"taxonomy":"product_tag","embeddable":true,"href":"https:\/\/agoravape.com\/pt\/wp-json\/wp\/v2\/product_tag?post=13017"}],"curies":[{"name":"wp","href":"https:\/\/api.w.org\/{rel}","templated":true}]}}