{"id":13100,"date":"2025-10-10T20:32:14","date_gmt":"2025-10-10T12:32:14","guid":{"rendered":"https:\/\/green-grasshopper-921422.hostingersite.com\/?post_type=product&#038;p=13100"},"modified":"2026-03-26T13:22:23","modified_gmt":"2026-03-26T12:22:23","slug":"waspe-digital-box-12000-puffs-lcd-vape","status":"publish","type":"product","link":"https:\/\/agoravape.com\/pt\/product\/waspe-digital-box-12000-puffs-lcd-vape\/","title":{"rendered":"Waspe Digital Box, vaporizador com tela LCD e 12000 puffs | Sabor duradouro, f\u00e1cil de usar"},"content":{"rendered":"<h2 data-v-md-heading=\"what-are-the-advantages-of-waspe-digital-box-12000-lcd-screen-vapes\" data-v-md-line=\"3\">Quais s\u00e3o as vantagens dos vaporizadores com tela LCD Waspe Digital Box 12000?<\/h2>\n<p data-v-md-line=\"4\">Se voc\u00ea est\u00e1 cansado de vapes descart\u00e1veis \u200b\u200bque acabam logo no in\u00edcio do uso, este produto vai facilitar muito a sua semana. O Waspe Digital Box vem com uma bateria recarreg\u00e1vel que dura at\u00e9 12.000 tragadas, permitindo que voc\u00ea use 20 ml de e-l\u00edquido.<\/p>\n<p data-v-md-line=\"6\">Ele foi projetado para quem deseja desfrutar de vaporizadores de forma confi\u00e1vel, saborosa e sem esfor\u00e7o. Basta uma tragada para ativar. A tela LCD permite que voc\u00ea tenha uma compreens\u00e3o clara da situa\u00e7\u00e3o rapidamente, sem precisar se preocupar com o carregamento.<\/p>\n<h2 data-v-md-heading=\"excellent-performance-easy-and-convenient\" data-v-md-line=\"8\">Excelente desempenho, f\u00e1cil e pr\u00e1tico<\/h2>\n<p data-v-md-line=\"9\">A bobina de malha \u00e9 o cora\u00e7\u00e3o deste dispositivo. \u00c9 por isso que cada vaporiza\u00e7\u00e3o \u00e9 t\u00e3o deliciosa quanto a primeira. Quando a bateria estiver fraca, voc\u00ea pode usar o cabo de dados Tipo-C, que provavelmente j\u00e1 est\u00e1 dispon\u00edvel no seu celular, para conectar o dispositivo. A tela exibir\u00e1 rapidamente atualiza\u00e7\u00f5es de status, permitindo que voc\u00ea controle tudo sem se preocupar com configura\u00e7\u00f5es.<\/p>\n<h2 data-v-md-heading=\"specification-introduction\" data-v-md-line=\"11\">Introdu\u00e7\u00e3o \u00e0 especifica\u00e7\u00e3o<\/h2>\n<ul data-v-md-line=\"12\">\n<li>Frequ\u00eancia de suc\u00e7\u00e3o: at\u00e9 12.000 vezes<\/li>\n<li>Teor de nicotina: 0%, 2%, 3%, 5%<\/li>\n<li>Princ\u00edpio de funcionamento: Ativa-se com apenas uma tragada.<\/li>\n<li>M\u00e9todo de carregamento: Interface USB Tipo-C padr\u00e3o<\/li>\n<li>Status: Pronto para usar assim que sai da caixa<\/li>\n<li>Capacidade do e-l\u00edquido: 20 mililitros<\/li>\n<li>Bateria: bateria recarreg\u00e1vel de 650 mAh<\/li>\n<li>N\u00facleo de atomiza\u00e7\u00e3o: malha, 0,8 \u03a9<\/li>\n<li>Tela de exibi\u00e7\u00e3o: Tela LCD<\/li>\n<\/ul>\n<h2 data-v-md-heading=\"full-range-of-flavors\" data-v-md-line=\"22\">Full range of flavors<\/h2>\n<ul data-v-md-line=\"23\">\n<li>Gelo de Melancia<\/li>\n<li>Pista de gelo azul<\/li>\n<li>Sorvete de uva<\/li>\n<li>Melancia de morango<\/li>\n<li>Frutas vermelhas misturadas<\/li>\n<li>Donuts de morango<\/li>\n<li>Mirtilos e framboesas<\/li>\n<li>Morango, framboesa, cereja<\/li>\n<li>Melancia, Manga, P\u00eassego<\/li>\n<li>suco de pera com vinho tinto<\/li>\n<\/ul>\n<h2 data-v-md-heading=\"to-create-for-you-and-your-business\" data-v-md-line=\"34\">Para criar algo para voc\u00ea e para o seu neg\u00f3cio.<\/h2>\n<p data-v-md-line=\"35\">Deixe-me escolher uma op\u00e7\u00e3o para voc\u00ea hoje! Se voc\u00ea administra uma loja, pode estocar caixas de atacado com 10 unidades e caixas externas com 200 unidades. Cada caixa tem um peso bruto de 18,5 quilogramas e dimens\u00f5es de 690 \u00d7 313 \u00d7 220 mil\u00edmetros.<\/p>\n<p data-v-md-line=\"37\">Trabalhamos com parceiros de confian\u00e7a como UPS, DPD e DHL para fornecer servi\u00e7os completos de envio DDP para a Europa, garantindo que voc\u00ea n\u00e3o ter\u00e1 problemas na alf\u00e2ndega. Documenta\u00e7\u00e3o clara. Entrega r\u00e1pida. Do checkout \u00e0 entrega em domic\u00edlio, todas as opera\u00e7\u00f5es s\u00e3o transparentes e f\u00e1ceis de acompanhar.<\/p>\n<h2 data-v-md-heading=\"why-do-you-like-it\" data-v-md-line=\"39\">Por que voc\u00ea gosta disso?<\/h2>\n<ul data-v-md-line=\"40\">\n<li>M\u00faltiplas tragadas: Dur\u00e1vel e de longa dura\u00e7\u00e3o, sem necessidade de comprar cigarros novos com frequ\u00eancia.<\/li>\n<li>Sele\u00e7\u00e3o da concentra\u00e7\u00e3o de nicotina: Escolha a concentra\u00e7\u00e3o mais adequada para o seu dia.<\/li>\n<li>Recarreg\u00e1vel: O l\u00edquido para cigarro eletr\u00f4nico acabar\u00e1 a cada compra.<\/li>\n<li>N\u00facleo atomizador em malha: Do primeiro ao \u00faltimo gole, o sabor permanece consistente.<\/li>\n<li>Tela LCD: O status fica claro num relance, tudo est\u00e1 sob controle.<\/li>\n<\/ul>\n<h2 data-v-md-heading=\"why-choose-to-collaborate-with-agoravape\" data-v-md-line=\"46\">Por que escolher colaborar com a AgoraVape?<\/h2>\n<p data-v-md-line=\"47\">S\u00f3 vendemos produtos 100% genu\u00ednos e n\u00e3o temos d\u00favidas quanto a isso. Clientes empresariais que compram o vape Waspe Digital Box 12000 com tela LCD podem desfrutar de pre\u00e7os de atacado com desconto, suporte amig\u00e1vel e servi\u00e7os de entrega r\u00e1pidos e confi\u00e1veis. Deseja verificar a autenticidade ou fazer pedidos em grande quantidade? Entre em contato conosco e providenciaremos o estoque para voc\u00ea, garantindo uma alta taxa de retorno do cliente.<\/p>","protected":false},"excerpt":{"rendered":"<p>Quais s\u00e3o as vantagens dos vapes com ecr\u00e3 LCD Waspe Digital Box 12000? Se est\u00e1 cansado dos vapes descart\u00e1veis que<\/p>","protected":false},"featured_media":13116,"comment_status":"open","ping_status":"closed","template":"","meta":[],"product_brand":[206],"product_cat":[124,187,185,1634,189,174,175,193,191,179,173,186,180,190,192,133],"product_tag":[],"class_list":{"0":"post-13100","1":"product","2":"type-product","3":"status-publish","4":"has-post-thumbnail","6":"product_brand-waspe","7":"product_cat-vape-by-brand","8":"product_cat-0mg-nicotine-free-vapes","9":"product_cat-10000-puffs-high-capacity","10":"product_cat-12000-puffs","11":"product_cat-20mg-standard-nicotine-vapes","12":"product_cat-fruit-flavors","13":"product_cat-icy-mint","14":"product_cat-mesh-coil","15":"product_cat-rechargeable-disposables","16":"product_cat-unique-blends","17":"product_cat-vape-by-flavor-profile","18":"product_cat-vape-by-nicotine-strength","19":"product_cat-vape-by-puff-count","20":"product_cat-vape-by-feature-or-type","21":"product_cat-vapes-with-screens","22":"product_cat-waspe","24":"first","25":"onbackorder","26":"shipping-taxable","27":"purchasable","28":"product-type-variable","29":"has-default-attributes"},"tiered_pricing_type":"percentage","tiered_pricing_fixed_rules":[],"tiered_pricing_product_settings":{"layout":"default","base_unit_name":{"singular":null,"plural":null},"default_variation":null},"tiered_pricing_minimum_quantity":10,"tiered_pricing_roles_data":[],"tiered_pricing_percentage_rules":{"50":"35","100":"40","200":"44","500":"47","1000":"49"},"tiered_pricing_maximum_quantity":null,"tiered_pricing_quantity_step":"10","_links":{"self":[{"href":"https:\/\/agoravape.com\/pt\/wp-json\/wp\/v2\/product\/13100","targetHints":{"allow":["GET"]}}],"collection":[{"href":"https:\/\/agoravape.com\/pt\/wp-json\/wp\/v2\/product"}],"about":[{"href":"https:\/\/agoravape.com\/pt\/wp-json\/wp\/v2\/types\/product"}],"replies":[{"embeddable":true,"href":"https:\/\/agoravape.com\/pt\/wp-json\/wp\/v2\/comments?post=13100"}],"version-history":[{"count":0,"href":"https:\/\/agoravape.com\/pt\/wp-json\/wp\/v2\/product\/13100\/revisions"}],"wp:featuredmedia":[{"embeddable":true,"href":"https:\/\/agoravape.com\/pt\/wp-json\/wp\/v2\/media\/13116"}],"wp:attachment":[{"href":"https:\/\/agoravape.com\/pt\/wp-json\/wp\/v2\/media?parent=13100"}],"wp:term":[{"taxonomy":"product_brand","embeddable":true,"href":"https:\/\/agoravape.com\/pt\/wp-json\/wp\/v2\/product_brand?post=13100"},{"taxonomy":"product_cat","embeddable":true,"href":"https:\/\/agoravape.com\/pt\/wp-json\/wp\/v2\/product_cat?post=13100"},{"taxonomy":"product_tag","embeddable":true,"href":"https:\/\/agoravape.com\/pt\/wp-json\/wp\/v2\/product_tag?post=13100"}],"curies":[{"name":"wp","href":"https:\/\/api.w.org\/{rel}","templated":true}]}}