{"id":13132,"date":"2025-10-10T21:13:29","date_gmt":"2025-10-10T13:13:29","guid":{"rendered":"https:\/\/green-grasshopper-921422.hostingersite.com\/?post_type=product&#038;p=13132"},"modified":"2026-02-14T17:16:39","modified_gmt":"2026-02-14T16:16:39","slug":"uzy-triple-flavors-60k-3in1-vape","status":"publish","type":"product","link":"https:\/\/agoravape.com\/pt\/product\/uzy-triple-flavors-60k-3in1-vape\/","title":{"rendered":"UZY Triple Flavors 60K Puffs 3 em 1 Vape com Tela LED | Tr\u00eas sabores em um, feito para durar"},"content":{"rendered":"<h2 data-v-md-heading=\"what-about-the-uzy-three-in-one-led-screen-vape\" data-v-md-line=\"3\">Que tal o vape de ecr\u00e3 LED tr\u00eas em um UZY?<\/h2>\n<p data-v-md-line=\"4\">Se est\u00e1 cansado dos cartuchos de cigarro descart\u00e1veis que se esgotam em poucos dias, talvez queira dar uma vista de olhos a este produto. O UZY three in one LED screen vape combina tr\u00eas sabores diferentes de cartuchos, permitindo-lhe mudar facilmente de sabor sem mudar o vape.<\/p>\n<p data-v-md-line=\"6\">\u00c9 adequado para qualquer pessoa que queira utiliz\u00e1-lo durante muito tempo e com facilidade e comodidade. Basta dar uma tragada suave para o utilizar. O ecr\u00e3 LED n\u00edtido apresenta os n\u00edveis da bateria e do e-l\u00edquido. Basta carregar atrav\u00e9s da interface Tipo C para continuar a utilizar. F\u00e1cil de utilizar.<\/p>\n<h2 data-v-md-heading=\"excellent-performance-easy-and-convenient\" data-v-md-line=\"8\">Excelente desempenho, f\u00e1cil e pr\u00e1tico<\/h2>\n<p data-v-md-line=\"9\">Internamente, s\u00e3o utilizadas bobinas de malha dupla para garantir um sabor consistente desde a primeira at\u00e9 \u00e0 \u00faltima dentada. O ecr\u00e3 LED permite-lhe verificar facilmente o n\u00edvel e o estado da bateria num relance, eliminando a necessidade de adivinhar. Quando for necess\u00e1rio carregar, basta utilizar o mesmo cabo de dados Tipo C do telem\u00f3vel. N\u00e3o h\u00e1 necessidade de carregadores especiais, \u00e9 f\u00e1cil e c\u00f3modo.<\/p>\n<h2 data-v-md-heading=\"specification-overview\" data-v-md-line=\"11\">Vis\u00e3o geral das especifica\u00e7\u00f5es<\/h2>\n<ul data-v-md-line=\"12\">\n<li>Frequ\u00eancia de suc\u00e7\u00e3o: at\u00e9 60.000 vezes<\/li>\n<li>Concentra\u00e7\u00e3o de nicotina: fornecida com base no invent\u00e1rio e no destino<\/li>\n<li>Princ\u00edpio de funcionamento: Ativa-se com apenas uma tragada.<\/li>\n<li>Carregamento: Porta USB Tipo C padr\u00e3o<\/li>\n<li>Ecr\u00e3 de visualiza\u00e7\u00e3o: ecr\u00e3 LED inteligente, que apresenta o estado da bateria e do e-l\u00edquido<\/li>\n<li>Bobina: Bobina de malha dupla<\/li>\n<li>Capacidade de e-l\u00edquido: Capacidade total de 54 mililitros (18 mililitros por compartimento de e-l\u00edquido)<\/li>\n<li>Bateria: Bateria recarreg\u00e1vel de 850 mAh<\/li>\n<li>Peso: Aproximadamente 120 gramas por unidade<\/li>\n<li>Embalagem: 10 unidades por caixa. 200 unidades por caixa<\/li>\n<li>Estado: Pronto para usar assim que abrir a caixa.<\/li>\n<li>SKU\uff1aUZY-Tpriple-Flavors-60000-3IN1<\/li>\n<\/ul>\n<h2 data-v-md-heading=\"full-flavor-series\" data-v-md-line=\"25\">S\u00e9rie Sabor Completo<\/h2>\n<ul data-v-md-line=\"26\">\n<li>Mirtilos, framboesas, morangos, kiwis, lim\u00f5es e limas<\/li>\n<li>Kiwi, maracuj\u00e1, goiaba, mirtilo gelado, p\u00eassego, manga<\/li>\n<li>Melancia com morango\/Gelo de Coca-Cola\/Coca-Cola de cereja<\/li>\n<li>Gelo de p\u00eassego\/morango Framboesa Gelo de cereja\/Gelo de ma\u00e7\u00e3 dupla<\/li>\n<li>Grape Ice\/Love 666 (mel\u00e3o de maracuj\u00e1)\/Strawberry Red Bull<\/li>\n<li>Mr. Blue\/Teddy Bear Candy\/Red Bull Ice<\/li>\n<li>P\u00eassego Manga Anan\u00e1s\/Blueberry Ice\/Melancia Framboesa<\/li>\n<li>Gelo de melancia\/Gelo de mel\u00e3o triplo\/Gelo de banana com morango<\/li>\n<li>Gelo de p\u00eassego de ver\u00e3o\/Gelo de morango\/Gelo de mirtilo<\/li>\n<li>Cereja gelada\/Mistura de frutos silvestres\/Drag\u00e3o negro gelado<\/li>\n<\/ul>\n<h2 data-v-md-heading=\"for-you-and-your-company\" data-v-md-line=\"37\">Para si e para a sua empresa<\/h2>\n<p data-v-md-line=\"38\">Pode adquirir o UZY Triple Flavor 60K para uso pessoal ou na sua loja. As caixas de embalagem por grosso s\u00e3o de 10 unidades, com 200 unidades por caixa, garantindo um planeamento ordenado do invent\u00e1rio.<\/p>\n<p data-v-md-line=\"40\">Fornecemos servi\u00e7os de entrega DDP pagos com impostos atrav\u00e9s de parceiros de confian\u00e7a como a UPS, DPD e DHL, para que n\u00e3o se depare com quaisquer acidentes nas alf\u00e2ndegas dos destinos eleg\u00edveis. Devido aos regulamentos locais, a situa\u00e7\u00e3o de fornecimento e a concentra\u00e7\u00e3o de nicotina podem variar em diferentes pa\u00edses\/regi\u00f5es. Se n\u00e3o tiver a certeza, consulte-nos e fornecer-lhe-emos orienta\u00e7\u00f5es.<\/p>\n<h2 data-v-md-heading=\"why-do-you-like-it\" data-v-md-line=\"42\">Por que voc\u00ea gosta disso?<\/h2>\n<ul data-v-md-line=\"43\">\n<li>Grande capacidade de fumo: maior dura\u00e7\u00e3o da bateria, sem necessidade de substituir frequentemente os vapores<\/li>\n<li>Sele\u00e7\u00e3o da concentra\u00e7\u00e3o de nicotina: Escolha a concentra\u00e7\u00e3o de nicotina que se adapta ao seu gosto e mercado<\/li>\n<li>Recarreg\u00e1vel: Voc\u00ea pode usar todos os e-l\u00edquidos adquiridos.<\/li>\n<li>N\u00facleo do atomizador em malha: mant\u00e9m um sabor consistente e satisfat\u00f3rio<\/li>\n<li>Ecr\u00e3 LED inteligente: f\u00e1cil de visualizar o n\u00edvel da bateria e o l\u00edquido restante num relance<\/li>\n<li>Tr\u00eas sabores: N\u00e3o \u00e9 necess\u00e1rio mudar de dispositivo, mude os sabores em segundos<\/li>\n<\/ul>\n<h2 data-v-md-heading=\"why-choose-agoravape\" data-v-md-line=\"50\">Por que escolher a AgoraVape?<\/h2>\n<p data-v-md-line=\"51\">Vendemos apenas produtos genu\u00ednos 100% de fornecedores certificados. Os nossos clientes comerciais podem desfrutar de pre\u00e7os grossistas altamente competitivos, facturas claras, apoio fi\u00e1vel e envio r\u00e1pido de UZY tr\u00eas em um vapes de ecr\u00e3 LED. Se pretende um produto descart\u00e1vel dur\u00e1vel e rico em funcionalidades e espera que os seus clientes o visitem novamente, n\u00e3o hesite em contactar-nos.<\/p>","protected":false},"excerpt":{"rendered":"<p>&nbsp;<\/p>\n<p><script src=\"chrome-extension:\/\/fpelahbljekknahkcaegamhcndkfpfnc\/iFrame.js\" type=\"text\/javascript\"><\/script><\/p>\n<p><script src=\"chrome-extension:\/\/fpelahbljekknahkcaegamhcndkfpfnc\/iFrame.js\" type=\"text\/javascript\"><\/script><\/p>","protected":false},"featured_media":13153,"comment_status":"open","ping_status":"closed","template":"","meta":[],"product_brand":[207],"product_cat":[124,187,185,189,1642,176,195,1674,174,175,193,191,134,173,186,180,190,192],"product_tag":[],"class_list":{"0":"post-13132","1":"product","2":"type-product","3":"status-publish","4":"has-post-thumbnail","6":"product_brand-uzy","7":"product_cat-vape-by-brand","8":"product_cat-0mg-nicotine-free-vapes","9":"product_cat-10000-puffs-high-capacity","10":"product_cat-20mg-standard-nicotine-vapes","11":"product_cat-60000-puffs","12":"product_cat-beverage","13":"product_cat-dual-flavor-switch","14":"product_cat-eu-warehouse","15":"product_cat-fruit-flavors","16":"product_cat-icy-mint","17":"product_cat-mesh-coil","18":"product_cat-rechargeable-disposables","19":"product_cat-uzy","20":"product_cat-vape-by-flavor-profile","21":"product_cat-vape-by-nicotine-strength","22":"product_cat-vape-by-puff-count","23":"product_cat-vape-by-feature-or-type","24":"product_cat-vapes-with-screens","26":"first","27":"instock","28":"shipping-taxable","29":"purchasable","30":"product-type-variable","31":"has-default-attributes"},"tiered_pricing_type":"percentage","tiered_pricing_fixed_rules":[],"tiered_pricing_product_settings":{"layout":"default","base_unit_name":{"singular":null,"plural":null},"default_variation":null},"tiered_pricing_minimum_quantity":10,"tiered_pricing_roles_data":[],"tiered_pricing_percentage_rules":{"30":"29","50":"35","100":"40","200":"44","500":"47","1000":"49"},"tiered_pricing_maximum_quantity":null,"tiered_pricing_quantity_step":"10","_links":{"self":[{"href":"https:\/\/agoravape.com\/pt\/wp-json\/wp\/v2\/product\/13132","targetHints":{"allow":["GET"]}}],"collection":[{"href":"https:\/\/agoravape.com\/pt\/wp-json\/wp\/v2\/product"}],"about":[{"href":"https:\/\/agoravape.com\/pt\/wp-json\/wp\/v2\/types\/product"}],"replies":[{"embeddable":true,"href":"https:\/\/agoravape.com\/pt\/wp-json\/wp\/v2\/comments?post=13132"}],"version-history":[{"count":0,"href":"https:\/\/agoravape.com\/pt\/wp-json\/wp\/v2\/product\/13132\/revisions"}],"wp:featuredmedia":[{"embeddable":true,"href":"https:\/\/agoravape.com\/pt\/wp-json\/wp\/v2\/media\/13153"}],"wp:attachment":[{"href":"https:\/\/agoravape.com\/pt\/wp-json\/wp\/v2\/media?parent=13132"}],"wp:term":[{"taxonomy":"product_brand","embeddable":true,"href":"https:\/\/agoravape.com\/pt\/wp-json\/wp\/v2\/product_brand?post=13132"},{"taxonomy":"product_cat","embeddable":true,"href":"https:\/\/agoravape.com\/pt\/wp-json\/wp\/v2\/product_cat?post=13132"},{"taxonomy":"product_tag","embeddable":true,"href":"https:\/\/agoravape.com\/pt\/wp-json\/wp\/v2\/product_tag?post=13132"}],"curies":[{"name":"wp","href":"https:\/\/api.w.org\/{rel}","templated":true}]}}