{"id":13178,"date":"2025-10-11T09:15:04","date_gmt":"2025-10-11T01:15:04","guid":{"rendered":"https:\/\/green-grasshopper-921422.hostingersite.com\/?post_type=product&#038;p=13178"},"modified":"2026-01-19T22:08:13","modified_gmt":"2026-01-19T14:08:13","slug":"uzy-tornado-30000-puffs-vape-de-duplo-sabor","status":"publish","type":"product","link":"https:\/\/agoravape.com\/pt\/product\/uzy-tornado-30000-puffs-dual-flavor-vape\/","title":{"rendered":"UZY Tornado 30000 Puffs Dual Flavor Smart Screen Vape | Dois sabores na torneira, feito para durar"},"content":{"rendered":"<h2 data-v-md-heading=\"what-exactly-is-the-uzy-crystal-twin-50k-dual-flavor-led-vape\" data-v-md-line=\"3\">O que \u00e9 exatamente o vape LED de duplo sabor UZY Crystal Twin 50K?<\/h2>\n<p data-v-md-line=\"4\">Se est\u00e1 farto de vaporizadores descart\u00e1veis usados a meio da semana, talvez queira dar uma vista de olhos a este produto. O UZY Crystal Twin tem uma capacidade de at\u00e9 50000 baforadas e um s\u00f3 dispositivo pode fornecer dois sabores, o que permite mudar facilmente de sabor sem mudar de vaporizador. Tem um toque s\u00f3lido, pesa cerca de 105 gramas e mede cerca de 61 \u00d7 31 \u00d7 115 mil\u00edmetros, o que \u00e9 moderado em tamanho e f\u00e1cil de transportar.<\/p>\n<p data-v-md-line=\"6\">Se pretende um sabor duradouro, n\u00e3o precisa de se preocupar, este produto \u00e9 a escolha ideal. Est\u00e1 equipada com um ecr\u00e3 LED inteligente, que lhe permite acompanhar os \u00faltimos desenvolvimentos em qualquer altura. O inv\u00f3lucro de cristal transparente confere-lhe um aspeto elegante e limpo, quer esteja colocado na secret\u00e1ria ou nas suas m\u00e3os. Pode pensar-se que um vape com uma capacidade de suc\u00e7\u00e3o t\u00e3o grande seria volumoso, mas ficar\u00e1 surpreendido ao descobrir que cabe facilmente no bolso de um casaco.<\/p>\n<h2 data-v-md-heading=\"excellent-performance-easy-and-convenient\" data-v-md-line=\"8\">Excelente desempenho, f\u00e1cil e pr\u00e1tico<\/h2>\n<p data-v-md-line=\"9\">As bobinas de malha dupla assumem a grande responsabilidade, pelo que cada mordida \u00e9 t\u00e3o pura como a primeira. Duas bobinas de malha de 0,9 \u03a9 s\u00e3o alimentadas por um e-l\u00edquido dividido com uma capacidade de at\u00e9 40 mililitros (20 mililitros para cada sabor). A fonte de alimenta\u00e7\u00e3o \u00e9 alimentada por uma bateria recarreg\u00e1vel de 850mAh, pelo que pode deixar o dep\u00f3sito de armazenamento de \u00f3leo a funcionar em vazio sem se preocupar com o esgotamento da bateria. Quando a bateria estiver fraca, pode utilizar um cabo de dados Tipo C (que pode ser o mesmo que o habitualmente utilizado no seu telem\u00f3vel) para carregar. \u00c9 simples.<\/p>\n<h2 data-v-md-heading=\"specification-introduction\" data-v-md-line=\"11\">Introdu\u00e7\u00e3o \u00e0 especifica\u00e7\u00e3o<\/h2>\n<p data-v-md-line=\"12\"><strong>Frequ\u00eancia de aspira\u00e7\u00e3o<\/strong>: at\u00e9 50000 vezes<br \/>\n<strong>Teor de nicotina<\/strong>: 0%\/2%\/3%\/5%<br \/>\n<strong>Utiliza\u00e7\u00e3o<\/strong>: D\u00ea uma passa para ativar<br \/>\n<strong>Carregando<\/strong>Interface USB Tipo-C padr\u00e3o<br \/>\n<strong>Status<\/strong>Pronto para usar assim que abrir a caixa.<\/p>\n<h2 data-v-md-heading=\"full-range-of-flavors\" data-v-md-line=\"18\">Full range of flavors<\/h2>\n<ul data-v-md-line=\"19\">\n<li>Batido de mirtilo&amp;Batido de p\u00eassego de ver\u00e3o<\/li>\n<li>Kiwi, maracuj\u00e1, rom\u00e3 e framboesa com mirtilo<\/li>\n<li>Batido de morango, kiwi e uva<\/li>\n<li>Kiwi, maracuj\u00e1, goiaba e ma\u00e7\u00e3 dupla<\/li>\n<li>Morango Melancia&amp;Lim\u00e3o Lima<\/li>\n<li>Mirtilos, framboesas, cerejas, batidos<\/li>\n<li>Morango Framboesa Cereja&amp;Mr. Blue<\/li>\n<li>P\u00eassego, Manga, Anan\u00e1s&amp;Red Bull<\/li>\n<li>Batido de melancia e mistura de frutos silvestres<\/li>\n<li>Strawberry Banana&amp;Love 66 (batido de mel\u00e3o e maracuj\u00e1)<\/li>\n<\/ul>\n<h2 data-v-md-heading=\"to-create-for-you-and-your-business\" data-v-md-line=\"30\">Para criar algo para voc\u00ea e para o seu neg\u00f3cio.<\/h2>\n<p data-v-md-line=\"31\">Pode escolher um dispositivo para utilizar para si ou para armazenar na sua loja. Se tenciona comprar a granel, a embalagem grossista \u00e9 de 10 unidades por caixa e 200 unidades por caixa. Fornecemos servi\u00e7os de entrega DDP atrav\u00e9s de parceiros de confian\u00e7a como a UPS, DPD e DHL, pelo que as tarifas podem ser processadas antecipadamente para evitar acidentes aduaneiros.<\/p>\n<p data-v-md-line=\"33\">Se necessitar de v\u00e1rias concentra\u00e7\u00f5es de nicotina, oferecemos produtos de nicotina em diferentes concentra\u00e7\u00f5es, tais como 0%, 2%, 3% e 5% \u00e0 sua escolha. As combina\u00e7\u00f5es claras de sabores e o design exterior consistente mant\u00eam as suas prateleiras arrumadas e satisfazem os seus clientes.<\/p>\n<h2 data-v-md-heading=\"why-do-you-like-it\" data-v-md-line=\"35\">Por que voc\u00ea gosta disso?<\/h2>\n<p data-v-md-line=\"36\"><strong>Fumar muito<\/strong>: Dur\u00e1vel e de longa dura\u00e7\u00e3o, n\u00e3o \u00e9 necess\u00e1rio comprar frequentemente novos cigarros.<br \/>\n<strong>Sele\u00e7\u00e3o de nicotina<\/strong>: Pode escolher a concentra\u00e7\u00e3o mais adequada para si.<br \/>\n<strong>Recarreg\u00e1vel<\/strong>significa que pode utilizar todos os e-l\u00edquidos comprados.<br \/>\n<strong>Bobinas de malha<\/strong>: proporcionar sempre uma experi\u00eancia consistente e deliciosa.<\/p>\n<h2 data-v-md-heading=\"why-collaborate-with-agoravape\" data-v-md-line=\"41\">Por que colaborar com a AgoraVape?<\/h2>\n<p data-v-md-line=\"42\">Apenas fornecemos produtos genu\u00ednos 100% de fontes fi\u00e1veis e somos respons\u00e1veis pelos produtos que vendemos. Para os clientes comerciais, isto significa pre\u00e7os grossistas com desconto, apoio ao cliente fi\u00e1vel e entrega DDP r\u00e1pida e fi\u00e1vel na Europa. Bem-vindo a discutir connosco o vape LED de duplo sabor UZY Crystal Twin 50K Puffs e a colocar nas suas prateleiras este produto popular, testado e comprovado.<\/p>","protected":false},"excerpt":{"rendered":"<p>&nbsp;<\/p>","protected":false},"featured_media":13194,"comment_status":"open","ping_status":"closed","template":"","meta":[],"product_brand":[207],"product_cat":[124,187,185,189,1637,194,195,174,175,193,191,134,173,186,180,190,192],"product_tag":[],"class_list":{"0":"post-13178","1":"product","2":"type-product","3":"status-publish","4":"has-post-thumbnail","6":"product_brand-uzy","7":"product_cat-vape-by-brand","8":"product_cat-0mg-nicotine-free-vapes","9":"product_cat-10000-puffs-high-capacity","10":"product_cat-20mg-standard-nicotine-vapes","11":"product_cat-30000-puffs","12":"product_cat-adjustable-airflow","13":"product_cat-dual-flavor-switch","14":"product_cat-fruit-flavors","15":"product_cat-icy-mint","16":"product_cat-mesh-coil","17":"product_cat-rechargeable-disposables","18":"product_cat-uzy","19":"product_cat-vape-by-flavor-profile","20":"product_cat-vape-by-nicotine-strength","21":"product_cat-vape-by-puff-count","22":"product_cat-vape-by-feature-or-type","23":"product_cat-vapes-with-screens","25":"first","26":"onbackorder","27":"shipping-taxable","28":"purchasable","29":"product-type-variable","30":"has-default-attributes"},"tiered_pricing_type":"percentage","tiered_pricing_fixed_rules":[],"tiered_pricing_product_settings":{"layout":"default","base_unit_name":{"singular":null,"plural":null},"default_variation":null},"tiered_pricing_minimum_quantity":10,"tiered_pricing_roles_data":[],"tiered_pricing_percentage_rules":{"30":"29","50":"35","100":"40","200":"44","500":"47","1000":"49"},"tiered_pricing_maximum_quantity":null,"tiered_pricing_quantity_step":"10","_links":{"self":[{"href":"https:\/\/agoravape.com\/pt\/wp-json\/wp\/v2\/product\/13178","targetHints":{"allow":["GET"]}}],"collection":[{"href":"https:\/\/agoravape.com\/pt\/wp-json\/wp\/v2\/product"}],"about":[{"href":"https:\/\/agoravape.com\/pt\/wp-json\/wp\/v2\/types\/product"}],"replies":[{"embeddable":true,"href":"https:\/\/agoravape.com\/pt\/wp-json\/wp\/v2\/comments?post=13178"}],"version-history":[{"count":0,"href":"https:\/\/agoravape.com\/pt\/wp-json\/wp\/v2\/product\/13178\/revisions"}],"wp:featuredmedia":[{"embeddable":true,"href":"https:\/\/agoravape.com\/pt\/wp-json\/wp\/v2\/media\/13194"}],"wp:attachment":[{"href":"https:\/\/agoravape.com\/pt\/wp-json\/wp\/v2\/media?parent=13178"}],"wp:term":[{"taxonomy":"product_brand","embeddable":true,"href":"https:\/\/agoravape.com\/pt\/wp-json\/wp\/v2\/product_brand?post=13178"},{"taxonomy":"product_cat","embeddable":true,"href":"https:\/\/agoravape.com\/pt\/wp-json\/wp\/v2\/product_cat?post=13178"},{"taxonomy":"product_tag","embeddable":true,"href":"https:\/\/agoravape.com\/pt\/wp-json\/wp\/v2\/product_tag?post=13178"}],"curies":[{"name":"wp","href":"https:\/\/api.w.org\/{rel}","templated":true}]}}