{"id":13204,"date":"2025-10-11T09:36:55","date_gmt":"2025-10-11T01:36:55","guid":{"rendered":"https:\/\/green-grasshopper-921422.hostingersite.com\/?post_type=product&#038;p=13204"},"modified":"2026-01-30T17:32:44","modified_gmt":"2026-01-30T09:32:44","slug":"uzy-crystal-4-em-1-100k-quad-flavor-vape","status":"publish","type":"product","link":"https:\/\/agoravape.com\/pt\/product\/uzy-crystal-4-in-1-100k-quad-flavor-vape\/","title":{"rendered":"UZY Crystal 4 em 1 100K Puffs | Quatro Sabores, Um Dispositivo Recarreg\u00e1vel"},"content":{"rendered":"<h2 data-v-md-heading=\"what-about-the-uzy-crystal-four-in-one-100000-mouth-four-flavored-vape\" data-v-md-line=\"3\"><img loading=\"lazy\" decoding=\"async\" class=\"aligncenter size-full wp-image-13226\" src=\"https:\/\/agoravape.com\/wp-content\/uploads\/2025\/10\/UZY-Crystal-4-in-1-100K-Puffs-Quad-Flavor-Vape_Agora_vape-11-scaled.webp\" alt=\"\" width=\"2560\" height=\"1424\" srcset=\"https:\/\/agoravape.com\/wp-content\/uploads\/2025\/10\/UZY-Crystal-4-in-1-100K-Puffs-Quad-Flavor-Vape_Agora_vape-11-scaled.webp 2560w, https:\/\/agoravape.com\/wp-content\/uploads\/2025\/10\/UZY-Crystal-4-in-1-100K-Puffs-Quad-Flavor-Vape_Agora_vape-11-scaled-1200x668.webp 1200w, https:\/\/agoravape.com\/wp-content\/uploads\/2025\/10\/UZY-Crystal-4-in-1-100K-Puffs-Quad-Flavor-Vape_Agora_vape-11-300x167.webp 300w, https:\/\/agoravape.com\/wp-content\/uploads\/2025\/10\/UZY-Crystal-4-in-1-100K-Puffs-Quad-Flavor-Vape_Agora_vape-11-1024x570.webp 1024w, https:\/\/agoravape.com\/wp-content\/uploads\/2025\/10\/UZY-Crystal-4-in-1-100K-Puffs-Quad-Flavor-Vape_Agora_vape-11-768x427.webp 768w, https:\/\/agoravape.com\/wp-content\/uploads\/2025\/10\/UZY-Crystal-4-in-1-100K-Puffs-Quad-Flavor-Vape_Agora_vape-11-1536x854.webp 1536w, https:\/\/agoravape.com\/wp-content\/uploads\/2025\/10\/UZY-Crystal-4-in-1-100K-Puffs-Quad-Flavor-Vape_Agora_vape-11-2048x1139.webp 2048w\" sizes=\"auto, (max-width: 2560px) 100vw, 2560px\" \/><\/h2>\n<h2 data-v-md-heading=\"what-about-the-uzy-crystal-four-in-one-100000-mouth-four-flavored-vape\" data-v-md-line=\"3\">E o UZY Crystal quatro em um 100000 vape com sabor a quatro bocas?<\/h2>\n<p data-v-md-line=\"4\">Se est\u00e1 farto de mudar de aparelho a cada poucos dias, este produto vai facilitar-lhe a vida. O UZY Crystal quatro em um tem uma capacidade de at\u00e9 100000 bocados e quatro sabores \u00fanicos, tudo embalado num dispositivo simples e cristalino. N\u00e3o precisa de se esfor\u00e7ar, basta escolher o pacote de sabores que se adequa \u00e0 sua disposi\u00e7\u00e3o.<\/p>\n<p data-v-md-line=\"6\">Se procura uma bateria de longa dura\u00e7\u00e3o, um sabor fi\u00e1vel e o desejo de mudar livremente de sabor sem ter de transportar um grande saco de e-l\u00edquido descart\u00e1vel, ent\u00e3o este produto \u00e9 a sua escolha ideal. Pode pensar que um vape com uma capacidade t\u00e3o grande seria volumoso, mas ficar\u00e1 surpreendido ao descobrir que pesa apenas cerca de 140 gramas e \u00e9 muito pr\u00e1tico de transportar.<\/p>\n<h2 data-v-md-heading=\"excellent-performance-easy-and-convenient\" data-v-md-line=\"8\">Excelente desempenho, f\u00e1cil e pr\u00e1tico<\/h2>\n<p data-v-md-line=\"9\">O n\u00facleo do dispositivo adopta uma bobina de malha qu\u00e1drupla (1,0 \u03a9) para garantir um sabor consistente desde a primeira at\u00e9 \u00e0 \u00faltima dentada. A capacidade de 56 ml de e-l\u00edquido emparelhada com uma bateria recarreg\u00e1vel de 650 mAh permite-lhe desfrutar de uma experi\u00eancia suave e agrad\u00e1vel. O ecr\u00e3 LED inteligente permite-lhe compreender facilmente os \u00faltimos desenvolvimentos num relance. Quando a bateria est\u00e1 fraca, pode utilizar o cabo de dados Tipo C que pode ter sido utilizado no seu telem\u00f3vel para a carregar. Basta dar uma passa para ativar. F\u00e1cil de utilizar.<\/p>\n<h2 data-v-md-heading=\"specification-overview\" data-v-md-line=\"11\">Vis\u00e3o geral das especifica\u00e7\u00f5es<\/h2>\n<ul data-v-md-line=\"12\">\n<li>Frequ\u00eancia de suc\u00e7\u00e3o: at\u00e9 100.000 vezes<\/li>\n<li>Teor de nicotina: 0%, 2%, 3%, 5% (a oferta espec\u00edfica pode variar consoante a regi\u00e3o)<\/li>\n<li>Princ\u00edpio de funcionamento: Ativa-se com apenas uma tragada.<\/li>\n<li>M\u00e9todo de carregamento: Interface USB Tipo-C padr\u00e3o<\/li>\n<li>Status: Pronto para usar assim que sai da caixa<\/li>\n<\/ul>\n<h2 data-v-md-heading=\"multiple-flavor-options\" data-v-md-line=\"18\">Diversas op\u00e7\u00f5es de sabor<\/h2>\n<p data-v-md-line=\"19\">10 sabores \u00e0 escolha. Cada dispositivo cont\u00e9m quatro sabores:<\/p>\n<ul data-v-md-line=\"20\">\n<li>Conjunto 1: Melancia com morango, batido de mirtilo, cereja com framboesa e mirtilo, batido de cereja com g\u00e1s<\/li>\n<li>Conjunto 2: Batido de p\u00eassego, cereja de mirtilo, bebida energ\u00e9tica, lichia de melancia<\/li>\n<li>Conjunto 3: Batido de mirtilo, banana com morango, ma\u00e7\u00e3s duplas, rebu\u00e7ados arco-\u00edris<\/li>\n<li>Conjunto 4: Batido de cereja, batido de uva, manga de maracuj\u00e1, cora\u00e7\u00e3o 66<\/li>\n<li>Conjunto 5: Batido de mirtilo, manga, p\u00eassego, alperce, kiwi, maracuj\u00e1, goiaba, p\u00eassego branco, framboesa<\/li>\n<li>Conjunto 6: Pastilha el\u00e1stica de p\u00eassego, manga, anan\u00e1s, mirtilo, framboesa, lim\u00e3o, lima, melancia<\/li>\n<li>Conjunto 7: Bagas mistas, maracuj\u00e1, kiwi, lima, uva com arando, morango, kiwi<\/li>\n<li>Conjunto 8: Batido de morango, ursinho de goma, drag\u00e3o de melancia, kiwi de mirtilo<\/li>\n<li>Conjunto 9: Batido de melancia, cereja de mirtilo, sabor a p\u00eassego azedo de melancia, sabor a maracuj\u00e1, sabor a frutos ex\u00f3ticos<\/li>\n<li>Conjunto de dez pe\u00e7as: Sabor a morango e manga, Sabor a Mr. Blue, Sabor a p\u00eassego de ver\u00e3o e Sabor a gelo preto<\/li>\n<\/ul>\n<h2 data-v-md-heading=\"for-you-and-for-your-business-as-well\" data-v-md-line=\"31\">Para voc\u00ea e para o seu neg\u00f3cio tamb\u00e9m.<\/h2>\n<p data-v-md-line=\"32\">Quer comprar para si? Pode comprar separadamente para desfrutar de uma bateria de longa dura\u00e7\u00e3o e de um carregamento c\u00f3modo. Se estiver mais interessado em fazer um stock para a sua loja, estamos prontos para vender por grosso.<\/p>\n<p data-v-md-line=\"34\">Os compradores comerciais podem encomendar 10 unidades por caixa, com 120 unidades por caixa e um peso bruto de 18 quilogramas por caixa. Fornecemos servi\u00e7os de entrega DDP atrav\u00e9s de parceiros de confian\u00e7a, como a UPS, a DPD e a DHL, para garantir uma entrega sem problemas na UE ou no Reino Unido e evitar acidentes aduaneiros.<\/p>\n<h2 data-v-md-heading=\"why-do-you-like-it\" data-v-md-line=\"36\">Por que voc\u00ea gosta disso?<\/h2>\n<ul data-v-md-line=\"37\">\n<li>Fumar em grande quantidade: Dur\u00e1vel e de longa dura\u00e7\u00e3o, n\u00e3o \u00e9 necess\u00e1rio comprar frequentemente novos cigarros.<\/li>\n<li>Sele\u00e7\u00e3o de nicotina: Escolha a concentra\u00e7\u00e3o que mais lhe conv\u00e9m.<\/li>\n<li>Recarreg\u00e1vel: Utiliza todo o e-l\u00edquido que pagou.<\/li>\n<li>Bobina de malha: Com uma estrutura de malha qu\u00e1drupla, mant\u00e9m um sabor consistente e agrad\u00e1vel.<\/li>\n<li>Quatro em um: Pode mudar de sabor sem mudar de dispositivo.<\/li>\n<li>Ecr\u00e3 LED inteligente: estado pr\u00e1tico e claro num relance.<\/li>\n<\/ul>\n<h2 data-v-md-heading=\"why-collaborate-with-agoravape\" data-v-md-line=\"44\">Por que colaborar com a AgoraVape?<\/h2>\n<p data-v-md-line=\"45\">Vendemos apenas equipamento genu\u00edno 100%, o que significa um invent\u00e1rio fi\u00e1vel e clientes satisfeitos. UZY Crystal quatro em um 100000 puffs de quatro vapes com sabor, voc\u00ea pode desfrutar de pre\u00e7os de atacado com desconto, servi\u00e7o p\u00f3s-venda r\u00e1pido e entrega r\u00e1pida de pagamento de impostos. Bem-vindo a contactar-nos e criar os seus produtos de clientes que regressam.<\/p>\n<p data-v-md-line=\"47\">Nota: A concentra\u00e7\u00e3o de nicotina e a disponibilidade do produto podem variar consoante o pa\u00eds\/regi\u00e3o. Verificar a regulamenta\u00e7\u00e3o local antes de efetuar uma encomenda.<\/p>\n<p data-v-md-line=\"47\"><img loading=\"lazy\" decoding=\"async\" class=\"aligncenter size-full wp-image-13227\" src=\"https:\/\/agoravape.com\/wp-content\/uploads\/2025\/10\/UZY-Crystal-4-in-1-100K-Puffs-Quad-Flavor-Vape_Agora_vape-12-scaled.webp\" alt=\"\" width=\"2560\" height=\"2560\" srcset=\"https:\/\/agoravape.com\/wp-content\/uploads\/2025\/10\/UZY-Crystal-4-in-1-100K-Puffs-Quad-Flavor-Vape_Agora_vape-12-scaled.webp 2560w, https:\/\/agoravape.com\/wp-content\/uploads\/2025\/10\/UZY-Crystal-4-in-1-100K-Puffs-Quad-Flavor-Vape_Agora_vape-12-scaled-600x600.webp 600w, https:\/\/agoravape.com\/wp-content\/uploads\/2025\/10\/UZY-Crystal-4-in-1-100K-Puffs-Quad-Flavor-Vape_Agora_vape-12-scaled-1200x1200.webp 1200w, https:\/\/agoravape.com\/wp-content\/uploads\/2025\/10\/UZY-Crystal-4-in-1-100K-Puffs-Quad-Flavor-Vape_Agora_vape-12-300x300.webp 300w, https:\/\/agoravape.com\/wp-content\/uploads\/2025\/10\/UZY-Crystal-4-in-1-100K-Puffs-Quad-Flavor-Vape_Agora_vape-12-1024x1024.webp 1024w, https:\/\/agoravape.com\/wp-content\/uploads\/2025\/10\/UZY-Crystal-4-in-1-100K-Puffs-Quad-Flavor-Vape_Agora_vape-12-150x150.webp 150w, https:\/\/agoravape.com\/wp-content\/uploads\/2025\/10\/UZY-Crystal-4-in-1-100K-Puffs-Quad-Flavor-Vape_Agora_vape-12-768x768.webp 768w, https:\/\/agoravape.com\/wp-content\/uploads\/2025\/10\/UZY-Crystal-4-in-1-100K-Puffs-Quad-Flavor-Vape_Agora_vape-12-1536x1536.webp 1536w, https:\/\/agoravape.com\/wp-content\/uploads\/2025\/10\/UZY-Crystal-4-in-1-100K-Puffs-Quad-Flavor-Vape_Agora_vape-12-2048x2048.webp 2048w\" sizes=\"auto, (max-width: 2560px) 100vw, 2560px\" \/><\/p>","protected":false},"excerpt":{"rendered":"<p>&nbsp;<\/p>\n<p><script src=\"chrome-extension:\/\/fpelahbljekknahkcaegamhcndkfpfnc\/iFrame.js\" type=\"text\/javascript\"><\/script><\/p>\n<p><script src=\"chrome-extension:\/\/fpelahbljekknahkcaegamhcndkfpfnc\/iFrame.js\" type=\"text\/javascript\"><\/script><\/p>\n<p><script src=\"chrome-extension:\/\/fpelahbljekknahkcaegamhcndkfpfnc\/iFrame.js\" type=\"text\/javascript\"><\/script><\/p>","protected":false},"featured_media":13225,"comment_status":"open","ping_status":"closed","template":"","meta":[],"product_brand":[207],"product_cat":[124,187,185,189,176,177,195,174,175,193,191,134,173,186,180,190,192],"product_tag":[],"class_list":{"0":"post-13204","1":"product","2":"type-product","3":"status-publish","4":"has-post-thumbnail","6":"product_brand-uzy","7":"product_cat-vape-by-brand","8":"product_cat-0mg-nicotine-free-vapes","9":"product_cat-10000-puffs-high-capacity","10":"product_cat-20mg-standard-nicotine-vapes","11":"product_cat-beverage","12":"product_cat-dessert-sweets","13":"product_cat-dual-flavor-switch","14":"product_cat-fruit-flavors","15":"product_cat-icy-mint","16":"product_cat-mesh-coil","17":"product_cat-rechargeable-disposables","18":"product_cat-uzy","19":"product_cat-vape-by-flavor-profile","20":"product_cat-vape-by-nicotine-strength","21":"product_cat-vape-by-puff-count","22":"product_cat-vape-by-feature-or-type","23":"product_cat-vapes-with-screens","25":"first","26":"instock","27":"shipping-taxable","28":"purchasable","29":"product-type-variable","30":"has-default-attributes"},"tiered_pricing_type":"percentage","tiered_pricing_fixed_rules":[],"tiered_pricing_product_settings":{"layout":"default","base_unit_name":{"singular":null,"plural":null},"default_variation":null},"tiered_pricing_minimum_quantity":10,"tiered_pricing_roles_data":[],"tiered_pricing_percentage_rules":{"30":"29","50":"35","100":"40","200":"44","500":"47","1000":"49"},"tiered_pricing_maximum_quantity":null,"tiered_pricing_quantity_step":"10","_links":{"self":[{"href":"https:\/\/agoravape.com\/pt\/wp-json\/wp\/v2\/product\/13204","targetHints":{"allow":["GET"]}}],"collection":[{"href":"https:\/\/agoravape.com\/pt\/wp-json\/wp\/v2\/product"}],"about":[{"href":"https:\/\/agoravape.com\/pt\/wp-json\/wp\/v2\/types\/product"}],"replies":[{"embeddable":true,"href":"https:\/\/agoravape.com\/pt\/wp-json\/wp\/v2\/comments?post=13204"}],"version-history":[{"count":0,"href":"https:\/\/agoravape.com\/pt\/wp-json\/wp\/v2\/product\/13204\/revisions"}],"wp:featuredmedia":[{"embeddable":true,"href":"https:\/\/agoravape.com\/pt\/wp-json\/wp\/v2\/media\/13225"}],"wp:attachment":[{"href":"https:\/\/agoravape.com\/pt\/wp-json\/wp\/v2\/media?parent=13204"}],"wp:term":[{"taxonomy":"product_brand","embeddable":true,"href":"https:\/\/agoravape.com\/pt\/wp-json\/wp\/v2\/product_brand?post=13204"},{"taxonomy":"product_cat","embeddable":true,"href":"https:\/\/agoravape.com\/pt\/wp-json\/wp\/v2\/product_cat?post=13204"},{"taxonomy":"product_tag","embeddable":true,"href":"https:\/\/agoravape.com\/pt\/wp-json\/wp\/v2\/product_tag?post=13204"}],"curies":[{"name":"wp","href":"https:\/\/api.w.org\/{rel}","templated":true}]}}