{"id":13280,"date":"2025-10-11T13:19:38","date_gmt":"2025-10-11T05:19:38","guid":{"rendered":"https:\/\/green-grasshopper-921422.hostingersite.com\/?post_type=product&#038;p=13280"},"modified":"2026-01-13T01:12:14","modified_gmt":"2026-01-12T17:12:14","slug":"sfog-vopk-tripe-60k-puffs-3-em-1-vape","status":"publish","type":"product","link":"https:\/\/agoravape.com\/pt\/product\/sfog-vopk-tripe-60k-puffs-3-in-1-vape\/","title":{"rendered":"SFOG VOPK Tripe 60K Puffs 3 em 1 Flavor Vape | Sabores triplos, mudan\u00e7a f\u00e1cil, utiliza\u00e7\u00e3o duradoura"},"content":{"rendered":"<h2 data-v-md-heading=\"what-is-the-charm-of-using-sfog-vopk-tripe-60k-three-in-one-vape\" data-v-md-line=\"3\"><img loading=\"lazy\" decoding=\"async\" class=\"aligncenter size-full wp-image-13304\" src=\"https:\/\/agoravape.com\/wp-content\/uploads\/2025\/10\/SFOG-VOPK-Tripe-60K-Puffs-3-in-1-Flavor-Vape_Agora_vape-11-scaled.webp\" alt=\"\" width=\"2560\" height=\"1707\" srcset=\"https:\/\/agoravape.com\/wp-content\/uploads\/2025\/10\/SFOG-VOPK-Tripe-60K-Puffs-3-in-1-Flavor-Vape_Agora_vape-11-scaled.webp 2560w, https:\/\/agoravape.com\/wp-content\/uploads\/2025\/10\/SFOG-VOPK-Tripe-60K-Puffs-3-in-1-Flavor-Vape_Agora_vape-11-scaled-1200x800.webp 1200w, https:\/\/agoravape.com\/wp-content\/uploads\/2025\/10\/SFOG-VOPK-Tripe-60K-Puffs-3-in-1-Flavor-Vape_Agora_vape-11-300x200.webp 300w, https:\/\/agoravape.com\/wp-content\/uploads\/2025\/10\/SFOG-VOPK-Tripe-60K-Puffs-3-in-1-Flavor-Vape_Agora_vape-11-1024x683.webp 1024w, https:\/\/agoravape.com\/wp-content\/uploads\/2025\/10\/SFOG-VOPK-Tripe-60K-Puffs-3-in-1-Flavor-Vape_Agora_vape-11-768x512.webp 768w, https:\/\/agoravape.com\/wp-content\/uploads\/2025\/10\/SFOG-VOPK-Tripe-60K-Puffs-3-in-1-Flavor-Vape_Agora_vape-11-1536x1024.webp 1536w, https:\/\/agoravape.com\/wp-content\/uploads\/2025\/10\/SFOG-VOPK-Tripe-60K-Puffs-3-in-1-Flavor-Vape_Agora_vape-11-2048x1365.webp 2048w\" sizes=\"auto, (max-width: 2560px) 100vw, 2560px\" \/><\/h2>\n<h2 data-v-md-heading=\"what-is-the-charm-of-using-sfog-vopk-tripe-60k-three-in-one-vape\" data-v-md-line=\"3\">Qual \u00e9 o encanto de usar o SFOG VOPK Tripe 60K tr\u00eas em um vape?<\/h2>\n<p data-v-md-line=\"4\">Se est\u00e1 cansado dos vapes descart\u00e1veis, que se esgotam rapidamente, ou se sente aborrecido ap\u00f3s um dia de utiliza\u00e7\u00e3o, ent\u00e3o este produto vai mudar tudo. O SFOG VOPK Tripe pode conter at\u00e9 60000 baforadas num s\u00f3 dispositivo e oferece tr\u00eas sabores diferentes. Pode mudar de sabor em qualquer altura, sem ter de mudar de cartucho ou transportar cartuchos sobresselentes.<\/p>\n<p data-v-md-line=\"6\">Se pretende um vape fi\u00e1vel, delicioso e sem preocupa\u00e7\u00f5es, ent\u00e3o esta \u00e9 a sua escolha ideal. Quer se trate de trabalhadores pendulares, entusiastas de festivais de m\u00fasica ou entusiastas de turnos noturnos, qualquer pessoa que procure uma bateria de longa dura\u00e7\u00e3o, facilidade de utiliza\u00e7\u00e3o e uma variedade de op\u00e7\u00f5es no bolso pode optar por ele. Pode pensar-se que um dispositivo de 60000 bocas \u00e9 complicado, mas o Tripe torna-o f\u00e1cil e c\u00f3modo ao levantar e rodar rapidamente o interrutor de sabor.<\/p>\n<h2 data-v-md-heading=\"excellent-performance-easy-and-convenient\" data-v-md-line=\"8\">Excelente desempenho, f\u00e1cil e pr\u00e1tico<\/h2>\n<p data-v-md-line=\"9\">Tr\u00eas bobinas de malha de 0,9 \u03a9 s\u00e3o utilizadas em conjunto com um atomizador independente para manter a pureza e a for\u00e7a de cada sabor. Esta estrutura de malha torna cada suc\u00e7\u00e3o t\u00e3o deliciosa como o primeiro sabor. O ecr\u00e3 duplo pode mostrar o n\u00edvel da bateria e a quantidade de e-l\u00edquido para cada sabor, permitindo-lhe saber o n\u00edvel atual da bateria em qualquer altura. Quando a bateria est\u00e1 fraca, pode utilizar o cabo de dados Tipo C padr\u00e3o que j\u00e1 pode ter para a carregar. \u00c9 simples.<\/p>\n<h2 data-v-md-heading=\"specification-overview\" data-v-md-line=\"11\">Vis\u00e3o geral das especifica\u00e7\u00f5es<\/h2>\n<ul data-v-md-line=\"12\">\n<li>Frequ\u00eancia de suc\u00e7\u00e3o: at\u00e9 60.000 vezes<\/li>\n<li>Nicotina: As op\u00e7\u00f5es variam consoante a regi\u00e3o; por favor, verifique as concentra\u00e7\u00f5es dispon\u00edveis no momento da compra ou consulte a nossa equipa<\/li>\n<li>Princ\u00edpio de funcionamento: Ativado por inala\u00e7\u00e3o<\/li>\n<li>Charging: Standard Type-C USB interface<\/li>\n<li>Status: Pronto para usar assim que sai da caixa<\/li>\n<\/ul>\n<p data-v-md-line=\"18\">Outros pormenores:<\/p>\n<ul data-v-md-line=\"19\">\n<li>Capacidade de E-l\u00edquido: 54 mililitros no total<\/li>\n<li>Bateria: bateria recarreg\u00e1vel de 650 mAh<\/li>\n<li>Bobina: 0,9 \u03a9 \u00d7 3 bobinas de malha<\/li>\n<li>Comuta\u00e7\u00e3o de sabores: Levantar e rodar o seletor<\/li>\n<li>Ecr\u00e3 de visualiza\u00e7\u00e3o: ecr\u00e3 duplo com indica\u00e7\u00e3o do n\u00edvel da bateria e do n\u00edvel do dep\u00f3sito de combust\u00edvel independente<\/li>\n<\/ul>\n<h2 data-v-md-heading=\"full-range-of-flavors\" data-v-md-line=\"25\">Full range of flavors<\/h2>\n<p data-v-md-line=\"26\">Cada op\u00e7\u00e3o cont\u00e9m tr\u00eas sabores:<\/p>\n<ul data-v-md-line=\"27\">\n<li>Sorvete de Melancia\/Sorvete Triplo de Mel\u00e3o\/Sorvete de Morango<\/li>\n<li>Morango, Banana\/Framboesa, Melancia\/Abacaxi, Coco<\/li>\n<li>P\u00eassego com Frutas Vermelhas\/Sorvete de Mirtilo\/Melancia com P\u00eassego e Manga<\/li>\n<li>Sorvete de Abacaxi Azedo\/Morango Red Bull\/Groselha Preta<\/li>\n<li>Kiwi Maracuj\u00e1\/Morango Cereja\/Amor 66<\/li>\n<li>Sorvete de Ma\u00e7\u00e3 Duplo\/Frutas Tropicais\/Chiclete de Morango e Melancia<\/li>\n<li>Red Bull sabor uva gelada\/morango kiwi\/melancia<\/li>\n<li>Morango e melancia\/mirtilo e framboesa\/lim\u00e3o<\/li>\n<li>Banana Abacaxi\/Red Bull Ice\/Morango Manga<\/li>\n<li>Balas de goma em formato de ursinho de pel\u00facia\/refrigerante de cola com morango e baunilha\/marshmallows de mirtilo<\/li>\n<\/ul>\n<h2 data-v-md-heading=\"for-you-and-for-your-business-as-well\" data-v-md-line=\"38\">Para voc\u00ea e para o seu neg\u00f3cio tamb\u00e9m.<\/h2>\n<p data-v-md-line=\"39\">Pode comprar um artigo separado para uso pessoal ou fazer um stock para a sua loja. Cada caixa de venda por grosso cont\u00e9m 10 unidades. Cada caixa cont\u00e9m 160 unidades, com um peso bruto de 21 quilogramas e um tamanho de caixa de cart\u00e3o de 508 \u00d7 413 \u00d7 273 mil\u00edmetros. Isto torna mais pr\u00e1tico o planeamento do espa\u00e7o nas prateleiras e o transporte.<\/p>\n<p data-v-md-line=\"41\">Fornecemos servi\u00e7os DDP ap\u00f3s o pagamento de impostos atrav\u00e9s de parceiros de confian\u00e7a, como a UPS, DPD e DHL, e podemos efetuar envios para toda a Europa. Pode desfrutar de uma entrega r\u00e1pida e evitar acidentes aduaneiros.<\/p>\n<h2 data-v-md-heading=\"why-do-you-like-it\" data-v-md-line=\"43\">Por que voc\u00ea gosta disso?<\/h2>\n<ul data-v-md-line=\"44\">\n<li>Capacidade ultra grande: at\u00e9 60K de capacidade significa menos tempo de recarga e menos visitas \u00e0 loja.<\/li>\n<li>Tr\u00eas sabores para alternar livremente: Pode mudar de sabor em segundos, para n\u00e3o sentir fadiga gustativa.<\/li>\n<li>Design recarreg\u00e1vel pr\u00e1tico: O carregamento tipo C permite-lhe acabar com cada gota de e-l\u00edquido.<\/li>\n<li>A consist\u00eancia da bobina de malha: desde a primeira dentada at\u00e9 \u00e0 \u00faltima, pode proporcionar uma suc\u00e7\u00e3o suave e um sabor est\u00e1vel.<\/li>\n<\/ul>\n<h2 data-v-md-heading=\"why-choose-agoravape\" data-v-md-line=\"49\">Por que escolher a AgoraVape?<\/h2>\n<p data-v-md-line=\"50\">Adquirimos produtos genu\u00ednos 100% e fornecemos garantias para os mesmos. Os compradores corporativos que compram SFOG VOPK Tripe 60K capacidade tr\u00eas em um vapes podem desfrutar de pre\u00e7os de atacado com desconto, suporte ao cliente responsivo e servi\u00e7os de entrega r\u00e1pidos e confi\u00e1veis na UE. Bem-vindo a contactar-nos para saber como criar um dispositivo que valha a pena comprar de volta para os seus clientes.<\/p>","protected":false},"excerpt":{"rendered":"<p>&nbsp;<\/p>\n<p><script src=\"chrome-extension:\/\/fpelahbljekknahkcaegamhcndkfpfnc\/iFrame.js\" type=\"text\/javascript\"><\/script><\/p>\n<p><script src=\"chrome-extension:\/\/fpelahbljekknahkcaegamhcndkfpfnc\/iFrame.js\" type=\"text\/javascript\"><\/script><\/p>\n<p><script src=\"chrome-extension:\/\/fpelahbljekknahkcaegamhcndkfpfnc\/iFrame.js\" type=\"text\/javascript\"><\/script><\/p>\n<p><script src=\"chrome-extension:\/\/fpelahbljekknahkcaegamhcndkfpfnc\/iFrame.js\" type=\"text\/javascript\"><\/script><\/p>","protected":false},"featured_media":13294,"comment_status":"open","ping_status":"closed","template":"","meta":[],"product_brand":[208],"product_cat":[124,185,189,1642,176,177,195,174,175,193,191,135,173,186,180,190,192],"product_tag":[],"class_list":{"0":"post-13280","1":"product","2":"type-product","3":"status-publish","4":"has-post-thumbnail","6":"product_brand-sfog","7":"product_cat-vape-by-brand","8":"product_cat-10000-puffs-high-capacity","9":"product_cat-20mg-standard-nicotine-vapes","10":"product_cat-60000-puffs","11":"product_cat-beverage","12":"product_cat-dessert-sweets","13":"product_cat-dual-flavor-switch","14":"product_cat-fruit-flavors","15":"product_cat-icy-mint","16":"product_cat-mesh-coil","17":"product_cat-rechargeable-disposables","18":"product_cat-sfog","19":"product_cat-vape-by-flavor-profile","20":"product_cat-vape-by-nicotine-strength","21":"product_cat-vape-by-puff-count","22":"product_cat-vape-by-feature-or-type","23":"product_cat-vapes-with-screens","25":"first","26":"instock","27":"shipping-taxable","28":"purchasable","29":"product-type-variable","30":"has-default-attributes"},"tiered_pricing_type":"percentage","tiered_pricing_fixed_rules":[],"tiered_pricing_product_settings":{"layout":"default","base_unit_name":{"singular":null,"plural":null},"default_variation":null},"tiered_pricing_minimum_quantity":10,"tiered_pricing_roles_data":[],"tiered_pricing_percentage_rules":{"30":"29","50":"35","100":"40","200":"44","500":"47","1000":"49"},"tiered_pricing_maximum_quantity":null,"tiered_pricing_quantity_step":"10","_links":{"self":[{"href":"https:\/\/agoravape.com\/pt\/wp-json\/wp\/v2\/product\/13280","targetHints":{"allow":["GET"]}}],"collection":[{"href":"https:\/\/agoravape.com\/pt\/wp-json\/wp\/v2\/product"}],"about":[{"href":"https:\/\/agoravape.com\/pt\/wp-json\/wp\/v2\/types\/product"}],"replies":[{"embeddable":true,"href":"https:\/\/agoravape.com\/pt\/wp-json\/wp\/v2\/comments?post=13280"}],"version-history":[{"count":0,"href":"https:\/\/agoravape.com\/pt\/wp-json\/wp\/v2\/product\/13280\/revisions"}],"wp:featuredmedia":[{"embeddable":true,"href":"https:\/\/agoravape.com\/pt\/wp-json\/wp\/v2\/media\/13294"}],"wp:attachment":[{"href":"https:\/\/agoravape.com\/pt\/wp-json\/wp\/v2\/media?parent=13280"}],"wp:term":[{"taxonomy":"product_brand","embeddable":true,"href":"https:\/\/agoravape.com\/pt\/wp-json\/wp\/v2\/product_brand?post=13280"},{"taxonomy":"product_cat","embeddable":true,"href":"https:\/\/agoravape.com\/pt\/wp-json\/wp\/v2\/product_cat?post=13280"},{"taxonomy":"product_tag","embeddable":true,"href":"https:\/\/agoravape.com\/pt\/wp-json\/wp\/v2\/product_tag?post=13280"}],"curies":[{"name":"wp","href":"https:\/\/api.w.org\/{rel}","templated":true}]}}