{"id":13355,"date":"2025-10-11T15:06:44","date_gmt":"2025-10-11T07:06:44","guid":{"rendered":"https:\/\/green-grasshopper-921422.hostingersite.com\/?post_type=product&#038;p=13355"},"modified":"2026-01-13T01:10:28","modified_gmt":"2026-01-12T17:10:28","slug":"sfog-gazzbar-ice-god-50k-puffs-vape","status":"publish","type":"product","link":"https:\/\/agoravape.com\/pt\/product\/sfog-gazzbar-ice-god-50k-puffs-vape\/","title":{"rendered":"SFOG Gazzbar Ice God 50K Puffs Ajust\u00e1vel Ice Vape | Arrefecimento personalizado com grande poder de perman\u00eancia"},"content":{"rendered":"<h2 data-v-md-heading=\"what-is-the-sfog-gazzbar-ice-god-50k-suction-adjustable-ice-atomizer-like\" data-v-md-line=\"3\">Como \u00e9 o atomizador de gelo ajust\u00e1vel por suc\u00e7\u00e3o SFOG Gazzbar Ice God 50K?<\/h2>\n<p data-v-md-line=\"4\">Se est\u00e1 cansado do l\u00edquido eletr\u00f3nico descart\u00e1vel usado a meio da semana, ent\u00e3o vale a pena comprar este produto. O SFOG Gazzbar Ice God foi concebido para uma utiliza\u00e7\u00e3o a longo prazo, com uma capacidade m\u00e1xima de suc\u00e7\u00e3o de 50000 baforadas. O design simples de \u201csuc\u00e7\u00e3o e suc\u00e7\u00e3o\u201d torna tudo mais f\u00e1cil e c\u00f3modo.<\/p>\n<p data-v-md-line=\"6\">\u00c9 adequada para quem pretende um sabor est\u00e1vel e um controlo preciso do gelo. Pode ajustar o grau de gelo atrav\u00e9s de cinco n\u00edveis de \u201cgrau de gelo\u201d, desde uma brisa suave a ondas de frio, tudo est\u00e1 dispon\u00edvel. Sem necessidade de menus, sem necessidade de opera\u00e7\u00f5es aborrecidas. Basta definir de acordo com as suas prefer\u00eancias e desfrutar.<\/p>\n<h2 data-v-md-heading=\"excellent-performance-easy-and-convenient\" data-v-md-line=\"8\">Excelente desempenho, f\u00e1cil e pr\u00e1tico<\/h2>\n<p data-v-md-line=\"9\">A bobina de malha tripla garante um sabor consistente desde a primeira at\u00e9 \u00e0 \u00faltima dentada. A bobina de malha \u00e9 aquecida uniformemente, com um sabor puro e agrad\u00e1vel. Quando a bateria estiver fraca, basta ligar o cabo de dados tipo C e utilizar o cabo de carregamento do telem\u00f3vel para carregar. Simples e r\u00e1pido, sem necessidade de procurar um carregador espec\u00edfico.<\/p>\n<h2 data-v-md-heading=\"specification-introduction\" data-v-md-line=\"11\">Introdu\u00e7\u00e3o \u00e0 especifica\u00e7\u00e3o<\/h2>\n<ul data-v-md-line=\"12\">\n<li>Frequ\u00eancia de suc\u00e7\u00e3o: at\u00e9 50.000 vezes<\/li>\n<li>Concentra\u00e7\u00e3o de nicotina: 5% (o fornecimento pode variar em diferentes pa\u00edses\/regi\u00f5es para cumprir os regulamentos locais)<\/li>\n<li>Princ\u00edpio de funcionamento: Ativado por inala\u00e7\u00e3o<\/li>\n<li>Carregamento: Porta USB tipo C, recarreg\u00e1vel<\/li>\n<li>Capacidade do e-l\u00edquido: 30 mililitros<\/li>\n<li>Bateria: 850mAh<\/li>\n<li>N\u00facleo de atomiza\u00e7\u00e3o: Grelha tripla 1.0 \u03a9<\/li>\n<li>Controlo de arrefecimento: Cinco n\u00edveis ajust\u00e1veis de \u201cponto de congela\u00e7\u00e3o\u201d<\/li>\n<li>Material: Liga e PCTG<\/li>\n<li>Estado: Pronto para usar assim que abrir a caixa.<\/li>\n<\/ul>\n<h2 data-v-md-heading=\"for-you-and-your-business\" data-v-md-line=\"23\">Para voc\u00ea e sua empresa<\/h2>\n<p data-v-md-line=\"24\">Pode escolher SFOG Gazzbar Ice God 50K para uso pessoal ou guard\u00e1-lo na sua loja. Fornecemos produtos aut\u00eanticos e apoiamos encomendas por grosso, oferecendo op\u00e7\u00f5es de caixas transparentes. Bem-vindo a informar-se sobre o tamanho e o pre\u00e7o actuais dos ma\u00e7os de cigarros.<\/p>\n<p data-v-md-line=\"26\">Fornecemos servi\u00e7os de entrega DDP na Europa atrav\u00e9s da UPS, DPD e DHL, pelo que as tarifas podem ser processadas antecipadamente para evitar quaisquer incidentes inesperados na alf\u00e2ndega. O envio r\u00e1pido e o seguimento preciso garantem a conclus\u00e3o sem problemas da sua encomenda.<\/p>\n<h2 data-v-md-heading=\"why-do-you-like-it\" data-v-md-line=\"28\">Por que voc\u00ea gosta disso?<\/h2>\n<ul data-v-md-line=\"29\">\n<li>Grande capacidade de suc\u00e7\u00e3o: maior tempo de suc\u00e7\u00e3o, portanto menor frequ\u00eancia de compra.<\/li>\n<li>Cubos de gelo ajust\u00e1veis: podem ser ajustados de ligeiramente frios a refrescantes.<\/li>\n<li>Recarreg\u00e1vel: Utiliza todo o e-l\u00edquido que pagaste.<\/li>\n<li>N\u00facleo de atomiza\u00e7\u00e3o em malha: Cada suc\u00e7\u00e3o resulta numa textura suave e consistente.<\/li>\n<li>Grande capacidade: 30 mililitros, dur\u00e1vel e de longa dura\u00e7\u00e3o.<\/li>\n<li>Interface tipo C, carregamento c\u00f3modo: f\u00e1cil de carregar com os cabos do dia a dia.<\/li>\n<\/ul>\n<h2 data-v-md-heading=\"why-collaborate-with-agoravape\" data-v-md-line=\"36\">Por que colaborar com a AgoraVape?<\/h2>\n<p data-v-md-line=\"37\">N\u00f3s s\u00f3 vendemos produtos genu\u00ednos 100% e n\u00e3o temos d\u00favidas sobre isso. Para os compradores comerciais, isso significa pre\u00e7os justos por atacado, servi\u00e7o atencioso e entrega r\u00e1pida de DDP de SFOG Gazzbar Ice God 50K vapes de bloco de gelo ajust\u00e1vel. Contacte-nos para armazenar um dispositivo que vale a pena recomprar para o seu cliente.<\/p>\n<p data-v-md-line=\"39\">Aviso de conformidade: O fornecimento do produto e a concentra\u00e7\u00e3o de nicotina podem variar consoante o pa\u00eds\/regi\u00e3o, de modo a cumprir os regulamentos locais e da UE. Se n\u00e3o tiver a certeza sobre os regulamentos do seu mercado, consulte a nossa equipa e fornecer-lhe-emos orienta\u00e7\u00f5es.<\/p>","protected":false},"excerpt":{"rendered":"<p>Como \u00e9 o atomizador de gelo ajust\u00e1vel por suc\u00e7\u00e3o SFOG Gazzbar Ice God 50K? Se est\u00e1 farto dos e-l\u00edquidos descart\u00e1veis usados<\/p>","protected":false},"featured_media":13351,"comment_status":"open","ping_status":"closed","template":"","meta":[],"product_brand":[208],"product_cat":[124,185,1641,194,176,177,174,175,193,191,135,173,186,180,190],"product_tag":[],"class_list":{"0":"post-13355","1":"product","2":"type-product","3":"status-publish","4":"has-post-thumbnail","6":"product_brand-sfog","7":"product_cat-vape-by-brand","8":"product_cat-10000-puffs-high-capacity","9":"product_cat-50000-puffs","10":"product_cat-adjustable-airflow","11":"product_cat-beverage","12":"product_cat-dessert-sweets","13":"product_cat-fruit-flavors","14":"product_cat-icy-mint","15":"product_cat-mesh-coil","16":"product_cat-rechargeable-disposables","17":"product_cat-sfog","18":"product_cat-vape-by-flavor-profile","19":"product_cat-vape-by-nicotine-strength","20":"product_cat-vape-by-puff-count","21":"product_cat-vape-by-feature-or-type","23":"first","24":"instock","25":"shipping-taxable","26":"purchasable","27":"product-type-variable","28":"has-default-attributes"},"tiered_pricing_type":"percentage","tiered_pricing_fixed_rules":[],"tiered_pricing_product_settings":{"layout":"default","base_unit_name":{"singular":null,"plural":null},"default_variation":null},"tiered_pricing_minimum_quantity":10,"tiered_pricing_roles_data":[],"tiered_pricing_percentage_rules":{"30":"29","50":"35","100":"40","200":"44","500":"47","1000":"49"},"tiered_pricing_maximum_quantity":null,"tiered_pricing_quantity_step":"10","_links":{"self":[{"href":"https:\/\/agoravape.com\/pt\/wp-json\/wp\/v2\/product\/13355","targetHints":{"allow":["GET"]}}],"collection":[{"href":"https:\/\/agoravape.com\/pt\/wp-json\/wp\/v2\/product"}],"about":[{"href":"https:\/\/agoravape.com\/pt\/wp-json\/wp\/v2\/types\/product"}],"replies":[{"embeddable":true,"href":"https:\/\/agoravape.com\/pt\/wp-json\/wp\/v2\/comments?post=13355"}],"version-history":[{"count":0,"href":"https:\/\/agoravape.com\/pt\/wp-json\/wp\/v2\/product\/13355\/revisions"}],"wp:featuredmedia":[{"embeddable":true,"href":"https:\/\/agoravape.com\/pt\/wp-json\/wp\/v2\/media\/13351"}],"wp:attachment":[{"href":"https:\/\/agoravape.com\/pt\/wp-json\/wp\/v2\/media?parent=13355"}],"wp:term":[{"taxonomy":"product_brand","embeddable":true,"href":"https:\/\/agoravape.com\/pt\/wp-json\/wp\/v2\/product_brand?post=13355"},{"taxonomy":"product_cat","embeddable":true,"href":"https:\/\/agoravape.com\/pt\/wp-json\/wp\/v2\/product_cat?post=13355"},{"taxonomy":"product_tag","embeddable":true,"href":"https:\/\/agoravape.com\/pt\/wp-json\/wp\/v2\/product_tag?post=13355"}],"curies":[{"name":"wp","href":"https:\/\/api.w.org\/{rel}","templated":true}]}}