{"id":13481,"date":"2025-10-11T16:02:13","date_gmt":"2025-10-11T08:02:13","guid":{"rendered":"https:\/\/green-grasshopper-921422.hostingersite.com\/?post_type=product&#038;p=13481"},"modified":"2026-01-19T22:07:55","modified_gmt":"2026-01-19T14:07:55","slug":"sfog-s89-15000-puffs-vape","status":"publish","type":"product","link":"https:\/\/agoravape.com\/pt\/product\/sfog-s89-15000-puffs-vape\/","title":{"rendered":"SFOG S89 15000 Puffs Mesh Coil Disposable Vape | Sabor duradouro sem complica\u00e7\u00f5es"},"content":{"rendered":"<h2 data-v-md-heading=\"what-are-the-advantages-of-sfog-s89-15000-port-mesh-coil-disposable-vapes\" data-v-md-line=\"3\">Quais s\u00e3o as vantagens dos vapes descart\u00e1veis SFOG S89 15000 port mesh coil?<\/h2>\n<p data-v-md-line=\"4\">Se est\u00e1s cansado dos vapes descart\u00e1veis usados durante a semana, talvez queiras dar uma vista de olhos a este produto. O SFOG S89 tem uma capacidade de 25 mililitros e pode fornecer at\u00e9 15000 bocados. Utiliza uma bobina de malha de 1,0 \u03a9, pelo que o sabor permanece puro e consistente desde a primeira at\u00e9 \u00e0 \u00faltima dentada.<\/p>\n<p data-v-md-line=\"6\">Se pretende um vape fi\u00e1vel, duradouro e sem complica\u00e7\u00f5es, ent\u00e3o este produto \u00e9 a escolha ideal. Escolha o seu sabor preferido. Abra a caixa da embalagem. Desfrute ao m\u00e1ximo. Pode pensar que este tipo de dispositivo com bateria pode parecer volumoso, mas a bateria recarreg\u00e1vel de 600mAh permite-lhe coloc\u00e1-lo facilmente no seu bolso.<\/p>\n<h2 data-v-md-heading=\"excellent-performance-convenient-operation\" data-v-md-line=\"8\">Excelente desempenho, opera\u00e7\u00e3o c\u00f3moda<\/h2>\n<p data-v-md-line=\"9\">A bobina de malha aquece uniformemente o e-l\u00edquido, permitindo-lhe desfrutar sempre de um sabor rico e de uma experi\u00eancia de suc\u00e7\u00e3o suave. N\u00e3o \u00e9 necess\u00e1rio pr\u00e9-aquecimento e n\u00e3o cair\u00e1 \u00f3leo. Quando a bateria estiver fraca, basta carreg\u00e1-la para continuar a utiliz\u00e1-la, permitindo-lhe maximizar a capacidade de 25 mililitros.<\/p>\n<h2 data-v-md-heading=\"specification-introduction\" data-v-md-line=\"11\">Introdu\u00e7\u00e3o \u00e0 especifica\u00e7\u00e3o<\/h2>\n<ul data-v-md-line=\"12\">\n<li>Frequ\u00eancia de suc\u00e7\u00e3o: at\u00e9 15.000 vezes<\/li>\n<li>Capacidade do e-l\u00edquido: 25 mililitros<\/li>\n<li>Nicotina: 5% de sal de nicotina<\/li>\n<li>Bobina: bobina de malha de 1,0 \u03a9<\/li>\n<li>Bateria: bateria recarreg\u00e1vel de 600 mAh<\/li>\n<li>Princ\u00edpio de funcionamento: conce\u00e7\u00e3o simples e \u00fanica, sem necessidade de configura\u00e7\u00e3o<\/li>\n<li>Estado: Pronto para usar assim que abrir a caixa.<\/li>\n<li>Embalagem: 10 unidades por caixa de exposi\u00e7\u00e3o. 200 unidades por caixa<\/li>\n<\/ul>\n<h2 data-v-md-heading=\"full-range-of-flavors\" data-v-md-line=\"21\">Full range of flavors<\/h2>\n<ul data-v-md-line=\"22\">\n<li>Sorvete de morango<\/li>\n<li>Sorvete de p\u00eassego<\/li>\n<li>P\u00eassego e Manga<\/li>\n<li>Frutas vermelhas misturadas<\/li>\n<li>\u00c1gua de lim\u00e3o rosa<\/li>\n<li>Melancia de morango<\/li>\n<li>Gelo de Melancia<\/li>\n<li>Sorvete de uva<\/li>\n<li>Cereja<\/li>\n<li>Mirtilos e framboesas<\/li>\n<\/ul>\n<h2 data-v-md-heading=\"for-you-for-your-business\" data-v-md-line=\"33\">Para voc\u00ea, para o seu neg\u00f3cio<\/h2>\n<p data-v-md-line=\"34\">Pode comprar vaporizadores descart\u00e1veis SFOG S89 15000 mesh coil para uso pessoal ou para adicionar ao invent\u00e1rio da sua loja. Fornecemos caixas de exposi\u00e7\u00e3o em embalagens de 10 unidades para garantir que os produtos s\u00e3o expostos de forma organizada. Se precisar de comprar a granel, escolha uma caixa grande de 200 unidades para um reabastecimento eficiente.<\/p>\n<p data-v-md-line=\"36\">Fornecemos servi\u00e7os de entrega DDP ap\u00f3s o pagamento de impostos atrav\u00e9s de parceiros de confian\u00e7a como a UPS, DPD e DHL, assegurando que a sua encomenda n\u00e3o sofrer\u00e1 quaisquer acidentes durante o desalfandegamento.<\/p>\n<h2 data-v-md-heading=\"why-do-you-like-it\" data-v-md-line=\"38\">Por que voc\u00ea gosta disso?<\/h2>\n<ul data-v-md-line=\"39\">\n<li>Capacidade ultra grande: at\u00e9 15000 portas, o que significa menos substitui\u00e7\u00f5es e maior rentabilidade<\/li>\n<li>Nicotina satisfat\u00f3ria: Sal de Nicotina 5% para um sabor forte<\/li>\n<li>Recarreg\u00e1vel: Voc\u00ea pode usar todos os e-l\u00edquidos adquiridos.<\/li>\n<li>Bobina de malha: mant\u00e9m a textura consistente em cada suc\u00e7\u00e3o<\/li>\n<\/ul>\n<h2 data-v-md-heading=\"why-choose-to-collaborate-with-agoravape\" data-v-md-line=\"44\">Por que escolher colaborar com a AgoraVape?<\/h2>\n<p data-v-md-line=\"45\">Oferecemos apenas produtos genu\u00ednos 100%, para que possa comprar com tranquilidade. Para os nossos clientes comerciais, isto significa que os vapes descart\u00e1veis SFOG S89 15000 port mesh coil t\u00eam pre\u00e7os grossistas com desconto, apoio fi\u00e1vel e entrega r\u00e1pida e fi\u00e1vel. Se pretende adquirir um dispositivo que os clientes ir\u00e3o rever, por favor contacte-nos.<\/p>\n<p><script src=\"chrome-extension:\/\/fpelahbljekknahkcaegamhcndkfpfnc\/iFrame.js\" type=\"text\/javascript\"><\/script><\/p>","protected":false},"excerpt":{"rendered":"<p>What are the advantages of SFOG S89 15000 port mesh coil disposable vapes? If you are tired of disposable vapes<\/p>","protected":false},"featured_media":13503,"comment_status":"open","ping_status":"closed","template":"","meta":[],"product_brand":[208],"product_cat":[124,185,1635,174,175,193,191,135,173,186,180,190],"product_tag":[],"class_list":{"0":"post-13481","1":"product","2":"type-product","3":"status-publish","4":"has-post-thumbnail","6":"product_brand-sfog","7":"product_cat-vape-by-brand","8":"product_cat-10000-puffs-high-capacity","9":"product_cat-15000-puffs","10":"product_cat-fruit-flavors","11":"product_cat-icy-mint","12":"product_cat-mesh-coil","13":"product_cat-rechargeable-disposables","14":"product_cat-sfog","15":"product_cat-vape-by-flavor-profile","16":"product_cat-vape-by-nicotine-strength","17":"product_cat-vape-by-puff-count","18":"product_cat-vape-by-feature-or-type","20":"first","21":"onbackorder","22":"shipping-taxable","23":"purchasable","24":"product-type-variable","25":"has-default-attributes"},"tiered_pricing_type":"percentage","tiered_pricing_fixed_rules":[],"tiered_pricing_product_settings":{"layout":"default","base_unit_name":{"singular":null,"plural":null},"default_variation":null},"tiered_pricing_minimum_quantity":10,"tiered_pricing_roles_data":[],"tiered_pricing_percentage_rules":{"30":"29","50":"35","100":"40","200":"44","500":"47","1000":"49"},"tiered_pricing_maximum_quantity":null,"tiered_pricing_quantity_step":"10","_links":{"self":[{"href":"https:\/\/agoravape.com\/pt\/wp-json\/wp\/v2\/product\/13481","targetHints":{"allow":["GET"]}}],"collection":[{"href":"https:\/\/agoravape.com\/pt\/wp-json\/wp\/v2\/product"}],"about":[{"href":"https:\/\/agoravape.com\/pt\/wp-json\/wp\/v2\/types\/product"}],"replies":[{"embeddable":true,"href":"https:\/\/agoravape.com\/pt\/wp-json\/wp\/v2\/comments?post=13481"}],"version-history":[{"count":0,"href":"https:\/\/agoravape.com\/pt\/wp-json\/wp\/v2\/product\/13481\/revisions"}],"wp:featuredmedia":[{"embeddable":true,"href":"https:\/\/agoravape.com\/pt\/wp-json\/wp\/v2\/media\/13503"}],"wp:attachment":[{"href":"https:\/\/agoravape.com\/pt\/wp-json\/wp\/v2\/media?parent=13481"}],"wp:term":[{"taxonomy":"product_brand","embeddable":true,"href":"https:\/\/agoravape.com\/pt\/wp-json\/wp\/v2\/product_brand?post=13481"},{"taxonomy":"product_cat","embeddable":true,"href":"https:\/\/agoravape.com\/pt\/wp-json\/wp\/v2\/product_cat?post=13481"},{"taxonomy":"product_tag","embeddable":true,"href":"https:\/\/agoravape.com\/pt\/wp-json\/wp\/v2\/product_tag?post=13481"}],"curies":[{"name":"wp","href":"https:\/\/api.w.org\/{rel}","templated":true}]}}