{"id":13564,"date":"2025-10-11T17:11:01","date_gmt":"2025-10-11T09:11:01","guid":{"rendered":"https:\/\/green-grasshopper-921422.hostingersite.com\/?post_type=product&#038;p=13564"},"modified":"2026-01-13T00:53:13","modified_gmt":"2026-01-12T16:53:13","slug":"sfog-gazzbar-rocket-20k-puffs-vape","status":"publish","type":"product","link":"https:\/\/agoravape.com\/pt\/product\/sfog-gazzbar-rocket-20k-puffs-vape\/","title":{"rendered":"SFOG Gazzbar Rocket 20K Puffs Dual Mode Vape | Grande sabor que vai longe"},"content":{"rendered":"<h2 data-v-md-heading=\"what-exactly-is-the-sfog-gazzbar-rocket-20k-dual-mode-vape\" data-v-md-line=\"3\">O que \u00e9 exatamente o vape de modo duplo SFOG Gazzbar Rocket 20K?<\/h2>\n<p data-v-md-line=\"4\">Se est\u00e1 cansado dos vapes descart\u00e1veis que expiram em poucos dias, talvez queira dar uma vista de olhos a este produto. O SFOG Gazzbar Rocket tem uma bateria de dura\u00e7\u00e3o extremamente longa, com at\u00e9 20000 portas no modo normal. Se preferir uma experi\u00eancia de suc\u00e7\u00e3o mais apertada e potente, pode mudar para o modo de pulso e ainda obter at\u00e9 10000 baforadas de dura\u00e7\u00e3o da bateria.<\/p>\n<p data-v-md-line=\"6\">Se quiser desfrutar facilmente de sabores ricos, este vape \u00e9 a escolha ideal. N\u00e3o h\u00e1 necessidade de aprender as defini\u00e7\u00f5es, nem de reabastecer. Apenas um vape robusto e duradouro que pode ser utilizado imediatamente para satisfazer as suas necessidades di\u00e1rias durante uma semana.<\/p>\n<h2 data-v-md-heading=\"excellent-performance-worry-free\" data-v-md-line=\"8\">Excelente desempenho, sem preocupa\u00e7\u00f5es.<\/h2>\n<p data-v-md-line=\"9\">Constru\u00eddo em bobinas de malha dupla de n\u00facleo duplo. \u00c9 este design que garante um sabor consistente em cada dentada. A suc\u00e7\u00e3o da bobina \u00e9 suave, o sabor \u00e9 puro e n\u00e3o fica queimado ou turvo. Quando a bateria estiver fraca, basta carreg\u00e1-la para continuar a utilizar. F\u00e1cil de utilizar.<\/p>\n<h2 data-v-md-heading=\"specification-introduction\" data-v-md-line=\"11\">Introdu\u00e7\u00e3o \u00e0 especifica\u00e7\u00e3o<\/h2>\n<p data-v-md-line=\"12\">-Frequ\u00eancia de suc\u00e7\u00e3o: at\u00e9 20000 vezes em modo normal. M\u00e1ximo de 10000 vezes em modo de impulsos<br \/>\n-Capacidade do l\u00edquido: 18 mililitros<br \/>\n-Nicotina: Sal de nicotina 5%<br \/>\n-Bobina: Bobina de malha dupla de n\u00facleo duplo. Resistor de 1,0 \u03a9<br \/>\n-Bateria: 650 mAh<br \/>\n-Princ\u00edpio de funcionamento: Ativar com apenas uma baforada<br \/>\n-M\u00e9todo de carregamento: Carregamento USB<br \/>\n-Estado: Pronto a utilizar a partir da caixa<br \/>\n-Tamanho e peso: 82 \u00d7 52 \u00d7 27 mil\u00edmetros. Peso l\u00edquido: 81 gramas<\/p>\n<h2 data-v-md-heading=\"full-flavor-series\" data-v-md-line=\"22\">S\u00e9rie Sabor Completo<\/h2>\n<p data-v-md-line=\"23\">-Gelo de goma branco<br \/>\n-Gelo de kiwi e morango<br \/>\n-Rinque Azul de Gelo<br \/>\n-Gelo de banana e morango<br \/>\n-Gelo de ma\u00e7\u00e3 azeda<br \/>\n-Gelo de manga com morango<br \/>\n-Rinque Azul de Gelo<br \/>\n-Onda de choque tropical arco-\u00edris<br \/>\n-Gelo de p\u00eassego<br \/>\n-Gelo de melancia<br \/>\n-Gelo de manga mexicano<br \/>\n-Transparente<br \/>\n-Miami Mint<br \/>\n-Tabaco<\/p>\n<h2 data-v-md-heading=\"for-you-and-for-your-business-as-well\" data-v-md-line=\"38\">Para voc\u00ea e para o seu neg\u00f3cio tamb\u00e9m.<\/h2>\n<p data-v-md-line=\"39\">Pode utilizar o SFOG Gazzbar Rocket 20K para uso pessoal ou adquiri-lo para a sua loja. A caixa interior para venda por grosso cont\u00e9m 10 pe\u00e7as, o que lhe permite criar uma prateleira de exposi\u00e7\u00e3o bem organizada ou reabastecer rapidamente as prateleiras. A portabilidade deste dispositivo \u00e9 surpreendentemente boa e tamb\u00e9m tem menos ciclos de suc\u00e7\u00e3o. Pode pensar que \u00e9 volumoso, mas com um tamanho de corpo de 82 \u00d7 52 \u00d7 27 mil\u00edmetros, n\u00e3o vai parecer um tijolo no seu bolso.<\/p>\n<p data-v-md-line=\"41\">Trabalhamos com parceiros de confian\u00e7a, como a UPS, a DPD e a DHL, para enviar as suas mercadorias numa base de Entrega com Direitos Pagos (DDP), garantindo uma entrega sem problemas e evitando acidentes aduaneiros. Se efetuar compras em grandes quantidades, estabeleceremos um calend\u00e1rio fi\u00e1vel e simplificaremos o processo documental.<\/p>\n<h2 data-v-md-heading=\"why-do-you-like-it\" data-v-md-line=\"43\">Por que voc\u00ea gosta disso?<\/h2>\n<p data-v-md-line=\"44\">-Grande volume de fumo: tempo de fumo mais longo, sem necessidade de comprar frequentemente novos cigarros<br \/>\n-Modo de aspira\u00e7\u00e3o: Modo normal, suc\u00e7\u00e3o f\u00e1cil. Modo pulsado, forte e potente<br \/>\n-Recarreg\u00e1vel: Pode utilizar todos os e-l\u00edquidos comprados<br \/>\nBobina em malha: da primeira \u00e0 \u00faltima dentada, o sabor mant\u00e9m-se constante<br \/>\n-Port\u00e1til e f\u00e1cil de transportar: grande capacidade, mas n\u00e3o grande em tamanho<\/p>\n<h2 data-v-md-heading=\"why-choose-to-collaborate-with-agoravape\" data-v-md-line=\"50\">Por que escolher colaborar com a AgoraVape?<\/h2>\n<p data-v-md-line=\"51\">N\u00f3s s\u00f3 vendemos produtos genu\u00ednos 100% e n\u00e3o temos d\u00favidas sobre isso. Para nossos clientes comerciais, voc\u00ea pode desfrutar de pre\u00e7os de atacado com desconto, suporte r\u00e1pido e confi\u00e1vel e servi\u00e7os de entrega r\u00e1pida e confi\u00e1vel para SFOG Gazzbar Rocket 20K vapes de modo duplo. Se quiser reservar um dispositivo que os clientes realmente voltar\u00e3o a comprar, entre em contacto connosco.<\/p>","protected":false},"excerpt":{"rendered":"<p>O que \u00e9 exatamente o vaporizador SFOG Gazzbar Rocket 20K de modo duplo? Se est\u00e1 cansado de vaporizadores descart\u00e1veis que expiram em<\/p>","protected":false},"featured_media":13585,"comment_status":"open","ping_status":"closed","template":"","meta":[],"product_brand":[208],"product_cat":[124,185,1636,174,175,193,191,135,178,179,173,186,180,190],"product_tag":[],"class_list":{"0":"post-13564","1":"product","2":"type-product","3":"status-publish","4":"has-post-thumbnail","6":"product_brand-sfog","7":"product_cat-vape-by-brand","8":"product_cat-10000-puffs-high-capacity","9":"product_cat-20000-puffs","10":"product_cat-fruit-flavors","11":"product_cat-icy-mint","12":"product_cat-mesh-coil","13":"product_cat-rechargeable-disposables","14":"product_cat-sfog","15":"product_cat-tobacco","16":"product_cat-unique-blends","17":"product_cat-vape-by-flavor-profile","18":"product_cat-vape-by-nicotine-strength","19":"product_cat-vape-by-puff-count","20":"product_cat-vape-by-feature-or-type","22":"first","23":"instock","24":"shipping-taxable","25":"purchasable","26":"product-type-variable","27":"has-default-attributes"},"tiered_pricing_type":"percentage","tiered_pricing_fixed_rules":[],"tiered_pricing_product_settings":{"layout":"default","base_unit_name":{"singular":null,"plural":null},"default_variation":null},"tiered_pricing_minimum_quantity":10,"tiered_pricing_roles_data":[],"tiered_pricing_percentage_rules":{"30":"29","50":"35","100":"40","200":"44","500":"47","1000":"49"},"tiered_pricing_maximum_quantity":null,"tiered_pricing_quantity_step":"10","_links":{"self":[{"href":"https:\/\/agoravape.com\/pt\/wp-json\/wp\/v2\/product\/13564","targetHints":{"allow":["GET"]}}],"collection":[{"href":"https:\/\/agoravape.com\/pt\/wp-json\/wp\/v2\/product"}],"about":[{"href":"https:\/\/agoravape.com\/pt\/wp-json\/wp\/v2\/types\/product"}],"replies":[{"embeddable":true,"href":"https:\/\/agoravape.com\/pt\/wp-json\/wp\/v2\/comments?post=13564"}],"version-history":[{"count":0,"href":"https:\/\/agoravape.com\/pt\/wp-json\/wp\/v2\/product\/13564\/revisions"}],"wp:featuredmedia":[{"embeddable":true,"href":"https:\/\/agoravape.com\/pt\/wp-json\/wp\/v2\/media\/13585"}],"wp:attachment":[{"href":"https:\/\/agoravape.com\/pt\/wp-json\/wp\/v2\/media?parent=13564"}],"wp:term":[{"taxonomy":"product_brand","embeddable":true,"href":"https:\/\/agoravape.com\/pt\/wp-json\/wp\/v2\/product_brand?post=13564"},{"taxonomy":"product_cat","embeddable":true,"href":"https:\/\/agoravape.com\/pt\/wp-json\/wp\/v2\/product_cat?post=13564"},{"taxonomy":"product_tag","embeddable":true,"href":"https:\/\/agoravape.com\/pt\/wp-json\/wp\/v2\/product_tag?post=13564"}],"curies":[{"name":"wp","href":"https:\/\/api.w.org\/{rel}","templated":true}]}}