{"id":13604,"date":"2025-10-11T18:07:45","date_gmt":"2025-10-11T10:07:45","guid":{"rendered":"https:\/\/green-grasshopper-921422.hostingersite.com\/?post_type=product&#038;p=13604"},"modified":"2026-01-19T22:07:43","modified_gmt":"2026-01-19T14:07:43","slug":"sfog-soul-bar-15000-puffs-bebida-vape","status":"publish","type":"product","link":"https:\/\/agoravape.com\/pt\/product\/sfog-soul-bar-15000-puffs-beverage-vape\/","title":{"rendered":"SFOG Soul Bar 15000 Puffs Bebida Sabor Vape | Contagem de Puffs Grandes. Sabor inspirado na bebida."},"content":{"rendered":"<h2 data-v-md-heading=\"what-is-the-charm-of-sfog-soul-bar-15000-mouth-beverage-flavored-vapes\" data-v-md-line=\"3\">Qual \u00e9 o encanto dos vapes com sabor a bebida de boca SFOG Soul Bar 15000?<\/h2>\n<p data-v-md-line=\"4\">Se adora a op\u00e7\u00e3o de beber e est\u00e1 cansado da r\u00e1pida expira\u00e7\u00e3o dos vapes descart\u00e1veis, ent\u00e3o este produto ser\u00e1 a sua escolha ideal. O SFOG Soul Bar oferece sabores cl\u00e1ssicos de bebidas para uma experi\u00eancia descontra\u00edda e c\u00f3moda. Dur\u00e1vel, est\u00e1vel no sabor e f\u00e1cil de utilizar.<\/p>\n<p data-v-md-line=\"6\">Se pretende um vape di\u00e1rio fi\u00e1vel sem ter de mexer na garrafa ou no n\u00facleo do atomizador, ent\u00e3o este produto \u00e9 a escolha ideal. Escolha um sabor que bebe frequentemente e comece a sua viagem de vapes.<\/p>\n<h2 data-v-md-heading=\"excellent-performance-easy-and-convenient\" data-v-md-line=\"8\">Excelente desempenho, f\u00e1cil e pr\u00e1tico<\/h2>\n<p data-v-md-line=\"9\">O Soul Bar d\u00e1 \u00eanfase \u00e0 consist\u00eancia. Do in\u00edcio ao fim, receber\u00e1 um fumo suave e uniforme, permitindo-lhe manter um sabor familiar desde o primeiro dia. Quando a bateria estiver fraca, basta carreg\u00e1-la para continuar a usar. N\u00e3o precisa de bot\u00f5es, nem de menus. Um vape simples e f\u00e1cil de utilizar que se adapta aos seus h\u00e1bitos di\u00e1rios. Pode pensar que operar um dispositivo de 15000 portas \u00e9 problem\u00e1tico, mas, na realidade, \u00e9 muito f\u00e1cil de utilizar.<\/p>\n<h2 data-v-md-heading=\"specification-introduction\" data-v-md-line=\"11\">Introdu\u00e7\u00e3o \u00e0 especifica\u00e7\u00e3o<\/h2>\n<ul data-v-md-line=\"12\">\n<li>N\u00famero de portas: at\u00e9 15000 portas<\/li>\n<li>Nicotina: Os diferentes mercados oferecem concentra\u00e7\u00f5es diferentes. Consulte as op\u00e7\u00f5es nesta p\u00e1gina<\/li>\n<li>Princ\u00edpio de funcionamento: Ativado por inala\u00e7\u00e3o<\/li>\n<li>Carregamento: Design recarreg\u00e1vel. Atualmente, a maioria dos modelos utiliza a interface USB tipo C. Verifique o seu dispositivo<\/li>\n<li>Estado: Pronto para usar assim que abrir a caixa.<\/li>\n<\/ul>\n<h2 data-v-md-heading=\"full-flavor-series\" data-v-md-line=\"18\">S\u00e9rie Sabor Completo<\/h2>\n<ul data-v-md-line=\"19\">\n<li>Iogurte com sabor a laranja<\/li>\n<li>Sabor original de Yakut<\/li>\n<li>Bebidas energ\u00e9ticas<\/li>\n<li>Coca-Cola cl\u00e1ssica<\/li>\n<li>Rum de anan\u00e1s e coco<\/li>\n<li>Sumo de manga<\/li>\n<li>Iogurte de p\u00eassego e manga<\/li>\n<li>Gelado de taro<\/li>\n<li>Gelado de morango<\/li>\n<li>Litchi e Longan<\/li>\n<li>Uvas e ma\u00e7\u00e3s<\/li>\n<li>Sumo de mirtilo<\/li>\n<li>morango kiwi<\/li>\n<li>Gelo de Melancia<\/li>\n<li>Hortel\u00e3 dupla<\/li>\n<\/ul>\n<h2 data-v-md-heading=\"for-you-for-your-business\" data-v-md-line=\"35\">Para voc\u00ea, para o seu neg\u00f3cio<\/h2>\n<p data-v-md-line=\"36\">Pode comprar uma SFOG Soul Bar para si ou para a sua loja. Fornecemos caixas de cart\u00e3o por atacado para os retalhistas. O n\u00famero de caixas de cart\u00e3o pode variar consoante o lote, por isso, contacte-nos para saber o n\u00famero atual de caixas de cart\u00e3o e os descontos de pre\u00e7o.<\/p>\n<p data-v-md-line=\"38\">As op\u00e7\u00f5es DDP est\u00e3o dispon\u00edveis em toda a Europa atrav\u00e9s da UPS, DPD e DHL, tornando o processo de envio muito simples. As tarifas foram processadas antecipadamente, o que significa que n\u00e3o haver\u00e1 surpresas desagrad\u00e1veis na alf\u00e2ndega. A encomenda \u00e9 cuidadosamente embalada e totalmente rastreada.<\/p>\n<h2 data-v-md-heading=\"why-do-you-like-it\" data-v-md-line=\"40\">Por que voc\u00ea gosta disso?<\/h2>\n<ul data-v-md-line=\"41\">\n<li>Desfrute da liberdade de beber: Pode reabastecer a sua energia em qualquer altura e continuar a utiliz\u00e1-la, o que significa que n\u00e3o tem de encher o dep\u00f3sito \u00e0 \u00faltima hora ou ir a correr para a loja.<\/li>\n<li>Sele\u00e7\u00e3o de bebidas: A inspira\u00e7\u00e3o do sabor vem de bebidas populares como a cola, bebidas energ\u00e9ticas e iogurtes mistos. Doce mas n\u00e3o gorduroso.<\/li>\n<li>Recarreg\u00e1vel: Pode utilizar plenamente o e-l\u00edquido incorporado sem ter de deitar fora o equipamento meio usado.<\/li>\n<li>Fumo cont\u00ednuo: Com apenas uma ligeira baforada, pode facilmente experimentar o sabor familiar.<\/li>\n<li>M\u00faltiplas op\u00e7\u00f5es de sabores: Desde suaves p\u00e3ezinhos de iogurte a frutas refrescantes, h\u00e1 sempre um que se adequa \u00e0 sua utiliza\u00e7\u00e3o di\u00e1ria.<\/li>\n<\/ul>\n<h2 data-v-md-heading=\"why-choose-to-collaborate-with-agoravape\" data-v-md-line=\"47\">Por que escolher colaborar com a AgoraVape?<\/h2>\n<p data-v-md-line=\"48\">Apenas enviamos produtos genu\u00ednos 100% de canais fi\u00e1veis. Pode ficar descansado quanto \u00e0 qualidade e rastreabilidade. Os clientes empresariais podem usufruir de pre\u00e7os competitivos por grosso, equipas de clientes profissionais e servi\u00e7os de entrega r\u00e1pida DDP da UPS, DPD e DHL na Uni\u00e3o Europeia.<\/p>\n<p data-v-md-line=\"50\">Apoiamos vendas validadas por idade e seguimos as diretrizes de mercado da UE. Receber\u00e1 facturas claras, m\u00e9todos de pagamento seguros e um processo conveniente para a devolu\u00e7\u00e3o de produtos defeituosos. Quer colocar o SFOG Soul Bar 15000 vapes com sabor a bebida nas prateleiras? Bem-vindo a contactar-nos. Ajud\u00e1-lo-emos a selecionar a combina\u00e7\u00e3o adequada de sabor e concentra\u00e7\u00e3o de nicotina para os seus clientes.<\/p>","protected":false},"excerpt":{"rendered":"<p>Qual \u00e9 o charme dos vaporizadores com sabor de bebidas alco\u00f3licas SFOG Soul Bar 15000? Se voc\u00ea adora a variedade de bebidas alco\u00f3licas<\/p>","protected":false},"featured_media":13632,"comment_status":"open","ping_status":"closed","template":"","meta":[],"product_brand":[208],"product_cat":[124,185,1635,176,177,174,175,193,191,135,173,186,180,190],"product_tag":[],"class_list":{"0":"post-13604","1":"product","2":"type-product","3":"status-publish","4":"has-post-thumbnail","6":"product_brand-sfog","7":"product_cat-vape-by-brand","8":"product_cat-10000-puffs-high-capacity","9":"product_cat-15000-puffs","10":"product_cat-beverage","11":"product_cat-dessert-sweets","12":"product_cat-fruit-flavors","13":"product_cat-icy-mint","14":"product_cat-mesh-coil","15":"product_cat-rechargeable-disposables","16":"product_cat-sfog","17":"product_cat-vape-by-flavor-profile","18":"product_cat-vape-by-nicotine-strength","19":"product_cat-vape-by-puff-count","20":"product_cat-vape-by-feature-or-type","22":"first","23":"onbackorder","24":"shipping-taxable","25":"purchasable","26":"product-type-variable","27":"has-default-attributes"},"tiered_pricing_type":"percentage","tiered_pricing_fixed_rules":[],"tiered_pricing_product_settings":{"layout":"default","base_unit_name":{"singular":null,"plural":null},"default_variation":null},"tiered_pricing_minimum_quantity":10,"tiered_pricing_roles_data":[],"tiered_pricing_percentage_rules":{"30":"29","50":"35","100":"40","200":"44","500":"47","1000":"49"},"tiered_pricing_maximum_quantity":null,"tiered_pricing_quantity_step":"10","_links":{"self":[{"href":"https:\/\/agoravape.com\/pt\/wp-json\/wp\/v2\/product\/13604","targetHints":{"allow":["GET"]}}],"collection":[{"href":"https:\/\/agoravape.com\/pt\/wp-json\/wp\/v2\/product"}],"about":[{"href":"https:\/\/agoravape.com\/pt\/wp-json\/wp\/v2\/types\/product"}],"replies":[{"embeddable":true,"href":"https:\/\/agoravape.com\/pt\/wp-json\/wp\/v2\/comments?post=13604"}],"version-history":[{"count":0,"href":"https:\/\/agoravape.com\/pt\/wp-json\/wp\/v2\/product\/13604\/revisions"}],"wp:featuredmedia":[{"embeddable":true,"href":"https:\/\/agoravape.com\/pt\/wp-json\/wp\/v2\/media\/13632"}],"wp:attachment":[{"href":"https:\/\/agoravape.com\/pt\/wp-json\/wp\/v2\/media?parent=13604"}],"wp:term":[{"taxonomy":"product_brand","embeddable":true,"href":"https:\/\/agoravape.com\/pt\/wp-json\/wp\/v2\/product_brand?post=13604"},{"taxonomy":"product_cat","embeddable":true,"href":"https:\/\/agoravape.com\/pt\/wp-json\/wp\/v2\/product_cat?post=13604"},{"taxonomy":"product_tag","embeddable":true,"href":"https:\/\/agoravape.com\/pt\/wp-json\/wp\/v2\/product_tag?post=13604"}],"curies":[{"name":"wp","href":"https:\/\/api.w.org\/{rel}","templated":true}]}}