{"id":13650,"date":"2025-10-11T18:16:47","date_gmt":"2025-10-11T10:16:47","guid":{"rendered":"https:\/\/green-grasshopper-921422.hostingersite.com\/?post_type=product&#038;p=13650"},"modified":"2025-12-15T21:31:04","modified_gmt":"2025-12-15T13:31:04","slug":"sfog-crystal-bar-s85-600-puffs-tpd-vape","status":"publish","type":"product","link":"https:\/\/agoravape.com\/pt\/product\/sfog-crystal-bar-s85-600-puffs-tpd-vape\/","title":{"rendered":"SFOG Crystal Bar S85 600 Puffs | Sabor em conformidade com a TPD numa barra que cabe no bolso"},"content":{"rendered":"<h2 data-v-md-heading=\"what-about-the-sfog-crystal-bar-s85-600-mouth-vape-that-meets-tpd-standards\" data-v-md-line=\"3\">E o vape de boca SFOG Crystal Bar S85 600 que cumpre as normas TPD?<\/h2>\n<p data-v-md-line=\"4\">Se pretende um vape descart\u00e1vel simples e f\u00e1cil de utilizar, o SFOG Crystal Bar S85 \u00e9 a sua escolha ideal. Utiliza um dep\u00f3sito de 2ml, equipado com sal de nicotina 2% (20mg\/ml), e pode fornecer at\u00e9 600 baforadas de fumo. N\u00e3o necessita de bot\u00f5es, \u00e9 f\u00e1cil e c\u00f3modo. Basta desfrutar de uma experi\u00eancia de fumo limpa e est\u00e1vel para satisfazer as suas necessidades.<\/p>\n<p data-v-md-line=\"6\">Se procura um sabor fi\u00e1vel em qualquer altura e em qualquer lugar, esta \u00e9 a sua escolha ideal. Este vape tem um tamanho compacto, com apenas 17 x 17 x 104 mil\u00edmetros, o que o torna f\u00e1cil de colocar em qualquer bolso. Pode pensar-se que um vape de 600 puffs seria fino, mas este peso de 50 gramas d\u00e1-lhe paz de esp\u00edrito e n\u00e3o o far\u00e1 sentir-se pesado.<\/p>\n<h2 data-v-md-heading=\"excellent-performance-easy-and-convenient\" data-v-md-line=\"8\">Excelente desempenho, f\u00e1cil e pr\u00e1tico<\/h2>\n<p data-v-md-line=\"9\">A bobina de malha de 1,2 \u03a9 integrada garante um sabor consistente desde a primeira at\u00e9 \u00e0 \u00faltima dentada. A bobina de malha aquece uniformemente o e-l\u00edquido, assegurando que cada dentada \u00e9 t\u00e3o deliciosa como a anterior. Inalar para ativar, basta inalar suavemente para ativar. N\u00e3o \u00e9 necess\u00e1rio ajustar as defini\u00e7\u00f5es, \u00e9 f\u00e1cil de come\u00e7ar.<\/p>\n<h2 data-v-md-heading=\"specification-introduction\" data-v-md-line=\"11\">Introdu\u00e7\u00e3o \u00e0 especifica\u00e7\u00e3o<\/h2>\n<ul data-v-md-line=\"12\">\n<li>Frequ\u00eancia de suc\u00e7\u00e3o: at\u00e9 600 vezes<\/li>\n<li>Nicotina: 2% (20mg\/mL) sal de nicotina<\/li>\n<li>Princ\u00edpio de funcionamento: Ativado por inala\u00e7\u00e3o<\/li>\n<li>Carregamento: N\u00e3o precisa de ser carregado (n\u00e3o recarreg\u00e1vel uma \u00fanica vez)<\/li>\n<li>Estado: Pronto para usar assim que abrir a caixa.<\/li>\n<\/ul>\n<h2 data-v-md-heading=\"full-range-of-flavors\" data-v-md-line=\"18\">Full range of flavors<\/h2>\n<ul data-v-md-line=\"19\">\n<li>Manga Tripla<\/li>\n<li>Mel\u00e3o triplamente doce<\/li>\n<li>Cereja bolha<\/li>\n<li>Gelo de Melancia<\/li>\n<li>Coca Cola<\/li>\n<li>Lim\u00e3o e lima<\/li>\n<li>Gelo azul louco<\/li>\n<li>Gelo de anan\u00e1s<\/li>\n<li>morango kiwi<\/li>\n<li>Gelo mentolado<\/li>\n<li>Red Bull de morango<\/li>\n<li>Sonhos de ver\u00e3o<\/li>\n<li>Gelo de goma branco<\/li>\n<li>Sorvete de p\u00eassego<\/li>\n<li>Cola de Cereja<\/li>\n<\/ul>\n<h2 data-v-md-heading=\"for-you-for-your-business\" data-v-md-line=\"35\">Para voc\u00ea, para o seu neg\u00f3cio<\/h2>\n<p data-v-md-line=\"36\">Pode adquirir a SFOG Crystal Bar S85 separadamente para uso pessoal ou armazen\u00e1-la na sua loja. Oferecemos 300 caixas de cart\u00e3o por grosso e op\u00e7\u00f5es de prateleiras para expositores. Trabalhamos com parceiros de confian\u00e7a, como a UPS, a DPD e a DHL, para efetuar envios atrav\u00e9s de DDP, pelo que as tarifas podem ser processadas antecipadamente para evitar acidentes aduaneiros.<\/p>\n<p data-v-md-line=\"38\">A S85 est\u00e1 em total conformidade com as normas TPD e pode ser vendida na Europa com uma capacidade de 2 mililitros e um teor de sal de nicotina de 20 miligramas. Se pretende um cartucho de cigarro descart\u00e1vel de 600 unidades com que os clientes j\u00e1 est\u00e3o familiarizados, este produto pode ser facilmente adicionado a qualquer prateleira.<\/p>\n<h2 data-v-md-heading=\"why-do-you-like-it\" data-v-md-line=\"40\">Por que voc\u00ea gosta disso?<\/h2>\n<ul data-v-md-line=\"41\">\n<li>Suc\u00e7\u00e3o maci\u00e7a: at\u00e9 600 baforadas significa menos recargas e compras de \u00faltima hora.<\/li>\n<li>Sal de nicotina que cumpre as normas TPD: 20 mg de sal de nicotina suave, com um sabor completo e sem sensa\u00e7\u00e3o de pung\u00eancia.<\/li>\n<li>N\u00e3o precisa de ser carregado: basta pegar nele e utiliz\u00e1-lo. Termina assim que se esgota.<\/li>\n<li>Bobina de malha: proporciona um sabor consistente e uma experi\u00eancia de suc\u00e7\u00e3o fi\u00e1vel em todas as ocasi\u00f5es.<\/li>\n<\/ul>\n<h2 data-v-md-heading=\"why-collaborate-with-agoravape\" data-v-md-line=\"46\">Por que colaborar com a AgoraVape?<\/h2>\n<p data-v-md-line=\"47\">Vendemos apenas produtos genu\u00ednos 100% de canais fi\u00e1veis que cumprem as normas TPD. Desfrutar\u00e1 de pre\u00e7os de venda por grosso com desconto, apoio reativo e servi\u00e7os de entrega r\u00e1pida DDP na Uni\u00e3o Europeia e no Reino Unido. Realizamos uma verifica\u00e7\u00e3o rigorosa da idade nos pontos de venda a retalho e estabelecemos pol\u00edticas claras de devolu\u00e7\u00e3o e reembolso. Pretende adquirir o SFOG Crystal Bar S85 600 vapes que cumprem as normas TPD? Entre em contacto connosco e seleccionaremos uma gama de produtos vape que valha a pena comprar de volta para si.<\/p>","protected":false},"excerpt":{"rendered":"<p>What about the SFOG Crystal Bar S85 600 mouth vape that meets TPD standards? If you want a simple and<\/p>","protected":false},"featured_media":13676,"comment_status":"open","ping_status":"closed","template":"","meta":[],"product_brand":[208],"product_cat":[124,189,176,174,175,193,135,181,173,186,180,190],"product_tag":[],"class_list":{"0":"post-13650","1":"product","2":"type-product","3":"status-publish","4":"has-post-thumbnail","6":"product_brand-sfog","7":"product_cat-vape-by-brand","8":"product_cat-20mg-standard-nicotine-vapes","9":"product_cat-beverage","10":"product_cat-fruit-flavors","11":"product_cat-icy-mint","12":"product_cat-mesh-coil","13":"product_cat-sfog","14":"product_cat-up-to-600-puffs-tpd-compliant","15":"product_cat-vape-by-flavor-profile","16":"product_cat-vape-by-nicotine-strength","17":"product_cat-vape-by-puff-count","18":"product_cat-vape-by-feature-or-type","20":"first","21":"instock","22":"shipping-taxable","23":"purchasable","24":"product-type-variable","25":"has-default-attributes"},"tiered_pricing_type":"percentage","tiered_pricing_fixed_rules":[],"tiered_pricing_product_settings":{"layout":"default","base_unit_name":{"singular":null,"plural":null},"default_variation":null},"tiered_pricing_minimum_quantity":10,"tiered_pricing_roles_data":[],"tiered_pricing_percentage_rules":{"30":"29","50":"35","100":"40","200":"44","500":"47","1000":"49"},"tiered_pricing_maximum_quantity":null,"tiered_pricing_quantity_step":"10","_links":{"self":[{"href":"https:\/\/agoravape.com\/pt\/wp-json\/wp\/v2\/product\/13650","targetHints":{"allow":["GET"]}}],"collection":[{"href":"https:\/\/agoravape.com\/pt\/wp-json\/wp\/v2\/product"}],"about":[{"href":"https:\/\/agoravape.com\/pt\/wp-json\/wp\/v2\/types\/product"}],"replies":[{"embeddable":true,"href":"https:\/\/agoravape.com\/pt\/wp-json\/wp\/v2\/comments?post=13650"}],"version-history":[{"count":0,"href":"https:\/\/agoravape.com\/pt\/wp-json\/wp\/v2\/product\/13650\/revisions"}],"wp:featuredmedia":[{"embeddable":true,"href":"https:\/\/agoravape.com\/pt\/wp-json\/wp\/v2\/media\/13676"}],"wp:attachment":[{"href":"https:\/\/agoravape.com\/pt\/wp-json\/wp\/v2\/media?parent=13650"}],"wp:term":[{"taxonomy":"product_brand","embeddable":true,"href":"https:\/\/agoravape.com\/pt\/wp-json\/wp\/v2\/product_brand?post=13650"},{"taxonomy":"product_cat","embeddable":true,"href":"https:\/\/agoravape.com\/pt\/wp-json\/wp\/v2\/product_cat?post=13650"},{"taxonomy":"product_tag","embeddable":true,"href":"https:\/\/agoravape.com\/pt\/wp-json\/wp\/v2\/product_tag?post=13650"}],"curies":[{"name":"wp","href":"https:\/\/api.w.org\/{rel}","templated":true}]}}